{"id":19593,"date":"2023-03-30T13:09:35","date_gmt":"2023-03-30T11:09:35","guid":{"rendered":"https:\/\/agora.xtec.cat\/ceip-lalio\/?page_id=19593"},"modified":"2023-03-30T13:31:34","modified_gmt":"2023-03-30T11:31:34","slug":"acords-de-consell-escolar","status":"publish","type":"page","link":"https:\/\/agora.xtec.cat\/ceip-lalio\/informacio-curs-vigent\/acords-de-consell-escolar\/","title":{"rendered":"Acords de Consell Escolar"},"content":{"rendered":"<p>&nbsp;<\/p>\n<p><strong>31 de gener de 2023<\/strong><\/p>\n<ol>\n<li style=\"list-style-type: none;\">\n<ol>\n<li style=\"text-align: justify;\">\n<h6><span style=\"font-weight: 400;\">Es comparteix i queda aprovada l\u2019acta del Consell Escolar del 14 d\u2019octubre del 2022.<\/span><\/h6>\n<\/li>\n<li style=\"text-align: justify;\">\n<h6><span style=\"font-weight: 400;\">Es presenta i s\u2019exposa la liquidaci\u00f3 de l\u2019any 2022. Queda aprovada.<\/span><\/h6>\n<\/li>\n<li style=\"text-align: justify;\">\n<h6><span style=\"font-weight: 400;\">Es projecta i s\u2019exposa el pressupost per a l\u2019any 2023. Queda aprovat.<\/span><\/h6>\n<\/li>\n<li style=\"text-align: justify;\">\n<h6><span style=\"font-weight: 400;\">Revisi\u00f3 de les NOFC. <\/span><span style=\"font-weight: 400;\">A petici\u00f3 de l\u2019AFA s\u2019inclou el punt referent a l\u2019estat d\u2019elaboraci\u00f3 de les NOFC.\u00a0 La comissi\u00f3 de benestar de est\u00e0 treballant en la gesti\u00f3 del conflicte i el c\u00e0stig. S\u2019explica que les NOFC estan en proc\u00e9s de revisi\u00f3 i que estan en la llista de tasques pendents. Actualment, tant la coordinadora de benestar i altres mestres del claustre s\u2019estan formant en aquest aspecte per poder donar resposta finalitzar l\u2019actualitzaci\u00f3 del document al llarg del curs.<\/span><\/h6>\n<\/li>\n<li>\n<h6 style=\"text-align: justify;\"><span style=\"font-weight: 400;\">Torn obert de paraula: Es parla de l\u2019estat de l\u2019avaria del terra radiant. S\u2019agraeix a l\u2019Ajuntament la soluci\u00f3 provisional al problema i la implicaci\u00f3 des del primer moment.<\/span><\/h6>\n<\/li>\n<\/ol>\n<\/li>\n<\/ol>\n<p>&nbsp;<\/p>\n<p><strong>14 d&#8217;octubre de 2022<\/strong><\/p>\n<ol>\n<li style=\"list-style-type: none;\">\n<ol>\n<li>\n<h6><span style=\"font-weight: 400;\">Es comparteix l&#8217;acta <\/span>del Consell Escolar del 14 de juny de 2022<span style=\"font-family: inherit; font-size: 1em;\"> i queda aprovada.<\/span><\/h6>\n<\/li>\n<li>\n<h6>Es comparteix la mem\u00f2ria del curs 2021-2022 a tots els\/les membres del Consell Escolar amb la convocat\u00f2ria a la reuni\u00f3. Una vegada llegida, es comenten les valoracions globals recollides al final de la mem\u00f2ria. La mem\u00f2ria del curs 2021-2022 queda aprovada.<\/h6>\n<\/li>\n<li>\n<h6>Es comparteix i es projecta la Programaci\u00f3 General Anual, es fa la justificaci\u00f3 del document i s\u2019expliquen els objectius segons cada \u00e0mbit. Tamb\u00e9 s\u2019expliquen les altres actuacions.<\/h6>\n<\/li>\n<li>\n<h6>Formaci\u00f3 de les comissions del Consell Escolar:<\/h6>\n<\/li>\n<\/ol>\n<\/li>\n<\/ol>\n<h6 style=\"padding-left: 40px;\">\u00a0 \u00a0 \u00a0 \u00a0 \u00a0 \u00a0 \u00a0 \u00a0 \u00a0 \u00a0 \u00a0 \u00a0 \u00a0 \u00a0 \u00a0 a) Econ\u00f2mica: Silvia Casas, Maria Ferran, Xavier Admetlla, Encarna P\u00e9rez i Gema Moruno.<\/h6>\n<h6 style=\"padding-left: 40px;\">\u00a0 \u00a0 \u00a0 \u00a0 \u00a0 \u00a0 \u00a0 \u00a0 \u00a0 \u00a0 \u00a0 \u00a0 \u00a0 \u00a0 \u00a0 b) Menjador: Silvia Casas, Patricia Duarte, Sandra Bernat, Magda Novell i Jose Ballesteros<\/h6>\n<h6 style=\"padding-left: 40px;\">\u00a0 \u00a0 \u00a0 \u00a0 \u00a0 \u00a0 \u00a0 \u00a0 \u00a0 \u00a0 \u00a0 \u00a0 \u00a0 \u00a0 \u00a0 c) Diversitat: Silvia Casas, Xavi Navarro, Mois\u00e9s Sevillano, Clara Cast\u00e9 i Sandra Riba<\/h6>\n<h6 style=\"padding-left: 40px;\">5. Torn obert de paraula: S&#8217;informa que l\u2019escola no ha estat seleccionada pel projecte MAGNET.<\/h6>\n<p>&nbsp;<\/p>\n<p><strong>11 de juliol de 2022. Consell Escolar Permanent<\/strong><\/p>\n<ol>\n<li style=\"list-style-type: none;\">\n<ol>\n<li>\n<h6>S&#8217;informa i es comparteix el Pre-projecte Magnet en Consell Escolar Permanent Extraordinari. S&#8217;aprova per unanimitat.<\/h6>\n<\/li>\n<\/ol>\n<\/li>\n<\/ol>\n<h6 style=\"padding-left: 40px;\"><\/h6>\n<p>&nbsp;<\/p>\n","protected":false},"excerpt":{"rendered":"<p>&nbsp;<br \/>\n31 de gener de 2023<\/p>\n<ol>\n<li style=\"list-style-type: none;\">\n<ol>\n<li style=\"text-align: justify;\">\nEs comparteix i queda aprovada l\u2019acta del Consell Escolar del 14 d\u2019octubre del 2022.\n<\/li>\n<li style=\"text-align: justify;\">\nEs presenta i s\u2019exposa la liquidaci\u00f3 de l\u2019any 2022. Queda aprovada.\n<\/li>\n<li style=\"text-align: justify;\">\nEs projecta i s\u2019exposa el pressupost per a l\u2019any 2023.&hellip;  <a href=\"https:\/\/agora.xtec.cat\/ceip-lalio\/informacio-curs-vigent\/acords-de-consell-escolar\/\" title=\"Read Acords de Consell Escolar\">Llegeix m\u00e9s\u00bb<\/a><\/p>\n","protected":false},"author":1,"featured_media":0,"parent":563,"menu_order":10,"comment_status":"closed","ping_status":"closed","template":"page-templates\/side-menu.php","meta":{"_bbp_topic_count":0,"_bbp_reply_count":0,"_bbp_total_topic_count":0,"_bbp_total_reply_count":0,"_bbp_voice_count":0,"_bbp_anonymous_reply_count":0,"_bbp_topic_count_hidden":0,"_bbp_reply_count_hidden":0,"_bbp_forum_subforum_count":0,"footnotes":""},"class_list":["post-19593","page","type-page","status-publish","hentry"],"post_mailing_queue_ids":[],"_links":{"self":[{"href":"https:\/\/agora.xtec.cat\/ceip-lalio\/wp-json\/wp\/v2\/pages\/19593","targetHints":{"allow":["GET"]}}],"collection":[{"href":"https:\/\/agora.xtec.cat\/ceip-lalio\/wp-json\/wp\/v2\/pages"}],"about":[{"href":"https:\/\/agora.xtec.cat\/ceip-lalio\/wp-json\/wp\/v2\/types\/page"}],"author":[{"embeddable":true,"href":"https:\/\/agora.xtec.cat\/ceip-lalio\/wp-json\/wp\/v2\/users\/1"}],"replies":[{"embeddable":true,"href":"https:\/\/agora.xtec.cat\/ceip-lalio\/wp-json\/wp\/v2\/comments?post=19593"}],"version-history":[{"count":4,"href":"https:\/\/agora.xtec.cat\/ceip-lalio\/wp-json\/wp\/v2\/pages\/19593\/revisions"}],"predecessor-version":[{"id":19603,"href":"https:\/\/agora.xtec.cat\/ceip-lalio\/wp-json\/wp\/v2\/pages\/19593\/revisions\/19603"}],"up":[{"embeddable":true,"href":"https:\/\/agora.xtec.cat\/ceip-lalio\/wp-json\/wp\/v2\/pages\/563"}],"wp:attachment":[{"href":"https:\/\/agora.xtec.cat\/ceip-lalio\/wp-json\/wp\/v2\/media?parent=19593"}],"curies":[{"name":"wp","href":"https:\/\/api.w.org\/{rel}","templated":true}]}}