{"id":18974,"date":"2022-04-28T16:15:42","date_gmt":"2022-04-28T14:15:42","guid":{"rendered":"https:\/\/agora.xtec.cat\/ceip-lalio\/?page_id=18974"},"modified":"2025-09-12T13:31:17","modified_gmt":"2025-09-12T11:31:17","slug":"canals-de-comunicacio-comunitat-educativa","status":"publish","type":"page","link":"https:\/\/agora.xtec.cat\/ceip-lalio\/lescola\/canals-de-comunicacio-comunitat-educativa\/","title":{"rendered":"Canals de comunicaci\u00f3 comunitat educativa"},"content":{"rendered":"<p style=\"text-align: justify;\">La comunicaci\u00f3 entre fam\u00edlies i escola \u00e9s molt important. A La Li\u00f3 li donem molta import\u00e0ncia a aquest tema i per aix\u00f2 disposem de la nova aplicaci\u00f3 DINANTIA des del curs passat 2024-2025.<\/p>\n<p style=\"text-align: justify;\"><span style=\"color: #339966;\"><strong>Comunicaci\u00f3 directa amb el tutor\/a<\/strong><\/span><\/p>\n<p style=\"text-align: justify;\">Cada fam\u00edlia del centre a\u00a0 trav\u00e9s de <strong>Dinantia<\/strong> pot dirigir-se directament amb el tutor\/a del seu fill\/a (comunicar abs\u00e8ncies i justificar-les, peticions d&#8217;entrevistes, altres aspectes que cregueu necessari)<\/p>\n<p style=\"text-align: justify;\">Tamb\u00e9 l\u2019<strong>agenda escolar<\/strong> per als alumnes\/as a partir de 1r, serveix per poder establir aquesta comunicaci\u00f3 directa.<\/p>\n<p><img loading=\"lazy\" decoding=\"async\" class=\"aligncenter wp-image-20566\" style=\"text-align: justify;\" src=\"https:\/\/agora.xtec.cat\/ceip-lalio\/wp-content\/uploads\/usu1803\/2024\/09\/Sense-titol.gif\" alt=\"\" width=\"233\" height=\"88\" \/><\/p>\n<p style=\"text-align: justify;\"><span style=\"color: #339966;\"><strong>Correu electr\u00f2nic oficial de l\u2019Escola <\/strong><\/span>\u00a0a8043371@xtec.cat.<\/p>\n<p style=\"text-align: justify;\"><span style=\"color: #339966;\"><strong>Tel\u00e8fon\u00a0<\/strong><\/span>93 752 19 97<\/p>\n<p style=\"text-align: justify;\"><span style=\"color: #339966;\"><strong>Reunions d\u2019inici de curs <\/strong><\/span><\/p>\n<p style=\"text-align: justify;\">Al principi del primer trimestre es realitzen les <strong>reunions informatives<\/strong> de cada curs per explicar el funcionament del curs, els objectius a assolir, les sortides i altres informacions d\u2019inter\u00e8s de cada nivell educatiu.<\/p>\n<p style=\"text-align: justify;\"><span style=\"color: #339966;\"><strong>Entrevistes individuals<\/strong><\/span><\/p>\n<p style=\"text-align: justify;\">Cada tutor\/a t\u00e9 <strong>una hora a la setmana destinada a programar entrevistes<\/strong> <strong>individuals<\/strong> amb les fam\u00edlies. Aquestes entrevistes serveixen per fer un seguiment del nen\/a i per poder tractar tots els temes que es creguin oportuns.<\/p>\n<p style=\"text-align: justify;\"><span style=\"color: #339966;\"><strong>Informes escolars<\/strong><\/span><\/p>\n<p style=\"text-align: justify;\">A\u00a0<strong>Educaci\u00f3 Infantil<\/strong> s\u2019entreguen a les fam\u00edlies dos informes al llarg del curs sobre l\u2019evoluci\u00f3 dels seus fills i filles. A finals de gener i a final de curs.<\/p>\n<p style=\"text-align: justify;\">A\u00a0<strong>Educaci\u00f3 Prim\u00e0ria<\/strong> s\u2019entreguen dos informes qualitatius (primer i tercer trimestre), un informe d&#8217;autoavaluaci\u00f3 (segon trimestre) i un informe amb qualificacions (final de curs).<\/p>\n<p style=\"text-align: justify;\"><span style=\"color: #339966;\"><strong>Reunions AFA<\/strong><\/span><\/p>\n<p style=\"text-align: justify;\">L\u2019Equip Directiu es reuneix de forma ordin\u00e0ria amb l\u2019AFA per tal de coordinar temes organitzatius de l\u2019escola.<\/p>\n<p><span style=\"color: #339966;\"><strong>Reunions Secretaria i Direcci\u00f3<\/strong><\/span><\/p>\n<p style=\"text-align: justify;\">La Secretaria del centre est\u00e0 oberta a totes les fam\u00edlies per resoldre qualsevol q\u00fcesti\u00f3 administrativa en horari de dilluns a divendres de 9h a 14h i de 15h a 16:30h.<\/p>\n<p><span style=\"text-align: justify;\">Les fam\u00edlies us podeu comunicar amb la <strong>direcci\u00f3 del centre a trav\u00e9s de dinantia direcci\u00f3 o demanant cita per tel\u00e8fon.\u00a0<\/strong><\/span><\/p>\n<p style=\"text-align: justify;\"><span style=\"color: #339966;\"><strong>P\u00e0gina WEB<img loading=\"lazy\" decoding=\"async\" class=\" wp-image-18976 alignright\" src=\"https:\/\/agora.xtec.cat\/ceip-lalio\/wp-content\/uploads\/usu1803\/2022\/04\/email-g5cb5023f9_1280-300x203.png\" alt=\"\" width=\"232\" height=\"157\" srcset=\"https:\/\/agora.xtec.cat\/ceip-lalio\/wp-content\/uploads\/usu1803\/2022\/04\/email-g5cb5023f9_1280-300x203.png 300w, https:\/\/agora.xtec.cat\/ceip-lalio\/wp-content\/uploads\/usu1803\/2022\/04\/email-g5cb5023f9_1280-1024x692.png 1024w, https:\/\/agora.xtec.cat\/ceip-lalio\/wp-content\/uploads\/usu1803\/2022\/04\/email-g5cb5023f9_1280-768x519.png 768w, https:\/\/agora.xtec.cat\/ceip-lalio\/wp-content\/uploads\/usu1803\/2022\/04\/email-g5cb5023f9_1280.png 1280w\" sizes=\"auto, (max-width: 232px) 100vw, 232px\" \/><\/strong><\/span><\/p>\n<p style=\"text-align: justify;\">La nostra p\u00e0gina web de l\u2019escola \u00e9s la finestra per veure qui som i qu\u00e8 fem. Es va actualitzant peri\u00f2dicament, i en ella es pengen des d\u2019informacions interessants per les fam\u00edlies.<\/p>\n<p style=\"text-align: justify;\">Tamb\u00e9 hi trobareu informaci\u00f3 del centre, documentaci\u00f3, calendari, etc.<\/p>\n<p style=\"text-align: justify;\"><span style=\"color: #339966;\"><strong>Xarxes socials<\/strong><\/span><\/p>\n<p style=\"text-align: justify;\">L\u2019escola t\u00e9 compte d\u2019<a href=\"https:\/\/instagram.com\/escolalio?igshid=YmMyMTA2M2Y=\"><strong>Instagram<\/strong><\/a>\u00a0on publiquem not\u00edcies i activitats que anem realitzant durant el curs.<\/p>\n","protected":false},"excerpt":{"rendered":"<p>La comunicaci\u00f3 entre fam\u00edlies i escola \u00e9s molt important. A La Li\u00f3 li donem molta import\u00e0ncia a aquest tema i per aix\u00f2 disposem de la nova aplicaci\u00f3 DINANTIA des del curs passat 2024-2025.<br \/>\nComunicaci\u00f3 directa amb el tutor\/a<br \/>\nCada fam\u00edlia del centre a\u00a0 trav\u00e9s de Dinantia pot&hellip;  <a href=\"https:\/\/agora.xtec.cat\/ceip-lalio\/lescola\/canals-de-comunicacio-comunitat-educativa\/\" title=\"Read Canals de comunicaci\u00f3 comunitat educativa\">Llegeix m\u00e9s\u00bb<\/a><\/p>\n","protected":false},"author":1,"featured_media":0,"parent":22,"menu_order":4,"comment_status":"closed","ping_status":"closed","template":"page-templates\/side-menu.php","meta":{"_bbp_topic_count":0,"_bbp_reply_count":0,"_bbp_total_topic_count":0,"_bbp_total_reply_count":0,"_bbp_voice_count":0,"_bbp_anonymous_reply_count":0,"_bbp_topic_count_hidden":0,"_bbp_reply_count_hidden":0,"_bbp_forum_subforum_count":0,"footnotes":""},"class_list":["post-18974","page","type-page","status-publish","hentry"],"post_mailing_queue_ids":[],"_links":{"self":[{"href":"https:\/\/agora.xtec.cat\/ceip-lalio\/wp-json\/wp\/v2\/pages\/18974","targetHints":{"allow":["GET"]}}],"collection":[{"href":"https:\/\/agora.xtec.cat\/ceip-lalio\/wp-json\/wp\/v2\/pages"}],"about":[{"href":"https:\/\/agora.xtec.cat\/ceip-lalio\/wp-json\/wp\/v2\/types\/page"}],"author":[{"embeddable":true,"href":"https:\/\/agora.xtec.cat\/ceip-lalio\/wp-json\/wp\/v2\/users\/1"}],"replies":[{"embeddable":true,"href":"https:\/\/agora.xtec.cat\/ceip-lalio\/wp-json\/wp\/v2\/comments?post=18974"}],"version-history":[{"count":7,"href":"https:\/\/agora.xtec.cat\/ceip-lalio\/wp-json\/wp\/v2\/pages\/18974\/revisions"}],"predecessor-version":[{"id":20835,"href":"https:\/\/agora.xtec.cat\/ceip-lalio\/wp-json\/wp\/v2\/pages\/18974\/revisions\/20835"}],"up":[{"embeddable":true,"href":"https:\/\/agora.xtec.cat\/ceip-lalio\/wp-json\/wp\/v2\/pages\/22"}],"wp:attachment":[{"href":"https:\/\/agora.xtec.cat\/ceip-lalio\/wp-json\/wp\/v2\/media?parent=18974"}],"curies":[{"name":"wp","href":"https:\/\/api.w.org\/{rel}","templated":true}]}}