{"id":1031,"date":"2018-11-14T09:27:38","date_gmt":"2018-11-14T08:27:38","guid":{"rendered":"http:\/\/agora.xtec.cat\/ceip-lalio\/?page_id=1031"},"modified":"2025-10-23T16:00:20","modified_gmt":"2025-10-23T14:00:20","slug":"llibres-de-text-i-material-escolar-1","status":"publish","type":"page","link":"https:\/\/agora.xtec.cat\/ceip-lalio\/informacio-curs-vigent\/llibres-de-text-i-material-escolar-1\/","title":{"rendered":"Llibres de text i material escolar"},"content":{"rendered":"<p>Aqu\u00ed teniu el llistat de llibres per aquest curs escolar i el material d&#8217;Educaci\u00f3 Infantil i Prim\u00e0ria.<\/p>\n<p><a href=\"https:\/\/drive.google.com\/file\/d\/1zSk3WM4Plw1MckOeHS_Uf_c968HdVwik\/view?usp=sharing\"><strong>EDUCACI\u00d3 INFANTIL<\/strong><\/a><strong> 2025-26\u00a0<\/strong><\/p>\n<p><a href=\"https:\/\/drive.google.com\/file\/d\/1izo4YkJbLAgnk1dYE5TnrjmduV1eWTo7\/view?usp=sharing\"><strong>EDUCACI\u00d3 PRIM\u00c0RIA<\/strong><\/a><strong> 2025-26\u00a0<\/strong><\/p>\n<p>&nbsp;<\/p>\n","protected":false},"excerpt":{"rendered":"<p>Aqu\u00ed teniu el llistat de llibres per aquest curs escolar i el material d&#8217;Educaci\u00f3 Infantil i Prim\u00e0ria.<br \/>\n<a href=\"https:\/\/drive.google.com\/file\/d\/1zSk3WM4Plw1MckOeHS_Uf_c968HdVwik\/view?usp=sharing\">EDUCACI\u00d3 INFANTIL<\/a> 2025-26\u00a0<br \/>\n<a href=\"https:\/\/drive.google.com\/file\/d\/1izo4YkJbLAgnk1dYE5TnrjmduV1eWTo7\/view?usp=sharing\">EDUCACI\u00d3 PRIM\u00c0RIA<\/a> 2025-26\u00a0<br \/>\n&nbsp;<\/p>\n","protected":false},"author":1,"featured_media":0,"parent":563,"menu_order":6,"comment_status":"closed","ping_status":"closed","template":"page-templates\/side-menu.php","meta":{"_bbp_topic_count":0,"_bbp_reply_count":0,"_bbp_total_topic_count":0,"_bbp_total_reply_count":0,"_bbp_voice_count":0,"_bbp_anonymous_reply_count":0,"_bbp_topic_count_hidden":0,"_bbp_reply_count_hidden":0,"_bbp_forum_subforum_count":0,"footnotes":""},"class_list":["post-1031","page","type-page","status-publish","hentry"],"post_mailing_queue_ids":[],"_links":{"self":[{"href":"https:\/\/agora.xtec.cat\/ceip-lalio\/wp-json\/wp\/v2\/pages\/1031","targetHints":{"allow":["GET"]}}],"collection":[{"href":"https:\/\/agora.xtec.cat\/ceip-lalio\/wp-json\/wp\/v2\/pages"}],"about":[{"href":"https:\/\/agora.xtec.cat\/ceip-lalio\/wp-json\/wp\/v2\/types\/page"}],"author":[{"embeddable":true,"href":"https:\/\/agora.xtec.cat\/ceip-lalio\/wp-json\/wp\/v2\/users\/1"}],"replies":[{"embeddable":true,"href":"https:\/\/agora.xtec.cat\/ceip-lalio\/wp-json\/wp\/v2\/comments?post=1031"}],"version-history":[{"count":6,"href":"https:\/\/agora.xtec.cat\/ceip-lalio\/wp-json\/wp\/v2\/pages\/1031\/revisions"}],"predecessor-version":[{"id":20853,"href":"https:\/\/agora.xtec.cat\/ceip-lalio\/wp-json\/wp\/v2\/pages\/1031\/revisions\/20853"}],"up":[{"embeddable":true,"href":"https:\/\/agora.xtec.cat\/ceip-lalio\/wp-json\/wp\/v2\/pages\/563"}],"wp:attachment":[{"href":"https:\/\/agora.xtec.cat\/ceip-lalio\/wp-json\/wp\/v2\/media?parent=1031"}],"curies":[{"name":"wp","href":"https:\/\/api.w.org\/{rel}","templated":true}]}}