{"id":3213,"date":"2019-01-29T10:32:00","date_gmt":"2019-01-29T09:32:00","guid":{"rendered":"http:\/\/agora.xtec.cat\/ceip-laginesta-vallirana\/?page_id=3213"},"modified":"2026-03-05T20:18:02","modified_gmt":"2026-03-05T19:18:02","slug":"lequip","status":"publish","type":"page","link":"https:\/\/agora.xtec.cat\/ceip-laginesta-vallirana\/lescola\/lequip\/","title":{"rendered":"Equip hum\u00e0"},"content":{"rendered":"\n<p><strong>PROFESSORAT DE L\u2019ESCOLA<\/strong><\/p>\n\n\n\n<figure class=\"wp-block-table\"><table class=\"has-fixed-layout\"><tbody><tr><td class=\"has-text-align-left\" data-align=\"left\"><strong>NIVELLS I REFOR\u00c7OS<\/strong><\/td><td class=\"has-text-align-left\" data-align=\"left\"><strong>DOCENTS<\/strong><\/td><td><strong>COORDINADORS\/RES I\/O ESPECIALISTES<\/strong><\/td><\/tr><tr><td class=\"has-text-align-left\" data-align=\"left\"><strong>I3<\/strong><\/td><td class=\"has-text-align-left\" data-align=\"left\"><strong><strong>Ver\u00f2nica Sancho Casado<\/strong><\/strong><\/td><td><strong>Coordinadora d\u2019etapa infantil<\/strong><\/td><\/tr><tr><td class=\"has-text-align-left\" data-align=\"left\"><strong>I4<\/strong><\/td><td class=\"has-text-align-left\" data-align=\"left\"><strong>Sara LLano<\/strong> <strong>Corrales<\/strong><br><strong>Irene Moreno Cobos<\/strong><\/td><td><strong>&nbsp;<\/strong><\/td><\/tr><tr><td class=\"has-text-align-left\" data-align=\"left\"><strong>I5<\/strong><\/td><td class=\"has-text-align-left\" data-align=\"left\"><strong>Laura Salguero<\/strong> <strong>Hidalgo<\/strong><\/td><td><\/td><\/tr><tr><td class=\"has-text-align-left\" data-align=\"left\"><strong>1r<\/strong><\/td><td class=\"has-text-align-left\" data-align=\"left\"><strong>Marta Pujol P\u00e9rez<\/strong><\/td><td><\/td><\/tr><tr><td class=\"has-text-align-left\" data-align=\"left\"><strong>2n <\/strong><\/td><td class=\"has-text-align-left\" data-align=\"left\"><strong>Cristina Creixell L\u00f3pez<\/strong><\/td><td><strong>Responsables de festes i altres activitats globals<\/strong><\/td><\/tr><tr><td class=\"has-text-align-left\" data-align=\"left\"><strong>3r<\/strong><\/td><td class=\"has-text-align-left\" data-align=\"left\"><strong>Anna Rosi\u00f1ol Lluch<\/strong><\/td><td><strong>Coordinadora d\u2019etapa prim\u00e0ria<\/strong><\/td><\/tr><tr><td class=\"has-text-align-left\" data-align=\"left\"><strong>4t<\/strong><\/td><td class=\"has-text-align-left\" data-align=\"left\"><strong>Miriam Ruiz Fern\u00e1ndez<\/strong><\/td><td><\/td><\/tr><tr><td class=\"has-text-align-left\" data-align=\"left\"><strong>5\u00e8<\/strong><\/td><td class=\"has-text-align-left\" data-align=\"left\"><strong>Marta Tamayo P\u00e9rez<\/strong><\/td><td><strong>&nbsp;<\/strong><\/td><\/tr><tr><td class=\"has-text-align-left\" data-align=\"left\"><strong>6\u00e8<\/strong><\/td><td class=\"has-text-align-left\" data-align=\"left\"><strong><strong>Patricia Ligero S\u00e1nchez<\/strong><\/strong><\/td><td><strong>\u00a0Coordinadora digital<\/strong><\/td><\/tr><tr><td class=\"has-text-align-left\" data-align=\"left\"><strong>Refor\u00e7 EI <\/strong><\/td><td class=\"has-text-align-left\" data-align=\"left\"><strong>Elisabet Casado Rodr\u00edguez<\/strong><\/td><td><strong>&nbsp;<\/strong><\/td><\/tr><tr><td class=\"has-text-align-left\" data-align=\"left\"><strong>Refor\u00e7 EI i CI<\/strong><\/td><td class=\"has-text-align-left\" data-align=\"left\"><strong>Inma Aliseda Lopez<\/strong><\/td><td><strong>&nbsp;<\/strong><\/td><\/tr><tr><td class=\"has-text-align-left\" data-align=\"left\"><strong>Refor\u00e7 EP<\/strong><\/td><td class=\"has-text-align-left\" data-align=\"left\"><strong>Carla Gras Bech<\/strong><\/td><td><strong>Responsable de la Biblioteca Escolar<\/strong><\/td><\/tr><tr><td class=\"has-text-align-left\" data-align=\"left\"><strong>EI i EP<\/strong><\/td><td class=\"has-text-align-left\" data-align=\"left\"><strong>Raquel Puig Orpinell<\/strong><\/td><td><strong>Especialista d\u2019angl\u00e8s <\/strong><br><strong>Coordinadora LIC<\/strong><\/td><\/tr><tr><td class=\"has-text-align-left\" data-align=\"left\"><strong>EI i EP<\/strong><\/td><td class=\"has-text-align-left\" data-align=\"left\"><strong>\u00c1ngel Ortega Briz<\/strong><\/td><td><strong>Especialista de m\u00fasica<\/strong><\/td><\/tr><tr><td class=\"has-text-align-left\" data-align=\"left\"><strong>EI i EP<\/strong><\/td><td class=\"has-text-align-left\" data-align=\"left\"><strong>Montse Brucart Millan<\/strong><\/td><td><strong>Especialista d\u2019educaci\u00f3 f\u00edsica Coordinadora de riscos laborals<\/strong><\/td><\/tr><tr><td class=\"has-text-align-left\" data-align=\"left\"><strong>EI i EP<\/strong><\/td><td class=\"has-text-align-left\" data-align=\"left\"><strong>J\u00falia Lopez Moya<br>Georgina Batalla Carattini<\/strong><\/td><td><strong>Especialista d\u2019Atenci\u00f3 educativa<\/strong><br><strong>Coordinadora COCOBE<\/strong><\/td><\/tr><tr><td class=\"has-text-align-left\" data-align=\"left\"><strong>EP<\/strong><\/td><td class=\"has-text-align-left\" data-align=\"left\"><strong>J\u00e8ssica Ascaso Garcia<\/strong><\/td><td><strong>Professora de Religi\u00f3<\/strong><\/td><\/tr><\/tbody><\/table><\/figure>\n\n\n\n<p><strong>EQUIP DIRECTIU<\/strong><\/p>\n\n\n\n<figure class=\"wp-block-table\"><table class=\"has-fixed-layout\"><tbody><tr><td><strong>Directora<\/strong><\/td><td><strong><strong>Elisabet Casado Rod\u00edguez<\/strong><\/strong> <\/td><\/tr><tr><td><strong>Cap d&#8217;estudis<\/strong><\/td><td><strong>Carla Gras Bech<\/strong><\/td><\/tr><tr><td><strong>Secretari<\/strong><\/td><td><strong>\u00c1ngel Ortega Briz<\/strong><\/td><\/tr><\/tbody><\/table><\/figure>\n\n\n\n<p><strong>AUXILIAR EDUCATIVA<\/strong><\/p>\n\n\n\n<figure class=\"wp-block-table\"><table class=\"has-fixed-layout\"><tbody><tr><td><strong>Vetlladora:<\/strong><\/td><td><strong>Carla Capdevila Canals<\/strong><\/td><\/tr><\/tbody><\/table><\/figure>\n\n\n\n<p><strong>PAS<\/strong><\/p>\n\n\n\n<figure class=\"wp-block-table\"><table class=\"has-fixed-layout\"><tbody><tr><td><strong>Administrativa:<\/strong><\/td><td><strong>Maria Araceli Mart\u00ednez Oliva<\/strong><\/td><\/tr><tr><td><strong>Conserge:<\/strong><\/td><td><strong>Carme Alonso S\u00e1nchez<\/strong><\/td><\/tr><\/tbody><\/table><\/figure>\n\n\n\n<p>&nbsp;<\/p>\n","protected":false},"excerpt":{"rendered":"<p>PROFESSORAT DE L\u2019ESCOLA NIVELLS I REFOR\u00c7OS DOCENTS COORDINADORS\/RES I\/O ESPECIALISTES I3 Ver\u00f2nica Sancho Casado Coordinadora d\u2019etapa infantil I4 Sara LLano CorralesIrene Moreno Cobos &nbsp; I5 Laura Salguero Hidalgo 1r Marta Pujol P\u00e9rez 2n Cristina Creixell L\u00f3pez Responsables de festes i altres activitats globals 3r Anna Rosi\u00f1ol Lluch Coordinadora d\u2019etapa prim\u00e0ria 4t Miriam Ruiz Fern\u00e1ndez 5\u00e8 [&hellip;]<\/p>\n","protected":false},"author":33,"featured_media":0,"parent":22,"menu_order":60,"comment_status":"closed","ping_status":"closed","template":"","meta":{"_bbp_topic_count":0,"_bbp_reply_count":0,"_bbp_total_topic_count":0,"_bbp_total_reply_count":0,"_bbp_voice_count":0,"_bbp_anonymous_reply_count":0,"_bbp_topic_count_hidden":0,"_bbp_reply_count_hidden":0,"_bbp_forum_subforum_count":0,"site-sidebar-layout":"default","site-content-layout":"","ast-site-content-layout":"default","site-content-style":"default","site-sidebar-style":"default","ast-global-header-display":"","ast-banner-title-visibility":"","ast-main-header-display":"","ast-hfb-above-header-display":"","ast-hfb-below-header-display":"","ast-hfb-mobile-header-display":"","site-post-title":"","ast-breadcrumbs-content":"","ast-featured-img":"","footer-sml-layout":"","theme-transparent-header-meta":"","adv-header-id-meta":"","stick-header-meta":"","header-above-stick-meta":"","header-main-stick-meta":"","header-below-stick-meta":"","astra-migrate-meta-layouts":"set","ast-page-background-enabled":"default","ast-page-background-meta":{"desktop":{"background-color":"var(--ast-global-color-4)","background-image":"","background-repeat":"repeat","background-position":"center center","background-size":"auto","background-attachment":"scroll","background-type":"","background-media":"","overlay-type":"","overlay-color":"","overlay-opacity":"","overlay-gradient":""},"tablet":{"background-color":"","background-image":"","background-repeat":"repeat","background-position":"center center","background-size":"auto","background-attachment":"scroll","background-type":"","background-media":"","overlay-type":"","overlay-color":"","overlay-opacity":"","overlay-gradient":""},"mobile":{"background-color":"","background-image":"","background-repeat":"repeat","background-position":"center center","background-size":"auto","background-attachment":"scroll","background-type":"","background-media":"","overlay-type":"","overlay-color":"","overlay-opacity":"","overlay-gradient":""}},"ast-content-background-meta":{"desktop":{"background-color":"var(--ast-global-color-5)","background-image":"","background-repeat":"repeat","background-position":"center center","background-size":"auto","background-attachment":"scroll","background-type":"","background-media":"","overlay-type":"","overlay-color":"","overlay-opacity":"","overlay-gradient":""},"tablet":{"background-color":"var(--ast-global-color-5)","background-image":"","background-repeat":"repeat","background-position":"center center","background-size":"auto","background-attachment":"scroll","background-type":"","background-media":"","overlay-type":"","overlay-color":"","overlay-opacity":"","overlay-gradient":""},"mobile":{"background-color":"var(--ast-global-color-5)","background-image":"","background-repeat":"repeat","background-position":"center center","background-size":"auto","background-attachment":"scroll","background-type":"","background-media":"","overlay-type":"","overlay-color":"","overlay-opacity":"","overlay-gradient":""}},"footnotes":""},"class_list":["post-3213","page","type-page","status-publish","hentry"],"post_mailing_queue_ids":[],"_links":{"self":[{"href":"https:\/\/agora.xtec.cat\/ceip-laginesta-vallirana\/wp-json\/wp\/v2\/pages\/3213","targetHints":{"allow":["GET"]}}],"collection":[{"href":"https:\/\/agora.xtec.cat\/ceip-laginesta-vallirana\/wp-json\/wp\/v2\/pages"}],"about":[{"href":"https:\/\/agora.xtec.cat\/ceip-laginesta-vallirana\/wp-json\/wp\/v2\/types\/page"}],"author":[{"embeddable":true,"href":"https:\/\/agora.xtec.cat\/ceip-laginesta-vallirana\/wp-json\/wp\/v2\/users\/33"}],"replies":[{"embeddable":true,"href":"https:\/\/agora.xtec.cat\/ceip-laginesta-vallirana\/wp-json\/wp\/v2\/comments?post=3213"}],"version-history":[{"count":6,"href":"https:\/\/agora.xtec.cat\/ceip-laginesta-vallirana\/wp-json\/wp\/v2\/pages\/3213\/revisions"}],"predecessor-version":[{"id":17080,"href":"https:\/\/agora.xtec.cat\/ceip-laginesta-vallirana\/wp-json\/wp\/v2\/pages\/3213\/revisions\/17080"}],"up":[{"embeddable":true,"href":"https:\/\/agora.xtec.cat\/ceip-laginesta-vallirana\/wp-json\/wp\/v2\/pages\/22"}],"wp:attachment":[{"href":"https:\/\/agora.xtec.cat\/ceip-laginesta-vallirana\/wp-json\/wp\/v2\/media?parent=3213"}],"curies":[{"name":"wp","href":"https:\/\/api.w.org\/{rel}","templated":true}]}}