{"id":30,"date":"2014-09-18T12:30:23","date_gmt":"2014-09-18T11:30:23","guid":{"rendered":"http:\/\/agora.xtec.cat\/ceip-laginesta-vallirana\/?page_id=30"},"modified":"2025-08-20T17:34:31","modified_gmt":"2025-08-20T15:34:31","slug":"circulars","status":"publish","type":"page","link":"https:\/\/agora.xtec.cat\/ceip-laginesta-vallirana\/lescola-2\/circulars\/","title":{"rendered":"Circulars"},"content":{"rendered":"\n<p>En aquest apartat hi trobareu les <strong>circulars del curs actual<\/strong>, com ara la informaci\u00f3 sobre el pagament de les quotes, la circular d\u2019inici de curs i altres documents informatius rellevants per al bon funcionament de l\u2019escola. \u00c9s l\u2019espai de consulta per estar al dia de les comunicacions generals del centre.<\/p>\n\n\n\n<div class=\"wp-block-file\"><a id=\"wp-block-file--media-cf6d9ca8-c9a8-46de-a939-cda1751851e4\" href=\"https:\/\/agora.xtec.cat\/ceip-laginesta-vallirana\/wp-content\/uploads\/usu263\/2025\/08\/Pagament-quota-de-material-Educacio-Infantil.pdf\" target=\"_blank\" rel=\"noreferrer noopener\">\ud83d\udcc4\u200b Quota de material &#8211; Educaci\u00f3 infantil<\/a><a href=\"https:\/\/agora.xtec.cat\/ceip-laginesta-vallirana\/wp-content\/uploads\/usu263\/2025\/08\/Pagament-quota-de-material-Educacio-Infantil.pdf\" class=\"wp-block-file__button wp-element-button\" download aria-describedby=\"wp-block-file--media-cf6d9ca8-c9a8-46de-a939-cda1751851e4\">Baixa<\/a><\/div>\n\n\n\n<div class=\"wp-block-file\"><a id=\"wp-block-file--media-250f2845-eb9a-43e1-bb01-e84482caa1fd\" href=\"https:\/\/agora.xtec.cat\/ceip-laginesta-vallirana\/wp-content\/uploads\/usu263\/2025\/08\/Pagament-quota-de-material-CI-de-primaria.pdf\" target=\"_blank\" rel=\"noreferrer noopener\">\ud83d\udcc4\u200b Quota de material &#8211; Cicle Inicial (Educaci\u00f3 prim\u00e0ria)<\/a><a href=\"https:\/\/agora.xtec.cat\/ceip-laginesta-vallirana\/wp-content\/uploads\/usu263\/2025\/08\/Pagament-quota-de-material-CI-de-primaria.pdf\" class=\"wp-block-file__button wp-element-button\" download aria-describedby=\"wp-block-file--media-250f2845-eb9a-43e1-bb01-e84482caa1fd\">Baixa<\/a><\/div>\n\n\n\n<div class=\"wp-block-file\"><a id=\"wp-block-file--media-f17fbbe7-5001-4f87-bd02-6cd3280fd7fc\" href=\"https:\/\/agora.xtec.cat\/ceip-laginesta-vallirana\/wp-content\/uploads\/usu263\/2025\/08\/Pagament-quota-de-material-CM-de-primaria.pdf\">\ud83d\udcc4\u200b Quota de material &#8211; Cicle mitj\u00e0 (Educaci\u00f3 prim\u00e0ria)<\/a><a href=\"https:\/\/agora.xtec.cat\/ceip-laginesta-vallirana\/wp-content\/uploads\/usu263\/2025\/08\/Pagament-quota-de-material-CM-de-primaria.pdf\" class=\"wp-block-file__button wp-element-button\" download aria-describedby=\"wp-block-file--media-f17fbbe7-5001-4f87-bd02-6cd3280fd7fc\">Baixa<\/a><\/div>\n\n\n\n<div class=\"wp-block-file\"><a id=\"wp-block-file--media-729190ae-369e-48ad-b0d3-695043f2ea24\" href=\"https:\/\/agora.xtec.cat\/ceip-laginesta-vallirana\/wp-content\/uploads\/usu263\/2025\/08\/Pagament-quota-de-material-CS-de-primaria.pdf\">\ud83d\udcc4\u200b Quota de material &#8211; Cicle superior (Educaci\u00f3 prim\u00e0ria)<\/a><a href=\"https:\/\/agora.xtec.cat\/ceip-laginesta-vallirana\/wp-content\/uploads\/usu263\/2025\/08\/Pagament-quota-de-material-CS-de-primaria.pdf\" class=\"wp-block-file__button wp-element-button\" download aria-describedby=\"wp-block-file--media-729190ae-369e-48ad-b0d3-695043f2ea24\">Baixa<\/a><\/div>\n\n\n\n<div class=\"wp-block-file\"><a id=\"wp-block-file--media-57c62661-23d6-47c3-8035-ee81f8ab2c85\" href=\"https:\/\/agora.xtec.cat\/ceip-laginesta-vallirana\/wp-content\/uploads\/usu263\/2025\/08\/LLibres_text-25-26.pdf\">\ud83d\udcc4\u200b LLibres de text 25-26<\/a><a href=\"https:\/\/agora.xtec.cat\/ceip-laginesta-vallirana\/wp-content\/uploads\/usu263\/2025\/08\/LLibres_text-25-26.pdf\" class=\"wp-block-file__button wp-element-button\" download aria-describedby=\"wp-block-file--media-57c62661-23d6-47c3-8035-ee81f8ab2c85\">Baixa<\/a><\/div>\n","protected":false},"excerpt":{"rendered":"<p>En aquest apartat hi trobareu les circulars del curs actual, com ara la informaci\u00f3 sobre el pagament de les quotes, la circular d\u2019inici de curs i altres documents informatius rellevants per al bon funcionament de l\u2019escola. \u00c9s l\u2019espai de consulta per estar al dia de les comunicacions generals del centre.<\/p>\n","protected":false},"author":1,"featured_media":0,"parent":15277,"menu_order":20,"comment_status":"closed","ping_status":"closed","template":"","meta":{"_bbp_topic_count":0,"_bbp_reply_count":0,"_bbp_total_topic_count":0,"_bbp_total_reply_count":0,"_bbp_voice_count":0,"_bbp_anonymous_reply_count":0,"_bbp_topic_count_hidden":0,"_bbp_reply_count_hidden":0,"_bbp_forum_subforum_count":0,"site-sidebar-layout":"left-sidebar","site-content-layout":"","ast-site-content-layout":"normal-width-container","site-content-style":"unboxed","site-sidebar-style":"default","ast-global-header-display":"","ast-banner-title-visibility":"","ast-main-header-display":"","ast-hfb-above-header-display":"","ast-hfb-below-header-display":"","ast-hfb-mobile-header-display":"","site-post-title":"","ast-breadcrumbs-content":"","ast-featured-img":"","footer-sml-layout":"","theme-transparent-header-meta":"","adv-header-id-meta":"","stick-header-meta":"","header-above-stick-meta":"","header-main-stick-meta":"","header-below-stick-meta":"","astra-migrate-meta-layouts":"set","ast-page-background-enabled":"default","ast-page-background-meta":{"desktop":{"background-color":"var(--ast-global-color-4)","background-image":"","background-repeat":"repeat","background-position":"center center","background-size":"auto","background-attachment":"scroll","background-type":"","background-media":"","overlay-type":"","overlay-color":"","overlay-opacity":"","overlay-gradient":""},"tablet":{"background-color":"","background-image":"","background-repeat":"repeat","background-position":"center center","background-size":"auto","background-attachment":"scroll","background-type":"","background-media":"","overlay-type":"","overlay-color":"","overlay-opacity":"","overlay-gradient":""},"mobile":{"background-color":"","background-image":"","background-repeat":"repeat","background-position":"center center","background-size":"auto","background-attachment":"scroll","background-type":"","background-media":"","overlay-type":"","overlay-color":"","overlay-opacity":"","overlay-gradient":""}},"ast-content-background-meta":{"desktop":{"background-color":"var(--ast-global-color-5)","background-image":"","background-repeat":"repeat","background-position":"center center","background-size":"auto","background-attachment":"scroll","background-type":"","background-media":"","overlay-type":"","overlay-color":"","overlay-opacity":"","overlay-gradient":""},"tablet":{"background-color":"var(--ast-global-color-5)","background-image":"","background-repeat":"repeat","background-position":"center center","background-size":"auto","background-attachment":"scroll","background-type":"","background-media":"","overlay-type":"","overlay-color":"","overlay-opacity":"","overlay-gradient":""},"mobile":{"background-color":"var(--ast-global-color-5)","background-image":"","background-repeat":"repeat","background-position":"center center","background-size":"auto","background-attachment":"scroll","background-type":"","background-media":"","overlay-type":"","overlay-color":"","overlay-opacity":"","overlay-gradient":""}},"footnotes":""},"class_list":["post-30","page","type-page","status-publish","hentry"],"post_mailing_queue_ids":[],"_links":{"self":[{"href":"https:\/\/agora.xtec.cat\/ceip-laginesta-vallirana\/wp-json\/wp\/v2\/pages\/30","targetHints":{"allow":["GET"]}}],"collection":[{"href":"https:\/\/agora.xtec.cat\/ceip-laginesta-vallirana\/wp-json\/wp\/v2\/pages"}],"about":[{"href":"https:\/\/agora.xtec.cat\/ceip-laginesta-vallirana\/wp-json\/wp\/v2\/types\/page"}],"author":[{"embeddable":true,"href":"https:\/\/agora.xtec.cat\/ceip-laginesta-vallirana\/wp-json\/wp\/v2\/users\/1"}],"replies":[{"embeddable":true,"href":"https:\/\/agora.xtec.cat\/ceip-laginesta-vallirana\/wp-json\/wp\/v2\/comments?post=30"}],"version-history":[{"count":6,"href":"https:\/\/agora.xtec.cat\/ceip-laginesta-vallirana\/wp-json\/wp\/v2\/pages\/30\/revisions"}],"predecessor-version":[{"id":16513,"href":"https:\/\/agora.xtec.cat\/ceip-laginesta-vallirana\/wp-json\/wp\/v2\/pages\/30\/revisions\/16513"}],"up":[{"embeddable":true,"href":"https:\/\/agora.xtec.cat\/ceip-laginesta-vallirana\/wp-json\/wp\/v2\/pages\/15277"}],"wp:attachment":[{"href":"https:\/\/agora.xtec.cat\/ceip-laginesta-vallirana\/wp-json\/wp\/v2\/media?parent=30"}],"curies":[{"name":"wp","href":"https:\/\/api.w.org\/{rel}","templated":true}]}}