{"id":2991,"date":"2018-11-21T13:28:34","date_gmt":"2018-11-21T12:28:34","guid":{"rendered":"http:\/\/agora.xtec.cat\/ceip-laginesta-vallirana\/?page_id=2991"},"modified":"2026-03-05T20:08:40","modified_gmt":"2026-03-05T19:08:40","slug":"consell-escolar","status":"publish","type":"page","link":"https:\/\/agora.xtec.cat\/ceip-laginesta-vallirana\/lescola\/consell-escolar\/","title":{"rendered":"Consell escolar"},"content":{"rendered":"<table style=\"border-collapse: collapse; width: 38.3029%;\">\n<tbody>\n<tr>\n<td style=\"width: 100%;\"><a href=\"https:\/\/blocs.xtec.cat\/ginestadireccio\/files\/2016\/12\/funcionament-consell-escolar.pdf\"><img loading=\"lazy\" decoding=\"async\" class=\"aligncenter size-full wp-image-3296\" src=\"https:\/\/agora.xtec.cat\/ceip-laginesta-vallirana\/wp-content\/uploads\/usu263\/2019\/02\/protocol-150x150.jpg\" alt=\"\" width=\"150\" height=\"150\" \/><\/a><\/td>\n<\/tr>\n<tr>\n<td style=\"width: 100%; text-align: center;\">PROTOCOL DE FUNCIONAMENT<\/td>\n<\/tr>\n<\/tbody>\n<\/table>\n<p>La composici\u00f3 del nostre Consell Escolar, despr\u00e9s de les eleccions del 19 de novembre del 2025 \u00e9s la seg\u00fcent:<\/p>\n<table>\n<tbody>\n<tr>\n<td><strong>Equip directiu<\/strong><\/td>\n<td>\n<ul>\n<li>Elisabet Casado Rodr\u00edguez (Presidenta)<\/li>\n<li>Carla Gras Bech (Cap d\u2019Estudis)<\/li>\n<li>\u00c1ngel Ortega Briz (Secretari amb veu per\u00f2 sense vot)<\/li>\n<\/ul>\n<\/td>\n<\/tr>\n<tr>\n<td><strong>Ajuntament<\/strong><\/td>\n<td>\n<ul>\n<li>H\u00e9ctor Mena\u00a0 (Regidor d\u2019educaci\u00f3)<\/li>\n<\/ul>\n<\/td>\n<\/tr>\n<tr>\n<td><strong>PAS<\/strong><\/td>\n<td>\n<ul>\n<li>Carme Alonso S\u00e1nchez (Conserge)<\/li>\n<\/ul>\n<\/td>\n<\/tr>\n<tr>\n<td><strong>Pares i mares<\/strong><\/td>\n<td>\n<ul>\n<li>Carolina Rozas Comino<\/li>\n<li>Feliciano Salas Cuesta<\/li>\n<li>J\u00e8ssica Cabrera Vendrell<\/li>\n<li>German Wittingham Giraldo<\/li>\n<\/ul>\n<\/td>\n<\/tr>\n<tr>\n<td><strong>AFA<\/strong><\/td>\n<td>\n<ul>\n<li>Axel Fuertes Garrido<\/li>\n<\/ul>\n<\/td>\n<\/tr>\n<tr>\n<td><strong>Mestres<\/strong><\/td>\n<td>\n<ul>\n<li>Anna Rosi\u00f1ol Lluch<\/li>\n<li>Ver\u00f2nica Sancho Casado<\/li>\n<li>Montserrat Brucart Millan<\/li>\n<li>Raquel Puig Orpinell<\/li>\n<li>Sara Llano S\u00e1nchez<\/li>\n<\/ul>\n<\/td>\n<\/tr>\n<\/tbody>\n<\/table>\n<div class=\"entry-content\"><\/div>\n","protected":false},"excerpt":{"rendered":"<p>PROTOCOL DE FUNCIONAMENT La composici\u00f3 del nostre Consell Escolar, despr\u00e9s de les eleccions del 19 de novembre del 2025 \u00e9s la seg\u00fcent: Equip directiu Elisabet Casado Rodr\u00edguez (Presidenta) Carla Gras Bech (Cap d\u2019Estudis) \u00c1ngel Ortega Briz (Secretari amb veu per\u00f2 sense vot) Ajuntament H\u00e9ctor Mena\u00a0 (Regidor d\u2019educaci\u00f3) PAS Carme Alonso S\u00e1nchez (Conserge) Pares i mares [&hellip;]<\/p>\n","protected":false},"author":33,"featured_media":0,"parent":22,"menu_order":70,"comment_status":"closed","ping_status":"closed","template":"","meta":{"_bbp_topic_count":0,"_bbp_reply_count":0,"_bbp_total_topic_count":0,"_bbp_total_reply_count":0,"_bbp_voice_count":0,"_bbp_anonymous_reply_count":0,"_bbp_topic_count_hidden":0,"_bbp_reply_count_hidden":0,"_bbp_forum_subforum_count":0,"site-sidebar-layout":"default","site-content-layout":"","ast-site-content-layout":"default","site-content-style":"default","site-sidebar-style":"default","ast-global-header-display":"","ast-banner-title-visibility":"","ast-main-header-display":"","ast-hfb-above-header-display":"","ast-hfb-below-header-display":"","ast-hfb-mobile-header-display":"","site-post-title":"","ast-breadcrumbs-content":"","ast-featured-img":"","footer-sml-layout":"","theme-transparent-header-meta":"","adv-header-id-meta":"","stick-header-meta":"","header-above-stick-meta":"","header-main-stick-meta":"","header-below-stick-meta":"","astra-migrate-meta-layouts":"set","ast-page-background-enabled":"default","ast-page-background-meta":{"desktop":{"background-color":"var(--ast-global-color-4)","background-image":"","background-repeat":"repeat","background-position":"center center","background-size":"auto","background-attachment":"scroll","background-type":"","background-media":"","overlay-type":"","overlay-color":"","overlay-opacity":"","overlay-gradient":""},"tablet":{"background-color":"","background-image":"","background-repeat":"repeat","background-position":"center center","background-size":"auto","background-attachment":"scroll","background-type":"","background-media":"","overlay-type":"","overlay-color":"","overlay-opacity":"","overlay-gradient":""},"mobile":{"background-color":"","background-image":"","background-repeat":"repeat","background-position":"center center","background-size":"auto","background-attachment":"scroll","background-type":"","background-media":"","overlay-type":"","overlay-color":"","overlay-opacity":"","overlay-gradient":""}},"ast-content-background-meta":{"desktop":{"background-color":"var(--ast-global-color-5)","background-image":"","background-repeat":"repeat","background-position":"center center","background-size":"auto","background-attachment":"scroll","background-type":"","background-media":"","overlay-type":"","overlay-color":"","overlay-opacity":"","overlay-gradient":""},"tablet":{"background-color":"var(--ast-global-color-5)","background-image":"","background-repeat":"repeat","background-position":"center center","background-size":"auto","background-attachment":"scroll","background-type":"","background-media":"","overlay-type":"","overlay-color":"","overlay-opacity":"","overlay-gradient":""},"mobile":{"background-color":"var(--ast-global-color-5)","background-image":"","background-repeat":"repeat","background-position":"center center","background-size":"auto","background-attachment":"scroll","background-type":"","background-media":"","overlay-type":"","overlay-color":"","overlay-opacity":"","overlay-gradient":""}},"footnotes":""},"class_list":["post-2991","page","type-page","status-publish","hentry"],"post_mailing_queue_ids":[],"_links":{"self":[{"href":"https:\/\/agora.xtec.cat\/ceip-laginesta-vallirana\/wp-json\/wp\/v2\/pages\/2991","targetHints":{"allow":["GET"]}}],"collection":[{"href":"https:\/\/agora.xtec.cat\/ceip-laginesta-vallirana\/wp-json\/wp\/v2\/pages"}],"about":[{"href":"https:\/\/agora.xtec.cat\/ceip-laginesta-vallirana\/wp-json\/wp\/v2\/types\/page"}],"author":[{"embeddable":true,"href":"https:\/\/agora.xtec.cat\/ceip-laginesta-vallirana\/wp-json\/wp\/v2\/users\/33"}],"replies":[{"embeddable":true,"href":"https:\/\/agora.xtec.cat\/ceip-laginesta-vallirana\/wp-json\/wp\/v2\/comments?post=2991"}],"version-history":[{"count":6,"href":"https:\/\/agora.xtec.cat\/ceip-laginesta-vallirana\/wp-json\/wp\/v2\/pages\/2991\/revisions"}],"predecessor-version":[{"id":17078,"href":"https:\/\/agora.xtec.cat\/ceip-laginesta-vallirana\/wp-json\/wp\/v2\/pages\/2991\/revisions\/17078"}],"up":[{"embeddable":true,"href":"https:\/\/agora.xtec.cat\/ceip-laginesta-vallirana\/wp-json\/wp\/v2\/pages\/22"}],"wp:attachment":[{"href":"https:\/\/agora.xtec.cat\/ceip-laginesta-vallirana\/wp-json\/wp\/v2\/media?parent=2991"}],"curies":[{"name":"wp","href":"https:\/\/api.w.org\/{rel}","templated":true}]}}