{"id":16478,"date":"2025-08-19T13:33:15","date_gmt":"2025-08-19T11:33:15","guid":{"rendered":"https:\/\/agora.xtec.cat\/ceip-laginesta-vallirana\/?page_id=16478"},"modified":"2025-08-19T14:04:01","modified_gmt":"2025-08-19T12:04:01","slug":"autoritzacions","status":"publish","type":"page","link":"https:\/\/agora.xtec.cat\/ceip-laginesta-vallirana\/lescola-2\/autoritzacions\/","title":{"rendered":"Autoritzacions"},"content":{"rendered":"\n<p>Aqu\u00ed trobareu les <strong>autoritzacions<\/strong> necess\u00e0ries per al curs: sortides, \u00fas d\u2019imatge, tractament de dades, administraci\u00f3 de medicaci\u00f3, \u00fas d\u2019eines digitals i altres activitats. Les podeu descarregar i retornar signades (preferentment via <strong>Dinantia<\/strong> o, si cal, a secretaria). Si teniu dubtes sobre quina autoritzaci\u00f3 us correspon, contacteu amb l\u2019escola.<\/p>\n\n\n\n<div class=\"wp-block-file\"><a id=\"wp-block-file--media-026f0ca5-ee3a-4bc0-ac8a-098243c776a8\" href=\"https:\/\/agora.xtec.cat\/ceip-laginesta-vallirana\/wp-content\/uploads\/usu263\/2025\/08\/Carta-compromis-infantil.pdf\">\ud83d\udcc4\u200b Carta de comprom\u00eds &#8211; Educaci\u00f3 infantil<\/a><a href=\"https:\/\/agora.xtec.cat\/ceip-laginesta-vallirana\/wp-content\/uploads\/usu263\/2025\/08\/Carta-compromis-infantil.pdf\" class=\"wp-block-file__button wp-element-button\" download aria-describedby=\"wp-block-file--media-026f0ca5-ee3a-4bc0-ac8a-098243c776a8\">Baixa<\/a><\/div>\n\n\n\n<div class=\"wp-block-file\"><a id=\"wp-block-file--media-ab5be33c-be2c-4bad-aab8-5fcbc09fcfbc\" href=\"https:\/\/agora.xtec.cat\/ceip-laginesta-vallirana\/wp-content\/uploads\/usu263\/2025\/08\/Carta-compromis-primaria.pdf\">\ud83d\udcc4\u200b Carta de comprom\u00eds &#8211; Educaci\u00f3 prim\u00e0ria<\/a><a href=\"https:\/\/agora.xtec.cat\/ceip-laginesta-vallirana\/wp-content\/uploads\/usu263\/2025\/08\/Carta-compromis-primaria.pdf\" class=\"wp-block-file__button wp-element-button\" download aria-describedby=\"wp-block-file--media-ab5be33c-be2c-4bad-aab8-5fcbc09fcfbc\">Baixa<\/a><\/div>\n\n\n\n<div class=\"wp-block-file\"><a id=\"wp-block-file--media-66a22fda-8100-45cd-8b6e-9488d2e053d1\" href=\"https:\/\/agora.xtec.cat\/ceip-laginesta-vallirana\/wp-content\/uploads\/usu263\/2025\/08\/contracte_de_voluntariat.pdf\" target=\"_blank\" rel=\"noreferrer noopener\">\ud83d\udcc4\u200b Contracte de voluntariat<\/a><a href=\"https:\/\/agora.xtec.cat\/ceip-laginesta-vallirana\/wp-content\/uploads\/usu263\/2025\/08\/contracte_de_voluntariat.pdf\" class=\"wp-block-file__button wp-element-button\" download aria-describedby=\"wp-block-file--media-66a22fda-8100-45cd-8b6e-9488d2e053d1\">Baixa<\/a><\/div>\n\n\n\n<div class=\"wp-block-file\"><a id=\"wp-block-file--media-76fe0bae-e52f-40cb-b579-b9cd9efeed4a\" href=\"https:\/\/agora.xtec.cat\/ceip-laginesta-vallirana\/wp-content\/uploads\/usu263\/2025\/08\/Autoritzacio-sortides-pedagogiques.pdf\">\ud83d\udcc4\u200b Autoritzaci\u00f3 sortides pedag\u00f2giques<\/a><a href=\"https:\/\/agora.xtec.cat\/ceip-laginesta-vallirana\/wp-content\/uploads\/usu263\/2025\/08\/Autoritzacio-sortides-pedagogiques.pdf\" class=\"wp-block-file__button wp-element-button\" download aria-describedby=\"wp-block-file--media-76fe0bae-e52f-40cb-b579-b9cd9efeed4a\">Baixa<\/a><\/div>\n\n\n\n<div class=\"wp-block-file\"><a id=\"wp-block-file--media-c32ce3f9-874a-4057-bd7f-9b6c6e02e1e4\" href=\"https:\/\/agora.xtec.cat\/ceip-laginesta-vallirana\/wp-content\/uploads\/usu263\/2025\/08\/AUTORITZACIO-dret-imatge-NOVA.pdf\">\ud83d\udcc4\u200b Autoritzaci\u00f3 drets d&#8217;imatge<\/a><a href=\"https:\/\/agora.xtec.cat\/ceip-laginesta-vallirana\/wp-content\/uploads\/usu263\/2025\/08\/AUTORITZACIO-dret-imatge-NOVA.pdf\" class=\"wp-block-file__button wp-element-button\" download aria-describedby=\"wp-block-file--media-c32ce3f9-874a-4057-bd7f-9b6c6e02e1e4\">Baixa<\/a><\/div>\n\n\n\n<div class=\"wp-block-file\"><a id=\"wp-block-file--media-ff10195d-8681-4956-b433-3e3360ecd7e6\" href=\"https:\/\/agora.xtec.cat\/ceip-laginesta-vallirana\/wp-content\/uploads\/usu263\/2025\/08\/Autoritzacio-MEDICAMENTS-GENERICA.pdf\">\ud83d\udcc4\u200b Autoritzaci\u00f3 administraci\u00f3 de medicaments<\/a><a href=\"https:\/\/agora.xtec.cat\/ceip-laginesta-vallirana\/wp-content\/uploads\/usu263\/2025\/08\/Autoritzacio-MEDICAMENTS-GENERICA.pdf\" class=\"wp-block-file__button wp-element-button\" download aria-describedby=\"wp-block-file--media-ff10195d-8681-4956-b433-3e3360ecd7e6\">Baixa<\/a><\/div>\n\n\n\n<div class=\"wp-block-file\"><a id=\"wp-block-file--media-19dc6121-830e-417d-9641-b4bd8c1a6ade\" href=\"https:\/\/agora.xtec.cat\/ceip-laginesta-vallirana\/wp-content\/uploads\/usu263\/2025\/08\/AUTORITZACIO-PER-LADMINISTRACIO-DE-PARACETAMOL.pdf\">\ud83d\udcc4 Autoritzaci\u00f3 per a l\u2019administraci\u00f3 de paracetamol\u200b<\/a><a href=\"https:\/\/agora.xtec.cat\/ceip-laginesta-vallirana\/wp-content\/uploads\/usu263\/2025\/08\/AUTORITZACIO-PER-LADMINISTRACIO-DE-PARACETAMOL.pdf\" class=\"wp-block-file__button wp-element-button\" download aria-describedby=\"wp-block-file--media-19dc6121-830e-417d-9641-b4bd8c1a6ade\">Baixa<\/a><\/div>\n\n\n\n<div class=\"wp-block-file\"><a id=\"wp-block-file--media-6bb92a24-539f-437b-bf67-16fcf589d7ab\" href=\"https:\/\/agora.xtec.cat\/ceip-laginesta-vallirana\/wp-content\/uploads\/usu263\/2025\/08\/Autoritzacio-internet-menors-de-14-anys.pdf\">\ud83d\udcc4\u200b Autoritzaci\u00f3 internet menor de 14 anys<\/a><a href=\"https:\/\/agora.xtec.cat\/ceip-laginesta-vallirana\/wp-content\/uploads\/usu263\/2025\/08\/Autoritzacio-internet-menors-de-14-anys.pdf\" class=\"wp-block-file__button wp-element-button\" download aria-describedby=\"wp-block-file--media-6bb92a24-539f-437b-bf67-16fcf589d7ab\">Baixa<\/a><\/div>\n\n\n\n<div class=\"wp-block-file\"><a id=\"wp-block-file--media-8660a729-5957-443e-a4d3-f5bc9e77917d\" href=\"https:\/\/agora.xtec.cat\/ceip-laginesta-vallirana\/wp-content\/uploads\/usu263\/2025\/08\/Autoritzacio-sortir-sol.pdf\">\ud83d\udcc4\u200b Autoritzaci\u00f3 per sortir sol (CS)<\/a><a href=\"https:\/\/agora.xtec.cat\/ceip-laginesta-vallirana\/wp-content\/uploads\/usu263\/2025\/08\/Autoritzacio-sortir-sol.pdf\" class=\"wp-block-file__button wp-element-button\" download aria-describedby=\"wp-block-file--media-8660a729-5957-443e-a4d3-f5bc9e77917d\">Baixa<\/a><\/div>\n\n\n\n<div class=\"wp-block-file\"><a id=\"wp-block-file--media-ade67306-7896-4880-961e-5cf20bcdfce9\" href=\"https:\/\/agora.xtec.cat\/ceip-laginesta-vallirana\/wp-content\/uploads\/usu263\/2025\/08\/Autoritzacio-sortir-GERMA.pdf\">\ud83d\udcc4\u200b Autoritzaci\u00f3 per sortir amb germ\u00e0 gran<\/a><a href=\"https:\/\/agora.xtec.cat\/ceip-laginesta-vallirana\/wp-content\/uploads\/usu263\/2025\/08\/Autoritzacio-sortir-GERMA.pdf\" class=\"wp-block-file__button wp-element-button\" download aria-describedby=\"wp-block-file--media-ade67306-7896-4880-961e-5cf20bcdfce9\">Baixa<\/a><\/div>\n\n\n\n<div class=\"wp-block-file\"><a id=\"wp-block-file--media-7284629e-e0c9-4d0e-81dd-d90461b0e410\" href=\"https:\/\/agora.xtec.cat\/ceip-laginesta-vallirana\/wp-content\/uploads\/usu263\/2025\/08\/Autoritzacio-recollida-HABITUAL-alumnes.pdf\">\ud83d\udcc4\u200b Autoritzaci\u00f3 recollida habitual<\/a><a href=\"https:\/\/agora.xtec.cat\/ceip-laginesta-vallirana\/wp-content\/uploads\/usu263\/2025\/08\/Autoritzacio-recollida-HABITUAL-alumnes.pdf\" class=\"wp-block-file__button wp-element-button\" download aria-describedby=\"wp-block-file--media-7284629e-e0c9-4d0e-81dd-d90461b0e410\">Baixa<\/a><\/div>\n\n\n\n<div class=\"wp-block-file\"><a id=\"wp-block-file--media-eeffff3f-7944-4d53-a917-2c1712f9a216\" href=\"https:\/\/agora.xtec.cat\/ceip-laginesta-vallirana\/wp-content\/uploads\/usu263\/2025\/08\/autoritzacio-recollida-puntual.pdf\">\ud83d\udcc4\u200b Autoritzaci\u00f3 recollida puntual<\/a><a href=\"https:\/\/agora.xtec.cat\/ceip-laginesta-vallirana\/wp-content\/uploads\/usu263\/2025\/08\/autoritzacio-recollida-puntual.pdf\" class=\"wp-block-file__button wp-element-button\" download aria-describedby=\"wp-block-file--media-eeffff3f-7944-4d53-a917-2c1712f9a216\">Baixa<\/a><\/div>\n\n\n\n<div class=\"wp-block-file\"><a id=\"wp-block-file--media-843e0dd6-f185-465b-a2b8-30ababb4b58a\" href=\"https:\/\/agora.xtec.cat\/ceip-laginesta-vallirana\/wp-content\/uploads\/usu263\/2025\/08\/Autoritzacio-MOBIL.pdf\">\ud83d\udcc4\u200b Autoritzaci\u00f3 m\u00f2bil (CS)<\/a><a href=\"https:\/\/agora.xtec.cat\/ceip-laginesta-vallirana\/wp-content\/uploads\/usu263\/2025\/08\/Autoritzacio-MOBIL.pdf\" class=\"wp-block-file__button wp-element-button\" download aria-describedby=\"wp-block-file--media-843e0dd6-f185-465b-a2b8-30ababb4b58a\">Baixa<\/a><\/div>\n\n\n\n<div class=\"wp-block-file\"><a id=\"wp-block-file--media-0781cf24-6203-4c49-80f5-649bc89f8f5a\" href=\"https:\/\/agora.xtec.cat\/ceip-laginesta-vallirana\/wp-content\/uploads\/usu263\/2025\/08\/Autoritzacio-AL\u00b7LERGIES-alimentaries.pdf\">\ud83d\udcc4\u200b Autoritzaci\u00f3 al\u00b7l\u00e8rgies<\/a><a href=\"https:\/\/agora.xtec.cat\/ceip-laginesta-vallirana\/wp-content\/uploads\/usu263\/2025\/08\/Autoritzacio-AL\u00b7LERGIES-alimentaries.pdf\" class=\"wp-block-file__button wp-element-button\" download aria-describedby=\"wp-block-file--media-0781cf24-6203-4c49-80f5-649bc89f8f5a\">Baixa<\/a><\/div>\n\n\n\n<div class=\"wp-block-file\"><a id=\"wp-block-file--media-8384ec0d-993d-4b98-b930-4416153e0d4e\" href=\"https:\/\/agora.xtec.cat\/ceip-laginesta-vallirana\/wp-content\/uploads\/usu263\/2025\/08\/autoritzacio-patinet.pdf\">\ud83d\udcc4\u200b Autoritzaci\u00f3 per venir en patinet<\/a><a href=\"https:\/\/agora.xtec.cat\/ceip-laginesta-vallirana\/wp-content\/uploads\/usu263\/2025\/08\/autoritzacio-patinet.pdf\" class=\"wp-block-file__button wp-element-button\" download aria-describedby=\"wp-block-file--media-8384ec0d-993d-4b98-b930-4416153e0d4e\">Baixa<\/a><\/div>\n","protected":false},"excerpt":{"rendered":"<p>Aqu\u00ed trobareu les autoritzacions necess\u00e0ries per al curs: sortides, \u00fas d\u2019imatge, tractament de dades, administraci\u00f3 de medicaci\u00f3, \u00fas d\u2019eines digitals i altres activitats. Les podeu descarregar i retornar signades (preferentment via Dinantia o, si cal, a secretaria). Si teniu dubtes sobre quina autoritzaci\u00f3 us correspon, contacteu amb l\u2019escola.<\/p>\n","protected":false},"author":36,"featured_media":0,"parent":15277,"menu_order":30,"comment_status":"closed","ping_status":"close","template":"","meta":{"_bbp_topic_count":0,"_bbp_reply_count":0,"_bbp_total_topic_count":0,"_bbp_total_reply_count":0,"_bbp_voice_count":0,"_bbp_anonymous_reply_count":0,"_bbp_topic_count_hidden":0,"_bbp_reply_count_hidden":0,"_bbp_forum_subforum_count":0,"site-sidebar-layout":"left-sidebar","site-content-layout":"","ast-site-content-layout":"normal-width-container","site-content-style":"unboxed","site-sidebar-style":"default","ast-global-header-display":"","ast-banner-title-visibility":"","ast-main-header-display":"","ast-hfb-above-header-display":"","ast-hfb-below-header-display":"","ast-hfb-mobile-header-display":"","site-post-title":"","ast-breadcrumbs-content":"","ast-featured-img":"","footer-sml-layout":"","theme-transparent-header-meta":"","adv-header-id-meta":"","stick-header-meta":"","header-above-stick-meta":"","header-main-stick-meta":"","header-below-stick-meta":"","astra-migrate-meta-layouts":"set","ast-page-background-enabled":"default","ast-page-background-meta":{"desktop":{"background-color":"var(--ast-global-color-4)","background-image":"","background-repeat":"repeat","background-position":"center center","background-size":"auto","background-attachment":"scroll","background-type":"","background-media":"","overlay-type":"","overlay-color":"","overlay-opacity":"","overlay-gradient":""},"tablet":{"background-color":"","background-image":"","background-repeat":"repeat","background-position":"center center","background-size":"auto","background-attachment":"scroll","background-type":"","background-media":"","overlay-type":"","overlay-color":"","overlay-opacity":"","overlay-gradient":""},"mobile":{"background-color":"","background-image":"","background-repeat":"repeat","background-position":"center center","background-size":"auto","background-attachment":"scroll","background-type":"","background-media":"","overlay-type":"","overlay-color":"","overlay-opacity":"","overlay-gradient":""}},"ast-content-background-meta":{"desktop":{"background-color":"var(--ast-global-color-5)","background-image":"","background-repeat":"repeat","background-position":"center center","background-size":"auto","background-attachment":"scroll","background-type":"","background-media":"","overlay-type":"","overlay-color":"","overlay-opacity":"","overlay-gradient":""},"tablet":{"background-color":"var(--ast-global-color-5)","background-image":"","background-repeat":"repeat","background-position":"center center","background-size":"auto","background-attachment":"scroll","background-type":"","background-media":"","overlay-type":"","overlay-color":"","overlay-opacity":"","overlay-gradient":""},"mobile":{"background-color":"var(--ast-global-color-5)","background-image":"","background-repeat":"repeat","background-position":"center center","background-size":"auto","background-attachment":"scroll","background-type":"","background-media":"","overlay-type":"","overlay-color":"","overlay-opacity":"","overlay-gradient":""}},"footnotes":""},"class_list":["post-16478","page","type-page","status-publish","hentry"],"post_mailing_queue_ids":[],"_links":{"self":[{"href":"https:\/\/agora.xtec.cat\/ceip-laginesta-vallirana\/wp-json\/wp\/v2\/pages\/16478","targetHints":{"allow":["GET"]}}],"collection":[{"href":"https:\/\/agora.xtec.cat\/ceip-laginesta-vallirana\/wp-json\/wp\/v2\/pages"}],"about":[{"href":"https:\/\/agora.xtec.cat\/ceip-laginesta-vallirana\/wp-json\/wp\/v2\/types\/page"}],"author":[{"embeddable":true,"href":"https:\/\/agora.xtec.cat\/ceip-laginesta-vallirana\/wp-json\/wp\/v2\/users\/36"}],"replies":[{"embeddable":true,"href":"https:\/\/agora.xtec.cat\/ceip-laginesta-vallirana\/wp-json\/wp\/v2\/comments?post=16478"}],"version-history":[{"count":6,"href":"https:\/\/agora.xtec.cat\/ceip-laginesta-vallirana\/wp-json\/wp\/v2\/pages\/16478\/revisions"}],"predecessor-version":[{"id":16503,"href":"https:\/\/agora.xtec.cat\/ceip-laginesta-vallirana\/wp-json\/wp\/v2\/pages\/16478\/revisions\/16503"}],"up":[{"embeddable":true,"href":"https:\/\/agora.xtec.cat\/ceip-laginesta-vallirana\/wp-json\/wp\/v2\/pages\/15277"}],"wp:attachment":[{"href":"https:\/\/agora.xtec.cat\/ceip-laginesta-vallirana\/wp-json\/wp\/v2\/media?parent=16478"}],"curies":[{"name":"wp","href":"https:\/\/api.w.org\/{rel}","templated":true}]}}