{"id":16432,"date":"2025-08-17T13:41:13","date_gmt":"2025-08-17T11:41:13","guid":{"rendered":"https:\/\/agora.xtec.cat\/ceip-laginesta-vallirana\/?page_id=16432"},"modified":"2025-08-30T13:17:38","modified_gmt":"2025-08-30T11:17:38","slug":"horari-datencio","status":"publish","type":"page","link":"https:\/\/agora.xtec.cat\/ceip-laginesta-vallirana\/lescola\/horari-datencio\/","title":{"rendered":"Horari d&#8217;atenci\u00f3"},"content":{"rendered":"\n<details class=\"wp-block-details is-layout-flow wp-block-details-is-layout-flow\"><summary>Secretaria i gesti\u00f3 de sortides<\/summary>\n<figure class=\"wp-block-image size-full\"><a href=\"https:\/\/agora.xtec.cat\/ceip-laginesta-vallirana\/wp-content\/uploads\/usu263\/2025\/08\/Atencio-1.png\"><img loading=\"lazy\" decoding=\"async\" width=\"1020\" height=\"255\" src=\"https:\/\/agora.xtec.cat\/ceip-laginesta-vallirana\/wp-content\/uploads\/usu263\/2025\/08\/Atencio-1.png\" alt=\"\" class=\"wp-image-16630\" srcset=\"https:\/\/agora.xtec.cat\/ceip-laginesta-vallirana\/wp-content\/uploads\/usu263\/2025\/08\/Atencio-1.png 1020w, https:\/\/agora.xtec.cat\/ceip-laginesta-vallirana\/wp-content\/uploads\/usu263\/2025\/08\/Atencio-1-300x75.png 300w, https:\/\/agora.xtec.cat\/ceip-laginesta-vallirana\/wp-content\/uploads\/usu263\/2025\/08\/Atencio-1-768x192.png 768w\" sizes=\"auto, (max-width: 1020px) 100vw, 1020px\" \/><\/a><\/figure>\n\n\n\n<p>Per tot el relacionat amb el pagament del material escolar, activitat de piscina, pagament de sortides i col\u00f2nies&#8230;<\/p>\n\n\n\n<p class=\"has-text-align-center has-medium-font-size\">Dilluns i dijous de 9:00 a 11:00<\/p>\n\n\n\n<p class=\"has-text-align-center has-medium-font-size\">\ud83d\udce7 secretaria@ginestav.cat                          \ud83d\udce7 ginesortides@gmail.com<\/p>\n<\/details>\n\n\n\n<div style=\"height:30px\" aria-hidden=\"true\" class=\"wp-block-spacer\"><\/div>\n\n\n\n<details class=\"wp-block-details is-layout-flow wp-block-details-is-layout-flow\"><summary>Administrativa<\/summary>\n<figure class=\"wp-block-image size-full\"><a href=\"https:\/\/agora.xtec.cat\/ceip-laginesta-vallirana\/wp-content\/uploads\/usu263\/2025\/08\/Atencio-2.png\"><img loading=\"lazy\" decoding=\"async\" width=\"1020\" height=\"255\" src=\"https:\/\/agora.xtec.cat\/ceip-laginesta-vallirana\/wp-content\/uploads\/usu263\/2025\/08\/Atencio-2.png\" alt=\"\" class=\"wp-image-16631\" srcset=\"https:\/\/agora.xtec.cat\/ceip-laginesta-vallirana\/wp-content\/uploads\/usu263\/2025\/08\/Atencio-2.png 1020w, https:\/\/agora.xtec.cat\/ceip-laginesta-vallirana\/wp-content\/uploads\/usu263\/2025\/08\/Atencio-2-300x75.png 300w, https:\/\/agora.xtec.cat\/ceip-laginesta-vallirana\/wp-content\/uploads\/usu263\/2025\/08\/Atencio-2-768x192.png 768w\" sizes=\"auto, (max-width: 1020px) 100vw, 1020px\" \/><\/a><\/figure>\n\n\n\n<p>Per la matriculaci\u00f3 i gesti\u00f3 d\u2019inscripcions d\u2019alumnes, gesti\u00f3 de beques, documentaci\u00f3 oficial&#8230;<\/p>\n\n\n\n<p class=\"has-text-align-center has-medium-font-size\">De dilluns a divendres de 9:00 a 13:00 i de 15:00 a 16:00<\/p>\n\n\n\n<p class=\"has-text-align-center has-medium-font-size\">\ud83d\udcde 936 832 168<\/p>\n<\/details>\n\n\n\n<div style=\"height:30px\" aria-hidden=\"true\" class=\"wp-block-spacer\"><\/div>\n\n\n\n<details class=\"wp-block-details is-layout-flow wp-block-details-is-layout-flow\"><summary>Menjador escolar<\/summary>\n<figure class=\"wp-block-image size-full\"><a href=\"https:\/\/agora.xtec.cat\/ceip-laginesta-vallirana\/wp-content\/uploads\/usu263\/2025\/08\/Atencio-3.png\"><img loading=\"lazy\" decoding=\"async\" width=\"1020\" height=\"255\" src=\"https:\/\/agora.xtec.cat\/ceip-laginesta-vallirana\/wp-content\/uploads\/usu263\/2025\/08\/Atencio-3.png\" alt=\"\" class=\"wp-image-16632\" srcset=\"https:\/\/agora.xtec.cat\/ceip-laginesta-vallirana\/wp-content\/uploads\/usu263\/2025\/08\/Atencio-3.png 1020w, https:\/\/agora.xtec.cat\/ceip-laginesta-vallirana\/wp-content\/uploads\/usu263\/2025\/08\/Atencio-3-300x75.png 300w, https:\/\/agora.xtec.cat\/ceip-laginesta-vallirana\/wp-content\/uploads\/usu263\/2025\/08\/Atencio-3-768x192.png 768w\" sizes=\"auto, (max-width: 1020px) 100vw, 1020px\" \/><\/a><\/figure>\n\n\n\n<p>Per tot el relacionat amb el menjador escolar: inscripci\u00f3, pagaments, informaci\u00f3 nutricional&#8230;<\/p>\n\n\n\n<p class=\"has-text-align-center has-medium-font-size\">Dimarts de 9:00 a 10:00<\/p>\n\n\n\n<p class=\"has-text-align-center has-medium-font-size\">\ud83d\udcde 605 847 890 (Accepta whatsapp)<\/p>\n<\/details>\n\n\n\n<div style=\"height:30px\" aria-hidden=\"true\" class=\"wp-block-spacer\"><\/div>\n\n\n\n<details class=\"wp-block-details is-layout-flow wp-block-details-is-layout-flow\"><summary>AFA<\/summary>\n<figure class=\"wp-block-image size-full\"><a href=\"https:\/\/agora.xtec.cat\/ceip-laginesta-vallirana\/wp-content\/uploads\/usu263\/2025\/08\/Atencio-4.png\"><img loading=\"lazy\" decoding=\"async\" width=\"1020\" height=\"255\" src=\"https:\/\/agora.xtec.cat\/ceip-laginesta-vallirana\/wp-content\/uploads\/usu263\/2025\/08\/Atencio-4.png\" alt=\"\" class=\"wp-image-16633\" srcset=\"https:\/\/agora.xtec.cat\/ceip-laginesta-vallirana\/wp-content\/uploads\/usu263\/2025\/08\/Atencio-4.png 1020w, https:\/\/agora.xtec.cat\/ceip-laginesta-vallirana\/wp-content\/uploads\/usu263\/2025\/08\/Atencio-4-300x75.png 300w, https:\/\/agora.xtec.cat\/ceip-laginesta-vallirana\/wp-content\/uploads\/usu263\/2025\/08\/Atencio-4-768x192.png 768w\" sizes=\"auto, (max-width: 1020px) 100vw, 1020px\" \/><\/a><\/figure>\n\n\n\n<p>Relacionat amb l&#8217;associaci\u00f3 de fam\u00edlies de l&#8217;escola: inscripci\u00f3 i quota, activitats extraescolars&#8230;<\/p>\n\n\n\n<p class=\"has-text-align-center has-medium-font-size\">Horari a concretar mitjan\u00e7ant tel\u00e8fon, whatsApp o correu electr\u00f2nic:<\/p>\n\n\n\n<p class=\"has-text-align-center has-medium-font-size\">\ud83d\udcde\u200b623182670               \ud83d\udce7 afa.laginesta@gmail.com<\/p>\n<\/details>\n\n\n\n<div style=\"height:30px\" aria-hidden=\"true\" class=\"wp-block-spacer\"><\/div>\n","protected":false},"excerpt":{"rendered":"","protected":false},"author":36,"featured_media":0,"parent":22,"menu_order":20,"comment_status":"closed","ping_status":"close","template":"","meta":{"_bbp_topic_count":0,"_bbp_reply_count":0,"_bbp_total_topic_count":0,"_bbp_total_reply_count":0,"_bbp_voice_count":0,"_bbp_anonymous_reply_count":0,"_bbp_topic_count_hidden":0,"_bbp_reply_count_hidden":0,"_bbp_forum_subforum_count":0,"site-sidebar-layout":"left-sidebar","site-content-layout":"","ast-site-content-layout":"default","site-content-style":"default","site-sidebar-style":"default","ast-global-header-display":"","ast-banner-title-visibility":"","ast-main-header-display":"","ast-hfb-above-header-display":"","ast-hfb-below-header-display":"","ast-hfb-mobile-header-display":"","site-post-title":"","ast-breadcrumbs-content":"","ast-featured-img":"","footer-sml-layout":"","theme-transparent-header-meta":"","adv-header-id-meta":"","stick-header-meta":"","header-above-stick-meta":"","header-main-stick-meta":"","header-below-stick-meta":"","astra-migrate-meta-layouts":"set","ast-page-background-enabled":"default","ast-page-background-meta":{"desktop":{"background-color":"var(--ast-global-color-4)","background-image":"","background-repeat":"repeat","background-position":"center center","background-size":"auto","background-attachment":"scroll","background-type":"","background-media":"","overlay-type":"","overlay-color":"","overlay-opacity":"","overlay-gradient":""},"tablet":{"background-color":"","background-image":"","background-repeat":"repeat","background-position":"center center","background-size":"auto","background-attachment":"scroll","background-type":"","background-media":"","overlay-type":"","overlay-color":"","overlay-opacity":"","overlay-gradient":""},"mobile":{"background-color":"","background-image":"","background-repeat":"repeat","background-position":"center center","background-size":"auto","background-attachment":"scroll","background-type":"","background-media":"","overlay-type":"","overlay-color":"","overlay-opacity":"","overlay-gradient":""}},"ast-content-background-meta":{"desktop":{"background-color":"var(--ast-global-color-5)","background-image":"","background-repeat":"repeat","background-position":"center center","background-size":"auto","background-attachment":"scroll","background-type":"","background-media":"","overlay-type":"","overlay-color":"","overlay-opacity":"","overlay-gradient":""},"tablet":{"background-color":"var(--ast-global-color-5)","background-image":"","background-repeat":"repeat","background-position":"center center","background-size":"auto","background-attachment":"scroll","background-type":"","background-media":"","overlay-type":"","overlay-color":"","overlay-opacity":"","overlay-gradient":""},"mobile":{"background-color":"var(--ast-global-color-5)","background-image":"","background-repeat":"repeat","background-position":"center center","background-size":"auto","background-attachment":"scroll","background-type":"","background-media":"","overlay-type":"","overlay-color":"","overlay-opacity":"","overlay-gradient":""}},"footnotes":""},"class_list":["post-16432","page","type-page","status-publish","hentry"],"post_mailing_queue_ids":[],"_links":{"self":[{"href":"https:\/\/agora.xtec.cat\/ceip-laginesta-vallirana\/wp-json\/wp\/v2\/pages\/16432","targetHints":{"allow":["GET"]}}],"collection":[{"href":"https:\/\/agora.xtec.cat\/ceip-laginesta-vallirana\/wp-json\/wp\/v2\/pages"}],"about":[{"href":"https:\/\/agora.xtec.cat\/ceip-laginesta-vallirana\/wp-json\/wp\/v2\/types\/page"}],"author":[{"embeddable":true,"href":"https:\/\/agora.xtec.cat\/ceip-laginesta-vallirana\/wp-json\/wp\/v2\/users\/36"}],"replies":[{"embeddable":true,"href":"https:\/\/agora.xtec.cat\/ceip-laginesta-vallirana\/wp-json\/wp\/v2\/comments?post=16432"}],"version-history":[{"count":6,"href":"https:\/\/agora.xtec.cat\/ceip-laginesta-vallirana\/wp-json\/wp\/v2\/pages\/16432\/revisions"}],"predecessor-version":[{"id":16639,"href":"https:\/\/agora.xtec.cat\/ceip-laginesta-vallirana\/wp-json\/wp\/v2\/pages\/16432\/revisions\/16639"}],"up":[{"embeddable":true,"href":"https:\/\/agora.xtec.cat\/ceip-laginesta-vallirana\/wp-json\/wp\/v2\/pages\/22"}],"wp:attachment":[{"href":"https:\/\/agora.xtec.cat\/ceip-laginesta-vallirana\/wp-json\/wp\/v2\/media?parent=16432"}],"curies":[{"name":"wp","href":"https:\/\/api.w.org\/{rel}","templated":true}]}}