{"id":80,"date":"2014-09-18T14:09:48","date_gmt":"2014-09-18T13:09:48","guid":{"rendered":"http:\/\/agora.xtec.cat\/ceip-lafloresta\/?page_id=80"},"modified":"2019-08-28T12:05:16","modified_gmt":"2019-08-28T10:05:16","slug":"transport-escolar","status":"publish","type":"page","link":"https:\/\/agora.xtec.cat\/ceip-lafloresta\/serveis\/transport-escolar\/","title":{"rendered":"Transport Escolar"},"content":{"rendered":"<p><span style=\"font-weight: 400;\">Les nenes i els nens de l&#8217;escola La Floresta poden optar per dues modalitats de transport. Per aquells que viuen al districte de \u00abLes Planes\u00bb, el Consell Comarcal de la Generalitat de Catalunya ofereix el servei de transport escolar (amb monitoratge). En aquest cas, podeu consultar tota la informaci\u00f3 necess\u00e0ria i fer la sol\u00b7licitud de pla\u00e7a en el seg\u00fcent enlla\u00e7:<\/span><\/p>\n<p><a href=\"http:\/\/www.ccvoc.cat\/consell-comarcal\/serveis\/area-de-territori-i-cooperacio-local\/servei-de-transport-escolar\"><span style=\"font-weight: 400;\">http:\/\/www.ccvoc.cat\/consell-comarcal\/serveis\/area-de-territori-i-cooperacio-local\/servei-de-transport-escolar<\/span><\/a><\/p>\n<p><span style=\"font-weight: 400;\">Tots aquells infants que viuen a La Floresta, Mirasol o b\u00e9 Sant Cugat poden optar per agafar l&#8217;autob\u00fas municipal de l&#8217;Ajuntament de Sant Cugat de les l\u00ednies L3 i L4. Aquestes l\u00ednies fan un servei exclusiu pels nens i nenes de l&#8217;escola a les hores d&#8217;entrada i de sortida al centre i funcionen sota la normativa de transport p\u00fablic de Catalunya. Podeu consultar-ne tota la informaci\u00f3 que us calgui en els seg\u00fcents enlla\u00e7os:<\/span><\/p>\n<p><a href=\"https:\/\/www.santcugat.cat\/web\/l4-la-floresta-bus-barri\"><span style=\"font-weight: 400;\">https:\/\/www.santcugat.cat\/web\/l4-la-floresta-bus-barri<\/span><\/a><\/p>\n<p><a href=\"https:\/\/www.santcugat.cat\/web\/l3-les-planes-la-floresta-fgc-sant-cugat\"><span style=\"font-weight: 400;\">https:\/\/www.santcugat.cat\/web\/l3-les-planes-la-floresta-fgc-sant-cugat<\/span><\/a><\/p>\n","protected":false},"excerpt":{"rendered":"<p>Les nenes i els nens de l&#8217;escola La Floresta poden optar per dues modalitats de transport. Per aquells que viuen al districte de \u00abLes Planes\u00bb, el Consell Comarcal de la Generalitat de Catalunya ofereix el servei de transport escolar (amb monitoratge). En aquest cas, podeu consultar tota la informaci\u00f3 necess\u00e0ria i fer la sol\u00b7licitud de [&hellip;]<\/p>\n","protected":false},"author":1,"featured_media":0,"parent":66,"menu_order":40,"comment_status":"closed","ping_status":"closed","template":"page-templates\/side-menu.php","meta":{"_bbp_topic_count":0,"_bbp_reply_count":0,"_bbp_total_topic_count":0,"_bbp_total_reply_count":0,"_bbp_voice_count":0,"_bbp_anonymous_reply_count":0,"_bbp_topic_count_hidden":0,"_bbp_reply_count_hidden":0,"_bbp_forum_subforum_count":0,"site-sidebar-layout":"default","site-content-layout":"","ast-site-content-layout":"","site-content-style":"default","site-sidebar-style":"default","ast-global-header-display":"","ast-banner-title-visibility":"","ast-main-header-display":"","ast-hfb-above-header-display":"","ast-hfb-below-header-display":"","ast-hfb-mobile-header-display":"","site-post-title":"","ast-breadcrumbs-content":"","ast-featured-img":"","footer-sml-layout":"","theme-transparent-header-meta":"","adv-header-id-meta":"","stick-header-meta":"","header-above-stick-meta":"","header-main-stick-meta":"","header-below-stick-meta":"","astra-migrate-meta-layouts":"default","ast-page-background-enabled":"default","ast-page-background-meta":{"desktop":{"background-color":"var(--ast-global-color-4)","background-image":"","background-repeat":"repeat","background-position":"center center","background-size":"auto","background-attachment":"scroll","background-type":"","background-media":"","overlay-type":"","overlay-color":"","overlay-opacity":"","overlay-gradient":""},"tablet":{"background-color":"","background-image":"","background-repeat":"repeat","background-position":"center center","background-size":"auto","background-attachment":"scroll","background-type":"","background-media":"","overlay-type":"","overlay-color":"","overlay-opacity":"","overlay-gradient":""},"mobile":{"background-color":"","background-image":"","background-repeat":"repeat","background-position":"center center","background-size":"auto","background-attachment":"scroll","background-type":"","background-media":"","overlay-type":"","overlay-color":"","overlay-opacity":"","overlay-gradient":""}},"ast-content-background-meta":{"desktop":{"background-color":"var(--ast-global-color-5)","background-image":"","background-repeat":"repeat","background-position":"center center","background-size":"auto","background-attachment":"scroll","background-type":"","background-media":"","overlay-type":"","overlay-color":"","overlay-opacity":"","overlay-gradient":""},"tablet":{"background-color":"var(--ast-global-color-5)","background-image":"","background-repeat":"repeat","background-position":"center center","background-size":"auto","background-attachment":"scroll","background-type":"","background-media":"","overlay-type":"","overlay-color":"","overlay-opacity":"","overlay-gradient":""},"mobile":{"background-color":"var(--ast-global-color-5)","background-image":"","background-repeat":"repeat","background-position":"center center","background-size":"auto","background-attachment":"scroll","background-type":"","background-media":"","overlay-type":"","overlay-color":"","overlay-opacity":"","overlay-gradient":""}},"footnotes":""},"class_list":["post-80","page","type-page","status-publish","hentry"],"post_mailing_queue_ids":[],"_links":{"self":[{"href":"https:\/\/agora.xtec.cat\/ceip-lafloresta\/wp-json\/wp\/v2\/pages\/80","targetHints":{"allow":["GET"]}}],"collection":[{"href":"https:\/\/agora.xtec.cat\/ceip-lafloresta\/wp-json\/wp\/v2\/pages"}],"about":[{"href":"https:\/\/agora.xtec.cat\/ceip-lafloresta\/wp-json\/wp\/v2\/types\/page"}],"author":[{"embeddable":true,"href":"https:\/\/agora.xtec.cat\/ceip-lafloresta\/wp-json\/wp\/v2\/users\/1"}],"replies":[{"embeddable":true,"href":"https:\/\/agora.xtec.cat\/ceip-lafloresta\/wp-json\/wp\/v2\/comments?post=80"}],"version-history":[{"count":2,"href":"https:\/\/agora.xtec.cat\/ceip-lafloresta\/wp-json\/wp\/v2\/pages\/80\/revisions"}],"predecessor-version":[{"id":501,"href":"https:\/\/agora.xtec.cat\/ceip-lafloresta\/wp-json\/wp\/v2\/pages\/80\/revisions\/501"}],"up":[{"embeddable":true,"href":"https:\/\/agora.xtec.cat\/ceip-lafloresta\/wp-json\/wp\/v2\/pages\/66"}],"wp:attachment":[{"href":"https:\/\/agora.xtec.cat\/ceip-lafloresta\/wp-json\/wp\/v2\/media?parent=80"}],"curies":[{"name":"wp","href":"https:\/\/api.w.org\/{rel}","templated":true}]}}