{"id":28,"date":"2014-09-18T12:29:35","date_gmt":"2014-09-18T11:29:35","guid":{"rendered":"http:\/\/agora.xtec.cat\/ceip-lafloresta\/?page_id=28"},"modified":"2025-12-03T16:13:13","modified_gmt":"2025-12-03T15:13:13","slug":"consell-escolar","status":"publish","type":"page","link":"https:\/\/agora.xtec.cat\/ceip-lafloresta\/lescola\/consell-escolar\/","title":{"rendered":"Consell escolar"},"content":{"rendered":"<p>Relaci\u00f3 de la composici\u00f3 del Consell Escolar en data 1 de desembre de 2025<\/p>\n<table style=\"width: 41.5796%; height: 875px;\">\n<tbody>\n<tr>\n<td style=\"width: 40.8309%;\"><span style=\"font-weight: 400;\">Director\/a<\/span><\/td>\n<td style=\"width: 40.4012%;\"><span style=\"font-weight: 400;\">Ana M. Prieto Estrada<\/span><\/td>\n<\/tr>\n<tr>\n<td style=\"width: 40.8309%;\"><span style=\"font-weight: 400;\">Cap d&#8217;estudis<\/span><\/td>\n<td style=\"width: 40.4012%;\"><span style=\"font-weight: 400;\">Lidia Pastor Mart\u00ednez<\/span><\/td>\n<\/tr>\n<tr>\n<td style=\"width: 40.8309%;\"><span style=\"font-weight: 400;\">Secretari\/\u00e0ria<\/span><\/td>\n<td style=\"width: 40.4012%;\"><span style=\"font-weight: 400;\">Maria Luz Guerrero Cano<\/span><\/td>\n<\/tr>\n<tr>\n<td style=\"width: 40.8309%;\"><span style=\"font-weight: 400;\">Representant de l&#8217;Ajuntament<\/span><\/td>\n<td style=\"width: 40.4012%;\"><span style=\"font-weight: 400;\">Eul\u00e0lia Formiguera Vila<\/span><\/td>\n<\/tr>\n<tr>\n<td style=\"width: 40.8309%;\"><span style=\"font-weight: 400;\">Representant de l&#8217;AMPA<\/span><\/td>\n<td style=\"width: 40.4012%;\"><span style=\"font-weight: 400;\">Oriol Rello Rosanas<\/span><\/td>\n<\/tr>\n<tr>\n<td style=\"width: 40.8309%;\"><span style=\"font-weight: 400;\">Representant de pares i mares<\/span><\/td>\n<td style=\"width: 40.4012%;\"><span style=\"font-weight: 400;\">Alba Serrano Termes<\/span><\/td>\n<\/tr>\n<tr>\n<td style=\"width: 40.8309%;\"><span style=\"font-weight: 400;\">Representant de pares i mares<\/span><\/td>\n<td style=\"width: 40.4012%;\"><span style=\"font-weight: 400;\">Clara Xifr\u00e0 Quintana<\/span><\/td>\n<\/tr>\n<tr>\n<td style=\"width: 40.8309%;\"><span style=\"font-weight: 400;\">Representant de pares i mares\u00a0<\/span><\/td>\n<td style=\"width: 40.4012%;\"><span style=\"font-weight: 400;\">Emilia Garcia Casademont<\/span><\/td>\n<\/tr>\n<tr>\n<td style=\"width: 40.8309%;\"><span style=\"font-weight: 400;\">Representant de pares i mares<\/span><\/td>\n<td style=\"width: 40.4012%;\"><span style=\"font-weight: 400;\">Pau Compte Andr\u00e9s<\/span><\/td>\n<\/tr>\n<tr>\n<td style=\"width: 40.8309%;\"><span style=\"font-weight: 400;\">Representant del PAS<\/span><\/td>\n<td style=\"width: 40.4012%;\"><span style=\"font-weight: 400;\">Yolanda Flores Rodr\u00edguez<\/span><\/td>\n<\/tr>\n<tr>\n<td style=\"width: 40.8309%;\"><span style=\"font-weight: 400;\">Representant del professorat<\/span><\/td>\n<td style=\"width: 40.4012%;\"><span style=\"font-weight: 400;\">Alba Alier Palomo<\/span><\/td>\n<\/tr>\n<tr>\n<td style=\"width: 40.8309%;\"><span style=\"font-weight: 400;\">Representant del professorat<\/span><\/td>\n<td style=\"width: 40.4012%;\"><span style=\"font-weight: 400;\">Alba Montfort Jornet<\/span><\/td>\n<\/tr>\n<tr>\n<td style=\"width: 40.8309%;\"><span style=\"font-weight: 400;\">Representant del professorat<\/span><\/td>\n<td style=\"width: 40.4012%;\"><span style=\"font-weight: 400;\">Mireia Ferr\u00fas Granero<\/span><\/td>\n<\/tr>\n<tr>\n<td style=\"width: 40.8309%;\"><span style=\"font-weight: 400;\">Representant del professorat<\/span><\/td>\n<td style=\"width: 40.4012%;\"><span style=\"font-weight: 400;\">Mireya Casado Cort\u00e9s<\/span><\/td>\n<\/tr>\n<tr>\n<td style=\"width: 40.8309%;\"><span style=\"font-weight: 400;\">Representant del professorat<\/span><\/td>\n<td style=\"width: 40.4012%;\"><span style=\"font-weight: 400;\">S\u00f2nia G\u00f3mez N\u00fa\u00f1ez<\/span><\/td>\n<\/tr>\n<\/tbody>\n<\/table>\n","protected":false},"excerpt":{"rendered":"<p>Relaci\u00f3 de la composici\u00f3 del Consell Escolar en data 1 de desembre de 2025 Director\/a Ana M. Prieto Estrada Cap d&#8217;estudis Lidia Pastor Mart\u00ednez Secretari\/\u00e0ria Maria Luz Guerrero Cano Representant de l&#8217;Ajuntament Eul\u00e0lia Formiguera Vila Representant de l&#8217;AMPA Oriol Rello Rosanas Representant de pares i mares Alba Serrano Termes Representant de pares i mares Clara [&hellip;]<\/p>\n","protected":false},"author":1,"featured_media":0,"parent":22,"menu_order":30,"comment_status":"closed","ping_status":"closed","template":"page-templates\/side-menu.php","meta":{"_bbp_topic_count":0,"_bbp_reply_count":0,"_bbp_total_topic_count":0,"_bbp_total_reply_count":0,"_bbp_voice_count":0,"_bbp_anonymous_reply_count":0,"_bbp_topic_count_hidden":0,"_bbp_reply_count_hidden":0,"_bbp_forum_subforum_count":0,"site-sidebar-layout":"default","site-content-layout":"","ast-site-content-layout":"","site-content-style":"default","site-sidebar-style":"default","ast-global-header-display":"","ast-banner-title-visibility":"","ast-main-header-display":"","ast-hfb-above-header-display":"","ast-hfb-below-header-display":"","ast-hfb-mobile-header-display":"","site-post-title":"","ast-breadcrumbs-content":"","ast-featured-img":"","footer-sml-layout":"","theme-transparent-header-meta":"","adv-header-id-meta":"","stick-header-meta":"","header-above-stick-meta":"","header-main-stick-meta":"","header-below-stick-meta":"","astra-migrate-meta-layouts":"default","ast-page-background-enabled":"default","ast-page-background-meta":{"desktop":{"background-color":"var(--ast-global-color-4)","background-image":"","background-repeat":"repeat","background-position":"center center","background-size":"auto","background-attachment":"scroll","background-type":"","background-media":"","overlay-type":"","overlay-color":"","overlay-opacity":"","overlay-gradient":""},"tablet":{"background-color":"","background-image":"","background-repeat":"repeat","background-position":"center center","background-size":"auto","background-attachment":"scroll","background-type":"","background-media":"","overlay-type":"","overlay-color":"","overlay-opacity":"","overlay-gradient":""},"mobile":{"background-color":"","background-image":"","background-repeat":"repeat","background-position":"center center","background-size":"auto","background-attachment":"scroll","background-type":"","background-media":"","overlay-type":"","overlay-color":"","overlay-opacity":"","overlay-gradient":""}},"ast-content-background-meta":{"desktop":{"background-color":"var(--ast-global-color-5)","background-image":"","background-repeat":"repeat","background-position":"center center","background-size":"auto","background-attachment":"scroll","background-type":"","background-media":"","overlay-type":"","overlay-color":"","overlay-opacity":"","overlay-gradient":""},"tablet":{"background-color":"var(--ast-global-color-5)","background-image":"","background-repeat":"repeat","background-position":"center center","background-size":"auto","background-attachment":"scroll","background-type":"","background-media":"","overlay-type":"","overlay-color":"","overlay-opacity":"","overlay-gradient":""},"mobile":{"background-color":"var(--ast-global-color-5)","background-image":"","background-repeat":"repeat","background-position":"center center","background-size":"auto","background-attachment":"scroll","background-type":"","background-media":"","overlay-type":"","overlay-color":"","overlay-opacity":"","overlay-gradient":""}},"footnotes":""},"class_list":["post-28","page","type-page","status-publish","hentry"],"post_mailing_queue_ids":[],"_links":{"self":[{"href":"https:\/\/agora.xtec.cat\/ceip-lafloresta\/wp-json\/wp\/v2\/pages\/28","targetHints":{"allow":["GET"]}}],"collection":[{"href":"https:\/\/agora.xtec.cat\/ceip-lafloresta\/wp-json\/wp\/v2\/pages"}],"about":[{"href":"https:\/\/agora.xtec.cat\/ceip-lafloresta\/wp-json\/wp\/v2\/types\/page"}],"author":[{"embeddable":true,"href":"https:\/\/agora.xtec.cat\/ceip-lafloresta\/wp-json\/wp\/v2\/users\/1"}],"replies":[{"embeddable":true,"href":"https:\/\/agora.xtec.cat\/ceip-lafloresta\/wp-json\/wp\/v2\/comments?post=28"}],"version-history":[{"count":6,"href":"https:\/\/agora.xtec.cat\/ceip-lafloresta\/wp-json\/wp\/v2\/pages\/28\/revisions"}],"predecessor-version":[{"id":4406,"href":"https:\/\/agora.xtec.cat\/ceip-lafloresta\/wp-json\/wp\/v2\/pages\/28\/revisions\/4406"}],"up":[{"embeddable":true,"href":"https:\/\/agora.xtec.cat\/ceip-lafloresta\/wp-json\/wp\/v2\/pages\/22"}],"wp:attachment":[{"href":"https:\/\/agora.xtec.cat\/ceip-lafloresta\/wp-json\/wp\/v2\/media?parent=28"}],"curies":[{"name":"wp","href":"https:\/\/api.w.org\/{rel}","templated":true}]}}