{"id":26,"date":"2014-09-18T12:24:32","date_gmt":"2014-09-18T11:24:32","guid":{"rendered":"http:\/\/agora.xtec.cat\/ceip-lafloresta\/?page_id=26"},"modified":"2022-06-13T10:16:39","modified_gmt":"2022-06-13T08:16:39","slug":"historia","status":"publish","type":"page","link":"https:\/\/agora.xtec.cat\/ceip-lafloresta\/lescola\/historia\/","title":{"rendered":"Hist\u00f2ria"},"content":{"rendered":"<p><span style=\"font-weight: 400;\">L\u2019escola La Floresta est\u00e0 ubicada a la localitat de La Floresta, un barri i districte del municipi de Sant Cugat del Vall\u00e8s. Nascut com a conseq\u00fc\u00e8ncia de la construcci\u00f3 del ferrocarril\u00a0 Barcelona-Sabadell, i situat a cinc quil\u00f2metres del nucli urb\u00e0 de sant Cugat, esdev\u00e9 actualment una poblaci\u00f3 de 4.500 habitants, de condici\u00f3 socioecon\u00f2mica molt diversa.\u00a0<\/span><\/p>\n<p>Imatge de la Floresta:<\/p>\n<p><a href=\"https:\/\/agora.xtec.cat\/ceip-lafloresta\/wp-content\/uploads\/usu194\/2022\/06\/La_Floresta_pano-scaled.jpg\"><img loading=\"lazy\" decoding=\"async\" class=\"alignnone size-large wp-image-1944\" src=\"https:\/\/agora.xtec.cat\/ceip-lafloresta\/wp-content\/uploads\/usu194\/2022\/06\/La_Floresta_pano-1024x347.jpg\" alt=\"\" width=\"1024\" height=\"347\" srcset=\"https:\/\/agora.xtec.cat\/ceip-lafloresta\/wp-content\/uploads\/usu194\/2022\/06\/La_Floresta_pano-1024x347.jpg 1024w, https:\/\/agora.xtec.cat\/ceip-lafloresta\/wp-content\/uploads\/usu194\/2022\/06\/La_Floresta_pano-300x102.jpg 300w, https:\/\/agora.xtec.cat\/ceip-lafloresta\/wp-content\/uploads\/usu194\/2022\/06\/La_Floresta_pano-768x260.jpg 768w, https:\/\/agora.xtec.cat\/ceip-lafloresta\/wp-content\/uploads\/usu194\/2022\/06\/La_Floresta_pano-1536x520.jpg 1536w, https:\/\/agora.xtec.cat\/ceip-lafloresta\/wp-content\/uploads\/usu194\/2022\/06\/La_Floresta_pano-2048x694.jpg 2048w\" sizes=\"auto, (max-width: 1024px) 100vw, 1024px\" \/><\/a><\/p>\n<p><span style=\"font-weight: 400;\">L\u2019escola va ser constru\u00efda el 1978 a la seva actual ubicaci\u00f3, un indret envoltat de pins al final del Cam\u00ed de Can Pagan, a la dreta de la carretera de Vallvidrera, amb l\u2019objectiu de substituir a \u201cLa Graduada Mixta\u201d, localitzada a l\u2019actual escola llar d&#8217;infants La Mimosa. Inicialment s\u2019hi van traslladar els alumnes d\u2019educaci\u00f3 Prim\u00e0ria (EGB) i no va ser fins el curs 1982-83 que l\u2019Ajuntament constru\u00ed el parvulari (edifici actual d\u2019educaci\u00f3 infantil). El complex escolar es va complementar al llarg dels anys amb la construcci\u00f3 d\u2019un gimn\u00e0s poliesportiu municipal \u2013d\u2019us exclusiu de l\u2019escola durant l\u2019horari lectiu-. El centre, que inicialment era dissenyat per ser de dues l\u00ednies, s\u2019ha anat adaptant als canvis condicionats pels n\u00fameros de matriculacions que, al llarg dels anys, han estat molt variables. Aix\u00ed, fruit d\u2019una forta reducci\u00f3 de matr\u00edcula, es convert\u00ed el curs 1993-94 en centre d\u2019una l\u00ednia completa d\u2019educaci\u00f3 infantil i prim\u00e0ria. Per\u00f2 amb el pas del temps, l\u2019augment de demanda de matr\u00edcula progressiu de tot Sant Cugat aix\u00ed com el servei de transport escolar ofert per la Generalitat de Catalunya, va fer que l\u2019escola La Floresta recuper\u00e9s l\u2019oferta educativa, esdevenint\u00a0 un centre complet de dues l\u00ednies d\u2019Educaci\u00f3 Infantil i Prim\u00e0ria fins al 2011. Fou llavors, amb la construcci\u00f3 de nous centres al nucli del municipi i la progressiva disminuci\u00f3 de la natalitat, que la situaci\u00f3 de l&#8217;escola es va naturalitzar, tornant a ser a hores d&#8217;ara, l&#8217;escola d&#8217;una l\u00ednia del barri (que at\u00e9n infants de La Floresta, Les Planes, Mirasol i tamb\u00e9 Sant Cugat).<\/span><\/p>\n<p>Imatge de l&#8217;escola Floresta:<\/p>\n<p><a href=\"https:\/\/agora.xtec.cat\/ceip-lafloresta\/wp-content\/uploads\/usu194\/2022\/06\/escolafloresta.png\"><img loading=\"lazy\" decoding=\"async\" class=\"alignnone wp-image-1945\" src=\"https:\/\/agora.xtec.cat\/ceip-lafloresta\/wp-content\/uploads\/usu194\/2022\/06\/escolafloresta.png\" alt=\"\" width=\"821\" height=\"377\" srcset=\"https:\/\/agora.xtec.cat\/ceip-lafloresta\/wp-content\/uploads\/usu194\/2022\/06\/escolafloresta.png 518w, https:\/\/agora.xtec.cat\/ceip-lafloresta\/wp-content\/uploads\/usu194\/2022\/06\/escolafloresta-300x138.png 300w\" sizes=\"auto, (max-width: 821px) 100vw, 821px\" \/><\/a><\/p>\n<p><span style=\"font-weight: 400;\">Tot aquest recorregut, amb les adaptacions estructurals que ha comportat, fa que a hores d&#8217;ara l&#8217;escola La Floresta gaudeixi de molt espais (interiors i exteriors) que s\u00f3n aprofitats per fomentar una metodologia el m\u00e0xim d&#8217;enriquidora i competencial possible pel nostre alumnat.\u00a0<\/span><\/p>\n<p>&nbsp;<\/p>\n<p><span style=\"font-weight: 400;\">Actualment ens organitzem en tres comunitats: Petits (de P3 a P5), Mitjans (de 1<\/span><span style=\"font-weight: 400;\">r<\/span><span style=\"font-weight: 400;\"> a 3<\/span><span style=\"font-weight: 400;\">r<\/span><span style=\"font-weight: 400;\">) i Grans (de 4<\/span><span style=\"font-weight: 400;\">t<\/span><span style=\"font-weight: 400;\"> a 6<\/span><span style=\"font-weight: 400;\">\u00e8<\/span><span style=\"font-weight: 400;\">) L&#8217;escola basa la seva tasca educativa en una educaci\u00f3 arrelada al medi i fonamentada en el treball global, cient\u00edfic i cr\u00edtic. Es pret\u00e9n aconseguir una escola integradora i una educaci\u00f3 integral, atenent a la coeducaci\u00f3 i la diversitat. Un dels principals objectius educatius \u00e9s la socialitzaci\u00f3. El treball en grups cooperatius s\u2019utilitza i ensenya a les diverses \u00e0rees i tamb\u00e9 es fonamenta i potencia aquest aspecte a trav\u00e9s de l\u2019esport i en la vida quotidiana de la classe.<\/span><\/p>\n<p>&nbsp;<\/p>\n<p><span style=\"font-weight: 400;\">Per altra banda, fa quatre cursos es va detectar la necessitat d&#8217;incorporar noves metodologies i propostes innovadores amb la finalitat d&#8217;atendre millor tota la diversitat d&#8217;alumnat, creant espais d&#8217;aprenentatge m\u00e9s globals i competencials que permetessin a les nenes i els nens fomentar la seva autonomia i creativitat. Es fan franges d&#8217;ambients amb Petits i Mitjans, i tallers barrejant edats a Grans, i es combina l&#8217;aprenentatge sistem\u00e0tic de les \u00e0rees instrumentals (lleng\u00fces i matem\u00e0tiques) amb altres propostes metodol\u00f2giques, com ara projectes, centres d&#8217;inter\u00e8s, o plans de treball.\u00a0 Busquem una l\u00ednia metodol\u00f2gica pr\u00f2pia, inclusiva i amb personalitat i sense encasellar-nos en cap etiqueta, amb l&#8217;objectiu d&#8217;ajudar tots i cadascun dels infants de l&#8217;escola a cr\u00e9ixer de manera global, tant en la vessat acad\u00e8mica com pel que fa a les habilitats socials i l&#8217;educaci\u00f3 emocional.<\/span><\/p>\n<p>&nbsp;<\/p>\n","protected":false},"excerpt":{"rendered":"<p>L\u2019escola La Floresta est\u00e0 ubicada a la localitat de La Floresta, un barri i districte del municipi de Sant Cugat del Vall\u00e8s. Nascut com a conseq\u00fc\u00e8ncia de la construcci\u00f3 del ferrocarril\u00a0 Barcelona-Sabadell, i situat a cinc quil\u00f2metres del nucli urb\u00e0 de sant Cugat, esdev\u00e9 actualment una poblaci\u00f3 de 4.500 habitants, de condici\u00f3 socioecon\u00f2mica molt diversa.\u00a0 [&hellip;]<\/p>\n","protected":false},"author":1,"featured_media":0,"parent":22,"menu_order":20,"comment_status":"closed","ping_status":"closed","template":"page-templates\/side-menu.php","meta":{"_bbp_topic_count":0,"_bbp_reply_count":0,"_bbp_total_topic_count":0,"_bbp_total_reply_count":0,"_bbp_voice_count":0,"_bbp_anonymous_reply_count":0,"_bbp_topic_count_hidden":0,"_bbp_reply_count_hidden":0,"_bbp_forum_subforum_count":0,"site-sidebar-layout":"default","site-content-layout":"","ast-site-content-layout":"","site-content-style":"default","site-sidebar-style":"default","ast-global-header-display":"","ast-banner-title-visibility":"","ast-main-header-display":"","ast-hfb-above-header-display":"","ast-hfb-below-header-display":"","ast-hfb-mobile-header-display":"","site-post-title":"","ast-breadcrumbs-content":"","ast-featured-img":"","footer-sml-layout":"","theme-transparent-header-meta":"","adv-header-id-meta":"","stick-header-meta":"","header-above-stick-meta":"","header-main-stick-meta":"","header-below-stick-meta":"","astra-migrate-meta-layouts":"default","ast-page-background-enabled":"default","ast-page-background-meta":{"desktop":{"background-color":"var(--ast-global-color-4)","background-image":"","background-repeat":"repeat","background-position":"center center","background-size":"auto","background-attachment":"scroll","background-type":"","background-media":"","overlay-type":"","overlay-color":"","overlay-opacity":"","overlay-gradient":""},"tablet":{"background-color":"","background-image":"","background-repeat":"repeat","background-position":"center center","background-size":"auto","background-attachment":"scroll","background-type":"","background-media":"","overlay-type":"","overlay-color":"","overlay-opacity":"","overlay-gradient":""},"mobile":{"background-color":"","background-image":"","background-repeat":"repeat","background-position":"center center","background-size":"auto","background-attachment":"scroll","background-type":"","background-media":"","overlay-type":"","overlay-color":"","overlay-opacity":"","overlay-gradient":""}},"ast-content-background-meta":{"desktop":{"background-color":"var(--ast-global-color-5)","background-image":"","background-repeat":"repeat","background-position":"center center","background-size":"auto","background-attachment":"scroll","background-type":"","background-media":"","overlay-type":"","overlay-color":"","overlay-opacity":"","overlay-gradient":""},"tablet":{"background-color":"var(--ast-global-color-5)","background-image":"","background-repeat":"repeat","background-position":"center center","background-size":"auto","background-attachment":"scroll","background-type":"","background-media":"","overlay-type":"","overlay-color":"","overlay-opacity":"","overlay-gradient":""},"mobile":{"background-color":"var(--ast-global-color-5)","background-image":"","background-repeat":"repeat","background-position":"center center","background-size":"auto","background-attachment":"scroll","background-type":"","background-media":"","overlay-type":"","overlay-color":"","overlay-opacity":"","overlay-gradient":""}},"footnotes":""},"class_list":["post-26","page","type-page","status-publish","hentry"],"post_mailing_queue_ids":[],"_links":{"self":[{"href":"https:\/\/agora.xtec.cat\/ceip-lafloresta\/wp-json\/wp\/v2\/pages\/26","targetHints":{"allow":["GET"]}}],"collection":[{"href":"https:\/\/agora.xtec.cat\/ceip-lafloresta\/wp-json\/wp\/v2\/pages"}],"about":[{"href":"https:\/\/agora.xtec.cat\/ceip-lafloresta\/wp-json\/wp\/v2\/types\/page"}],"author":[{"embeddable":true,"href":"https:\/\/agora.xtec.cat\/ceip-lafloresta\/wp-json\/wp\/v2\/users\/1"}],"replies":[{"embeddable":true,"href":"https:\/\/agora.xtec.cat\/ceip-lafloresta\/wp-json\/wp\/v2\/comments?post=26"}],"version-history":[{"count":3,"href":"https:\/\/agora.xtec.cat\/ceip-lafloresta\/wp-json\/wp\/v2\/pages\/26\/revisions"}],"predecessor-version":[{"id":1946,"href":"https:\/\/agora.xtec.cat\/ceip-lafloresta\/wp-json\/wp\/v2\/pages\/26\/revisions\/1946"}],"up":[{"embeddable":true,"href":"https:\/\/agora.xtec.cat\/ceip-lafloresta\/wp-json\/wp\/v2\/pages\/22"}],"wp:attachment":[{"href":"https:\/\/agora.xtec.cat\/ceip-lafloresta\/wp-json\/wp\/v2\/media?parent=26"}],"curies":[{"name":"wp","href":"https:\/\/api.w.org\/{rel}","templated":true}]}}