{"id":2096,"date":"2022-11-28T10:06:08","date_gmt":"2022-11-28T09:06:08","guid":{"rendered":"https:\/\/agora.xtec.cat\/ceip-lafloresta\/?page_id=2096"},"modified":"2025-01-29T13:36:56","modified_gmt":"2025-01-29T12:36:56","slug":"patis-oberts","status":"publish","type":"page","link":"https:\/\/agora.xtec.cat\/ceip-lafloresta\/patis-oberts\/","title":{"rendered":"Patis oberts"},"content":{"rendered":"<p style=\"text-align: left;\">Des de fa uns quants anys el projecte dels patis oberts \u00e9s un tret d&#8217;identitat de la nostra escola.<\/p>\n<p style=\"text-align: left;\">Els espais exteriors de l&#8217;escola (bosc, pistes esportives i patis) romandran oberts fins a les 17.45 de la tarda.<\/p>\n<p style=\"text-align: left;\">Aquesta iniciativa t\u00e9 com a objectiu fonamental proporcionar un espai compartit de relaci\u00f3 entre fam\u00edlies i infants impossible de trobar prop del nostre centre (al voltant de l&#8217;escola no hi ha cap parc).<\/p>\n<p style=\"text-align: left;\">Aquesta idea, comporta tamb\u00e9 una responsabilitat important per part de totes aquelles fam\u00edlies que vulgueu aprofitar els espais esmentats.<\/p>\n<p style=\"text-align: left;\">\u00c9s molt important que llegiu els aspectes que des de l&#8217;escola considerem rellevants i entendre els motius.<\/p>\n<ul>\n<li style=\"text-align: left;\">A partir de l&#8217;hora de finalitzaci\u00f3 de les classes (16:15h) i un cop els\/les alumnes siguin recollits per les fam\u00edlies, aquestes en s\u00f3n les responsables a tots els efectes.<\/li>\n<li style=\"text-align: left;\">En aquest sentit, els espais del centre passen a ser considerats espais d&#8217;\u00fas p\u00fablic i no escolar. Per tant, el marc legal aplicable en cas de qualsevol incid\u00e8ncia \u00e9s el mateix que el de qualsevol espai p\u00fablic de la ciutat. S\u00f3n les persones usu\u00e0ries que fan servir els patis oberts qui s\u00f3n responsables dels fets que s\u2019hi puguin produir i la responsabilitat civil recau en l&#8217;AFA, responsable d&#8217;aquesta activitat.<\/li>\n<li style=\"text-align: left;\">Cap infant pot estar sol sense vigil\u00e0ncia per part de l&#8217;adult.<\/li>\n<li style=\"text-align: left;\">En cas que siguin els avis i \u00e0vies que es queden amb els infants, les fam\u00edlies han de traspassar la normativa b\u00e0sica de l\u2019\u00fas dels patis oberts.<\/li>\n<li style=\"text-align: left;\">A les 17.30h sonar\u00e0 la m\u00fasica per tal que recollim i sortim de l\u2019escola. A les 17.45h tothom ha de ser for del centre.<\/li>\n<li style=\"text-align: left;\">\u00c9s prioritari el fet de tenir cura dels espais i del material que es faci servir. Qualsevol joguina o material que trobeu caldr\u00e0 deixar-lo endre\u00e7at en el mateix lloc d&#8217;on s&#8217;ha agafat i, evidentment, en bon estat. Sigueu conscients que aquest \u00e9s l&#8217;espai que la vostra canalla utilitza cada dia per compartir el joc, i el treball de la responsabilitat i l&#8217;ordre t\u00e9 un pes important en el nostre projecte educatiu. \u00c9s imprescindible compartir aquesta tasca amb vosaltres. Si teniu alguna incid\u00e8ncia que cal comunicar podeu contactar amb les seg\u00fcents persones de la comissi\u00f3 de patis oberts:<\/li>\n<li style=\"text-align: left;\"><strong>&#8211; Ivanna (mare Estel I3)- N\u00faria (mare Pau d\u2019I5B)- Mart\u00ed (pare de l\u2019Uma de 3r) <\/strong><\/li>\n<li style=\"text-align: left;\">Els infants han de fer servir els espais de la mateixa manera que ho fan al llarg de la jornada escolar. Per tant, cal procurar que no entrin a les zones enjardinades (si una zona t\u00e9 una tanca que la limita, no s\u2019hi pot accedir), que facin servir les papereres correctament (org\u00e0nica i rebuig) i respectin les zones on no es pot accedir (hort).<\/li>\n<li style=\"text-align: left;\">Est\u00e0 prohibida l&#8217;entrada d&#8217;animals al centre.<\/li>\n<li style=\"text-align: left;\">La canalla que no est\u00e0 inscrita a l\u2019esplai no pot entrar a l\u2019aula de l\u2019esplai quan estan amb la fam\u00edlia als patis oberts.<\/li>\n<li style=\"text-align: left;\">La porta d&#8217;acc\u00e9s principal al centre ser\u00e0 la porta de la pista del davant i quedar\u00e0 oberta fins a les 17.45h, moment en el qual \u00e9s imprescindible que tothom hagi sortit. A partir d&#8217;aleshores l&#8217;escola romandr\u00e0 tancada.<\/li>\n<li style=\"text-align: left;\">Els patis oberts s\u00f3n de dilluns a dijous fins a les 17.45h<\/li>\n<li style=\"text-align: left;\">En cas de necessitar lavabos, resten oberts els de la zona del tenis taula.<\/li>\n<li style=\"text-align: left;\">No es pot accedir dins dels edificis de l&#8217;escola.<\/li>\n<li style=\"text-align: left;\">Recordeu que est\u00e0 prohibit fumar i consumir alcohol o qualsevol altre estupefaent dins del centre.<\/li>\n<li style=\"text-align: left;\">Est\u00e0 prohibit l\u2019\u00fas de petards.<\/li>\n<li style=\"text-align: left;\">Est\u00e0 prohibit enganxar adhesius, cartells o similars, o fer pintades. Us demanem que tingueu molta cura en el compliment d&#8217;aquestes orientacions, ja que de la responsabilitat de tots i totes en dep\u00e8n l&#8217;\u00e8xit de la iniciativa. Pensem que els nostres espais s\u00f3n un luxe per qualsevol escola i tenim la certesa que plegats ens esfor\u00e7arem per continuar avan\u00e7ant en la idea de considerar l&#8217;escola La Floresta un punt de trobada per tota la comunitat educativa.<\/li>\n<\/ul>\n","protected":false},"excerpt":{"rendered":"<p>Des de fa uns quants anys el projecte dels patis oberts \u00e9s un tret d&#8217;identitat de la nostra escola. Els espais exteriors de l&#8217;escola (bosc, pistes esportives i patis) romandran oberts fins a les 17.45 de la tarda. Aquesta iniciativa t\u00e9 com a objectiu fonamental proporcionar un espai compartit de relaci\u00f3 entre fam\u00edlies i infants [&hellip;]<\/p>\n","protected":false},"author":1,"featured_media":0,"parent":0,"menu_order":0,"comment_status":"closed","ping_status":"closed","template":"","meta":{"_bbp_topic_count":0,"_bbp_reply_count":0,"_bbp_total_topic_count":0,"_bbp_total_reply_count":0,"_bbp_voice_count":0,"_bbp_anonymous_reply_count":0,"_bbp_topic_count_hidden":0,"_bbp_reply_count_hidden":0,"_bbp_forum_subforum_count":0,"site-sidebar-layout":"default","site-content-layout":"","ast-site-content-layout":"","site-content-style":"default","site-sidebar-style":"default","ast-global-header-display":"","ast-banner-title-visibility":"","ast-main-header-display":"","ast-hfb-above-header-display":"","ast-hfb-below-header-display":"","ast-hfb-mobile-header-display":"","site-post-title":"","ast-breadcrumbs-content":"","ast-featured-img":"","footer-sml-layout":"","theme-transparent-header-meta":"","adv-header-id-meta":"","stick-header-meta":"","header-above-stick-meta":"","header-main-stick-meta":"","header-below-stick-meta":"","astra-migrate-meta-layouts":"default","ast-page-background-enabled":"default","ast-page-background-meta":{"desktop":{"background-color":"var(--ast-global-color-4)","background-image":"","background-repeat":"repeat","background-position":"center center","background-size":"auto","background-attachment":"scroll","background-type":"","background-media":"","overlay-type":"","overlay-color":"","overlay-opacity":"","overlay-gradient":""},"tablet":{"background-color":"","background-image":"","background-repeat":"repeat","background-position":"center center","background-size":"auto","background-attachment":"scroll","background-type":"","background-media":"","overlay-type":"","overlay-color":"","overlay-opacity":"","overlay-gradient":""},"mobile":{"background-color":"","background-image":"","background-repeat":"repeat","background-position":"center center","background-size":"auto","background-attachment":"scroll","background-type":"","background-media":"","overlay-type":"","overlay-color":"","overlay-opacity":"","overlay-gradient":""}},"ast-content-background-meta":{"desktop":{"background-color":"var(--ast-global-color-5)","background-image":"","background-repeat":"repeat","background-position":"center center","background-size":"auto","background-attachment":"scroll","background-type":"","background-media":"","overlay-type":"","overlay-color":"","overlay-opacity":"","overlay-gradient":""},"tablet":{"background-color":"var(--ast-global-color-5)","background-image":"","background-repeat":"repeat","background-position":"center center","background-size":"auto","background-attachment":"scroll","background-type":"","background-media":"","overlay-type":"","overlay-color":"","overlay-opacity":"","overlay-gradient":""},"mobile":{"background-color":"var(--ast-global-color-5)","background-image":"","background-repeat":"repeat","background-position":"center center","background-size":"auto","background-attachment":"scroll","background-type":"","background-media":"","overlay-type":"","overlay-color":"","overlay-opacity":"","overlay-gradient":""}},"footnotes":""},"class_list":["post-2096","page","type-page","status-publish","hentry"],"post_mailing_queue_ids":[],"_links":{"self":[{"href":"https:\/\/agora.xtec.cat\/ceip-lafloresta\/wp-json\/wp\/v2\/pages\/2096","targetHints":{"allow":["GET"]}}],"collection":[{"href":"https:\/\/agora.xtec.cat\/ceip-lafloresta\/wp-json\/wp\/v2\/pages"}],"about":[{"href":"https:\/\/agora.xtec.cat\/ceip-lafloresta\/wp-json\/wp\/v2\/types\/page"}],"author":[{"embeddable":true,"href":"https:\/\/agora.xtec.cat\/ceip-lafloresta\/wp-json\/wp\/v2\/users\/1"}],"replies":[{"embeddable":true,"href":"https:\/\/agora.xtec.cat\/ceip-lafloresta\/wp-json\/wp\/v2\/comments?post=2096"}],"version-history":[{"count":5,"href":"https:\/\/agora.xtec.cat\/ceip-lafloresta\/wp-json\/wp\/v2\/pages\/2096\/revisions"}],"predecessor-version":[{"id":3858,"href":"https:\/\/agora.xtec.cat\/ceip-lafloresta\/wp-json\/wp\/v2\/pages\/2096\/revisions\/3858"}],"wp:attachment":[{"href":"https:\/\/agora.xtec.cat\/ceip-lafloresta\/wp-json\/wp\/v2\/media?parent=2096"}],"curies":[{"name":"wp","href":"https:\/\/api.w.org\/{rel}","templated":true}]}}