{"id":34,"date":"2014-09-18T12:32:18","date_gmt":"2014-09-18T11:32:18","guid":{"rendered":"http:\/\/agora.xtec.cat\/ceip-lafarga-salt\/?page_id=34"},"modified":"2024-03-19T10:17:36","modified_gmt":"2024-03-19T09:17:36","slug":"consell-escolar","status":"publish","type":"page","link":"https:\/\/agora.xtec.cat\/ceip-lafarga-salt\/consell-escolar\/","title":{"rendered":"Consell Escolar"},"content":{"rendered":"<p>El Consell Escolar \u00e9s l\u2019\u00f2rgan col\u00b7legiat de participaci\u00f3 de la comunitat escolar en el govern del centre. En el Consell Escolar hi ha representants de tots els col\u00b7lectius que intervenen en la comunitat educativa: equip docent, fam\u00edlies, personal d\u2019administraci\u00f3 i serveis,\u00a0 personal d\u2019atenci\u00f3 educativa i Ajuntament.<br \/>\nEn els centres p\u00fablics, la funci\u00f3 principal del consell escolar \u00e9s participar en la presa de decisions en relaci\u00f3 amb aquells temes importants per al funcionament i l\u2019organitzaci\u00f3 del centre.<br \/>\nEl nostre Consell Escolar de Centre est\u00e0 format per 15 representants, que s\u2019elegeixen per un per\u00edode de 4 anys i es renoven per meitats cada 2 anys.<\/p>\n<p><strong style=\"font-family: inherit; font-size: 1em;\">Representants de La Farga al Consell Escolar<\/strong><\/p>\n<table style=\"width: 70.7704%; border-collapse: collapse; border-style: solid;\">\n<tbody>\n<tr style=\"background-color: #5ac49a;\">\n<td style=\"width: 36.3329%; text-align: center;\"><strong>Representant<\/strong><\/td>\n<td style=\"width: 34.4384%; text-align: center;\"><strong>C\u00e0rrec<\/strong><\/td>\n<\/tr>\n<tr>\n<td style=\"width: 36.3329%; text-align: center;\">Nat\u00e0lia Nadal<\/td>\n<td style=\"width: 34.4384%; text-align: center;\">Directora<\/td>\n<\/tr>\n<tr>\n<td style=\"width: 36.3329%; text-align: center;\"><span style=\"font-weight: 400;\">Lurdes Mas\u00f3<\/span><\/td>\n<td style=\"width: 34.4384%; text-align: center;\">Cap d&#8217;Estudis<\/td>\n<\/tr>\n<tr>\n<td style=\"width: 36.3329%; text-align: center;\"><span style=\"font-weight: 400;\">Beatriz Cuadrado<\/span><\/td>\n<td style=\"width: 34.4384%; text-align: center;\">Secret\u00e0ria<\/td>\n<\/tr>\n<tr>\n<td style=\"width: 36.3329%; text-align: center;\">Ani Micharet<\/td>\n<td style=\"width: 34.4384%; text-align: center;\">Mestres<\/td>\n<\/tr>\n<tr>\n<td style=\"width: 36.3329%; text-align: center;\">Sara Suy<\/td>\n<td style=\"width: 34.4384%; text-align: center;\">Mestres<\/td>\n<\/tr>\n<tr>\n<td style=\"width: 36.3329%; text-align: center;\">Jordi Miralles<\/td>\n<td style=\"width: 34.4384%; text-align: center;\">Mestres<\/td>\n<\/tr>\n<tr>\n<td style=\"width: 36.3329%; text-align: center;\"><span style=\"font-weight: 400;\">Iolanda Naranjo<\/span><\/td>\n<td style=\"width: 34.4384%; text-align: center;\">Mestres<\/td>\n<\/tr>\n<tr>\n<td style=\"width: 36.3329%; text-align: center;\"><span style=\"font-weight: 400;\">Montse Oliveras<\/span><\/td>\n<td style=\"width: 34.4384%; text-align: center;\">Mestres<\/td>\n<\/tr>\n<tr>\n<td style=\"width: 36.3329%; text-align: center;\"><span style=\"font-weight: 400;\">Jordi Maruny<\/span><\/td>\n<td style=\"width: 34.4384%; text-align: center;\">PAS<\/td>\n<\/tr>\n<tr>\n<td style=\"width: 36.3329%; text-align: center;\"><span style=\"font-weight: 400;\">Jordina Ortega<\/span><\/td>\n<td style=\"width: 34.4384%; text-align: center;\">PAE<\/td>\n<\/tr>\n<tr>\n<td style=\"width: 36.3329%; text-align: center;\"><span style=\"font-weight: 400;\">Rafika Ez Zekkari<\/span><\/td>\n<td style=\"width: 34.4384%; text-align: center;\">Fam\u00edlies<\/td>\n<\/tr>\n<tr>\n<td style=\"width: 36.3329%; text-align: center;\"><span style=\"font-weight: 400;\">Nahid Lamkadmi<\/span><\/td>\n<td style=\"width: 34.4384%; text-align: center;\">Fam\u00edlies<\/td>\n<\/tr>\n<tr>\n<td style=\"width: 36.3329%; text-align: center;\"><span style=\"font-weight: 400;\">Naima Hsaini<\/span><\/td>\n<td style=\"width: 34.4384%; text-align: center;\">Fam\u00edlies<\/td>\n<\/tr>\n<tr>\n<td style=\"width: 36.3329%; text-align: center;\"><span style=\"font-weight: 400;\">Abdoul Kadre Coulibaly<\/span><\/td>\n<td style=\"width: 34.4384%; text-align: center;\">Fam\u00edlies<\/td>\n<\/tr>\n<tr>\n<td style=\"width: 36.3329%; text-align: center;\"><span style=\"font-weight: 400;\">Mostaf\u00e0 Shaimi<\/span><\/td>\n<td style=\"width: 34.4384%; text-align: center;\">Representaci\u00f3 AFA<\/td>\n<\/tr>\n<tr>\n<td style=\"width: 36.3329%; text-align: center;\"><span style=\"font-weight: 400;\">Adri\u00e0 Mart\u00edn<\/span><\/td>\n<td style=\"width: 34.4384%; text-align: center;\">Ajuntament<\/td>\n<\/tr>\n<\/tbody>\n<\/table>\n<p>&nbsp;<\/p>\n<p><span style=\"font-weight: 400;\">Comissions de treball:<\/span><\/p>\n<table style=\"border-collapse: collapse; width: 54.3243%; height: 506px;\">\n<tbody>\n<tr>\n<td style=\"width: 31.2144%;\"><span style=\"font-weight: 400;\">Comissi\u00f3 econ\u00f2mica<\/span><\/td>\n<td style=\"width: 68.7856%; text-align: center;\">&nbsp;<\/p>\n<p><span style=\"font-weight: 400;\">Directora: Nat\u00e0lia Nadal<\/span><\/p>\n<p><span style=\"font-weight: 400;\">Secret\u00e0ria: Beatriz Cuadrado<\/span><\/p>\n<p><span style=\"font-weight: 400;\">Representant mestres: Sara Suy<\/span><\/p>\n<p><span style=\"font-weight: 400;\">Representant fam\u00edlies: Rafika<\/span><\/td>\n<\/tr>\n<tr>\n<td style=\"width: 31.2144%;\"><span style=\"font-weight: 400;\">Comissi\u00f3 permanent<\/span><\/td>\n<td style=\"width: 68.7856%; text-align: center;\">&nbsp;<\/p>\n<p><span style=\"font-weight: 400;\">Directora: Nat\u00e0lia Nadal<\/span><\/p>\n<p><span style=\"font-weight: 400;\">Cap d\u2019Estudis: Lurdes Mas\u00f3<\/span><\/p>\n<p><span style=\"font-weight: 400;\">Secret\u00e0ria: Beatriz Cuadrado<\/span><\/p>\n<p><span style=\"font-weight: 400;\">Representant mestres: Iolanda Naranjo<\/span><\/p>\n<p><span style=\"font-weight: 400;\">Representant fam\u00edlies: Abdoul Kadre Coulibaly<\/span><\/td>\n<\/tr>\n<\/tbody>\n<\/table>\n<p>&nbsp;<\/p>\n<p><span style=\"font-weight: 400;\">Responsable de Coeducaci\u00f3: Jordina Ortega.<\/span><\/p>\n<p><strong>Correus electr\u00f2nics de contacte<\/strong><\/p>\n<div>Fam\u00edlies:<\/div>\n<div><\/div>\n<div><\/div>\n<div>Representant ajuntament:<\/div>\n<div><\/div>\n<div><\/div>\n<div>Representant AFA:<\/div>\n<div><\/div>\n<div><\/div>\n<div>Equip Directiu: <a href=\"mailto:b7003215@escolalafarga.cat\">b7003215@escolalafarga.cat<\/a><\/div>\n<p>&nbsp;<\/p>\n<p><strong>Informacions, presentacions i\/o acords presos<\/strong><\/p>\n<p><strong>CURS 2022-23<\/strong><\/p>\n<p><a href=\"https:\/\/agora.xtec.cat\/ceip-lafarga-salt\/wp-content\/uploads\/usu1830\/2022\/11\/CER_17_11_22.docx.pdf\">17\/11\/22<\/a><\/p>\n<p><strong>CURS 2021-22<\/strong><\/p>\n<p><a href=\"https:\/\/agora.xtec.cat\/ceip-lafarga-salt\/wp-content\/uploads\/usu1830\/2021\/11\/CER_09_09_21.docx.pdf\">09\/09\/21<\/a><\/p>\n<p><a href=\"https:\/\/agora.xtec.cat\/ceip-lafarga-salt\/wp-content\/uploads\/usu1830\/2021\/11\/CER_23_09_21.docx-1.pdf\">23\/09\/21<\/a><\/p>\n<p><a href=\"https:\/\/agora.xtec.cat\/ceip-lafarga-salt\/wp-content\/uploads\/usu1830\/2021\/11\/CER_26_10_21.docx.pdf\">26\/10\/21<\/a><\/p>\n<p><a href=\"https:\/\/agora.xtec.cat\/ceip-lafarga-salt\/wp-content\/uploads\/usu1830\/2022\/03\/CER_03_03_22.pdf\">08\/03\/22<\/a><\/p>\n<p><a href=\"https:\/\/agora.xtec.cat\/ceip-lafarga-salt\/wp-content\/uploads\/usu1830\/2022\/03\/CER_02_02_22.pdf\">08\/03\/22<\/a><\/p>\n<p>&nbsp;<\/p>\n","protected":false},"excerpt":{"rendered":"<p>El Consell Escolar \u00e9s l\u2019\u00f2rgan col\u00b7legiat de participaci\u00f3 de la comunitat escolar en el govern del centre. En el Consell [&hellip;]<\/p>\n","protected":false},"author":1,"featured_media":0,"parent":0,"menu_order":40,"comment_status":"closed","ping_status":"closed","template":"","meta":{"_bbp_topic_count":0,"_bbp_reply_count":0,"_bbp_total_topic_count":0,"_bbp_total_reply_count":0,"_bbp_voice_count":0,"_bbp_anonymous_reply_count":0,"_bbp_topic_count_hidden":0,"_bbp_reply_count_hidden":0,"_bbp_forum_subforum_count":0,"site-sidebar-layout":"default","site-content-layout":"","ast-site-content-layout":"","site-content-style":"default","site-sidebar-style":"default","ast-global-header-display":"","ast-banner-title-visibility":"","ast-main-header-display":"","ast-hfb-above-header-display":"","ast-hfb-below-header-display":"","ast-hfb-mobile-header-display":"","site-post-title":"","ast-breadcrumbs-content":"","ast-featured-img":"","footer-sml-layout":"","theme-transparent-header-meta":"","adv-header-id-meta":"","stick-header-meta":"","header-above-stick-meta":"","header-main-stick-meta":"","header-below-stick-meta":"","astra-migrate-meta-layouts":"default","ast-page-background-enabled":"default","ast-page-background-meta":{"desktop":{"background-color":"var(--ast-global-color-4)","background-image":"","background-repeat":"repeat","background-position":"center center","background-size":"auto","background-attachment":"scroll","background-type":"","background-media":"","overlay-type":"","overlay-color":"","overlay-opacity":"","overlay-gradient":""},"tablet":{"background-color":"","background-image":"","background-repeat":"repeat","background-position":"center center","background-size":"auto","background-attachment":"scroll","background-type":"","background-media":"","overlay-type":"","overlay-color":"","overlay-opacity":"","overlay-gradient":""},"mobile":{"background-color":"","background-image":"","background-repeat":"repeat","background-position":"center center","background-size":"auto","background-attachment":"scroll","background-type":"","background-media":"","overlay-type":"","overlay-color":"","overlay-opacity":"","overlay-gradient":""}},"ast-content-background-meta":{"desktop":{"background-color":"var(--ast-global-color-5)","background-image":"","background-repeat":"repeat","background-position":"center center","background-size":"auto","background-attachment":"scroll","background-type":"","background-media":"","overlay-type":"","overlay-color":"","overlay-opacity":"","overlay-gradient":""},"tablet":{"background-color":"var(--ast-global-color-5)","background-image":"","background-repeat":"repeat","background-position":"center center","background-size":"auto","background-attachment":"scroll","background-type":"","background-media":"","overlay-type":"","overlay-color":"","overlay-opacity":"","overlay-gradient":""},"mobile":{"background-color":"var(--ast-global-color-5)","background-image":"","background-repeat":"repeat","background-position":"center center","background-size":"auto","background-attachment":"scroll","background-type":"","background-media":"","overlay-type":"","overlay-color":"","overlay-opacity":"","overlay-gradient":""}},"footnotes":""},"class_list":["post-34","page","type-page","status-publish","hentry"],"post_mailing_queue_ids":[],"_links":{"self":[{"href":"https:\/\/agora.xtec.cat\/ceip-lafarga-salt\/wp-json\/wp\/v2\/pages\/34","targetHints":{"allow":["GET"]}}],"collection":[{"href":"https:\/\/agora.xtec.cat\/ceip-lafarga-salt\/wp-json\/wp\/v2\/pages"}],"about":[{"href":"https:\/\/agora.xtec.cat\/ceip-lafarga-salt\/wp-json\/wp\/v2\/types\/page"}],"author":[{"embeddable":true,"href":"https:\/\/agora.xtec.cat\/ceip-lafarga-salt\/wp-json\/wp\/v2\/users\/1"}],"replies":[{"embeddable":true,"href":"https:\/\/agora.xtec.cat\/ceip-lafarga-salt\/wp-json\/wp\/v2\/comments?post=34"}],"version-history":[{"count":6,"href":"https:\/\/agora.xtec.cat\/ceip-lafarga-salt\/wp-json\/wp\/v2\/pages\/34\/revisions"}],"predecessor-version":[{"id":2334,"href":"https:\/\/agora.xtec.cat\/ceip-lafarga-salt\/wp-json\/wp\/v2\/pages\/34\/revisions\/2334"}],"wp:attachment":[{"href":"https:\/\/agora.xtec.cat\/ceip-lafarga-salt\/wp-json\/wp\/v2\/media?parent=34"}],"curies":[{"name":"wp","href":"https:\/\/api.w.org\/{rel}","templated":true}]}}