{"id":2293,"date":"2023-11-30T13:27:23","date_gmt":"2023-11-30T12:27:23","guid":{"rendered":"https:\/\/agora.xtec.cat\/ceip-lafarga-salt\/?page_id=2293"},"modified":"2024-01-09T11:00:00","modified_gmt":"2024-01-09T10:00:00","slug":"basquet","status":"publish","type":"page","link":"https:\/\/agora.xtec.cat\/ceip-lafarga-salt\/basquet\/","title":{"rendered":"BaskEUball"},"content":{"rendered":"<p>BASKEUBALL<\/p>\n<p style=\"text-align: justify;\">BaskEUball \u00e9s un projecte Erasmus+ finan\u00e7at per la Uni\u00f3 Europea. Sorgeix d\u2019una idea del CB Salt, el lidera la C\u00e0tedra Techn\u00e9 de la UDG i implica aquestes dues entitats i l\u2019escola. El projecte es replica a Litu\u00e0nia i Gr\u00e8cia on hi participen, tamb\u00e9, una escola, una universitat i un club de b\u00e0squet. T\u00e9 una durada de dos anys.<\/p>\n<p style=\"text-align: justify;\">El projecte consisteix en qu\u00e8 10 nens i 10 nenes de l\u2019escola s\u2019integrin dins dels equips del CB Salt i puguin participar, juntament amb els companys i companyes de l\u2019equip, d\u2019unes extraescolars.<br \/>\nUna altre del pilars es la inclusi\u00f3 del b\u00e0squet dins el curr\u00edculum. Pel que fa aquest aspecte, portarem a terme:<br \/>\n&#8211; Situacions d\u2019aprenentatge per a con\u00e8ixer aquest esport a 3er, 4rt, 5\u00e8 i 6\u00e8.<br \/>\n&#8211; Un torneig, a les hores del pati, on hi participen alumnes de cicle mitj\u00e0 i cicle superior.<br \/>\n&#8211; Activitats de basket-beat.<\/p>\n<p style=\"text-align: justify;\">L\u2019aprenentatge de l\u2019angl\u00e8s tamb\u00e9 pren protagonisme, ja que tots els meetings online amb els infants de les altres escoles participants i les activitats compartides es faran en aquesta llengua.<\/p>\n<p style=\"text-align: justify;\">Finalment, aquests nens i nenes podran gaudir del dos viatges, un a Gr\u00e8cia i un a Litu\u00e0nia, per a con\u00e8ixer personalment els altres infants i jugar un torneig de b\u00e0squet plegats.<\/p>\n<p>Aqu\u00ed podeu veure alguns moments del torneig de pati<\/p>\n<div class=\"ast-oembed-container \" style=\"height: 100%;\"><iframe loading=\"lazy\" title=\"BaskEUball\" width=\"500\" height=\"281\" src=\"https:\/\/www.youtube.com\/embed\/videoseries?list=PLxaiC2WrIYQTq5Fog_LXTuCQDH5pAuHxK\" frameborder=\"0\" allow=\"accelerometer; autoplay; clipboard-write; encrypted-media; gyroscope; picture-in-picture; web-share\" referrerpolicy=\"strict-origin-when-cross-origin\" allowfullscreen><\/iframe><\/div>\n","protected":false},"excerpt":{"rendered":"<p>BASKEUBALL BaskEUball \u00e9s un projecte Erasmus+ finan\u00e7at per la Uni\u00f3 Europea. Sorgeix d\u2019una idea del CB Salt, el lidera la [&hellip;]<\/p>\n","protected":false},"author":1,"featured_media":0,"parent":0,"menu_order":0,"comment_status":"closed","ping_status":"closed","template":"","meta":{"_bbp_topic_count":0,"_bbp_reply_count":0,"_bbp_total_topic_count":0,"_bbp_total_reply_count":0,"_bbp_voice_count":0,"_bbp_anonymous_reply_count":0,"_bbp_topic_count_hidden":0,"_bbp_reply_count_hidden":0,"_bbp_forum_subforum_count":0,"site-sidebar-layout":"default","site-content-layout":"","ast-site-content-layout":"","site-content-style":"default","site-sidebar-style":"default","ast-global-header-display":"","ast-banner-title-visibility":"","ast-main-header-display":"","ast-hfb-above-header-display":"","ast-hfb-below-header-display":"","ast-hfb-mobile-header-display":"","site-post-title":"","ast-breadcrumbs-content":"","ast-featured-img":"","footer-sml-layout":"","theme-transparent-header-meta":"","adv-header-id-meta":"","stick-header-meta":"","header-above-stick-meta":"","header-main-stick-meta":"","header-below-stick-meta":"","astra-migrate-meta-layouts":"default","ast-page-background-enabled":"default","ast-page-background-meta":{"desktop":{"background-color":"var(--ast-global-color-4)","background-image":"","background-repeat":"repeat","background-position":"center center","background-size":"auto","background-attachment":"scroll","background-type":"","background-media":"","overlay-type":"","overlay-color":"","overlay-opacity":"","overlay-gradient":""},"tablet":{"background-color":"","background-image":"","background-repeat":"repeat","background-position":"center center","background-size":"auto","background-attachment":"scroll","background-type":"","background-media":"","overlay-type":"","overlay-color":"","overlay-opacity":"","overlay-gradient":""},"mobile":{"background-color":"","background-image":"","background-repeat":"repeat","background-position":"center center","background-size":"auto","background-attachment":"scroll","background-type":"","background-media":"","overlay-type":"","overlay-color":"","overlay-opacity":"","overlay-gradient":""}},"ast-content-background-meta":{"desktop":{"background-color":"var(--ast-global-color-5)","background-image":"","background-repeat":"repeat","background-position":"center center","background-size":"auto","background-attachment":"scroll","background-type":"","background-media":"","overlay-type":"","overlay-color":"","overlay-opacity":"","overlay-gradient":""},"tablet":{"background-color":"var(--ast-global-color-5)","background-image":"","background-repeat":"repeat","background-position":"center center","background-size":"auto","background-attachment":"scroll","background-type":"","background-media":"","overlay-type":"","overlay-color":"","overlay-opacity":"","overlay-gradient":""},"mobile":{"background-color":"var(--ast-global-color-5)","background-image":"","background-repeat":"repeat","background-position":"center center","background-size":"auto","background-attachment":"scroll","background-type":"","background-media":"","overlay-type":"","overlay-color":"","overlay-opacity":"","overlay-gradient":""}},"footnotes":""},"class_list":["post-2293","page","type-page","status-publish","hentry"],"post_mailing_queue_ids":[],"_links":{"self":[{"href":"https:\/\/agora.xtec.cat\/ceip-lafarga-salt\/wp-json\/wp\/v2\/pages\/2293","targetHints":{"allow":["GET"]}}],"collection":[{"href":"https:\/\/agora.xtec.cat\/ceip-lafarga-salt\/wp-json\/wp\/v2\/pages"}],"about":[{"href":"https:\/\/agora.xtec.cat\/ceip-lafarga-salt\/wp-json\/wp\/v2\/types\/page"}],"author":[{"embeddable":true,"href":"https:\/\/agora.xtec.cat\/ceip-lafarga-salt\/wp-json\/wp\/v2\/users\/1"}],"replies":[{"embeddable":true,"href":"https:\/\/agora.xtec.cat\/ceip-lafarga-salt\/wp-json\/wp\/v2\/comments?post=2293"}],"version-history":[{"count":6,"href":"https:\/\/agora.xtec.cat\/ceip-lafarga-salt\/wp-json\/wp\/v2\/pages\/2293\/revisions"}],"predecessor-version":[{"id":2349,"href":"https:\/\/agora.xtec.cat\/ceip-lafarga-salt\/wp-json\/wp\/v2\/pages\/2293\/revisions\/2349"}],"wp:attachment":[{"href":"https:\/\/agora.xtec.cat\/ceip-lafarga-salt\/wp-json\/wp\/v2\/media?parent=2293"}],"curies":[{"name":"wp","href":"https:\/\/api.w.org\/{rel}","templated":true}]}}