{"id":1586,"date":"2022-05-14T16:13:49","date_gmt":"2022-05-14T14:13:49","guid":{"rendered":"https:\/\/agora.xtec.cat\/ceip-lafarga-salt\/?page_id=1586"},"modified":"2023-06-26T09:35:53","modified_gmt":"2023-06-26T07:35:53","slug":"objectius","status":"publish","type":"page","link":"https:\/\/agora.xtec.cat\/ceip-lafarga-salt\/estrategia-digital-de-centre-edc-en-construccio\/estrategia-digital\/objectius\/","title":{"rendered":"Objectius"},"content":{"rendered":"<p>Despr\u00e9s de realitzar la diagnosi, per poder concretar els objectius de l\u2019EDC, cal determinar la visi\u00f3 del centre en l\u2019\u00e0mbit digital.<\/p>\n<p>Despr\u00e9s de la fase de diagnosi hem cregut necessari establir els seg\u00fcents objectius:<\/p>\n<ol>\n<li>Millorar la compet\u00e8ncia digital del professorat, a trav\u00e9s de formacions i l&#8217;\u00fas sistem\u00e0tic de les eines digitals, per tal que reverteixi en la compet\u00e8ncia digital de tota la comunitat educativa.<\/li>\n<li>Potenciar la compet\u00e8ncia digital de l&#8217;alumnat, mitjan\u00e7ant la utilitzaci\u00f3 d&#8217;eines digitals de forma segura, responsable i cr\u00edtica a fi d&#8217;esdevenir ciutadans digitals.<\/li>\n<li>Desplegar el curr\u00edculum de l&#8217;\u00e0mbit digital, adequant-lo al PEC, per reflectir-lo a les programacions d&#8217;aula.<\/li>\n<\/ol>\n","protected":false},"excerpt":{"rendered":"<p>Despr\u00e9s de realitzar la diagnosi, per poder concretar els objectius de l\u2019EDC, cal determinar la visi\u00f3 del centre en l\u2019\u00e0mbit digital. Despr\u00e9s de la fase de diagnosi hem cregut necessari establir els seg\u00fcents objectius: Millorar la compet\u00e8ncia digital del professorat, a trav\u00e9s de formacions i l&#8217;\u00fas sistem\u00e0tic de les eines digitals, per tal que reverteixi [&hellip;]<\/p>\n","protected":false},"author":1,"featured_media":0,"parent":1563,"menu_order":0,"comment_status":"closed","ping_status":"closed","template":"page-templates\/side-menu.php","meta":{"site-sidebar-layout":"default","site-content-layout":"","ast-site-content-layout":"","site-content-style":"default","site-sidebar-style":"default","ast-global-header-display":"","ast-banner-title-visibility":"","ast-main-header-display":"","ast-hfb-above-header-display":"","ast-hfb-below-header-display":"","ast-hfb-mobile-header-display":"","site-post-title":"","ast-breadcrumbs-content":"","ast-featured-img":"","footer-sml-layout":"","theme-transparent-header-meta":"","adv-header-id-meta":"","stick-header-meta":"","header-above-stick-meta":"","header-main-stick-meta":"","header-below-stick-meta":"","astra-migrate-meta-layouts":"default","ast-page-background-enabled":"default","ast-page-background-meta":{"desktop":{"background-color":"var(--ast-global-color-4)","background-image":"","background-repeat":"repeat","background-position":"center center","background-size":"auto","background-attachment":"scroll","background-type":"","background-media":"","overlay-type":"","overlay-color":"","overlay-opacity":"","overlay-gradient":""},"tablet":{"background-color":"","background-image":"","background-repeat":"repeat","background-position":"center center","background-size":"auto","background-attachment":"scroll","background-type":"","background-media":"","overlay-type":"","overlay-color":"","overlay-opacity":"","overlay-gradient":""},"mobile":{"background-color":"","background-image":"","background-repeat":"repeat","background-position":"center center","background-size":"auto","background-attachment":"scroll","background-type":"","background-media":"","overlay-type":"","overlay-color":"","overlay-opacity":"","overlay-gradient":""}},"ast-content-background-meta":{"desktop":{"background-color":"var(--ast-global-color-5)","background-image":"","background-repeat":"repeat","background-position":"center center","background-size":"auto","background-attachment":"scroll","background-type":"","background-media":"","overlay-type":"","overlay-color":"","overlay-opacity":"","overlay-gradient":""},"tablet":{"background-color":"var(--ast-global-color-5)","background-image":"","background-repeat":"repeat","background-position":"center center","background-size":"auto","background-attachment":"scroll","background-type":"","background-media":"","overlay-type":"","overlay-color":"","overlay-opacity":"","overlay-gradient":""},"mobile":{"background-color":"var(--ast-global-color-5)","background-image":"","background-repeat":"repeat","background-position":"center center","background-size":"auto","background-attachment":"scroll","background-type":"","background-media":"","overlay-type":"","overlay-color":"","overlay-opacity":"","overlay-gradient":""}},"footnotes":""},"class_list":["post-1586","page","type-page","status-publish","hentry"],"post_mailing_queue_ids":[],"_links":{"self":[{"href":"https:\/\/agora.xtec.cat\/ceip-lafarga-salt\/wp-json\/wp\/v2\/pages\/1586","targetHints":{"allow":["GET"]}}],"collection":[{"href":"https:\/\/agora.xtec.cat\/ceip-lafarga-salt\/wp-json\/wp\/v2\/pages"}],"about":[{"href":"https:\/\/agora.xtec.cat\/ceip-lafarga-salt\/wp-json\/wp\/v2\/types\/page"}],"author":[{"embeddable":true,"href":"https:\/\/agora.xtec.cat\/ceip-lafarga-salt\/wp-json\/wp\/v2\/users\/1"}],"replies":[{"embeddable":true,"href":"https:\/\/agora.xtec.cat\/ceip-lafarga-salt\/wp-json\/wp\/v2\/comments?post=1586"}],"version-history":[{"count":3,"href":"https:\/\/agora.xtec.cat\/ceip-lafarga-salt\/wp-json\/wp\/v2\/pages\/1586\/revisions"}],"predecessor-version":[{"id":2104,"href":"https:\/\/agora.xtec.cat\/ceip-lafarga-salt\/wp-json\/wp\/v2\/pages\/1586\/revisions\/2104"}],"up":[{"embeddable":true,"href":"https:\/\/agora.xtec.cat\/ceip-lafarga-salt\/wp-json\/wp\/v2\/pages\/1563"}],"wp:attachment":[{"href":"https:\/\/agora.xtec.cat\/ceip-lafarga-salt\/wp-json\/wp\/v2\/media?parent=1586"}],"curies":[{"name":"wp","href":"https:\/\/api.w.org\/{rel}","templated":true}]}}