{"id":1584,"date":"2022-05-14T16:13:32","date_gmt":"2022-05-14T14:13:32","guid":{"rendered":"https:\/\/agora.xtec.cat\/ceip-lafarga-salt\/?page_id=1584"},"modified":"2023-06-26T09:29:30","modified_gmt":"2023-06-26T07:29:30","slug":"diagnosi","status":"publish","type":"page","link":"https:\/\/agora.xtec.cat\/ceip-lafarga-salt\/estrategia-digital-de-centre-edc-en-construccio\/estrategia-digital\/diagnosi\/","title":{"rendered":"Diagnosi"},"content":{"rendered":"<p>Per detectar els punts forts del centre a mantenir i potenciar, i els punts febles a millorar, cal fer una\u00a0bona diagnosi.<\/p>\n<p>Cal tenir present que la diagnosi ha de permetre determinar el grau d\u2019assoliment de les compet\u00e8ncies digitals en refer\u00e8ncia als tres eixos del PEDC: alumnat, professorat i centre.<\/p>\n<p>L\u2019objectiu de la diagnosi ser\u00e0 trobar aquells punts forts que el centre ja est\u00e0 fent correctament sobre l\u2019\u00fas de les tecnologies digitals i, tamb\u00e9, trobar aquells aspectes en qu\u00e8 el centre ha de millorar.<\/p>\n<h2><span style=\"font-weight: 400;\">Punts forts i punts febles detectats en la diagnosi<\/span><\/h2>\n<table>\n<tbody>\n<tr>\n<td><b><i>\u00c0REA \/\u00c0MBIT<\/i><\/b><\/td>\n<td><b>PUNT FEBLE<\/b><\/td>\n<td><b>PUNT FORT<\/b><\/td>\n<\/tr>\n<tr>\n<td><span style=\"font-weight: 400;\">A-ESTRAT\u00c8GIA, LIDERATGE I GESTI\u00d3<\/span><\/td>\n<td><span style=\"font-weight: 400;\">7<\/span><\/td>\n<td><span style=\"font-weight: 400;\">3<\/span><\/td>\n<\/tr>\n<tr>\n<td><span style=\"font-weight: 400;\">B-COL\u00b7LABORACI\u00d3 I XARXES<\/span><\/td>\n<td><span style=\"font-weight: 400;\">8<\/span><\/td>\n<td><span style=\"font-weight: 400;\">1<\/span><\/td>\n<\/tr>\n<tr>\n<td><span style=\"font-weight: 400;\">C-INFRAESTRUCTURES I SERVEIS<\/span><\/td>\n<td><span style=\"font-weight: 400;\">17<\/span><\/td>\n<td><span style=\"font-weight: 400;\">12<\/span><\/td>\n<\/tr>\n<tr>\n<td><span style=\"font-weight: 400;\">D-COMPET\u00c8NCIA DIGITAL DOCENT &#8211; DESENVOLUPAMENT PROFESSIONAL\u00a0<\/span><\/td>\n<td><span style=\"font-weight: 400;\">3<\/span><\/td>\n<td><span style=\"font-weight: 400;\">3<\/span><\/td>\n<\/tr>\n<tr>\n<td><span style=\"font-weight: 400;\">E-F-USOS CURRICULARS I METODOLOGIES<\/span><\/td>\n<td><span style=\"font-weight: 400;\"> 13<\/span><\/td>\n<td><span style=\"font-weight: 400;\">10<\/span><\/td>\n<\/tr>\n<tr>\n<td><span style=\"font-weight: 400;\">G-SEGUIMENT, AVALUACI\u00d3 I MILLORA<\/span><\/td>\n<td><span style=\"font-weight: 400;\">16<\/span><\/td>\n<td><span style=\"font-weight: 400;\">0<\/span><\/td>\n<\/tr>\n<tr>\n<td><span style=\"font-weight: 400;\">H-COMPET\u00c8NCIA DIGITAL DE L&#8217;ALUMNAT<\/span><\/td>\n<td><span style=\"font-weight: 400;\">0<\/span><\/td>\n<td><span style=\"font-weight: 400;\">6<\/span><\/td>\n<\/tr>\n<\/tbody>\n<\/table>\n","protected":false},"excerpt":{"rendered":"<p>Per detectar els punts forts del centre a mantenir i potenciar, i els punts febles a millorar, cal fer una\u00a0bona diagnosi. Cal tenir present que la diagnosi ha de permetre determinar el grau d\u2019assoliment de les compet\u00e8ncies digitals en refer\u00e8ncia als tres eixos del PEDC: alumnat, professorat i centre. L\u2019objectiu de la diagnosi ser\u00e0 trobar [&hellip;]<\/p>\n","protected":false},"author":1,"featured_media":0,"parent":1563,"menu_order":0,"comment_status":"closed","ping_status":"closed","template":"page-templates\/side-menu.php","meta":{"site-sidebar-layout":"default","site-content-layout":"","ast-site-content-layout":"","site-content-style":"default","site-sidebar-style":"default","ast-global-header-display":"","ast-banner-title-visibility":"","ast-main-header-display":"","ast-hfb-above-header-display":"","ast-hfb-below-header-display":"","ast-hfb-mobile-header-display":"","site-post-title":"","ast-breadcrumbs-content":"","ast-featured-img":"","footer-sml-layout":"","theme-transparent-header-meta":"","adv-header-id-meta":"","stick-header-meta":"","header-above-stick-meta":"","header-main-stick-meta":"","header-below-stick-meta":"","astra-migrate-meta-layouts":"default","ast-page-background-enabled":"default","ast-page-background-meta":{"desktop":{"background-color":"var(--ast-global-color-4)","background-image":"","background-repeat":"repeat","background-position":"center center","background-size":"auto","background-attachment":"scroll","background-type":"","background-media":"","overlay-type":"","overlay-color":"","overlay-opacity":"","overlay-gradient":""},"tablet":{"background-color":"","background-image":"","background-repeat":"repeat","background-position":"center center","background-size":"auto","background-attachment":"scroll","background-type":"","background-media":"","overlay-type":"","overlay-color":"","overlay-opacity":"","overlay-gradient":""},"mobile":{"background-color":"","background-image":"","background-repeat":"repeat","background-position":"center center","background-size":"auto","background-attachment":"scroll","background-type":"","background-media":"","overlay-type":"","overlay-color":"","overlay-opacity":"","overlay-gradient":""}},"ast-content-background-meta":{"desktop":{"background-color":"var(--ast-global-color-5)","background-image":"","background-repeat":"repeat","background-position":"center center","background-size":"auto","background-attachment":"scroll","background-type":"","background-media":"","overlay-type":"","overlay-color":"","overlay-opacity":"","overlay-gradient":""},"tablet":{"background-color":"var(--ast-global-color-5)","background-image":"","background-repeat":"repeat","background-position":"center center","background-size":"auto","background-attachment":"scroll","background-type":"","background-media":"","overlay-type":"","overlay-color":"","overlay-opacity":"","overlay-gradient":""},"mobile":{"background-color":"var(--ast-global-color-5)","background-image":"","background-repeat":"repeat","background-position":"center center","background-size":"auto","background-attachment":"scroll","background-type":"","background-media":"","overlay-type":"","overlay-color":"","overlay-opacity":"","overlay-gradient":""}},"footnotes":""},"class_list":["post-1584","page","type-page","status-publish","hentry"],"post_mailing_queue_ids":[],"_links":{"self":[{"href":"https:\/\/agora.xtec.cat\/ceip-lafarga-salt\/wp-json\/wp\/v2\/pages\/1584","targetHints":{"allow":["GET"]}}],"collection":[{"href":"https:\/\/agora.xtec.cat\/ceip-lafarga-salt\/wp-json\/wp\/v2\/pages"}],"about":[{"href":"https:\/\/agora.xtec.cat\/ceip-lafarga-salt\/wp-json\/wp\/v2\/types\/page"}],"author":[{"embeddable":true,"href":"https:\/\/agora.xtec.cat\/ceip-lafarga-salt\/wp-json\/wp\/v2\/users\/1"}],"replies":[{"embeddable":true,"href":"https:\/\/agora.xtec.cat\/ceip-lafarga-salt\/wp-json\/wp\/v2\/comments?post=1584"}],"version-history":[{"count":3,"href":"https:\/\/agora.xtec.cat\/ceip-lafarga-salt\/wp-json\/wp\/v2\/pages\/1584\/revisions"}],"predecessor-version":[{"id":2101,"href":"https:\/\/agora.xtec.cat\/ceip-lafarga-salt\/wp-json\/wp\/v2\/pages\/1584\/revisions\/2101"}],"up":[{"embeddable":true,"href":"https:\/\/agora.xtec.cat\/ceip-lafarga-salt\/wp-json\/wp\/v2\/pages\/1563"}],"wp:attachment":[{"href":"https:\/\/agora.xtec.cat\/ceip-lafarga-salt\/wp-json\/wp\/v2\/media?parent=1584"}],"curies":[{"name":"wp","href":"https:\/\/api.w.org\/{rel}","templated":true}]}}