{"id":1533,"date":"2022-05-14T14:25:30","date_gmt":"2022-05-14T12:25:30","guid":{"rendered":"https:\/\/agora.xtec.cat\/ceip-lafarga-salt\/?page_id=1533"},"modified":"2025-09-03T09:53:52","modified_gmt":"2025-09-03T07:53:52","slug":"estrategia-digital-de-centre-edc-en-construccio","status":"publish","type":"page","link":"https:\/\/agora.xtec.cat\/ceip-lafarga-salt\/estrategia-digital-de-centre-edc-en-construccio\/","title":{"rendered":"Estrat\u00e8gia digital de Centre \u2013 EDC"},"content":{"rendered":"<header class=\"entry-header\">\n<p class=\"entry-title\" style=\"text-align: justify;\">\u00a0<\/p>\n<\/header>\n<div class=\"entry-content\">\n<p>L&#8217;Estrat\u00e8gia Digital de Centre (EDC) defineix i concreta les l\u00ednies d&#8217;actuaci\u00f3 d&#8217;un centre que fan possible que docents, alumnat i centre assoleixin la compet\u00e8ncia digital. Per aconseguir aquesta ccompet\u00e8ncia digital, l&#8217;EDC compr\u00e8n tots el \u00e0mbits del centre: organitzatius, metodol\u00f2gics, curriculars i comunicatius, els quals s&#8217;han de veure necess\u00e0riament implicats i, si escau, transformats, des d&#8217;una perspectiva d&#8217;innovaci\u00f3 i de millora cont\u00ednua.<\/p>\n<p>Els objectius de l\u2019EDC es poden s\u2019agrupen en 5 \u00e0mbits, que tenen com a finalitat el m\u00e0xim assoliment de la compet\u00e8ncia digital de l\u2019alumnat, del professorat i del centre:<\/p>\n<ul style=\"list-style-type: square;\">\n<li>Assoliment de la compet\u00e8ncia digital<\/li>\n<li>Planificaci\u00f3 estrat\u00e8gica i organitzaci\u00f3<\/li>\n<li>Metodologies did\u00e0ctiques i innovaci\u00f3<\/li>\n<li>Inclusi\u00f3 digital i de g\u00e8nere<\/li>\n<li>Seguretat i protecci\u00f3 de dades<\/li>\n<\/ul>\n<\/div>\n<p>\u00a0<\/p>\n\n\n<h4 class=\"wp-block-heading\">Cultura digital <\/h4>\n\n\n\n<p>En aquest apartat es recull tota la informaci\u00f3 del centre que fa refer\u00e8ncia a aspectes de la cultura digital. D\u2019aquesta manera, es pot tenir una visi\u00f3 completa de l\u2019assoliment d\u2019aquesta cultura per part del centre. Aqu\u00ed es recollir\u00e0 i es tindran unificades totes les accions que el centre ja realitza o ha de realitzar en l\u2019\u00e0mbit digital.<\/p>\n\n\n\n<p><\/p>\n\n\n\n<figure class=\"wp-block-embed is-type-wp-embed is-provider-escola-la-farga wp-block-embed-escola-la-farga\"><div class=\"wp-block-embed__wrapper\">\n<blockquote class=\"wp-embedded-content\" data-secret=\"1yJgMLeCAf\"><a href=\"https:\/\/agora.xtec.cat\/ceip-lafarga-salt\/estrategia-digital-de-centre-edc-en-construccio\/cultura-digital\/serveis-i-recursos\/\">Serveis i recursos digitals<\/a><\/blockquote><iframe loading=\"lazy\" class=\"wp-embedded-content\" sandbox=\"allow-scripts\" security=\"restricted\" style=\"position: absolute; visibility: hidden;\" title=\"&#8220;Serveis i recursos digitals&#8221; &#8212; Escola La Farga\" src=\"https:\/\/agora.xtec.cat\/ceip-lafarga-salt\/estrategia-digital-de-centre-edc-en-construccio\/cultura-digital\/serveis-i-recursos\/embed\/#?secret=VDJCgDOd1M#?secret=1yJgMLeCAf\" data-secret=\"1yJgMLeCAf\" width=\"500\" height=\"282\" frameborder=\"0\" marginwidth=\"0\" marginheight=\"0\" scrolling=\"no\"><\/iframe>\n<\/div><\/figure>\n\n\n\n<figure class=\"wp-block-embed is-type-wp-embed is-provider-escola-la-farga wp-block-embed-escola-la-farga\"><div class=\"wp-block-embed__wrapper\">\n<blockquote class=\"wp-embedded-content\" data-secret=\"BvOUH9Czec\"><a href=\"https:\/\/agora.xtec.cat\/ceip-lafarga-salt\/estrategia-digital-de-centre-edc-en-construccio\/cultura-digital\/documentacio-basica\/\">Documentaci\u00f3 b\u00e0sica<\/a><\/blockquote><iframe loading=\"lazy\" class=\"wp-embedded-content\" sandbox=\"allow-scripts\" security=\"restricted\" style=\"position: absolute; visibility: hidden;\" title=\"&#8220;Documentaci\u00f3 b\u00e0sica&#8221; &#8212; Escola La Farga\" src=\"https:\/\/agora.xtec.cat\/ceip-lafarga-salt\/estrategia-digital-de-centre-edc-en-construccio\/cultura-digital\/documentacio-basica\/embed\/#?secret=gdwNe5wzFc#?secret=BvOUH9Czec\" data-secret=\"BvOUH9Czec\" width=\"500\" height=\"282\" frameborder=\"0\" marginwidth=\"0\" marginheight=\"0\" scrolling=\"no\"><\/iframe>\n<\/div><\/figure>\n\n\n\n<figure class=\"wp-block-embed is-type-wp-embed is-provider-escola-la-farga wp-block-embed-escola-la-farga\"><div class=\"wp-block-embed__wrapper\">\n<blockquote class=\"wp-embedded-content\" data-secret=\"b7B638SU1V\"><a href=\"https:\/\/agora.xtec.cat\/ceip-lafarga-salt\/estrategia-digital-de-centre-edc-en-construccio\/cultura-digital\/desplegament-curricular\/\">Desplegament curricular<\/a><\/blockquote><iframe loading=\"lazy\" class=\"wp-embedded-content\" sandbox=\"allow-scripts\" security=\"restricted\" style=\"position: absolute; visibility: hidden;\" title=\"&#8220;Desplegament curricular&#8221; &#8212; Escola La Farga\" src=\"https:\/\/agora.xtec.cat\/ceip-lafarga-salt\/estrategia-digital-de-centre-edc-en-construccio\/cultura-digital\/desplegament-curricular\/embed\/#?secret=QFbbEC8GUx#?secret=b7B638SU1V\" data-secret=\"b7B638SU1V\" width=\"500\" height=\"282\" frameborder=\"0\" marginwidth=\"0\" marginheight=\"0\" scrolling=\"no\"><\/iframe>\n<\/div><\/figure>\n\n\n\n<figure class=\"wp-block-embed is-type-wp-embed is-provider-escola-la-farga wp-block-embed-escola-la-farga\"><div class=\"wp-block-embed__wrapper\">\n<blockquote class=\"wp-embedded-content\" data-secret=\"nl96MHroDa\"><a href=\"https:\/\/agora.xtec.cat\/ceip-lafarga-salt\/estrategia-digital-de-centre-edc-en-construccio\/cultura-digital\/acolliment-digital\/\">Acolliment digital<\/a><\/blockquote><iframe loading=\"lazy\" class=\"wp-embedded-content\" sandbox=\"allow-scripts\" security=\"restricted\" style=\"position: absolute; visibility: hidden;\" title=\"&#8220;Acolliment digital&#8221; &#8212; Escola La Farga\" src=\"https:\/\/agora.xtec.cat\/ceip-lafarga-salt\/estrategia-digital-de-centre-edc-en-construccio\/cultura-digital\/acolliment-digital\/embed\/#?secret=lT2MfG2BpG#?secret=nl96MHroDa\" data-secret=\"nl96MHroDa\" width=\"500\" height=\"282\" frameborder=\"0\" marginwidth=\"0\" marginheight=\"0\" scrolling=\"no\"><\/iframe>\n<\/div><\/figure>\n\n\n\n<figure class=\"wp-block-embed is-type-wp-embed is-provider-escola-la-farga wp-block-embed-escola-la-farga\"><div class=\"wp-block-embed__wrapper\">\n<blockquote class=\"wp-embedded-content\" data-secret=\"2gthGjWI5C\"><a href=\"https:\/\/agora.xtec.cat\/ceip-lafarga-salt\/estrategia-digital-de-centre-edc-en-construccio\/cultura-digital\/comunicacio-i-xarxes\/\">Comunicaci\u00f3 i xarxes<\/a><\/blockquote><iframe loading=\"lazy\" class=\"wp-embedded-content\" sandbox=\"allow-scripts\" security=\"restricted\" style=\"position: absolute; visibility: hidden;\" title=\"&#8220;Comunicaci\u00f3 i xarxes&#8221; &#8212; Escola La Farga\" src=\"https:\/\/agora.xtec.cat\/ceip-lafarga-salt\/estrategia-digital-de-centre-edc-en-construccio\/cultura-digital\/comunicacio-i-xarxes\/embed\/#?secret=j7NDTaFvNW#?secret=2gthGjWI5C\" data-secret=\"2gthGjWI5C\" width=\"500\" height=\"282\" frameborder=\"0\" marginwidth=\"0\" marginheight=\"0\" scrolling=\"no\"><\/iframe>\n<\/div><\/figure>\n\n\n\n<h4 class=\"wp-block-heading\">Part estrat\u00e8gica<\/h4>\n\n\n\n<figure class=\"wp-block-embed is-type-wp-embed is-provider-escola-la-farga wp-block-embed-escola-la-farga\"><div class=\"wp-block-embed__wrapper\">\n<blockquote class=\"wp-embedded-content\" data-secret=\"20dj4adaGZ\"><a href=\"https:\/\/agora.xtec.cat\/ceip-lafarga-salt\/estrategia-digital-de-centre-edc-en-construccio\/estrategia-digital\/\">Part estrat\u00e8gica<\/a><\/blockquote><iframe loading=\"lazy\" class=\"wp-embedded-content\" sandbox=\"allow-scripts\" security=\"restricted\" style=\"position: absolute; visibility: hidden;\" title=\"&#8220;Part estrat\u00e8gica&#8221; &#8212; Escola La Farga\" src=\"https:\/\/agora.xtec.cat\/ceip-lafarga-salt\/estrategia-digital-de-centre-edc-en-construccio\/estrategia-digital\/embed\/#?secret=2i6L0gcHyK#?secret=20dj4adaGZ\" data-secret=\"20dj4adaGZ\" width=\"500\" height=\"282\" frameborder=\"0\" marginwidth=\"0\" marginheight=\"0\" scrolling=\"no\"><\/iframe>\n<\/div><\/figure>\n","protected":false},"excerpt":{"rendered":"<p>\u00a0 L&#8217;Estrat\u00e8gia Digital de Centre (EDC) defineix i concreta les l\u00ednies d&#8217;actuaci\u00f3 d&#8217;un centre que fan possible que docents, alumnat [&hellip;]<\/p>\n","protected":false},"author":1,"featured_media":0,"parent":0,"menu_order":0,"comment_status":"closed","ping_status":"closed","template":"","meta":{"_bbp_topic_count":0,"_bbp_reply_count":0,"_bbp_total_topic_count":0,"_bbp_total_reply_count":0,"_bbp_voice_count":0,"_bbp_anonymous_reply_count":0,"_bbp_topic_count_hidden":0,"_bbp_reply_count_hidden":0,"_bbp_forum_subforum_count":0,"site-sidebar-layout":"default","site-content-layout":"","ast-site-content-layout":"default","site-content-style":"default","site-sidebar-style":"default","ast-global-header-display":"","ast-banner-title-visibility":"","ast-main-header-display":"","ast-hfb-above-header-display":"","ast-hfb-below-header-display":"","ast-hfb-mobile-header-display":"","site-post-title":"","ast-breadcrumbs-content":"","ast-featured-img":"","footer-sml-layout":"","theme-transparent-header-meta":"","adv-header-id-meta":"","stick-header-meta":"","header-above-stick-meta":"","header-main-stick-meta":"","header-below-stick-meta":"","astra-migrate-meta-layouts":"set","ast-page-background-enabled":"default","ast-page-background-meta":{"desktop":{"background-color":"var(--ast-global-color-4)","background-image":"","background-repeat":"repeat","background-position":"center center","background-size":"auto","background-attachment":"scroll","background-type":"","background-media":"","overlay-type":"","overlay-color":"","overlay-opacity":"","overlay-gradient":""},"tablet":{"background-color":"","background-image":"","background-repeat":"repeat","background-position":"center center","background-size":"auto","background-attachment":"scroll","background-type":"","background-media":"","overlay-type":"","overlay-color":"","overlay-opacity":"","overlay-gradient":""},"mobile":{"background-color":"","background-image":"","background-repeat":"repeat","background-position":"center center","background-size":"auto","background-attachment":"scroll","background-type":"","background-media":"","overlay-type":"","overlay-color":"","overlay-opacity":"","overlay-gradient":""}},"ast-content-background-meta":{"desktop":{"background-color":"var(--ast-global-color-5)","background-image":"","background-repeat":"repeat","background-position":"center center","background-size":"auto","background-attachment":"scroll","background-type":"","background-media":"","overlay-type":"","overlay-color":"","overlay-opacity":"","overlay-gradient":""},"tablet":{"background-color":"var(--ast-global-color-5)","background-image":"","background-repeat":"repeat","background-position":"center center","background-size":"auto","background-attachment":"scroll","background-type":"","background-media":"","overlay-type":"","overlay-color":"","overlay-opacity":"","overlay-gradient":""},"mobile":{"background-color":"var(--ast-global-color-5)","background-image":"","background-repeat":"repeat","background-position":"center center","background-size":"auto","background-attachment":"scroll","background-type":"","background-media":"","overlay-type":"","overlay-color":"","overlay-opacity":"","overlay-gradient":""}},"footnotes":""},"class_list":["post-1533","page","type-page","status-publish","hentry"],"post_mailing_queue_ids":[],"_links":{"self":[{"href":"https:\/\/agora.xtec.cat\/ceip-lafarga-salt\/wp-json\/wp\/v2\/pages\/1533","targetHints":{"allow":["GET"]}}],"collection":[{"href":"https:\/\/agora.xtec.cat\/ceip-lafarga-salt\/wp-json\/wp\/v2\/pages"}],"about":[{"href":"https:\/\/agora.xtec.cat\/ceip-lafarga-salt\/wp-json\/wp\/v2\/types\/page"}],"author":[{"embeddable":true,"href":"https:\/\/agora.xtec.cat\/ceip-lafarga-salt\/wp-json\/wp\/v2\/users\/1"}],"replies":[{"embeddable":true,"href":"https:\/\/agora.xtec.cat\/ceip-lafarga-salt\/wp-json\/wp\/v2\/comments?post=1533"}],"version-history":[{"count":6,"href":"https:\/\/agora.xtec.cat\/ceip-lafarga-salt\/wp-json\/wp\/v2\/pages\/1533\/revisions"}],"predecessor-version":[{"id":3242,"href":"https:\/\/agora.xtec.cat\/ceip-lafarga-salt\/wp-json\/wp\/v2\/pages\/1533\/revisions\/3242"}],"wp:attachment":[{"href":"https:\/\/agora.xtec.cat\/ceip-lafarga-salt\/wp-json\/wp\/v2\/media?parent=1533"}],"curies":[{"name":"wp","href":"https:\/\/api.w.org\/{rel}","templated":true}]}}