{"id":759,"date":"2019-09-11T11:05:58","date_gmt":"2019-09-11T09:05:58","guid":{"rendered":"https:\/\/agora.xtec.cat\/ceip-la-vall-del-terri\/?page_id=759"},"modified":"2025-07-11T19:31:08","modified_gmt":"2025-07-11T17:31:08","slug":"claustre-de-mestres","status":"publish","type":"page","link":"https:\/\/agora.xtec.cat\/ceip-la-vall-del-terri\/lescola\/claustre-de-mestres\/","title":{"rendered":"Equip pedag\u00f2gic"},"content":{"rendered":"<p>Pel curs 2025-26, la distribuci\u00f3 de l&#8217;equip pedag\u00f2gic \u00e9s la seg\u00fcent:<\/p>\n\n\n<div class=\"wp-block-getwid-accordion has-icon-left\" data-active-element=\"none\">\n<div class=\"wp-block-getwid-accordion__header-wrapper\"><span class=\"wp-block-getwid-accordion__header\"><a href=\"#\"><span class=\"wp-block-getwid-accordion__header-title\">EQUIP DIRECTIU<\/span><span class=\"wp-block-getwid-accordion__icon is-active\"><i class=\"fas fa-plus\"><\/i><\/span><span class=\"wp-block-getwid-accordion__icon is-passive\"><i class=\"fas fa-minus\"><\/i><\/span><\/a><\/span><\/div><div class=\"wp-block-getwid-accordion__content-wrapper\"><div class=\"wp-block-getwid-accordion__content\">\n<p><strong>Directora<\/strong>: Susanna Estany<\/p>\n\n\n\n<p><strong>Cap d&#8217;Estudis<\/strong>: Fina Figueras<\/p>\n\n\n\n<p><strong>Secret\u00e0ria<\/strong>: Anna Homs<\/p>\n<\/div><\/div>\n\n\n\n<div class=\"wp-block-getwid-accordion__header-wrapper\"><span class=\"wp-block-getwid-accordion__header\"><a href=\"#\"><span class=\"wp-block-getwid-accordion__header-title\">EDUCACI\u00d3 INFANTIL<\/span><span class=\"wp-block-getwid-accordion__icon is-active\"><i class=\"fas fa-plus\"><\/i><\/span><span class=\"wp-block-getwid-accordion__icon is-passive\"><i class=\"fas fa-minus\"><\/i><\/span><\/a><\/span><\/div><div class=\"wp-block-getwid-accordion__content-wrapper\"><div class=\"wp-block-getwid-accordion__content\">\n<p><strong>I3<\/strong>: S\u00edlvia Bravo<\/p>\n\n\n\n<p><strong>I4 A<\/strong>: Anna Bag\u00f3<\/p>\n\n\n\n<p><strong>I4 B<\/strong>: Dolo Puig<\/p>\n\n\n\n<p><strong>I5<\/strong>: M. \u00c0ngels Oliveras<\/p>\n\n\n\n<p><strong>TEI<\/strong>: Laura<\/p>\n<\/div><\/div>\n\n\n\n<div class=\"wp-block-getwid-accordion__header-wrapper\"><span class=\"wp-block-getwid-accordion__header\"><a href=\"#\"><span class=\"wp-block-getwid-accordion__header-title\">EDUCACI\u00d3 PRIM\u00c0RIA<\/span><span class=\"wp-block-getwid-accordion__icon is-active\"><i class=\"fas fa-plus\"><\/i><\/span><span class=\"wp-block-getwid-accordion__icon is-passive\"><i class=\"fas fa-minus\"><\/i><\/span><\/a><\/span><\/div><div class=\"wp-block-getwid-accordion__content-wrapper\"><div class=\"wp-block-getwid-accordion__content\">\n<p><strong>1r<\/strong>: <\/p>\n\n\n\n<p><strong>2n<\/strong>:<\/p>\n\n\n\n<p><strong>3r A<\/strong>:<\/p>\n\n\n\n<p><strong>3r B<\/strong>:<\/p>\n\n\n\n<p><strong>4t<\/strong>:<\/p>\n\n\n\n<p><strong>5\u00e8 A<\/strong>:<\/p>\n\n\n\n<p><strong>5\u00e8 B<\/strong>:<\/p>\n\n\n\n<p><strong>6\u00e8 A<\/strong>:<\/p>\n\n\n\n<p><strong>6\u00e8 B<\/strong>:<\/p>\n<\/div><\/div>\n\n\n\n<div class=\"wp-block-getwid-accordion__header-wrapper\"><span class=\"wp-block-getwid-accordion__header\"><a href=\"#\"><span class=\"wp-block-getwid-accordion__header-title\">ESPECIALISTES<\/span><span class=\"wp-block-getwid-accordion__icon is-active\"><i class=\"fas fa-plus\"><\/i><\/span><span class=\"wp-block-getwid-accordion__icon is-passive\"><i class=\"fas fa-minus\"><\/i><\/span><\/a><\/span><\/div><div class=\"wp-block-getwid-accordion__content-wrapper\"><div class=\"wp-block-getwid-accordion__content\">\n<p><strong>M\u00fasica<\/strong>: Imma Call\u00eds<\/p>\n\n\n\n<p><strong>Angl\u00e8s<\/strong>: Dolo Costa<\/p>\n\n\n\n<p><strong>Educaci\u00f3 f\u00edsica<\/strong>: Carol Montiel<\/p>\n\n\n\n<p><strong>Religi\u00f3<\/strong>: Dolors Reverter \/ Pau Estanyol<\/p>\n<\/div><\/div>\n\n\n\n<div class=\"wp-block-getwid-accordion__header-wrapper\"><span class=\"wp-block-getwid-accordion__header\"><a href=\"#\"><span class=\"wp-block-getwid-accordion__header-title\">ATENCI\u00d3 A LA DIVERSITAT<\/span><span class=\"wp-block-getwid-accordion__icon is-active\"><i class=\"fas fa-plus\"><\/i><\/span><span class=\"wp-block-getwid-accordion__icon is-passive\"><i class=\"fas fa-minus\"><\/i><\/span><\/a><\/span><\/div><div class=\"wp-block-getwid-accordion__content-wrapper\"><div class=\"wp-block-getwid-accordion__content\">\n<p>Susanna Estany<\/p>\n\n\n\n<p>Cesca Escoda (Psicopedagoga)<\/p>\n\n\n\n<p>Mimi Busquets (Fisioterapeuta)<\/p>\n\n\n\n<p>Gemma Soler (LIC)<\/p>\n\n\n\n<p>Eva Alarc\u00f3n (CREDV)<\/p>\n\n\n\n<p>Marta Compta (Treballadora Social)<\/p>\n<\/div><\/div>\n\n\n\n<div class=\"wp-block-getwid-accordion__header-wrapper\"><span class=\"wp-block-getwid-accordion__header\"><a href=\"#\"><span class=\"wp-block-getwid-accordion__header-title\">PERSONAL PAS<\/span><span class=\"wp-block-getwid-accordion__icon is-active\"><i class=\"fas fa-plus\"><\/i><\/span><span class=\"wp-block-getwid-accordion__icon is-passive\"><i class=\"fas fa-minus\"><\/i><\/span><\/a><\/span><\/div><div class=\"wp-block-getwid-accordion__content-wrapper\"><div class=\"wp-block-getwid-accordion__content\">\n<p><strong>Conserge<\/strong>: Llu\u00eds Masanas<\/p>\n\n\n\n<p><strong>Administratiu<\/strong>: David Albiol<\/p>\n<\/div><\/div>\n<\/div>\n\n\n\n<p><\/p>\n","protected":false},"excerpt":{"rendered":"<p>Pel curs 2025-26, la distribuci\u00f3 de l&#8217;equip pedag\u00f2gic \u00e9s la seg\u00fcent:<\/p>\n","protected":false},"author":1,"featured_media":0,"parent":22,"menu_order":50,"comment_status":"closed","ping_status":"closed","template":"","meta":{"_bbp_topic_count":0,"_bbp_reply_count":0,"_bbp_total_topic_count":0,"_bbp_total_reply_count":0,"_bbp_voice_count":0,"_bbp_anonymous_reply_count":0,"_bbp_topic_count_hidden":0,"_bbp_reply_count_hidden":0,"_bbp_forum_subforum_count":0,"site-sidebar-layout":"default","site-content-layout":"","ast-site-content-layout":"default","site-content-style":"default","site-sidebar-style":"default","ast-global-header-display":"","ast-banner-title-visibility":"","ast-main-header-display":"","ast-hfb-above-header-display":"","ast-hfb-below-header-display":"","ast-hfb-mobile-header-display":"","site-post-title":"","ast-breadcrumbs-content":"","ast-featured-img":"","footer-sml-layout":"","theme-transparent-header-meta":"","adv-header-id-meta":"","stick-header-meta":"","header-above-stick-meta":"","header-main-stick-meta":"","header-below-stick-meta":"","astra-migrate-meta-layouts":"set","ast-page-background-enabled":"default","ast-page-background-meta":{"desktop":{"background-color":"var(--ast-global-color-4)","background-image":"","background-repeat":"repeat","background-position":"center center","background-size":"auto","background-attachment":"scroll","background-type":"","background-media":"","overlay-type":"","overlay-color":"","overlay-opacity":"","overlay-gradient":""},"tablet":{"background-color":"","background-image":"","background-repeat":"repeat","background-position":"center center","background-size":"auto","background-attachment":"scroll","background-type":"","background-media":"","overlay-type":"","overlay-color":"","overlay-opacity":"","overlay-gradient":""},"mobile":{"background-color":"","background-image":"","background-repeat":"repeat","background-position":"center center","background-size":"auto","background-attachment":"scroll","background-type":"","background-media":"","overlay-type":"","overlay-color":"","overlay-opacity":"","overlay-gradient":""}},"ast-content-background-meta":{"desktop":{"background-color":"var(--ast-global-color-5)","background-image":"","background-repeat":"repeat","background-position":"center center","background-size":"auto","background-attachment":"scroll","background-type":"","background-media":"","overlay-type":"","overlay-color":"","overlay-opacity":"","overlay-gradient":""},"tablet":{"background-color":"var(--ast-global-color-5)","background-image":"","background-repeat":"repeat","background-position":"center center","background-size":"auto","background-attachment":"scroll","background-type":"","background-media":"","overlay-type":"","overlay-color":"","overlay-opacity":"","overlay-gradient":""},"mobile":{"background-color":"var(--ast-global-color-5)","background-image":"","background-repeat":"repeat","background-position":"center center","background-size":"auto","background-attachment":"scroll","background-type":"","background-media":"","overlay-type":"","overlay-color":"","overlay-opacity":"","overlay-gradient":""}},"footnotes":""},"class_list":["post-759","page","type-page","status-publish","hentry"],"post_mailing_queue_ids":[],"_links":{"self":[{"href":"https:\/\/agora.xtec.cat\/ceip-la-vall-del-terri\/wp-json\/wp\/v2\/pages\/759","targetHints":{"allow":["GET"]}}],"collection":[{"href":"https:\/\/agora.xtec.cat\/ceip-la-vall-del-terri\/wp-json\/wp\/v2\/pages"}],"about":[{"href":"https:\/\/agora.xtec.cat\/ceip-la-vall-del-terri\/wp-json\/wp\/v2\/types\/page"}],"author":[{"embeddable":true,"href":"https:\/\/agora.xtec.cat\/ceip-la-vall-del-terri\/wp-json\/wp\/v2\/users\/1"}],"replies":[{"embeddable":true,"href":"https:\/\/agora.xtec.cat\/ceip-la-vall-del-terri\/wp-json\/wp\/v2\/comments?post=759"}],"version-history":[{"count":6,"href":"https:\/\/agora.xtec.cat\/ceip-la-vall-del-terri\/wp-json\/wp\/v2\/pages\/759\/revisions"}],"predecessor-version":[{"id":5847,"href":"https:\/\/agora.xtec.cat\/ceip-la-vall-del-terri\/wp-json\/wp\/v2\/pages\/759\/revisions\/5847"}],"up":[{"embeddable":true,"href":"https:\/\/agora.xtec.cat\/ceip-la-vall-del-terri\/wp-json\/wp\/v2\/pages\/22"}],"wp:attachment":[{"href":"https:\/\/agora.xtec.cat\/ceip-la-vall-del-terri\/wp-json\/wp\/v2\/media?parent=759"}],"curies":[{"name":"wp","href":"https:\/\/api.w.org\/{rel}","templated":true}]}}