{"id":64,"date":"2014-09-18T12:39:08","date_gmt":"2014-09-18T11:39:08","guid":{"rendered":"http:\/\/agora.xtec.cat\/ceip-la-vall-del-terri\/?page_id=64"},"modified":"2021-02-24T18:31:39","modified_gmt":"2021-02-24T17:31:39","slug":"projecte-educatiu","status":"publish","type":"page","link":"https:\/\/agora.xtec.cat\/ceip-la-vall-del-terri\/projecte-educatiu\/","title":{"rendered":"Plans i Projectes d&#8217;escola"},"content":{"rendered":"<p>Els plans i projectes representatius de la nostra escola s\u00f3n:<\/p>\n<ul>\n<li><a href=\"https:\/\/drive.google.com\/file\/d\/1fCKuK6mkw5FRQZOMU2MCcBwTfjg6E4BV\/view\">Projecte educatiu de centre<\/a><\/li>\n<li><a href=\"https:\/\/drive.google.com\/file\/d\/1Aygom4uikjAJabBZ6xuQZNgiLpOFXIZ5\/view\">Projecte ling\u00fc\u00edstic<\/a><\/li>\n<li><a href=\"https:\/\/drive.google.com\/file\/d\/1JA_l4OEvS0A9_5V5CqSv3dus2loT7ayw\/view\">Normes d&#8217;organitzaci\u00f3 i funcionament (NOFC)<\/a><\/li>\n<li><a href=\"https:\/\/prezi.com\/hudtymlxsiq_\/pla-tac-la-vall-del-terri\/?utm_campaign=share&amp;utm_medium=copy\">Pla TAC<\/a><\/li>\n<li><a href=\"https:\/\/drive.google.com\/file\/d\/183H2JGi8aYiTSZbJygTuq0i7gypCfkJ1\/view\">Pla lector<\/a><\/li>\n<li>Pla PAT<\/li>\n<li><a href=\"https:\/\/drive.google.com\/file\/d\/1poXlBak9TNd5mhH_wSUwK43XGY_0GKeq\/view\">Projecte interdisciplinari<\/a><\/li>\n<li>Projecte d&#8217;educaci\u00f3 vi\u00e0ria<\/li>\n<li><a href=\"https:\/\/drive.google.com\/file\/d\/1lZHnU8sE-Ym3XyLkl89R3Fc4OQYDIjUx\/view\">Relaci\u00f3 amb l&#8217;entorn<\/a><\/li>\n<\/ul>\n","protected":false},"excerpt":{"rendered":"<p>Els plans i projectes representatius de la nostra escola s\u00f3n: Projecte educatiu de centre Projecte ling\u00fc\u00edstic Normes d&#8217;organitzaci\u00f3 i funcionament (NOFC) Pla TAC Pla lector Pla PAT Projecte interdisciplinari Projecte d&#8217;educaci\u00f3 vi\u00e0ria Relaci\u00f3 amb l&#8217;entorn<\/p>\n","protected":false},"author":1,"featured_media":0,"parent":0,"menu_order":0,"comment_status":"closed","ping_status":"closed","template":"page-templates\/side-menu.php","meta":{"_bbp_topic_count":0,"_bbp_reply_count":0,"_bbp_total_topic_count":0,"_bbp_total_reply_count":0,"_bbp_voice_count":0,"_bbp_anonymous_reply_count":0,"_bbp_topic_count_hidden":0,"_bbp_reply_count_hidden":0,"_bbp_forum_subforum_count":0,"site-sidebar-layout":"default","site-content-layout":"","ast-site-content-layout":"","site-content-style":"default","site-sidebar-style":"default","ast-global-header-display":"","ast-banner-title-visibility":"","ast-main-header-display":"","ast-hfb-above-header-display":"","ast-hfb-below-header-display":"","ast-hfb-mobile-header-display":"","site-post-title":"","ast-breadcrumbs-content":"","ast-featured-img":"","footer-sml-layout":"","theme-transparent-header-meta":"","adv-header-id-meta":"","stick-header-meta":"","header-above-stick-meta":"","header-main-stick-meta":"","header-below-stick-meta":"","astra-migrate-meta-layouts":"default","ast-page-background-enabled":"default","ast-page-background-meta":{"desktop":{"background-color":"var(--ast-global-color-4)","background-image":"","background-repeat":"repeat","background-position":"center center","background-size":"auto","background-attachment":"scroll","background-type":"","background-media":"","overlay-type":"","overlay-color":"","overlay-opacity":"","overlay-gradient":""},"tablet":{"background-color":"","background-image":"","background-repeat":"repeat","background-position":"center center","background-size":"auto","background-attachment":"scroll","background-type":"","background-media":"","overlay-type":"","overlay-color":"","overlay-opacity":"","overlay-gradient":""},"mobile":{"background-color":"","background-image":"","background-repeat":"repeat","background-position":"center center","background-size":"auto","background-attachment":"scroll","background-type":"","background-media":"","overlay-type":"","overlay-color":"","overlay-opacity":"","overlay-gradient":""}},"ast-content-background-meta":{"desktop":{"background-color":"var(--ast-global-color-5)","background-image":"","background-repeat":"repeat","background-position":"center center","background-size":"auto","background-attachment":"scroll","background-type":"","background-media":"","overlay-type":"","overlay-color":"","overlay-opacity":"","overlay-gradient":""},"tablet":{"background-color":"var(--ast-global-color-5)","background-image":"","background-repeat":"repeat","background-position":"center center","background-size":"auto","background-attachment":"scroll","background-type":"","background-media":"","overlay-type":"","overlay-color":"","overlay-opacity":"","overlay-gradient":""},"mobile":{"background-color":"var(--ast-global-color-5)","background-image":"","background-repeat":"repeat","background-position":"center center","background-size":"auto","background-attachment":"scroll","background-type":"","background-media":"","overlay-type":"","overlay-color":"","overlay-opacity":"","overlay-gradient":""}},"footnotes":""},"class_list":["post-64","page","type-page","status-publish","hentry"],"post_mailing_queue_ids":[],"_links":{"self":[{"href":"https:\/\/agora.xtec.cat\/ceip-la-vall-del-terri\/wp-json\/wp\/v2\/pages\/64","targetHints":{"allow":["GET"]}}],"collection":[{"href":"https:\/\/agora.xtec.cat\/ceip-la-vall-del-terri\/wp-json\/wp\/v2\/pages"}],"about":[{"href":"https:\/\/agora.xtec.cat\/ceip-la-vall-del-terri\/wp-json\/wp\/v2\/types\/page"}],"author":[{"embeddable":true,"href":"https:\/\/agora.xtec.cat\/ceip-la-vall-del-terri\/wp-json\/wp\/v2\/users\/1"}],"replies":[{"embeddable":true,"href":"https:\/\/agora.xtec.cat\/ceip-la-vall-del-terri\/wp-json\/wp\/v2\/comments?post=64"}],"version-history":[{"count":4,"href":"https:\/\/agora.xtec.cat\/ceip-la-vall-del-terri\/wp-json\/wp\/v2\/pages\/64\/revisions"}],"predecessor-version":[{"id":2200,"href":"https:\/\/agora.xtec.cat\/ceip-la-vall-del-terri\/wp-json\/wp\/v2\/pages\/64\/revisions\/2200"}],"wp:attachment":[{"href":"https:\/\/agora.xtec.cat\/ceip-la-vall-del-terri\/wp-json\/wp\/v2\/media?parent=64"}],"curies":[{"name":"wp","href":"https:\/\/api.w.org\/{rel}","templated":true}]}}