{"id":24,"date":"2014-09-18T12:23:15","date_gmt":"2014-09-18T10:23:15","guid":{"rendered":"http:\/\/agora.xtec.cat\/ceip-la-vall-del-terri\/?page_id=24"},"modified":"2025-07-12T11:32:17","modified_gmt":"2025-07-12T09:32:17","slug":"on-som","status":"publish","type":"page","link":"https:\/\/agora.xtec.cat\/ceip-la-vall-del-terri\/lescola\/on-som\/","title":{"rendered":"Situaci\u00f3 i contacte"},"content":{"rendered":"<table class=\"sites-layout-name-two-column sites-layout-hbox\" style=\"border-style: none; width: 100%; height: 279px;\" cellspacing=\"0\">\n<tbody>\n<tr style=\"height: 309px;\">\n<td class=\"sites-layout-tile sites-tile-name-content-1\" style=\"border-style: hidden; height: 279px;\">\n<div dir=\"ltr\">\n<p><span style=\"font-size: large;\">Avinguda de Girona,\u00a0 5<\/span><\/p>\n<p><span style=\"font-size: large;\">17844 Cornell\u00e0 del Terri<\/span><\/p>\n<p><span style=\"font-size: large;\">Tel\u00e8fon: 972.594.120<\/span><\/p>\n<p><span style=\"font-size: large;\">Correu electr\u00f2nic: <a href=\"mailto:b7000986@xtec.cat\">b7000986@xtec.cat<\/a><\/span><\/p>\n<\/div>\n<\/td>\n<td class=\"sites-layout-tile sites-tile-name-content-2\" style=\"border-style: hidden; height: 279px;\">\n<div dir=\"ltr\">\u00a0<\/div>\n<div>\u00a0<\/div>\n<div>\u00a0<\/div>\n<div>\u00a0<\/div>\n<div dir=\"ltr\">\n<div>\u00a0<\/div>\n<div>\u00a0<\/div>\n<div>\u00a0<\/div>\n<div>\u00a0<\/div>\n<\/div>\n<\/td>\n<\/tr>\n<\/tbody>\n<\/table>\n\n\n<iframe src=\"https:\/\/www.google.com\/maps\/embed?pb=!1m18!1m12!1m3!1d3512.209220637382!2d2.813413576467432!3d42.08826775222879!2m3!1f0!2f0!3f0!3m2!1i1024!2i768!4f13.1!3m3!1m2!1s0x12bae9aa2c4026c5%3A0x45c5bf86e21d704f!2sEscola%20P%C3%BAblica%20La%20Vall%20del%20Terri!5e1!3m2!1sca!2ses!4v1752312673362!5m2!1sca!2ses\" width=\"900\" height=\"650\" style=\"border:0;\" allowfullscreen=\"\" loading=\"lazy\" referrerpolicy=\"no-referrer-when-downgrade\"><\/iframe>\n\n\n\n<p><\/p>\n","protected":false},"excerpt":{"rendered":"<p>Avinguda de Girona,\u00a0 5 17844 Cornell\u00e0 del Terri Tel\u00e8fon: 972.594.120 Correu electr\u00f2nic: b7000986@xtec.cat \u00a0 \u00a0 \u00a0 \u00a0 \u00a0 \u00a0 \u00a0 \u00a0<\/p>\n","protected":false},"author":1,"featured_media":0,"parent":22,"menu_order":20,"comment_status":"closed","ping_status":"closed","template":"","meta":{"_bbp_topic_count":0,"_bbp_reply_count":0,"_bbp_total_topic_count":0,"_bbp_total_reply_count":0,"_bbp_voice_count":0,"_bbp_anonymous_reply_count":0,"_bbp_topic_count_hidden":0,"_bbp_reply_count_hidden":0,"_bbp_forum_subforum_count":0,"site-sidebar-layout":"default","site-content-layout":"","ast-site-content-layout":"default","site-content-style":"default","site-sidebar-style":"default","ast-global-header-display":"","ast-banner-title-visibility":"","ast-main-header-display":"","ast-hfb-above-header-display":"","ast-hfb-below-header-display":"","ast-hfb-mobile-header-display":"","site-post-title":"","ast-breadcrumbs-content":"","ast-featured-img":"","footer-sml-layout":"","theme-transparent-header-meta":"","adv-header-id-meta":"","stick-header-meta":"","header-above-stick-meta":"","header-main-stick-meta":"","header-below-stick-meta":"","astra-migrate-meta-layouts":"set","ast-page-background-enabled":"default","ast-page-background-meta":{"desktop":{"background-color":"var(--ast-global-color-4)","background-image":"","background-repeat":"repeat","background-position":"center center","background-size":"auto","background-attachment":"scroll","background-type":"","background-media":"","overlay-type":"","overlay-color":"","overlay-opacity":"","overlay-gradient":""},"tablet":{"background-color":"","background-image":"","background-repeat":"repeat","background-position":"center center","background-size":"auto","background-attachment":"scroll","background-type":"","background-media":"","overlay-type":"","overlay-color":"","overlay-opacity":"","overlay-gradient":""},"mobile":{"background-color":"","background-image":"","background-repeat":"repeat","background-position":"center center","background-size":"auto","background-attachment":"scroll","background-type":"","background-media":"","overlay-type":"","overlay-color":"","overlay-opacity":"","overlay-gradient":""}},"ast-content-background-meta":{"desktop":{"background-color":"var(--ast-global-color-5)","background-image":"","background-repeat":"repeat","background-position":"center center","background-size":"auto","background-attachment":"scroll","background-type":"","background-media":"","overlay-type":"","overlay-color":"","overlay-opacity":"","overlay-gradient":""},"tablet":{"background-color":"var(--ast-global-color-5)","background-image":"","background-repeat":"repeat","background-position":"center center","background-size":"auto","background-attachment":"scroll","background-type":"","background-media":"","overlay-type":"","overlay-color":"","overlay-opacity":"","overlay-gradient":""},"mobile":{"background-color":"var(--ast-global-color-5)","background-image":"","background-repeat":"repeat","background-position":"center center","background-size":"auto","background-attachment":"scroll","background-type":"","background-media":"","overlay-type":"","overlay-color":"","overlay-opacity":"","overlay-gradient":""}},"footnotes":""},"class_list":["post-24","page","type-page","status-publish","hentry"],"post_mailing_queue_ids":[],"_links":{"self":[{"href":"https:\/\/agora.xtec.cat\/ceip-la-vall-del-terri\/wp-json\/wp\/v2\/pages\/24","targetHints":{"allow":["GET"]}}],"collection":[{"href":"https:\/\/agora.xtec.cat\/ceip-la-vall-del-terri\/wp-json\/wp\/v2\/pages"}],"about":[{"href":"https:\/\/agora.xtec.cat\/ceip-la-vall-del-terri\/wp-json\/wp\/v2\/types\/page"}],"author":[{"embeddable":true,"href":"https:\/\/agora.xtec.cat\/ceip-la-vall-del-terri\/wp-json\/wp\/v2\/users\/1"}],"replies":[{"embeddable":true,"href":"https:\/\/agora.xtec.cat\/ceip-la-vall-del-terri\/wp-json\/wp\/v2\/comments?post=24"}],"version-history":[{"count":6,"href":"https:\/\/agora.xtec.cat\/ceip-la-vall-del-terri\/wp-json\/wp\/v2\/pages\/24\/revisions"}],"predecessor-version":[{"id":5883,"href":"https:\/\/agora.xtec.cat\/ceip-la-vall-del-terri\/wp-json\/wp\/v2\/pages\/24\/revisions\/5883"}],"up":[{"embeddable":true,"href":"https:\/\/agora.xtec.cat\/ceip-la-vall-del-terri\/wp-json\/wp\/v2\/pages\/22"}],"wp:attachment":[{"href":"https:\/\/agora.xtec.cat\/ceip-la-vall-del-terri\/wp-json\/wp\/v2\/media?parent=24"}],"curies":[{"name":"wp","href":"https:\/\/api.w.org\/{rel}","templated":true}]}}