{"id":77,"date":"2014-09-18T14:05:08","date_gmt":"2014-09-18T13:05:08","guid":{"rendered":"http:\/\/agora.xtec.cat\/ceip-la-torre\/?page_id=77"},"modified":"2022-09-02T22:02:22","modified_gmt":"2022-09-02T20:02:22","slug":"acollida","status":"publish","type":"page","link":"https:\/\/agora.xtec.cat\/ceip-la-torre\/ampa\/acollida\/","title":{"rendered":"Acollida matinal"},"content":{"rendered":"<p>L\u2019AFA ofereix servei d\u2019acollida matinal per a tots aquells alumnes que ho necessitin. El servei comen\u00e7a a les 8h del mat\u00ed, les mateixes monitores acompanyen als alumnes a l\u2019escola a les 9h.<\/p>\n<p>L\u2019Ana L\u00f3pez \u00e9s la monitora encarregada del servei i disposa de l\u2019ajuda de m\u00e9s monitores en funci\u00f3 del nombre de nens i nenes que fan \u00fas del servei.<\/p>\n<p>Us podeu inscriure a l&#8217;acollida matinal o de migdia en el seg\u00fcent formulari:<\/p>\n<p>El correu de l\u2019AFA \u00e9s:\u00a0<a href=\"mailto:ampaescolalatorre@gmail.co\">ampaescolalatorre<span class=\"atwho-query\">@gmail.com<\/span><\/a><\/p>\n<p>&nbsp;<\/p>\n","protected":false},"excerpt":{"rendered":"<p>L\u2019AFA ofereix servei d\u2019acollida matinal per a tots aquells alumnes que ho necessitin. El servei comen\u00e7a a les 8h del mat\u00ed, les mateixes monitores acompanyen als alumnes a l\u2019escola a les 9h.<br \/>\nL\u2019Ana L\u00f3pez \u00e9s la monitora encarregada del servei i disposa de l\u2019ajuda de m\u00e9s&hellip;  <a href=\"https:\/\/agora.xtec.cat\/ceip-la-torre\/ampa\/acollida\/\" title=\"Read Acollida matinal\">Llegeix m\u00e9s\u00bb<\/a><\/p>\n","protected":false},"author":1,"featured_media":0,"parent":612,"menu_order":20,"comment_status":"closed","ping_status":"closed","template":"page-templates\/side-menu.php","meta":{"_bbp_topic_count":0,"_bbp_reply_count":0,"_bbp_total_topic_count":0,"_bbp_total_reply_count":0,"_bbp_voice_count":0,"_bbp_anonymous_reply_count":0,"_bbp_topic_count_hidden":0,"_bbp_reply_count_hidden":0,"_bbp_forum_subforum_count":0,"footnotes":""},"class_list":["post-77","page","type-page","status-publish","hentry"],"post_mailing_queue_ids":[],"_links":{"self":[{"href":"https:\/\/agora.xtec.cat\/ceip-la-torre\/wp-json\/wp\/v2\/pages\/77","targetHints":{"allow":["GET"]}}],"collection":[{"href":"https:\/\/agora.xtec.cat\/ceip-la-torre\/wp-json\/wp\/v2\/pages"}],"about":[{"href":"https:\/\/agora.xtec.cat\/ceip-la-torre\/wp-json\/wp\/v2\/types\/page"}],"author":[{"embeddable":true,"href":"https:\/\/agora.xtec.cat\/ceip-la-torre\/wp-json\/wp\/v2\/users\/1"}],"replies":[{"embeddable":true,"href":"https:\/\/agora.xtec.cat\/ceip-la-torre\/wp-json\/wp\/v2\/comments?post=77"}],"version-history":[{"count":3,"href":"https:\/\/agora.xtec.cat\/ceip-la-torre\/wp-json\/wp\/v2\/pages\/77\/revisions"}],"predecessor-version":[{"id":3717,"href":"https:\/\/agora.xtec.cat\/ceip-la-torre\/wp-json\/wp\/v2\/pages\/77\/revisions\/3717"}],"up":[{"embeddable":true,"href":"https:\/\/agora.xtec.cat\/ceip-la-torre\/wp-json\/wp\/v2\/pages\/612"}],"wp:attachment":[{"href":"https:\/\/agora.xtec.cat\/ceip-la-torre\/wp-json\/wp\/v2\/media?parent=77"}],"curies":[{"name":"wp","href":"https:\/\/api.w.org\/{rel}","templated":true}]}}