{"id":500,"date":"2018-04-18T21:22:39","date_gmt":"2018-04-18T19:22:39","guid":{"rendered":"http:\/\/agora.xtec.cat\/ceip-la-torre\/?page_id=500"},"modified":"2024-09-18T21:49:12","modified_gmt":"2024-09-18T19:49:12","slug":"personal-de-lescola","status":"publish","type":"page","link":"https:\/\/agora.xtec.cat\/ceip-la-torre\/lescola\/personal-de-lescola\/","title":{"rendered":"Personal de l\u2019escola"},"content":{"rendered":"<ul>\n<li>EQUIP DIRECTIU<\/li>\n<\/ul>\n<table>\n<tbody>\n<tr>\n<td>DIRECTORA<\/td>\n<td>Anna Ansaldo<\/td>\n<\/tr>\n<tr>\n<td>CAP D&#8217;ESTUDIS<\/td>\n<td>Roger Sol\u00e9<\/td>\n<\/tr>\n<tr>\n<td>SECRETARIA<\/td>\n<td>\u00cdngrid Llenas<\/td>\n<\/tr>\n<\/tbody>\n<\/table>\n<ul>\n<li>EDUCACI\u00d3 INFANTIL<br \/>\n<table style=\"width: 225px; height: 139px;\">\n<tbody>\n<tr style=\"height: 31px;\">\n<td style=\"width: 95px; height: 31px;\">P3<\/td>\n<td style=\"width: 122px; height: 31px;\">Floren P\u00e9rez<\/td>\n<\/tr>\n<tr style=\"height: 31px;\">\n<td style=\"width: 95px; height: 31px;\">P4<\/td>\n<td style=\"width: 122px; height: 31px;\">Regina Pi\u00f1ol<\/td>\n<\/tr>\n<tr style=\"height: 31px;\">\n<td style=\"width: 95px; height: 31px;\">P5<\/td>\n<td style=\"width: 122px; height: 31px;\">Eva Roig<\/td>\n<\/tr>\n<tr style=\"height: 46px;\">\n<td style=\"width: 95px; height: 46px;\">Mestres suport<\/td>\n<td style=\"width: 122px; height: 46px;\">Anna Ansaldo\/ \u00cdngrid Llenas<\/td>\n<\/tr>\n<\/tbody>\n<\/table>\n<\/li>\n<li>EDUCACI\u00d3 PRIM\u00c0RIA<br \/>\n<table style=\"width: 27.9728%;\">\n<tbody>\n<tr>\n<td style=\"width: 46.7331%;\">1r PRIM\u00c0RIA<\/td>\n<td style=\"width: 58.3652%;\">Teresea Carn\u00e9<\/td>\n<\/tr>\n<tr>\n<td style=\"width: 46.7331%;\">2n PRIM\u00c0RIA<\/td>\n<td style=\"width: 58.3652%;\">Estela Rossi<\/td>\n<\/tr>\n<\/tbody>\n<\/table>\n<table style=\"width: 28.1002%;\">\n<tbody>\n<tr>\n<td style=\"width: 46.9282%;\">3r PRIM\u00c0RIA<\/td>\n<td style=\"width: 53.9892%;\">Noelia D\u00edaz<\/td>\n<\/tr>\n<tr>\n<td style=\"width: 46.9282%;\">4t PRIM\u00c0RIA<\/td>\n<td style=\"width: 53.9892%;\">Clara Aguilera<\/td>\n<\/tr>\n<\/tbody>\n<\/table>\n<table style=\"height: 62px; width: 27.9964%;\">\n<tbody>\n<tr style=\"height: 31px;\">\n<td style=\"height: 31px; width: 46.4602%;\">5\u00e8 PRIM\u00c0RIA<\/td>\n<td style=\"height: 31px; width: 50.8929%;\">Ester Camacho<\/td>\n<\/tr>\n<tr style=\"height: 31px;\">\n<td style=\"height: 31px; width: 46.4602%;\">6\u00e8 PRIM\u00c0RIA<\/td>\n<td style=\"height: 31px; width: 50.8929%;\">N\u00faria Romero<\/td>\n<\/tr>\n<\/tbody>\n<\/table>\n<table style=\"width: 27.8994%;\">\n<tbody>\n<tr>\n<td style=\"width: 16.9155%;\">Mestres suport<\/td>\n<td style=\"width: 31.7058%;\">Bel\u00e9n Ram\u00edrez \/ Violeta Mata \/ Maria Mosella \/ Roger Sol\u00e9<\/td>\n<\/tr>\n<\/tbody>\n<\/table>\n<\/li>\n<li>ESPECIALISTES<br \/>\n<table>\n<tbody>\n<tr>\n<td>M\u00daSICA<\/td>\n<td>Maria Mosella<\/td>\n<\/tr>\n<tr>\n<td>ED.F\u00cdSICA<\/td>\n<td>Joan Pag\u00e8s<\/td>\n<\/tr>\n<tr>\n<td>ANGL\u00c8S<\/td>\n<td>Violeta Mata\/ Bel\u00e9n Ram\u00edrez \/ Teresa Carn\u00e9<\/td>\n<\/tr>\n<tr>\n<td>ED.ESPECIAL<\/td>\n<td>Roger Sol\u00e9<\/td>\n<\/tr>\n<tr>\n<td>RELIGI\u00d3<\/td>\n<td>Margarida Sol\u00e0<\/td>\n<\/tr>\n<\/tbody>\n<\/table>\n<\/li>\n<li>COORDINADORS\/ES<br \/>\n<table>\n<tbody>\n<tr style=\"height: 33px;\">\n<td style=\"height: 33px;\">Coordinaci\u00f3 Educaci\u00f3 Infantil<\/td>\n<td style=\"height: 33px;\">Eva Roig<\/td>\n<\/tr>\n<tr style=\"height: 33px;\">\n<td style=\"height: 33px;\">Coordinaci\u00f3 Educaci\u00f3 Prim\u00e0ria<\/td>\n<td style=\"height: 33px;\">Teresa Carn\u00e9<\/td>\n<\/tr>\n<tr style=\"height: 33px;\">\n<td style=\"height: 33px;\">Coordinaci\u00f3 LIC<\/td>\n<td style=\"height: 33px;\">Clara Aguilera<\/td>\n<\/tr>\n<tr style=\"height: 33px;\">\n<td style=\"height: 33px;\">Coordinaci\u00f3 Digital de Centre<\/td>\n<td style=\"height: 33px;\">Roger Sol\u00e9<\/td>\n<\/tr>\n<tr style=\"height: 33px;\">\n<td style=\"height: 33px;\">Coordinaci\u00f3 Riscos laborals<\/td>\n<td style=\"height: 33px;\">Noelia D\u00edaz<\/td>\n<\/tr>\n<tr>\n<td>Biblioteca<\/td>\n<td>Estela Rossi<\/td>\n<\/tr>\n<tr>\n<td>Coeducaci\u00f3<\/td>\n<td>Violeta Mata<\/td>\n<\/tr>\n<\/tbody>\n<\/table>\n<\/li>\n<li>ALTRES PROFESSIONALS<br \/>\n<table>\n<tbody>\n<tr>\n<td>PSICOPEDAG\u00d2GA<\/td>\n<td>M\u00f3nica Carrasco<\/td>\n<\/tr>\n<tr>\n<td>VETLLADORES<\/td>\n<td>Meri Mart\u00ednez\/ Roc\u00edo Segura<\/td>\n<\/tr>\n<tr>\n<td>EDUCADOR SOCIAL<\/td>\n<td>Felip<\/td>\n<\/tr>\n<\/tbody>\n<\/table>\n<\/li>\n<li>PERSONAL D&#8217;ADMINISTRACI\u00d3 I SERVEIS<br \/>\n<table style=\"width: 64.8762%; height: 177px;\">\n<tbody>\n<tr style=\"height: 69px;\">\n<td style=\"height: 69px;\">AUXILIAR ADMINISTRATIVA<\/td>\n<td style=\"height: 69px;\">Lurdes Gast\u00f3n<\/td>\n<\/tr>\n<tr style=\"height: 46px;\">\n<td style=\"height: 46px;\">TREBALLADOR AJUNTAMENT<\/td>\n<td style=\"height: 46px;\">Helena<\/td>\n<\/tr>\n<tr style=\"height: 31px;\">\n<td style=\"height: 31px;\">MENJADOR<\/td>\n<td style=\"height: 31px;\">Ana L\u00f3pez\/ Zoila Fern\u00e1ndez\/ Meritxell Oll\u00e9<\/td>\n<\/tr>\n<tr style=\"height: 31px;\">\n<td style=\"height: 31px;\">ACOLLIDA MATINAL<\/td>\n<td style=\"height: 31px;\">Ana L\u00f3pez<\/td>\n<\/tr>\n<\/tbody>\n<\/table>\n<\/li>\n<\/ul>\n","protected":false},"excerpt":{"rendered":"<ul>\n<li>EQUIP DIRECTIU<\/li>\n<\/ul>\n<p>DIRECTORA<br \/>\nAnna Ansaldo<\/p>\n<p>CAP D&#8217;ESTUDIS<br \/>\nRoger Sol\u00e9<\/p>\n<p>SECRETARIA<br \/>\n\u00cdngrid Llenas<\/p>\n<ul>\n<li>EDUCACI\u00d3 INFANTIL\n<p>P3<br \/>\nFloren P\u00e9rez<\/p>\n<p>P4<br \/>\nRegina Pi\u00f1ol<\/p>\n<p>P5<br \/>\nEva Roig<\/p>\n<p>Mestres suport<br \/>\nAnna Ansaldo\/ \u00cdngrid Llenas<\/p>\n<\/li>\n<li>EDUCACI\u00d3 PRIM\u00c0RIA\n<p>1r PRIM\u00c0RIA<br \/>\nTeresea Carn\u00e9<\/p>\n<p>2n PRIM\u00c0RIA<br \/>\nEstela Rossi<\/p>\n<p>3r PRIM\u00c0RIA<br \/>\nNoelia D\u00edaz<\/p>\n<p>4t PRIM\u00c0RIA<br \/>\nClara Aguilera<\/p>\n<p>5\u00e8 PRIM\u00c0RIA<br \/>\nEster Camacho<\/p>\n<p>6\u00e8 PRIM\u00c0RIA<br \/>\nN\u00faria Romero<\/p>\n<p>Mestres suport<br \/>\nBel\u00e9n Ram\u00edrez \/ Violeta Mata \/ Maria Mosella \/ Roger Sol\u00e9<\/p>\n<\/li>\n<li>ESPECIALISTES\n<p>M\u00daSICA<br \/>\nMaria Mosella<\/p>\n<p>ED.F\u00cdSICA<br \/>\nJoan Pag\u00e8s<\/p>\n<p>ANGL\u00c8S<br \/>\nVioleta Mata\/ Bel\u00e9n Ram\u00edrez \/ Teresa&hellip;  <a href=\"https:\/\/agora.xtec.cat\/ceip-la-torre\/lescola\/personal-de-lescola\/\" title=\"Read Personal de l\u2019escola\">Llegeix m\u00e9s\u00bb<\/a><\/p>\n","protected":false},"author":4,"featured_media":0,"parent":22,"menu_order":30,"comment_status":"closed","ping_status":"closed","template":"page-templates\/side-menu.php","meta":{"_bbp_topic_count":0,"_bbp_reply_count":0,"_bbp_total_topic_count":0,"_bbp_total_reply_count":0,"_bbp_voice_count":0,"_bbp_anonymous_reply_count":0,"_bbp_topic_count_hidden":0,"_bbp_reply_count_hidden":0,"_bbp_forum_subforum_count":0,"footnotes":""},"class_list":["post-500","page","type-page","status-publish","hentry"],"post_mailing_queue_ids":[],"_links":{"self":[{"href":"https:\/\/agora.xtec.cat\/ceip-la-torre\/wp-json\/wp\/v2\/pages\/500","targetHints":{"allow":["GET"]}}],"collection":[{"href":"https:\/\/agora.xtec.cat\/ceip-la-torre\/wp-json\/wp\/v2\/pages"}],"about":[{"href":"https:\/\/agora.xtec.cat\/ceip-la-torre\/wp-json\/wp\/v2\/types\/page"}],"author":[{"embeddable":true,"href":"https:\/\/agora.xtec.cat\/ceip-la-torre\/wp-json\/wp\/v2\/users\/4"}],"replies":[{"embeddable":true,"href":"https:\/\/agora.xtec.cat\/ceip-la-torre\/wp-json\/wp\/v2\/comments?post=500"}],"version-history":[{"count":5,"href":"https:\/\/agora.xtec.cat\/ceip-la-torre\/wp-json\/wp\/v2\/pages\/500\/revisions"}],"predecessor-version":[{"id":4920,"href":"https:\/\/agora.xtec.cat\/ceip-la-torre\/wp-json\/wp\/v2\/pages\/500\/revisions\/4920"}],"up":[{"embeddable":true,"href":"https:\/\/agora.xtec.cat\/ceip-la-torre\/wp-json\/wp\/v2\/pages\/22"}],"wp:attachment":[{"href":"https:\/\/agora.xtec.cat\/ceip-la-torre\/wp-json\/wp\/v2\/media?parent=500"}],"curies":[{"name":"wp","href":"https:\/\/api.w.org\/{rel}","templated":true}]}}