{"id":32,"date":"2014-09-18T12:31:33","date_gmt":"2014-09-18T11:31:33","guid":{"rendered":"http:\/\/agora.xtec.cat\/ceip-la-torre\/?page_id=32"},"modified":"2025-09-09T12:24:16","modified_gmt":"2025-09-09T10:24:16","slug":"calendari-del-curs","status":"publish","type":"page","link":"https:\/\/agora.xtec.cat\/ceip-la-torre\/lescola\/calendari-del-curs\/","title":{"rendered":"Calendari del curs"},"content":{"rendered":"<h4><strong>Segons el Departament d\u2019Educaci\u00f3, en l\u2019ordre\u00a0 EDF\/72\/2025, de 15 de maig<a title=\"Aquest enlla\u00e7 s'obre en una nova pestanya: Ordre EDU\/119\/2021, de 28 de maig,\" href=\"https:\/\/dogc.gencat.cat\/ca\/document-del-dogc\/?documentId=902561\" target=\"_blank\" rel=\"noopener\">,<\/a> per la qual s\u2019estableix el calendari escolar del curs 2025-2026 i despr\u00e9s de l\u2019aprovaci\u00f3 feta al nostre Consell Escolar, el per\u00edode de vacances i dies festius seran els seg\u00fcents:<\/strong><\/h4>\n<h4><strong>Inici de curs:<\/strong><\/h4>\n<p>8 de setembre de 2025<\/p>\n<h4><strong>Vacances:<\/strong><\/h4>\n<p>Del 20 de desembre de 2025 al 7 de gener de 2026 (ambd\u00f3s inclosos)<\/p>\n<p>Del 28 de mar\u00e7 al 6 d\u2019abril de 2026 (ambd\u00f3s inclosos)<\/p>\n<p>A partir del 19 de juny de 2025 (darrer dia de curs)<\/p>\n<h4><strong>Dies festius i de lliure disposici\u00f3:<\/strong><\/h4>\n<p>11 de setembre de 2025<\/p>\n<p>10 d&#8217;octubre de 2025<\/p>\n<p>03 de novembre de 2025<\/p>\n<p>08 de desembre de 2025<\/p>\n<p>6 de febrer de 2026<\/p>\n<p>07 d&#8217;abril de 2026<\/p>\n<p>1 de maig de 2026<\/p>\n<p>25 de maig de 2026<\/p>\n<h4><strong>Jornada compactada:<\/strong><\/h4>\n<p>19 de desembre de 2025 i del 9 al 19 de juny de 2026 (ambd\u00f3s inclosos)<\/p>\n<p>L\u2019<b>horari lectiu<\/b> del centre \u00e9s de 9 a 12,30 h i de 15,00 a 16,30 h per a tots els alumnes del centre. El dia 22 de desembre de 2024 i a partir del 9 de juny de 2025 es realitza horari compactat de 9 a 13h. (Els alumnes que utilitzen el servei de menjador surten a les 15:00h.)<\/p>\n<p>Per als alumnes que inicien l\u2019escolaritzaci\u00f3 a P3 s\u2019organitza un breu per\u00edode d\u2019adaptaci\u00f3 que suposa una certa modificaci\u00f3 dels horaris dels primers dies de classe, i que es fa saber a les fam\u00edlies en les reunions pr\u00e8vies corresponents.<\/p>\n\n\n<figure class=\"wp-block-image size-large\"><a href=\"https:\/\/agora.xtec.cat\/ceip-la-torre\/wp-content\/uploads\/usu1779\/2025\/07\/CALENDARI-25-26-bloc.png\"><img loading=\"lazy\" decoding=\"async\" width=\"724\" height=\"1024\" src=\"https:\/\/agora.xtec.cat\/ceip-la-torre\/wp-content\/uploads\/usu1779\/2025\/07\/CALENDARI-25-26-bloc-724x1024.png\" alt=\"\" class=\"wp-image-4897\" srcset=\"https:\/\/agora.xtec.cat\/ceip-la-torre\/wp-content\/uploads\/usu1779\/2025\/07\/CALENDARI-25-26-bloc-724x1024.png 724w, https:\/\/agora.xtec.cat\/ceip-la-torre\/wp-content\/uploads\/usu1779\/2025\/07\/CALENDARI-25-26-bloc-212x300.png 212w, https:\/\/agora.xtec.cat\/ceip-la-torre\/wp-content\/uploads\/usu1779\/2025\/07\/CALENDARI-25-26-bloc-768x1086.png 768w, https:\/\/agora.xtec.cat\/ceip-la-torre\/wp-content\/uploads\/usu1779\/2025\/07\/CALENDARI-25-26-bloc-1086x1536.png 1086w, https:\/\/agora.xtec.cat\/ceip-la-torre\/wp-content\/uploads\/usu1779\/2025\/07\/CALENDARI-25-26-bloc.png 1414w\" sizes=\"auto, (max-width: 724px) 100vw, 724px\" \/><\/a><\/figure>\n\n\n\n<p><\/p>\n","protected":false},"excerpt":{"rendered":"<p>Segons el Departament d\u2019Educaci\u00f3, en l\u2019ordre\u00a0 EDF\/72\/2025, de 15 de maig<a title=\"Aquest enlla\u00e7 s'obre en una nova pestanya: Ordre EDU\/119\/2021, de 28 de maig,\" href=\"https:\/\/dogc.gencat.cat\/ca\/document-del-dogc\/?documentId=902561\" target=\"_blank\" rel=\"noopener\">,<\/a> per la qual s\u2019estableix el calendari escolar del curs 2025-2026 i despr\u00e9s de l\u2019aprovaci\u00f3 feta al nostre Consell&hellip;  <a href=\"https:\/\/agora.xtec.cat\/ceip-la-torre\/lescola\/calendari-del-curs\/\" title=\"Read Calendari del curs\">Llegeix m\u00e9s\u00bb<\/a><\/p>\n","protected":false},"author":1,"featured_media":0,"parent":22,"menu_order":60,"comment_status":"closed","ping_status":"closed","template":"page-templates\/side-menu.php","meta":{"_bbp_topic_count":0,"_bbp_reply_count":0,"_bbp_total_topic_count":0,"_bbp_total_reply_count":0,"_bbp_voice_count":0,"_bbp_anonymous_reply_count":0,"_bbp_topic_count_hidden":0,"_bbp_reply_count_hidden":0,"_bbp_forum_subforum_count":0,"footnotes":""},"class_list":["post-32","page","type-page","status-publish","hentry"],"post_mailing_queue_ids":[],"_links":{"self":[{"href":"https:\/\/agora.xtec.cat\/ceip-la-torre\/wp-json\/wp\/v2\/pages\/32","targetHints":{"allow":["GET"]}}],"collection":[{"href":"https:\/\/agora.xtec.cat\/ceip-la-torre\/wp-json\/wp\/v2\/pages"}],"about":[{"href":"https:\/\/agora.xtec.cat\/ceip-la-torre\/wp-json\/wp\/v2\/types\/page"}],"author":[{"embeddable":true,"href":"https:\/\/agora.xtec.cat\/ceip-la-torre\/wp-json\/wp\/v2\/users\/1"}],"replies":[{"embeddable":true,"href":"https:\/\/agora.xtec.cat\/ceip-la-torre\/wp-json\/wp\/v2\/comments?post=32"}],"version-history":[{"count":6,"href":"https:\/\/agora.xtec.cat\/ceip-la-torre\/wp-json\/wp\/v2\/pages\/32\/revisions"}],"predecessor-version":[{"id":4915,"href":"https:\/\/agora.xtec.cat\/ceip-la-torre\/wp-json\/wp\/v2\/pages\/32\/revisions\/4915"}],"up":[{"embeddable":true,"href":"https:\/\/agora.xtec.cat\/ceip-la-torre\/wp-json\/wp\/v2\/pages\/22"}],"wp:attachment":[{"href":"https:\/\/agora.xtec.cat\/ceip-la-torre\/wp-json\/wp\/v2\/media?parent=32"}],"curies":[{"name":"wp","href":"https:\/\/api.w.org\/{rel}","templated":true}]}}