{"id":28,"date":"2014-09-18T12:29:35","date_gmt":"2014-09-18T11:29:35","guid":{"rendered":"http:\/\/agora.xtec.cat\/ceip-la-torre\/?page_id=28"},"modified":"2023-09-12T09:32:54","modified_gmt":"2023-09-12T07:32:54","slug":"consell-escolar","status":"publish","type":"page","link":"https:\/\/agora.xtec.cat\/ceip-la-torre\/lescola\/consell-escolar\/","title":{"rendered":"Consell escolar"},"content":{"rendered":"<p>El Consell Escolar \u00e9s l\u2019\u00f2rgan de participaci\u00f3 de la comunitat educativa escolar en el control i gesti\u00f3 dels centres docents, amb funcions en l\u2019\u00e0mbit de la programaci\u00f3 general, i en el seguiment i avaluaci\u00f3 de les activitats.<\/p>\n<p>A les reunions del Consell Escolar es debaten q\u00fcestions fonamentals per a l\u2019escola i per a la resta de la comunitat educativa: el Projecte Educatiu, el Pla anual, el pressupost, les activitats extraescolars, la conservaci\u00f3 i utilitzaci\u00f3 de l\u2019equipament i instal\u00b7lacions de l\u2019escola, l\u2019horari escolar, els dies de festa\u2026<\/p>\n<p>El consell escolar est\u00e0 format per:<\/p>\n<p><strong>4 representants de pares i mares:\u00a0\u00a0\u00a0\u00a0 <\/strong><\/p>\n<ol>\n<li>Nani Gonz\u00e1lez<\/li>\n<li>Vanesa Rodr\u00edguez<\/li>\n<li>Aran Ad\u00edn<\/li>\n<li>Pilar Palacios<\/li>\n<\/ol>\n<p><strong>1 representant de AFA:\u00a0\u00a0\u00a0<\/strong><\/p>\n<ol>\n<li>Empar Garc\u00eda<\/li>\n<\/ol>\n<p><strong>5 representants de mestres:<\/strong><\/p>\n<ol>\n<li>Sra. Eva Roig Amat<\/li>\n<li>Sra. Ester Camacho Mesa<\/li>\n<li>Sra. Clara Aguilera Blanco<\/li>\n<li>Sra. Noelia D\u00edaz<\/li>\n<li>Sra.<\/li>\n<\/ol>\n<p><strong>1 representant del personal d\u2019administraci\u00f3 i serveis:<\/strong><\/p>\n<ol>\n<li>Sra. Lourdes Gast\u00f3n Obiols<\/li>\n<\/ol>\n<p><strong>1 representant designat per L\u2019Ajuntament:<\/strong><\/p>\n<p>Sr. Joaquim Morales (Regidoria d&#8217;Educaci\u00f3)<\/p>\n<p><strong>Els tres membres de l\u2019Equip Directiu (la secret\u00e0ria sense vot):<\/strong><\/p>\n<p>President\/a: Sra. Anna Ansaldo Lanz\u00f3 (Directora)<\/p>\n<p>Cap d&#8217;estudis: Sr. Roger Sol\u00e9<\/p>\n<p>Secret\u00e0ria: Sra.\u00a0\u00cdngrid Llenas Alonso<\/p>\n","protected":false},"excerpt":{"rendered":"<p>El Consell Escolar \u00e9s l\u2019\u00f2rgan de participaci\u00f3 de la comunitat educativa escolar en el control i gesti\u00f3 dels centres docents, amb funcions en l\u2019\u00e0mbit de la programaci\u00f3 general, i en el seguiment i avaluaci\u00f3 de les activitats.<br \/>\nA les reunions del Consell Escolar es debaten q\u00fcestions&hellip;  <a href=\"https:\/\/agora.xtec.cat\/ceip-la-torre\/lescola\/consell-escolar\/\" title=\"Read Consell escolar\">Llegeix m\u00e9s\u00bb<\/a><\/p>\n","protected":false},"author":1,"featured_media":0,"parent":22,"menu_order":40,"comment_status":"closed","ping_status":"closed","template":"page-templates\/side-menu.php","meta":{"_bbp_topic_count":0,"_bbp_reply_count":0,"_bbp_total_topic_count":0,"_bbp_total_reply_count":0,"_bbp_voice_count":0,"_bbp_anonymous_reply_count":0,"_bbp_topic_count_hidden":0,"_bbp_reply_count_hidden":0,"_bbp_forum_subforum_count":0,"footnotes":""},"class_list":["post-28","page","type-page","status-publish","hentry"],"post_mailing_queue_ids":[],"_links":{"self":[{"href":"https:\/\/agora.xtec.cat\/ceip-la-torre\/wp-json\/wp\/v2\/pages\/28","targetHints":{"allow":["GET"]}}],"collection":[{"href":"https:\/\/agora.xtec.cat\/ceip-la-torre\/wp-json\/wp\/v2\/pages"}],"about":[{"href":"https:\/\/agora.xtec.cat\/ceip-la-torre\/wp-json\/wp\/v2\/types\/page"}],"author":[{"embeddable":true,"href":"https:\/\/agora.xtec.cat\/ceip-la-torre\/wp-json\/wp\/v2\/users\/1"}],"replies":[{"embeddable":true,"href":"https:\/\/agora.xtec.cat\/ceip-la-torre\/wp-json\/wp\/v2\/comments?post=28"}],"version-history":[{"count":4,"href":"https:\/\/agora.xtec.cat\/ceip-la-torre\/wp-json\/wp\/v2\/pages\/28\/revisions"}],"predecessor-version":[{"id":4182,"href":"https:\/\/agora.xtec.cat\/ceip-la-torre\/wp-json\/wp\/v2\/pages\/28\/revisions\/4182"}],"up":[{"embeddable":true,"href":"https:\/\/agora.xtec.cat\/ceip-la-torre\/wp-json\/wp\/v2\/pages\/22"}],"wp:attachment":[{"href":"https:\/\/agora.xtec.cat\/ceip-la-torre\/wp-json\/wp\/v2\/media?parent=28"}],"curies":[{"name":"wp","href":"https:\/\/api.w.org\/{rel}","templated":true}]}}