{"id":28,"date":"2014-09-18T12:29:35","date_gmt":"2014-09-18T11:29:35","guid":{"rendered":"http:\/\/agora.xtec.cat\/ceip-la-rosella-rossello\/?page_id=28"},"modified":"2026-02-24T13:02:14","modified_gmt":"2026-02-24T12:02:14","slug":"consell-escolar","status":"publish","type":"page","link":"https:\/\/agora.xtec.cat\/ceip-la-rosella-rossello\/lescola\/consell-escolar\/","title":{"rendered":"Consell Escolar"},"content":{"rendered":"<p class=\"MsoNormal\" style=\"text-align: justify;\"><!-- [if gte mso 9]><xml>\n<o:DocumentProperties>\n<o:Author>super<\/o:Author>\n<o:Template>Normal<\/o:Template>\n<o:LastAuthor>super<\/o:LastAuthor>\n<o:Revision>2<\/o:Revision>\n<o:TotalTime>1227<\/o:TotalTime>\n<o:Created>2018-05-03T09:06:00Z<\/o:Created>\n<o:LastSaved>2018-05-03T09:06:00Z<\/o:LastSaved>\n<o:Pages>3<\/o:Pages>\n<o:Words>262<\/o:Words>\n<o:Characters>1447<\/o:Characters>\n<o:Lines>12<\/o:Lines>\n<o:Paragraphs>3<\/o:Paragraphs>\n<o:CharactersWithSpaces>1706<\/o:CharactersWithSpaces>\n<o:Version>15.00<\/o:Version>\n<\/o:DocumentProperties>\n<o:OfficeDocumentSettings>\n<o:AllowPNG\/>\n<\/o:OfficeDocumentSettings>\n<\/xml><![endif]--><!-- [if gte mso 9]><xml>\n<w:WordDocument>\n<w:SpellingState>Clean<\/w:SpellingState>\n<w:GrammarState>Clean<\/w:GrammarState>\n<w:TrackMoves\/>\n<w:TrackFormatting\/>\n<w:HyphenationZone>21<\/w:HyphenationZone>\n<w:PunctuationKerning\/>\n<w:ValidateAgainstSchemas\/>\n<w:SaveIfXMLInvalid>false<\/w:SaveIfXMLInvalid>\n<w:IgnoreMixedContent>false<\/w:IgnoreMixedContent>\n<w:AlwaysShowPlaceholderText>false<\/w:AlwaysShowPlaceholderText>\n<w:DoNotPromoteQF\/>\n<w:LidThemeOther>ES<\/w:LidThemeOther>\n<w:LidThemeAsian>X-NONE<\/w:LidThemeAsian>\n<w:LidThemeComplexScript>X-NONE<\/w:LidThemeComplexScript>\n<w:Compatibility>\n<w:BreakWrappedTables\/>\n<w:SnapToGridInCell\/>\n<w:WrapTextWithPunct\/>\n<w:UseAsianBreakRules\/>\n<w:DontGrowAutofit\/>\n<w:SplitPgBreakAndParaMark\/>\n<w:EnableOpenTypeKerning\/>\n<w:DontFlipMirrorIndents\/>\n<w:OverrideTableStyleHps\/>\n<\/w:Compatibility>\n<m:mathPr>\n<m:mathFont m:val=\"Cambria Math\"\/>\n<m:brkBin m:val=\"before\"\/>\n<m:brkBinSub m:val=\"&#45;-\"\/>\n<m:smallFrac m:val=\"off\"\/>\n<m:dispDef\/>\n<m:lMargin m:val=\"0\"\/>\n<m:rMargin m:val=\"0\"\/>\n<m:defJc m:val=\"centerGroup\"\/>\n<m:wrapIndent m:val=\"1440\"\/>\n<m:intLim m:val=\"subSup\"\/>\n<m:naryLim m:val=\"undOvr\"\/>\n<\/m:mathPr><\/w:WordDocument>\n<\/xml><![endif]--><span lang=\"CA\" style=\"font-size: 12.0pt; mso-bidi-font-size: 11.0pt; line-height: 107%; mso-ansi-language: CA;\">El Consell Escolar \u00e9s l\u2019\u00f2rgan de participaci\u00f3 de la comunitat escolar, i l\u2019\u00f2rgan de programaci\u00f3, seguiment i avaluaci\u00f3 general de les activitats de l\u2019escola. <\/span><\/p>\n<p class=\"MsoNormal\" style=\"text-align: justify;\"><b style=\"mso-bidi-font-weight: normal;\"><span lang=\"CA\" style=\"font-size: 12.0pt; mso-bidi-font-size: 11.0pt; line-height: 107%; mso-ansi-language: CA;\">COMPOSICI\u00d3:<\/span><\/b><\/p>\n<table style=\"border-collapse: collapse; width: 96.882%; height: 319px;\">\n<tbody>\n<tr style=\"height: 64px;\">\n<td style=\"width: 31.0555%; height: 91px;\">Equip directiu<\/td>\n<td style=\"width: 121.863%; height: 91px;\">Judit A. (Presidenta &#8211; Direcci\u00f3)<br \/>Norma F. (Cap d\u2019estudis)<br \/>Noem\u00ed R. (Secret\u00e0ria)<\/td>\n<\/tr>\n<tr style=\"height: 163px;\">\n<td style=\"width: 31.0555%; height: 60px;\">Representants dels mestres<\/td>\n<td style=\"width: 121.863%; height: 60px;\">\n<h6><span style=\"font-weight: 400;\">Albert B.<br \/><\/span><span style=\"font-weight: 400;\">Alba M.<br \/><\/span><span style=\"font-weight: 400;\">J\u00falia N.\u00a0<br \/><\/span><strong>Emili B.\u00a0<br \/><\/strong><strong>S\u00edlvia B.\u00a0<br \/><\/strong><strong>Meritxell H.\u00a0<\/strong><\/h6>\n<\/td>\n<\/tr>\n<tr style=\"height: 72px;\">\n<td style=\"width: 31.0555%; height: 72px;\">Representants de les fam\u00edlies<\/td>\n<td style=\"width: 121.863%; height: 72px;\">\n<p style=\"margin: 0cm;\">Bego\u00f1a V.<br \/>M\u00edriam D.<br \/>Maria P.<br \/>Marta Ll.\u00a0<br \/>Jennyfer C.\u00a0<\/p>\n<\/td>\n<\/tr>\n<tr style=\"height: 32px;\">\n<td style=\"width: 31.0555%; height: 32px;\">Representant de l&#8217;AFA<\/td>\n<td style=\"width: 121.863%; height: 32px;\">David M.<\/td>\n<\/tr>\n<tr style=\"height: 32px;\">\n<td style=\"width: 31.0555%; height: 32px;\">Representant PAS<\/td>\n<td style=\"width: 121.863%; height: 32px;\">Caterina B.<\/td>\n<\/tr>\n<tr style=\"height: 32px;\">\n<td style=\"width: 31.0555%; height: 32px;\">Representant de l&#8217;Ajuntament<\/td>\n<td style=\"width: 121.863%; height: 32px;\">Judit T.<\/td>\n<\/tr>\n<\/tbody>\n<\/table>\n<p class=\"MsoNormal\"><span lang=\"CA\" style=\"font-size: 12.0pt; mso-bidi-font-size: 11.0pt; line-height: 107%; mso-ansi-language: CA;\">El Consell Escolar es reuneix almenys un cop per trimestre. <\/span><\/p>\n<p class=\"MsoNormal\"><span lang=\"CA\" style=\"font-size: 12.0pt; mso-bidi-font-size: 11.0pt; line-height: 107%; mso-ansi-language: CA;\">Els membres del consell estan organitzats en diferents comissions:<\/span><\/p>\n<ul>\n<li class=\"MsoNormal\"><span lang=\"CA\" style=\"font-size: 12.0pt; mso-bidi-font-size: 11.0pt; line-height: 107%; mso-ansi-language: CA;\">Comissi\u00f3 permanent<\/span><\/li>\n<li class=\"MsoNormal\"><span lang=\"CA\" style=\"font-size: 12.0pt; mso-bidi-font-size: 11.0pt; line-height: 107%; mso-ansi-language: CA;\">Comissi\u00f3 econ\u00f2mica<\/span><\/li>\n<li class=\"MsoNormal\"><span lang=\"CA\" style=\"font-size: 12.0pt; mso-bidi-font-size: 11.0pt; line-height: 107%; mso-ansi-language: CA;\">Representant coeducaci\u00f3<\/span><\/li>\n<\/ul>\n<h5><strong>Acords de CONSELL ESCOLAR:<\/strong><\/h5>\n<p>D\u2019acord amb la Llei 19\/2014, del 29 de desembre, de transpar\u00e8ncia, acc\u00e9s a la informaci\u00f3 p\u00fablica i bon govern, els centres educatius han de publicar al seu web, entre d\u2019altra documentaci\u00f3, els acords presos en les reunions del consell escolar.<\/p>\n<p>CURS 25\/26<\/p>\n\n\n<div data-wp-interactive=\"core\/file\" class=\"wp-block-file\"><object data-wp-bind--hidden=\"!state.hasPdfPreview\" hidden class=\"wp-block-file__embed\" data=\"https:\/\/agora.xtec.cat\/ceip-la-rosella-rossello\/wp-content\/uploads\/usu1770\/2025\/11\/1r-CE-2.pdf\" type=\"application\/pdf\" style=\"width:100%;height:600px\" aria-label=\"Incrustaci\u00f3 del fitxer 1r CE.\"><\/object><a id=\"wp-block-file--media-86e68206-c910-47c8-a853-a9b34f574d03\" href=\"https:\/\/agora.xtec.cat\/ceip-la-rosella-rossello\/wp-content\/uploads\/usu1770\/2025\/11\/1r-CE-2.pdf\">1r CE<\/a><a href=\"https:\/\/agora.xtec.cat\/ceip-la-rosella-rossello\/wp-content\/uploads\/usu1770\/2025\/11\/1r-CE-2.pdf\" class=\"wp-block-file__button wp-element-button\" download aria-describedby=\"wp-block-file--media-86e68206-c910-47c8-a853-a9b34f574d03\">Baixa<\/a><\/div>\n\n\n\n<p><a href=\"https:\/\/agora.xtec.cat\/ceip-la-rosella-rossello\/wp-content\/uploads\/usu1770\/2026\/02\/3-Convocatoria-CE-.pdf\">3 Convocat\u00f2ria CE<\/a> <a href=\"https:\/\/agora.xtec.cat\/ceip-la-rosella-rossello\/wp-content\/uploads\/usu1770\/2026\/02\/2-Convocatoria-CE-.pdf\">2 Convocat\u00f2ria CE<\/a><\/p>\n\n\n","protected":false},"excerpt":{"rendered":"<p>El Consell Escolar \u00e9s l\u2019\u00f2rgan de participaci\u00f3 de la comunitat escolar, i l\u2019\u00f2rgan de programaci\u00f3, seguiment i avaluaci\u00f3 general de les activitats de l\u2019escola. COMPOSICI\u00d3: Equip directiu Judit A. (Presidenta &#8211; Direcci\u00f3)Norma F. (Cap d\u2019estudis)Noem\u00ed R. (Secret\u00e0ria) Representants dels mestres Albert B.Alba M.J\u00falia N.\u00a0Emili B.\u00a0S\u00edlvia B.\u00a0Meritxell H.\u00a0 Representants de les fam\u00edlies Bego\u00f1a V.M\u00edriam D.Maria P.Marta [&hellip;]<\/p>\n","protected":false},"author":1,"featured_media":0,"parent":22,"menu_order":30,"comment_status":"closed","ping_status":"closed","template":"","meta":{"_bbp_topic_count":0,"_bbp_reply_count":0,"_bbp_total_topic_count":0,"_bbp_total_reply_count":0,"_bbp_voice_count":0,"_bbp_anonymous_reply_count":0,"_bbp_topic_count_hidden":0,"_bbp_reply_count_hidden":0,"_bbp_forum_subforum_count":0,"site-sidebar-layout":"default","site-content-layout":"","ast-site-content-layout":"default","site-content-style":"default","site-sidebar-style":"default","ast-global-header-display":"","ast-banner-title-visibility":"","ast-main-header-display":"","ast-hfb-above-header-display":"","ast-hfb-below-header-display":"","ast-hfb-mobile-header-display":"","site-post-title":"","ast-breadcrumbs-content":"","ast-featured-img":"","footer-sml-layout":"","theme-transparent-header-meta":"","adv-header-id-meta":"","stick-header-meta":"","header-above-stick-meta":"","header-main-stick-meta":"","header-below-stick-meta":"","astra-migrate-meta-layouts":"set","ast-page-background-enabled":"default","ast-page-background-meta":{"desktop":{"background-color":"var(--ast-global-color-5)","background-image":"","background-repeat":"repeat","background-position":"center center","background-size":"auto","background-attachment":"scroll","background-type":"","background-media":"","overlay-type":"","overlay-color":"","overlay-opacity":"","overlay-gradient":""},"tablet":{"background-color":"","background-image":"","background-repeat":"repeat","background-position":"center center","background-size":"auto","background-attachment":"scroll","background-type":"","background-media":"","overlay-type":"","overlay-color":"","overlay-opacity":"","overlay-gradient":""},"mobile":{"background-color":"","background-image":"","background-repeat":"repeat","background-position":"center center","background-size":"auto","background-attachment":"scroll","background-type":"","background-media":"","overlay-type":"","overlay-color":"","overlay-opacity":"","overlay-gradient":""}},"ast-content-background-meta":{"desktop":{"background-color":"var(--ast-global-color-4)","background-image":"","background-repeat":"repeat","background-position":"center center","background-size":"auto","background-attachment":"scroll","background-type":"","background-media":"","overlay-type":"","overlay-color":"","overlay-opacity":"","overlay-gradient":""},"tablet":{"background-color":"var(--ast-global-color-4)","background-image":"","background-repeat":"repeat","background-position":"center center","background-size":"auto","background-attachment":"scroll","background-type":"","background-media":"","overlay-type":"","overlay-color":"","overlay-opacity":"","overlay-gradient":""},"mobile":{"background-color":"var(--ast-global-color-4)","background-image":"","background-repeat":"repeat","background-position":"center center","background-size":"auto","background-attachment":"scroll","background-type":"","background-media":"","overlay-type":"","overlay-color":"","overlay-opacity":"","overlay-gradient":""}},"footnotes":""},"class_list":["post-28","page","type-page","status-publish","hentry"],"post_mailing_queue_ids":[],"_links":{"self":[{"href":"https:\/\/agora.xtec.cat\/ceip-la-rosella-rossello\/wp-json\/wp\/v2\/pages\/28","targetHints":{"allow":["GET"]}}],"collection":[{"href":"https:\/\/agora.xtec.cat\/ceip-la-rosella-rossello\/wp-json\/wp\/v2\/pages"}],"about":[{"href":"https:\/\/agora.xtec.cat\/ceip-la-rosella-rossello\/wp-json\/wp\/v2\/types\/page"}],"author":[{"embeddable":true,"href":"https:\/\/agora.xtec.cat\/ceip-la-rosella-rossello\/wp-json\/wp\/v2\/users\/1"}],"replies":[{"embeddable":true,"href":"https:\/\/agora.xtec.cat\/ceip-la-rosella-rossello\/wp-json\/wp\/v2\/comments?post=28"}],"version-history":[{"count":5,"href":"https:\/\/agora.xtec.cat\/ceip-la-rosella-rossello\/wp-json\/wp\/v2\/pages\/28\/revisions"}],"predecessor-version":[{"id":8825,"href":"https:\/\/agora.xtec.cat\/ceip-la-rosella-rossello\/wp-json\/wp\/v2\/pages\/28\/revisions\/8825"}],"up":[{"embeddable":true,"href":"https:\/\/agora.xtec.cat\/ceip-la-rosella-rossello\/wp-json\/wp\/v2\/pages\/22"}],"wp:attachment":[{"href":"https:\/\/agora.xtec.cat\/ceip-la-rosella-rossello\/wp-json\/wp\/v2\/media?parent=28"}],"curies":[{"name":"wp","href":"https:\/\/api.w.org\/{rel}","templated":true}]}}