{"id":26,"date":"2014-09-18T12:24:32","date_gmt":"2014-09-18T11:24:32","guid":{"rendered":"http:\/\/agora.xtec.cat\/ceip-la-rosella-rossello\/?page_id=26"},"modified":"2019-09-24T19:55:21","modified_gmt":"2019-09-24T17:55:21","slug":"historia","status":"publish","type":"page","link":"https:\/\/agora.xtec.cat\/ceip-la-rosella-rossello\/lescola\/historia\/","title":{"rendered":"Hist\u00f2ria"},"content":{"rendered":"<p style=\"text-align: left;\">Segons la nostra ideologia, els trets d\u2019identitat que ens defineixen i ens diferencien s\u00f3n:<\/p>\n<ul>\n<li>L\u2019escola, com a\u00a0<strong>p\u00fablica<\/strong>\u00a0que \u00e9s, est\u00e0\u00a0<strong>oberta a tothom<\/strong>\u00a0i acull les diverses maneres de pensar de tots els\/les integrants de la comunitat educativa. Defensem els\u00a0<strong>valors democr\u00e0tics<\/strong>\u00a0en la gesti\u00f3, funcionament i la presa de decisions.<\/li>\n<li>Ens guiem pel principi de\u00a0<strong>coeducaci\u00f3<\/strong>\u00a0i propugnem la\u00a0<strong>no-diferenciaci\u00f3<\/strong>\u00a0per la ra\u00f3 de sexe.<\/li>\n<li>Propugnem la no-diferenciaci\u00f3 per motius de creences religioses. Ens manifestem com una\u00a0<strong>escola laica<\/strong>\u00a0i per tant no adoptem cap opci\u00f3 religiosa concreta, per\u00f2 mantenim una\u00a0<strong>actitud de respecte<\/strong>\u00a0davant la normativa referent a la religi\u00f3 en els centres p\u00fablics.<\/li>\n<li>L\u2019escola intenta transmetre els\u00a0<strong>trets d\u2019identitat catalans<\/strong>, la nostra cultura i les tradicions pr\u00f2pies en tots els aspectes i continguts culturals i tradicionals. Per\u00f2\u00a0<strong>sense menysprear la resta de cultures<\/strong>\u00a0que formen part de la nostra comunitat educativa.<\/li>\n<li>Acollim la\u00a0<strong>diversitat cultural<\/strong>\u00a0com a un valor positiu, fomentant la conviv\u00e8ncia dels alumnes i promovent un\u00a0<strong>aprenentatge conjunt<\/strong>.<\/li>\n<li>La llengua catalana \u00e9s la d\u2019\u00fas i comunicaci\u00f3 en el dia a dia del centre i \u00e9s la llengua vehicular utilitzada en proc\u00e9s d\u2019ensenyament-aprenentatge. De tota manera, vetllem per tal que no es produeixi cap tipus de discriminaci\u00f3 d\u2019\u00fas i aprenentatge de les dues lleng\u00fces oficials.<\/li>\n<li>L\u2019escola intenta fomentar en l\u2019alumnat una\u00a0<strong>actitud activa, curiosa, investigadora i cr\u00edtica<\/strong>, que mitjan\u00e7ant la comunicaci\u00f3 i el treball, ser\u00e0 la base de la seva formaci\u00f3 i de l\u2019adquisici\u00f3 dels seus aprenentatges i coneixements.<\/li>\n<li>Fomentem el\u00a0<strong>respecte<\/strong>\u00a0cap a uns\u00a0<strong>h\u00e0bits saludables<\/strong>\u00a0i cap al medi ambient, promovent el consum responsable, el reciclatge, la reutilitzaci\u00f3 i una alimentaci\u00f3 sana.<\/li>\n<li>Respectem el nivell i ritme d\u2019aprenentatge de cada alumne\/a, evitant tot tipus de discriminaci\u00f3 i efectuant totes les adaptacions que siguin necess\u00e0ries en el cas dels alumnes amb necessitats educatives o d\u2019altes capacitats.<\/li>\n<li>Promovem la resoluci\u00f3 de conflictes a partir de la reflexi\u00f3 per part de les parts afectades, i afavorint el di\u00e0leg, intentem aconseguir una soluci\u00f3 consensuada als problemes que puguin sorgir.<\/li>\n<li>Promovem la possibilitat d\u2019\u00fas del centre a l\u2019entorn m\u00e9s proper per tal que la nostra escola sigui un espai cultural i social pels habitants de la poblaci\u00f3.<\/li>\n<\/ul>\n<p><a href=\"https:\/\/agora.xtec.cat\/ceip-la-rosella-rossello\/wp-content\/uploads\/usu1770\/2018\/12\/IMG-4145.jpg\"><img loading=\"lazy\" decoding=\"async\" class=\"aligncenter wp-image-1112 size-large\" src=\"https:\/\/agora.xtec.cat\/ceip-la-rosella-rossello\/wp-content\/uploads\/usu1770\/2018\/12\/IMG-4145-1024x595.jpg\" alt=\"\" width=\"1024\" height=\"595\" srcset=\"https:\/\/agora.xtec.cat\/ceip-la-rosella-rossello\/wp-content\/uploads\/usu1770\/2018\/12\/IMG-4145-1024x595.jpg 1024w, https:\/\/agora.xtec.cat\/ceip-la-rosella-rossello\/wp-content\/uploads\/usu1770\/2018\/12\/IMG-4145-300x174.jpg 300w, https:\/\/agora.xtec.cat\/ceip-la-rosella-rossello\/wp-content\/uploads\/usu1770\/2018\/12\/IMG-4145-768x446.jpg 768w\" sizes=\"auto, (max-width: 1024px) 100vw, 1024px\" \/><\/a><\/p>\n","protected":false},"excerpt":{"rendered":"<p>Segons la nostra ideologia, els trets d\u2019identitat que ens defineixen i ens diferencien s\u00f3n: L\u2019escola, com a\u00a0p\u00fablica\u00a0que \u00e9s, est\u00e0\u00a0oberta a tothom\u00a0i acull les diverses maneres de pensar de tots els\/les integrants de la comunitat educativa. Defensem els\u00a0valors democr\u00e0tics\u00a0en la gesti\u00f3, funcionament i la presa de decisions. Ens guiem pel principi de\u00a0coeducaci\u00f3\u00a0i propugnem la\u00a0no-diferenciaci\u00f3\u00a0per la ra\u00f3 [&hellip;]<\/p>\n","protected":false},"author":1,"featured_media":0,"parent":22,"menu_order":20,"comment_status":"closed","ping_status":"closed","template":"page-templates\/side-menu.php","meta":{"_bbp_topic_count":0,"_bbp_reply_count":0,"_bbp_total_topic_count":0,"_bbp_total_reply_count":0,"_bbp_voice_count":0,"_bbp_anonymous_reply_count":0,"_bbp_topic_count_hidden":0,"_bbp_reply_count_hidden":0,"_bbp_forum_subforum_count":0,"site-sidebar-layout":"default","site-content-layout":"","ast-site-content-layout":"","site-content-style":"default","site-sidebar-style":"default","ast-global-header-display":"","ast-banner-title-visibility":"","ast-main-header-display":"","ast-hfb-above-header-display":"","ast-hfb-below-header-display":"","ast-hfb-mobile-header-display":"","site-post-title":"","ast-breadcrumbs-content":"","ast-featured-img":"","footer-sml-layout":"","theme-transparent-header-meta":"","adv-header-id-meta":"","stick-header-meta":"","header-above-stick-meta":"","header-main-stick-meta":"","header-below-stick-meta":"","astra-migrate-meta-layouts":"default","ast-page-background-enabled":"default","ast-page-background-meta":{"desktop":{"background-color":"var(--ast-global-color-5)","background-image":"","background-repeat":"repeat","background-position":"center center","background-size":"auto","background-attachment":"scroll","background-type":"","background-media":"","overlay-type":"","overlay-color":"","overlay-opacity":"","overlay-gradient":""},"tablet":{"background-color":"","background-image":"","background-repeat":"repeat","background-position":"center center","background-size":"auto","background-attachment":"scroll","background-type":"","background-media":"","overlay-type":"","overlay-color":"","overlay-opacity":"","overlay-gradient":""},"mobile":{"background-color":"","background-image":"","background-repeat":"repeat","background-position":"center center","background-size":"auto","background-attachment":"scroll","background-type":"","background-media":"","overlay-type":"","overlay-color":"","overlay-opacity":"","overlay-gradient":""}},"ast-content-background-meta":{"desktop":{"background-color":"var(--ast-global-color-4)","background-image":"","background-repeat":"repeat","background-position":"center center","background-size":"auto","background-attachment":"scroll","background-type":"","background-media":"","overlay-type":"","overlay-color":"","overlay-opacity":"","overlay-gradient":""},"tablet":{"background-color":"var(--ast-global-color-4)","background-image":"","background-repeat":"repeat","background-position":"center center","background-size":"auto","background-attachment":"scroll","background-type":"","background-media":"","overlay-type":"","overlay-color":"","overlay-opacity":"","overlay-gradient":""},"mobile":{"background-color":"var(--ast-global-color-4)","background-image":"","background-repeat":"repeat","background-position":"center center","background-size":"auto","background-attachment":"scroll","background-type":"","background-media":"","overlay-type":"","overlay-color":"","overlay-opacity":"","overlay-gradient":""}},"footnotes":""},"class_list":["post-26","page","type-page","status-publish","hentry"],"post_mailing_queue_ids":[],"_links":{"self":[{"href":"https:\/\/agora.xtec.cat\/ceip-la-rosella-rossello\/wp-json\/wp\/v2\/pages\/26","targetHints":{"allow":["GET"]}}],"collection":[{"href":"https:\/\/agora.xtec.cat\/ceip-la-rosella-rossello\/wp-json\/wp\/v2\/pages"}],"about":[{"href":"https:\/\/agora.xtec.cat\/ceip-la-rosella-rossello\/wp-json\/wp\/v2\/types\/page"}],"author":[{"embeddable":true,"href":"https:\/\/agora.xtec.cat\/ceip-la-rosella-rossello\/wp-json\/wp\/v2\/users\/1"}],"replies":[{"embeddable":true,"href":"https:\/\/agora.xtec.cat\/ceip-la-rosella-rossello\/wp-json\/wp\/v2\/comments?post=26"}],"version-history":[{"count":3,"href":"https:\/\/agora.xtec.cat\/ceip-la-rosella-rossello\/wp-json\/wp\/v2\/pages\/26\/revisions"}],"predecessor-version":[{"id":1113,"href":"https:\/\/agora.xtec.cat\/ceip-la-rosella-rossello\/wp-json\/wp\/v2\/pages\/26\/revisions\/1113"}],"up":[{"embeddable":true,"href":"https:\/\/agora.xtec.cat\/ceip-la-rosella-rossello\/wp-json\/wp\/v2\/pages\/22"}],"wp:attachment":[{"href":"https:\/\/agora.xtec.cat\/ceip-la-rosella-rossello\/wp-json\/wp\/v2\/media?parent=26"}],"curies":[{"name":"wp","href":"https:\/\/api.w.org\/{rel}","templated":true}]}}