{"id":1431,"date":"2019-02-01T15:46:28","date_gmt":"2019-02-01T14:46:28","guid":{"rendered":"http:\/\/agora.xtec.cat\/ceip-la-rosella-rossello\/?page_id=1431"},"modified":"2019-09-24T19:59:11","modified_gmt":"2019-09-24T17:59:11","slug":"filosofia","status":"publish","type":"page","link":"https:\/\/agora.xtec.cat\/ceip-la-rosella-rossello\/comunitat-daprenentatge\/filosofia\/","title":{"rendered":"Filosofia"},"content":{"rendered":"<p style=\"text-align: justify;\"><strong>\u00a0<\/strong>Aquest curs hem iniciat la filosofia per a nens i nenes en alguns cursos.<\/p>\n<p style=\"text-align: justify;\"><strong>Qu\u00e8 \u00e9s la filosofia per a nens i nenes?<\/strong> Consisteix en treballar unes habilitats de pensament per aprendre a pensar millor per esdevenir cr\u00edtics, curosos i creatius.<\/p>\n<p style=\"text-align: justify;\"><strong>Com ho fem?<\/strong> Cada setmana ens visita una marieta que es diu Joanaeta, una titella que surt d\u2019una caixa m\u00e0gica i ens porta una sorpresa. Un conte, un joc una obra d&#8217;art&#8230;<\/p>\n<p style=\"text-align: justify;\">Amb aquests recursos es planteja als infants diferents q\u00fcestions. Mitjan\u00e7ant el di\u00e0leg s&#8217;aniran treballant aquestes habilitats de pensament que poden ser: traduccions d&#8217;un llenguatge a un altre, posar exemples, donar raons, descriure, fer hip\u00f2tesis&#8230; La mestra \u00e9s \u00fanicament conductora del di\u00e0leg amb les preguntes. No hi ha cap resposta bona o dolenta ens anem enriquint a partir de les aportacions dels companys buscant sempre bones raons.<\/p>\n<p style=\"text-align: center;\"><strong>P\u00d2STER DEL JARD\u00cdN DE JUANITA<\/strong><\/p>\n<p style=\"text-align: justify;\">Durant el curs 16\/17 \u00a0\u00c0ngelica S\u00e0tiro va proposar a tots els mestres que treballen filosofia a l\u2019aula des de l\u2019\u00e0mbit de la filosofia l\u00fadica i la filosofia creativa crear jardins per la marieta Joaneta per\u00a0 que els nostres infants adquirissin consci\u00e8ncia ecol\u00f2gica i ho fessin des de el treball del propi cos i el pensament. En la nostra escola es va treballar el jard\u00ed a la classe de filosofia a P4. L\u2019editorial octaedro va plasmar en diferents p\u00f2sters el treball de diferents escoles entorn el jard\u00ed. la nostra tamb\u00e9 va participar-hi. Inicialment 17 escoles de tot el m\u00f3n vam ser protagonistes d\u2019una exposici\u00f3 itinerant en diferents congressos i confer\u00e8ncies: M\u00e8xic, Colombia, Madrid, Barcelona, Girona, Argentina&#8230; Actualment continua l\u2019exposici\u00f3 amb m\u00e9s escoles que s\u2019han unit al projecte.<\/p>\n<p><a href=\"https:\/\/agora.xtec.cat\/ceip-la-rosella-rossello\/wp-content\/uploads\/usu1770\/2019\/02\/WhatsApp-Image-2019-02-01-at-13.51.18.jpeg\"><img loading=\"lazy\" decoding=\"async\" class=\" wp-image-1432 aligncenter\" src=\"https:\/\/agora.xtec.cat\/ceip-la-rosella-rossello\/wp-content\/uploads\/usu1770\/2019\/02\/WhatsApp-Image-2019-02-01-at-13.51.18-300x214.jpeg\" alt=\"\" width=\"355\" height=\"254\" srcset=\"https:\/\/agora.xtec.cat\/ceip-la-rosella-rossello\/wp-content\/uploads\/usu1770\/2019\/02\/WhatsApp-Image-2019-02-01-at-13.51.18-300x214.jpeg 300w, https:\/\/agora.xtec.cat\/ceip-la-rosella-rossello\/wp-content\/uploads\/usu1770\/2019\/02\/WhatsApp-Image-2019-02-01-at-13.51.18-768x549.jpeg 768w, https:\/\/agora.xtec.cat\/ceip-la-rosella-rossello\/wp-content\/uploads\/usu1770\/2019\/02\/WhatsApp-Image-2019-02-01-at-13.51.18.jpeg 960w\" sizes=\"auto, (max-width: 355px) 100vw, 355px\" \/><\/a><\/p>\n<p style=\"text-align: right;\">El p\u00f2ster est\u00e0 publicat al llibre d&#8217;Ang\u00e8lica S\u00e0tiro &#8220;Ciudadan\u00eda creativa en el jard\u00edn de Juanita&#8221;<\/p>\n","protected":false},"excerpt":{"rendered":"<p>\u00a0Aquest curs hem iniciat la filosofia per a nens i nenes en alguns cursos. Qu\u00e8 \u00e9s la filosofia per a nens i nenes? Consisteix en treballar unes habilitats de pensament per aprendre a pensar millor per esdevenir cr\u00edtics, curosos i creatius. Com ho fem? Cada setmana ens visita una marieta que es diu Joanaeta, una [&hellip;]<\/p>\n","protected":false},"author":16,"featured_media":0,"parent":1285,"menu_order":0,"comment_status":"closed","ping_status":"closed","template":"page-templates\/side-menu.php","meta":{"_bbp_topic_count":0,"_bbp_reply_count":0,"_bbp_total_topic_count":0,"_bbp_total_reply_count":0,"_bbp_voice_count":0,"_bbp_anonymous_reply_count":0,"_bbp_topic_count_hidden":0,"_bbp_reply_count_hidden":0,"_bbp_forum_subforum_count":0,"site-sidebar-layout":"default","site-content-layout":"","ast-site-content-layout":"","site-content-style":"default","site-sidebar-style":"default","ast-global-header-display":"","ast-banner-title-visibility":"","ast-main-header-display":"","ast-hfb-above-header-display":"","ast-hfb-below-header-display":"","ast-hfb-mobile-header-display":"","site-post-title":"","ast-breadcrumbs-content":"","ast-featured-img":"","footer-sml-layout":"","theme-transparent-header-meta":"","adv-header-id-meta":"","stick-header-meta":"","header-above-stick-meta":"","header-main-stick-meta":"","header-below-stick-meta":"","astra-migrate-meta-layouts":"default","ast-page-background-enabled":"default","ast-page-background-meta":{"desktop":{"background-color":"var(--ast-global-color-5)","background-image":"","background-repeat":"repeat","background-position":"center center","background-size":"auto","background-attachment":"scroll","background-type":"","background-media":"","overlay-type":"","overlay-color":"","overlay-opacity":"","overlay-gradient":""},"tablet":{"background-color":"","background-image":"","background-repeat":"repeat","background-position":"center center","background-size":"auto","background-attachment":"scroll","background-type":"","background-media":"","overlay-type":"","overlay-color":"","overlay-opacity":"","overlay-gradient":""},"mobile":{"background-color":"","background-image":"","background-repeat":"repeat","background-position":"center center","background-size":"auto","background-attachment":"scroll","background-type":"","background-media":"","overlay-type":"","overlay-color":"","overlay-opacity":"","overlay-gradient":""}},"ast-content-background-meta":{"desktop":{"background-color":"var(--ast-global-color-4)","background-image":"","background-repeat":"repeat","background-position":"center center","background-size":"auto","background-attachment":"scroll","background-type":"","background-media":"","overlay-type":"","overlay-color":"","overlay-opacity":"","overlay-gradient":""},"tablet":{"background-color":"var(--ast-global-color-4)","background-image":"","background-repeat":"repeat","background-position":"center center","background-size":"auto","background-attachment":"scroll","background-type":"","background-media":"","overlay-type":"","overlay-color":"","overlay-opacity":"","overlay-gradient":""},"mobile":{"background-color":"var(--ast-global-color-4)","background-image":"","background-repeat":"repeat","background-position":"center center","background-size":"auto","background-attachment":"scroll","background-type":"","background-media":"","overlay-type":"","overlay-color":"","overlay-opacity":"","overlay-gradient":""}},"footnotes":""},"class_list":["post-1431","page","type-page","status-publish","hentry"],"post_mailing_queue_ids":[],"_links":{"self":[{"href":"https:\/\/agora.xtec.cat\/ceip-la-rosella-rossello\/wp-json\/wp\/v2\/pages\/1431","targetHints":{"allow":["GET"]}}],"collection":[{"href":"https:\/\/agora.xtec.cat\/ceip-la-rosella-rossello\/wp-json\/wp\/v2\/pages"}],"about":[{"href":"https:\/\/agora.xtec.cat\/ceip-la-rosella-rossello\/wp-json\/wp\/v2\/types\/page"}],"author":[{"embeddable":true,"href":"https:\/\/agora.xtec.cat\/ceip-la-rosella-rossello\/wp-json\/wp\/v2\/users\/16"}],"replies":[{"embeddable":true,"href":"https:\/\/agora.xtec.cat\/ceip-la-rosella-rossello\/wp-json\/wp\/v2\/comments?post=1431"}],"version-history":[{"count":3,"href":"https:\/\/agora.xtec.cat\/ceip-la-rosella-rossello\/wp-json\/wp\/v2\/pages\/1431\/revisions"}],"predecessor-version":[{"id":1441,"href":"https:\/\/agora.xtec.cat\/ceip-la-rosella-rossello\/wp-json\/wp\/v2\/pages\/1431\/revisions\/1441"}],"up":[{"embeddable":true,"href":"https:\/\/agora.xtec.cat\/ceip-la-rosella-rossello\/wp-json\/wp\/v2\/pages\/1285"}],"wp:attachment":[{"href":"https:\/\/agora.xtec.cat\/ceip-la-rosella-rossello\/wp-json\/wp\/v2\/media?parent=1431"}],"curies":[{"name":"wp","href":"https:\/\/api.w.org\/{rel}","templated":true}]}}