{"id":1295,"date":"2019-01-14T22:05:25","date_gmt":"2019-01-14T21:05:25","guid":{"rendered":"http:\/\/agora.xtec.cat\/ceip-la-rosella-rossello\/?page_id=1295"},"modified":"2024-11-15T10:13:57","modified_gmt":"2024-11-15T09:13:57","slug":"cantania","status":"publish","type":"page","link":"https:\/\/agora.xtec.cat\/ceip-la-rosella-rossello\/comunitat-daprenentatge\/cantania\/","title":{"rendered":"L&#8217;art al llarg del temps"},"content":{"rendered":"<p>Aquest curs, a les sessions d&#8217;educaci\u00f3 art\u00edstica de prim\u00e0ria de l&#8217;escola es treballar\u00e0 l&#8217;art al llarg del temps.<\/p>\n<p>Hem comen\u00e7at per la prehist\u00f2ria i cada cicle anir\u00e0 avan\u00e7ant segons els seus interessos fins a arribar a l&#8217;edat contempor\u00e0nia.<\/p>\n<p>Al pati hem situat una l\u00ednia del temps que ens servir\u00e0 a tota l&#8217;escola per deixar const\u00e0ncia dels fets m\u00e9s importants que anirem coneixent al llarg del curs, des de l&#8217;art, els projectes, les xarxes,&#8230; i el nostre dia a dia a l&#8217;escola.<\/p>\n<p><a href=\"https:\/\/agora.xtec.cat\/ceip-la-rosella-rossello\/wp-content\/uploads\/usu1770\/2024\/10\/WhatsApp-Image-2024-10-25-at-15.41.32.jpeg\"><img loading=\"lazy\" decoding=\"async\" class=\"alignnone size-full wp-image-7892\" src=\"https:\/\/agora.xtec.cat\/ceip-la-rosella-rossello\/wp-content\/uploads\/usu1770\/2024\/10\/WhatsApp-Image-2024-10-25-at-15.41.32.jpeg\" alt=\"\" width=\"1600\" height=\"695\" srcset=\"https:\/\/agora.xtec.cat\/ceip-la-rosella-rossello\/wp-content\/uploads\/usu1770\/2024\/10\/WhatsApp-Image-2024-10-25-at-15.41.32.jpeg 1600w, https:\/\/agora.xtec.cat\/ceip-la-rosella-rossello\/wp-content\/uploads\/usu1770\/2024\/10\/WhatsApp-Image-2024-10-25-at-15.41.32-300x130.jpeg 300w, https:\/\/agora.xtec.cat\/ceip-la-rosella-rossello\/wp-content\/uploads\/usu1770\/2024\/10\/WhatsApp-Image-2024-10-25-at-15.41.32-1024x445.jpeg 1024w, https:\/\/agora.xtec.cat\/ceip-la-rosella-rossello\/wp-content\/uploads\/usu1770\/2024\/10\/WhatsApp-Image-2024-10-25-at-15.41.32-768x334.jpeg 768w, https:\/\/agora.xtec.cat\/ceip-la-rosella-rossello\/wp-content\/uploads\/usu1770\/2024\/10\/WhatsApp-Image-2024-10-25-at-15.41.32-1536x667.jpeg 1536w\" sizes=\"auto, (max-width: 1600px) 100vw, 1600px\" \/><\/a><\/p>\n<table style=\"border-collapse: collapse; width: 100%; height: 82px;\">\n<tbody>\n<tr style=\"height: 32px;\">\n<td style=\"width: 33.3333%; text-align: center; height: 32px;\"><strong>CICLE INICIAL\u00a0<\/strong><\/td>\n<td style=\"width: 33.3333%; text-align: center; height: 32px;\"><strong>CICLE MITJ\u00c0\u00a0<\/strong><\/td>\n<td style=\"width: 33.3333%; text-align: center; height: 32px;\"><strong>CICLE SUPERIOR<\/strong><\/td>\n<\/tr>\n<tr style=\"height: 50px;\">\n<td style=\"width: 33.3333%; height: 50px;\"><a href=\"https:\/\/agora.xtec.cat\/ceip-la-rosella-rossello\/general\/fotos-ci\/\" target=\"_blank\" rel=\"noopener\">PREHIST\u00d2RIA\u00a0<\/a><\/td>\n<td style=\"width: 33.3333%; height: 50px;\"><a href=\"https:\/\/agora.xtec.cat\/ceip-la-rosella-rossello\/general\/fotos-cm\/\" target=\"_blank\" rel=\"noopener\">PREHIST\u00d2RIA\u00a0<\/a><\/td>\n<td style=\"width: 33.3333%; height: 50px;\"><a href=\"https:\/\/agora.xtec.cat\/ceip-la-rosella-rossello\/general\/fotos-cs\/\" target=\"_blank\" rel=\"noopener\">PREHIST\u00d2RIA<\/a><br \/>\n<a href=\"https:\/\/agora.xtec.cat\/ceip-la-rosella-rossello\/general\/fotos-cs\/\" target=\"_blank\" rel=\"noopener\">EDAT ANTIGA<\/a><\/td>\n<\/tr>\n<\/tbody>\n<\/table>\n","protected":false},"excerpt":{"rendered":"<p>Aquest curs, a les sessions d&#8217;educaci\u00f3 art\u00edstica de prim\u00e0ria de l&#8217;escola es treballar\u00e0 l&#8217;art al llarg del temps. Hem comen\u00e7at per la prehist\u00f2ria i cada cicle anir\u00e0 avan\u00e7ant segons els seus interessos fins a arribar a l&#8217;edat contempor\u00e0nia. Al pati hem situat una l\u00ednia del temps que ens servir\u00e0 a tota l&#8217;escola per deixar const\u00e0ncia [&hellip;]<\/p>\n","protected":false},"author":16,"featured_media":0,"parent":1285,"menu_order":0,"comment_status":"closed","ping_status":"closed","template":"page-templates\/side-menu.php","meta":{"_bbp_topic_count":0,"_bbp_reply_count":0,"_bbp_total_topic_count":0,"_bbp_total_reply_count":0,"_bbp_voice_count":0,"_bbp_anonymous_reply_count":0,"_bbp_topic_count_hidden":0,"_bbp_reply_count_hidden":0,"_bbp_forum_subforum_count":0,"site-sidebar-layout":"default","site-content-layout":"","ast-site-content-layout":"","site-content-style":"default","site-sidebar-style":"default","ast-global-header-display":"","ast-banner-title-visibility":"","ast-main-header-display":"","ast-hfb-above-header-display":"","ast-hfb-below-header-display":"","ast-hfb-mobile-header-display":"","site-post-title":"","ast-breadcrumbs-content":"","ast-featured-img":"","footer-sml-layout":"","theme-transparent-header-meta":"","adv-header-id-meta":"","stick-header-meta":"","header-above-stick-meta":"","header-main-stick-meta":"","header-below-stick-meta":"","astra-migrate-meta-layouts":"default","ast-page-background-enabled":"default","ast-page-background-meta":{"desktop":{"background-color":"var(--ast-global-color-5)","background-image":"","background-repeat":"repeat","background-position":"center center","background-size":"auto","background-attachment":"scroll","background-type":"","background-media":"","overlay-type":"","overlay-color":"","overlay-opacity":"","overlay-gradient":""},"tablet":{"background-color":"","background-image":"","background-repeat":"repeat","background-position":"center center","background-size":"auto","background-attachment":"scroll","background-type":"","background-media":"","overlay-type":"","overlay-color":"","overlay-opacity":"","overlay-gradient":""},"mobile":{"background-color":"","background-image":"","background-repeat":"repeat","background-position":"center center","background-size":"auto","background-attachment":"scroll","background-type":"","background-media":"","overlay-type":"","overlay-color":"","overlay-opacity":"","overlay-gradient":""}},"ast-content-background-meta":{"desktop":{"background-color":"var(--ast-global-color-4)","background-image":"","background-repeat":"repeat","background-position":"center center","background-size":"auto","background-attachment":"scroll","background-type":"","background-media":"","overlay-type":"","overlay-color":"","overlay-opacity":"","overlay-gradient":""},"tablet":{"background-color":"var(--ast-global-color-4)","background-image":"","background-repeat":"repeat","background-position":"center center","background-size":"auto","background-attachment":"scroll","background-type":"","background-media":"","overlay-type":"","overlay-color":"","overlay-opacity":"","overlay-gradient":""},"mobile":{"background-color":"var(--ast-global-color-4)","background-image":"","background-repeat":"repeat","background-position":"center center","background-size":"auto","background-attachment":"scroll","background-type":"","background-media":"","overlay-type":"","overlay-color":"","overlay-opacity":"","overlay-gradient":""}},"footnotes":""},"class_list":["post-1295","page","type-page","status-publish","hentry"],"post_mailing_queue_ids":[],"_links":{"self":[{"href":"https:\/\/agora.xtec.cat\/ceip-la-rosella-rossello\/wp-json\/wp\/v2\/pages\/1295","targetHints":{"allow":["GET"]}}],"collection":[{"href":"https:\/\/agora.xtec.cat\/ceip-la-rosella-rossello\/wp-json\/wp\/v2\/pages"}],"about":[{"href":"https:\/\/agora.xtec.cat\/ceip-la-rosella-rossello\/wp-json\/wp\/v2\/types\/page"}],"author":[{"embeddable":true,"href":"https:\/\/agora.xtec.cat\/ceip-la-rosella-rossello\/wp-json\/wp\/v2\/users\/16"}],"replies":[{"embeddable":true,"href":"https:\/\/agora.xtec.cat\/ceip-la-rosella-rossello\/wp-json\/wp\/v2\/comments?post=1295"}],"version-history":[{"count":6,"href":"https:\/\/agora.xtec.cat\/ceip-la-rosella-rossello\/wp-json\/wp\/v2\/pages\/1295\/revisions"}],"predecessor-version":[{"id":7919,"href":"https:\/\/agora.xtec.cat\/ceip-la-rosella-rossello\/wp-json\/wp\/v2\/pages\/1295\/revisions\/7919"}],"up":[{"embeddable":true,"href":"https:\/\/agora.xtec.cat\/ceip-la-rosella-rossello\/wp-json\/wp\/v2\/pages\/1285"}],"wp:attachment":[{"href":"https:\/\/agora.xtec.cat\/ceip-la-rosella-rossello\/wp-json\/wp\/v2\/media?parent=1295"}],"curies":[{"name":"wp","href":"https:\/\/api.w.org\/{rel}","templated":true}]}}