{"id":1293,"date":"2019-01-14T22:04:08","date_gmt":"2019-01-14T21:04:08","guid":{"rendered":"http:\/\/agora.xtec.cat\/ceip-la-rosella-rossello\/?page_id=1293"},"modified":"2019-09-24T19:57:37","modified_gmt":"2019-09-24T17:57:37","slug":"bibliopati","status":"publish","type":"page","link":"https:\/\/agora.xtec.cat\/ceip-la-rosella-rossello\/comunitat-daprenentatge\/bibliopati\/","title":{"rendered":"Bibliopati"},"content":{"rendered":"<p style=\"text-align: justify;\">El Bibliopati \u00e9s un espai on poder gaudir de la lectura en el temps de pati.<\/p>\n<p style=\"text-align: justify;\">\u00c9s una activitat totalment volunt\u00e0ria en la que durant els cinc dies de la setmana es treuen els llibres a l&#8217;espai de Bibliopati<\/p>\n<p style=\"text-align: justify;\">El Bibliopati est\u00e0 situat a l\u2019entrada. Aquesta activitat, sorgeix per oferir als alumnes, en el temps d\u2019esbarjo, l\u2019oportunitat de dedicar-se a la lectura, fomentant i posant \u00e8mfasi en el fet de llegir per fomentar-ne el gust.<\/p>\n<p><a href=\"https:\/\/agora.xtec.cat\/ceip-la-rosella-rossello\/wp-content\/uploads\/usu1770\/2018\/11\/IMG_3718.jpg\"><img loading=\"lazy\" decoding=\"async\" class=\"size-medium wp-image-1038 aligncenter\" src=\"https:\/\/agora.xtec.cat\/ceip-la-rosella-rossello\/wp-content\/uploads\/usu1770\/2018\/11\/IMG_3718-225x300.jpg\" alt=\"\" width=\"225\" height=\"300\" srcset=\"https:\/\/agora.xtec.cat\/ceip-la-rosella-rossello\/wp-content\/uploads\/usu1770\/2018\/11\/IMG_3718-225x300.jpg 225w, https:\/\/agora.xtec.cat\/ceip-la-rosella-rossello\/wp-content\/uploads\/usu1770\/2018\/11\/IMG_3718-768x1024.jpg 768w, https:\/\/agora.xtec.cat\/ceip-la-rosella-rossello\/wp-content\/uploads\/usu1770\/2018\/11\/IMG_3718.jpg 1512w\" sizes=\"auto, (max-width: 225px) 100vw, 225px\" \/><\/a><\/p>\n","protected":false},"excerpt":{"rendered":"<p>El Bibliopati \u00e9s un espai on poder gaudir de la lectura en el temps de pati. \u00c9s una activitat totalment volunt\u00e0ria en la que durant els cinc dies de la setmana es treuen els llibres a l&#8217;espai de Bibliopati El Bibliopati est\u00e0 situat a l\u2019entrada. Aquesta activitat, sorgeix per oferir als alumnes, en el temps [&hellip;]<\/p>\n","protected":false},"author":16,"featured_media":0,"parent":1285,"menu_order":0,"comment_status":"closed","ping_status":"closed","template":"page-templates\/side-menu.php","meta":{"_bbp_topic_count":0,"_bbp_reply_count":0,"_bbp_total_topic_count":0,"_bbp_total_reply_count":0,"_bbp_voice_count":0,"_bbp_anonymous_reply_count":0,"_bbp_topic_count_hidden":0,"_bbp_reply_count_hidden":0,"_bbp_forum_subforum_count":0,"site-sidebar-layout":"default","site-content-layout":"","ast-site-content-layout":"","site-content-style":"default","site-sidebar-style":"default","ast-global-header-display":"","ast-banner-title-visibility":"","ast-main-header-display":"","ast-hfb-above-header-display":"","ast-hfb-below-header-display":"","ast-hfb-mobile-header-display":"","site-post-title":"","ast-breadcrumbs-content":"","ast-featured-img":"","footer-sml-layout":"","theme-transparent-header-meta":"","adv-header-id-meta":"","stick-header-meta":"","header-above-stick-meta":"","header-main-stick-meta":"","header-below-stick-meta":"","astra-migrate-meta-layouts":"default","ast-page-background-enabled":"default","ast-page-background-meta":{"desktop":{"background-color":"var(--ast-global-color-5)","background-image":"","background-repeat":"repeat","background-position":"center center","background-size":"auto","background-attachment":"scroll","background-type":"","background-media":"","overlay-type":"","overlay-color":"","overlay-opacity":"","overlay-gradient":""},"tablet":{"background-color":"","background-image":"","background-repeat":"repeat","background-position":"center center","background-size":"auto","background-attachment":"scroll","background-type":"","background-media":"","overlay-type":"","overlay-color":"","overlay-opacity":"","overlay-gradient":""},"mobile":{"background-color":"","background-image":"","background-repeat":"repeat","background-position":"center center","background-size":"auto","background-attachment":"scroll","background-type":"","background-media":"","overlay-type":"","overlay-color":"","overlay-opacity":"","overlay-gradient":""}},"ast-content-background-meta":{"desktop":{"background-color":"var(--ast-global-color-4)","background-image":"","background-repeat":"repeat","background-position":"center center","background-size":"auto","background-attachment":"scroll","background-type":"","background-media":"","overlay-type":"","overlay-color":"","overlay-opacity":"","overlay-gradient":""},"tablet":{"background-color":"var(--ast-global-color-4)","background-image":"","background-repeat":"repeat","background-position":"center center","background-size":"auto","background-attachment":"scroll","background-type":"","background-media":"","overlay-type":"","overlay-color":"","overlay-opacity":"","overlay-gradient":""},"mobile":{"background-color":"var(--ast-global-color-4)","background-image":"","background-repeat":"repeat","background-position":"center center","background-size":"auto","background-attachment":"scroll","background-type":"","background-media":"","overlay-type":"","overlay-color":"","overlay-opacity":"","overlay-gradient":""}},"footnotes":""},"class_list":["post-1293","page","type-page","status-publish","hentry"],"post_mailing_queue_ids":[],"_links":{"self":[{"href":"https:\/\/agora.xtec.cat\/ceip-la-rosella-rossello\/wp-json\/wp\/v2\/pages\/1293","targetHints":{"allow":["GET"]}}],"collection":[{"href":"https:\/\/agora.xtec.cat\/ceip-la-rosella-rossello\/wp-json\/wp\/v2\/pages"}],"about":[{"href":"https:\/\/agora.xtec.cat\/ceip-la-rosella-rossello\/wp-json\/wp\/v2\/types\/page"}],"author":[{"embeddable":true,"href":"https:\/\/agora.xtec.cat\/ceip-la-rosella-rossello\/wp-json\/wp\/v2\/users\/16"}],"replies":[{"embeddable":true,"href":"https:\/\/agora.xtec.cat\/ceip-la-rosella-rossello\/wp-json\/wp\/v2\/comments?post=1293"}],"version-history":[{"count":1,"href":"https:\/\/agora.xtec.cat\/ceip-la-rosella-rossello\/wp-json\/wp\/v2\/pages\/1293\/revisions"}],"predecessor-version":[{"id":1294,"href":"https:\/\/agora.xtec.cat\/ceip-la-rosella-rossello\/wp-json\/wp\/v2\/pages\/1293\/revisions\/1294"}],"up":[{"embeddable":true,"href":"https:\/\/agora.xtec.cat\/ceip-la-rosella-rossello\/wp-json\/wp\/v2\/pages\/1285"}],"wp:attachment":[{"href":"https:\/\/agora.xtec.cat\/ceip-la-rosella-rossello\/wp-json\/wp\/v2\/media?parent=1293"}],"curies":[{"name":"wp","href":"https:\/\/api.w.org\/{rel}","templated":true}]}}