{"id":1289,"date":"2019-01-14T22:00:31","date_gmt":"2019-01-14T21:00:31","guid":{"rendered":"http:\/\/agora.xtec.cat\/ceip-la-rosella-rossello\/?page_id=1289"},"modified":"2019-09-24T20:02:27","modified_gmt":"2019-09-24T18:02:27","slug":"pla-de-lector","status":"publish","type":"page","link":"https:\/\/agora.xtec.cat\/ceip-la-rosella-rossello\/comunitat-daprenentatge\/pla-de-lector\/","title":{"rendered":"Pla de Lector"},"content":{"rendered":"<p style=\"text-align: justify;\">Des de l\u2019escola participem amb el pla lector <strong>ILEC<\/strong>, els docents del centre han participat en la formaci\u00f3 per tal de potenciant la lectura sistem\u00e0tica en totes les \u00e0rees i mat\u00e8ries del curr\u00edculum al llarg de tota l&#8217;educaci\u00f3 b\u00e0sica per augmentar la compet\u00e8ncia comunicativa ling\u00fc\u00edstica i el desenvolupament de l&#8217;h\u00e0bit lector dels infants, tenint present que la compet\u00e8ncia lectora \u00e9s a la base de molts dels\u00a0aprenentatges i un requisit per participar amb \u00e8xit en bona part dels \u00e0mbits de la vida adulta.<\/p>\n<p style=\"text-align: justify;\">Per aquest motiu es contempla dins l\u2019horari lectiu 30 minuts de lectura di\u00e0ria, per tal de despertar el gust lector dels nostres alumnes.<\/p>\n<p><a href=\"https:\/\/agora.xtec.cat\/ceip-la-rosella-rossello\/wp-content\/uploads\/usu1770\/2019\/01\/Logo-ILEC-2.GIF.bmp\"><img loading=\"lazy\" decoding=\"async\" class=\"wp-image-1307 aligncenter\" src=\"https:\/\/agora.xtec.cat\/ceip-la-rosella-rossello\/wp-content\/uploads\/usu1770\/2019\/01\/Logo-ILEC-2.GIF.bmp\" alt=\"\" width=\"180\" height=\"144\" \/><\/a><\/p>\n","protected":false},"excerpt":{"rendered":"<p>Des de l\u2019escola participem amb el pla lector ILEC, els docents del centre han participat en la formaci\u00f3 per tal de potenciant la lectura sistem\u00e0tica en totes les \u00e0rees i mat\u00e8ries del curr\u00edculum al llarg de tota l&#8217;educaci\u00f3 b\u00e0sica per augmentar la compet\u00e8ncia comunicativa ling\u00fc\u00edstica i el desenvolupament de l&#8217;h\u00e0bit lector dels infants, tenint present [&hellip;]<\/p>\n","protected":false},"author":16,"featured_media":0,"parent":1285,"menu_order":0,"comment_status":"closed","ping_status":"closed","template":"page-templates\/side-menu.php","meta":{"_bbp_topic_count":0,"_bbp_reply_count":0,"_bbp_total_topic_count":0,"_bbp_total_reply_count":0,"_bbp_voice_count":0,"_bbp_anonymous_reply_count":0,"_bbp_topic_count_hidden":0,"_bbp_reply_count_hidden":0,"_bbp_forum_subforum_count":0,"site-sidebar-layout":"default","site-content-layout":"","ast-site-content-layout":"","site-content-style":"default","site-sidebar-style":"default","ast-global-header-display":"","ast-banner-title-visibility":"","ast-main-header-display":"","ast-hfb-above-header-display":"","ast-hfb-below-header-display":"","ast-hfb-mobile-header-display":"","site-post-title":"","ast-breadcrumbs-content":"","ast-featured-img":"","footer-sml-layout":"","theme-transparent-header-meta":"","adv-header-id-meta":"","stick-header-meta":"","header-above-stick-meta":"","header-main-stick-meta":"","header-below-stick-meta":"","astra-migrate-meta-layouts":"default","ast-page-background-enabled":"default","ast-page-background-meta":{"desktop":{"background-color":"var(--ast-global-color-5)","background-image":"","background-repeat":"repeat","background-position":"center center","background-size":"auto","background-attachment":"scroll","background-type":"","background-media":"","overlay-type":"","overlay-color":"","overlay-opacity":"","overlay-gradient":""},"tablet":{"background-color":"","background-image":"","background-repeat":"repeat","background-position":"center center","background-size":"auto","background-attachment":"scroll","background-type":"","background-media":"","overlay-type":"","overlay-color":"","overlay-opacity":"","overlay-gradient":""},"mobile":{"background-color":"","background-image":"","background-repeat":"repeat","background-position":"center center","background-size":"auto","background-attachment":"scroll","background-type":"","background-media":"","overlay-type":"","overlay-color":"","overlay-opacity":"","overlay-gradient":""}},"ast-content-background-meta":{"desktop":{"background-color":"var(--ast-global-color-4)","background-image":"","background-repeat":"repeat","background-position":"center center","background-size":"auto","background-attachment":"scroll","background-type":"","background-media":"","overlay-type":"","overlay-color":"","overlay-opacity":"","overlay-gradient":""},"tablet":{"background-color":"var(--ast-global-color-4)","background-image":"","background-repeat":"repeat","background-position":"center center","background-size":"auto","background-attachment":"scroll","background-type":"","background-media":"","overlay-type":"","overlay-color":"","overlay-opacity":"","overlay-gradient":""},"mobile":{"background-color":"var(--ast-global-color-4)","background-image":"","background-repeat":"repeat","background-position":"center center","background-size":"auto","background-attachment":"scroll","background-type":"","background-media":"","overlay-type":"","overlay-color":"","overlay-opacity":"","overlay-gradient":""}},"footnotes":""},"class_list":["post-1289","page","type-page","status-publish","hentry"],"post_mailing_queue_ids":[],"_links":{"self":[{"href":"https:\/\/agora.xtec.cat\/ceip-la-rosella-rossello\/wp-json\/wp\/v2\/pages\/1289","targetHints":{"allow":["GET"]}}],"collection":[{"href":"https:\/\/agora.xtec.cat\/ceip-la-rosella-rossello\/wp-json\/wp\/v2\/pages"}],"about":[{"href":"https:\/\/agora.xtec.cat\/ceip-la-rosella-rossello\/wp-json\/wp\/v2\/types\/page"}],"author":[{"embeddable":true,"href":"https:\/\/agora.xtec.cat\/ceip-la-rosella-rossello\/wp-json\/wp\/v2\/users\/16"}],"replies":[{"embeddable":true,"href":"https:\/\/agora.xtec.cat\/ceip-la-rosella-rossello\/wp-json\/wp\/v2\/comments?post=1289"}],"version-history":[{"count":2,"href":"https:\/\/agora.xtec.cat\/ceip-la-rosella-rossello\/wp-json\/wp\/v2\/pages\/1289\/revisions"}],"predecessor-version":[{"id":1308,"href":"https:\/\/agora.xtec.cat\/ceip-la-rosella-rossello\/wp-json\/wp\/v2\/pages\/1289\/revisions\/1308"}],"up":[{"embeddable":true,"href":"https:\/\/agora.xtec.cat\/ceip-la-rosella-rossello\/wp-json\/wp\/v2\/pages\/1285"}],"wp:attachment":[{"href":"https:\/\/agora.xtec.cat\/ceip-la-rosella-rossello\/wp-json\/wp\/v2\/media?parent=1289"}],"curies":[{"name":"wp","href":"https:\/\/api.w.org\/{rel}","templated":true}]}}