{"id":1281,"date":"2019-01-14T21:53:19","date_gmt":"2019-01-14T20:53:19","guid":{"rendered":"http:\/\/agora.xtec.cat\/ceip-la-rosella-rossello\/?page_id=1281"},"modified":"2019-09-24T19:57:50","modified_gmt":"2019-09-24T17:57:50","slug":"familia-i-escola","status":"publish","type":"page","link":"https:\/\/agora.xtec.cat\/ceip-la-rosella-rossello\/comunitat-daprenentatge\/familia-i-escola\/","title":{"rendered":"Fam\u00edlia i escola"},"content":{"rendered":"<p style=\"text-align: justify;\">Escola i fam\u00edlia tenen un objectiu com\u00fa: l&#8217;\u00e8xit educatiu dels fills, \u00e9s per aix\u00f2 que des de l\u2019escola potenciem la participaci\u00f3 de les fam\u00edlies, a banda de determinades festes (nadal, la festa final de curs, &#8230;) Al llarg de l\u2019any compatim diferents estones:<\/p>\n<p style=\"text-align: justify;\">Per la diada de Sant Jordi us convidem a participar la marat\u00f3 de lectura.<\/p>\n<p><a href=\"https:\/\/agora.xtec.cat\/ceip-la-rosella-rossello\/wp-content\/uploads\/usu1770\/2019\/01\/IMG_20170421_155454.jpg\"><img loading=\"lazy\" decoding=\"async\" class=\"size-medium wp-image-1337 aligncenter\" src=\"https:\/\/agora.xtec.cat\/ceip-la-rosella-rossello\/wp-content\/uploads\/usu1770\/2019\/01\/IMG_20170421_155454-225x300.jpg\" alt=\"\" width=\"225\" height=\"300\" srcset=\"https:\/\/agora.xtec.cat\/ceip-la-rosella-rossello\/wp-content\/uploads\/usu1770\/2019\/01\/IMG_20170421_155454-225x300.jpg 225w, https:\/\/agora.xtec.cat\/ceip-la-rosella-rossello\/wp-content\/uploads\/usu1770\/2019\/01\/IMG_20170421_155454-768x1024.jpg 768w, https:\/\/agora.xtec.cat\/ceip-la-rosella-rossello\/wp-content\/uploads\/usu1770\/2019\/01\/IMG_20170421_155454.jpg 1920w\" sizes=\"auto, (max-width: 225px) 100vw, 225px\" \/><\/a><\/p>\n<p style=\"text-align: justify;\">Aquest curs 2018-2019 vam dur a terme el <a href=\"https:\/\/agora.xtec.cat\/ceip-la-rosella-rossello\/general\/projecte-pati\/\" target=\"_blank\" rel=\"noopener noreferrer\">projecte pati<\/a><\/p>\n<p style=\"text-align: justify;\">A m\u00e9s a m\u00e9s les fam\u00edlies entreu a educaci\u00f3 infantil per participar en diferents projectes com a p3 \u201cels meus primers anys de vida\u201d a p4 \u201cque ens agrada fer plegats\u201d i a p5 \u201con treballem\u201d i podeu entrar a explicar un conte per a potencia el gust per la lectura durant 30 minuts diaris.<\/p>\n<p style=\"text-align: justify;\">A educaci\u00f3 prim\u00e0ria tamb\u00e9 col\u00b7laboreu en diferents activitats que poden sorgir al llarg del curs o per tal d\u2019ajudar en algun projecte.<\/p>\n","protected":false},"excerpt":{"rendered":"<p>Escola i fam\u00edlia tenen un objectiu com\u00fa: l&#8217;\u00e8xit educatiu dels fills, \u00e9s per aix\u00f2 que des de l\u2019escola potenciem la participaci\u00f3 de les fam\u00edlies, a banda de determinades festes (nadal, la festa final de curs, &#8230;) Al llarg de l\u2019any compatim diferents estones: Per la diada de Sant Jordi us convidem a participar la marat\u00f3 [&hellip;]<\/p>\n","protected":false},"author":16,"featured_media":0,"parent":1285,"menu_order":0,"comment_status":"closed","ping_status":"closed","template":"page-templates\/side-menu.php","meta":{"_bbp_topic_count":0,"_bbp_reply_count":0,"_bbp_total_topic_count":0,"_bbp_total_reply_count":0,"_bbp_voice_count":0,"_bbp_anonymous_reply_count":0,"_bbp_topic_count_hidden":0,"_bbp_reply_count_hidden":0,"_bbp_forum_subforum_count":0,"site-sidebar-layout":"default","site-content-layout":"","ast-site-content-layout":"","site-content-style":"default","site-sidebar-style":"default","ast-global-header-display":"","ast-banner-title-visibility":"","ast-main-header-display":"","ast-hfb-above-header-display":"","ast-hfb-below-header-display":"","ast-hfb-mobile-header-display":"","site-post-title":"","ast-breadcrumbs-content":"","ast-featured-img":"","footer-sml-layout":"","theme-transparent-header-meta":"","adv-header-id-meta":"","stick-header-meta":"","header-above-stick-meta":"","header-main-stick-meta":"","header-below-stick-meta":"","astra-migrate-meta-layouts":"default","ast-page-background-enabled":"default","ast-page-background-meta":{"desktop":{"background-color":"var(--ast-global-color-5)","background-image":"","background-repeat":"repeat","background-position":"center center","background-size":"auto","background-attachment":"scroll","background-type":"","background-media":"","overlay-type":"","overlay-color":"","overlay-opacity":"","overlay-gradient":""},"tablet":{"background-color":"","background-image":"","background-repeat":"repeat","background-position":"center center","background-size":"auto","background-attachment":"scroll","background-type":"","background-media":"","overlay-type":"","overlay-color":"","overlay-opacity":"","overlay-gradient":""},"mobile":{"background-color":"","background-image":"","background-repeat":"repeat","background-position":"center center","background-size":"auto","background-attachment":"scroll","background-type":"","background-media":"","overlay-type":"","overlay-color":"","overlay-opacity":"","overlay-gradient":""}},"ast-content-background-meta":{"desktop":{"background-color":"var(--ast-global-color-4)","background-image":"","background-repeat":"repeat","background-position":"center center","background-size":"auto","background-attachment":"scroll","background-type":"","background-media":"","overlay-type":"","overlay-color":"","overlay-opacity":"","overlay-gradient":""},"tablet":{"background-color":"var(--ast-global-color-4)","background-image":"","background-repeat":"repeat","background-position":"center center","background-size":"auto","background-attachment":"scroll","background-type":"","background-media":"","overlay-type":"","overlay-color":"","overlay-opacity":"","overlay-gradient":""},"mobile":{"background-color":"var(--ast-global-color-4)","background-image":"","background-repeat":"repeat","background-position":"center center","background-size":"auto","background-attachment":"scroll","background-type":"","background-media":"","overlay-type":"","overlay-color":"","overlay-opacity":"","overlay-gradient":""}},"footnotes":""},"class_list":["post-1281","page","type-page","status-publish","hentry"],"post_mailing_queue_ids":[],"_links":{"self":[{"href":"https:\/\/agora.xtec.cat\/ceip-la-rosella-rossello\/wp-json\/wp\/v2\/pages\/1281","targetHints":{"allow":["GET"]}}],"collection":[{"href":"https:\/\/agora.xtec.cat\/ceip-la-rosella-rossello\/wp-json\/wp\/v2\/pages"}],"about":[{"href":"https:\/\/agora.xtec.cat\/ceip-la-rosella-rossello\/wp-json\/wp\/v2\/types\/page"}],"author":[{"embeddable":true,"href":"https:\/\/agora.xtec.cat\/ceip-la-rosella-rossello\/wp-json\/wp\/v2\/users\/16"}],"replies":[{"embeddable":true,"href":"https:\/\/agora.xtec.cat\/ceip-la-rosella-rossello\/wp-json\/wp\/v2\/comments?post=1281"}],"version-history":[{"count":3,"href":"https:\/\/agora.xtec.cat\/ceip-la-rosella-rossello\/wp-json\/wp\/v2\/pages\/1281\/revisions"}],"predecessor-version":[{"id":2277,"href":"https:\/\/agora.xtec.cat\/ceip-la-rosella-rossello\/wp-json\/wp\/v2\/pages\/1281\/revisions\/2277"}],"up":[{"embeddable":true,"href":"https:\/\/agora.xtec.cat\/ceip-la-rosella-rossello\/wp-json\/wp\/v2\/pages\/1285"}],"wp:attachment":[{"href":"https:\/\/agora.xtec.cat\/ceip-la-rosella-rossello\/wp-json\/wp\/v2\/media?parent=1281"}],"curies":[{"name":"wp","href":"https:\/\/api.w.org\/{rel}","templated":true}]}}