{"id":1263,"date":"2019-01-14T21:05:28","date_gmt":"2019-01-14T20:05:28","guid":{"rendered":"http:\/\/agora.xtec.cat\/ceip-la-rosella-rossello\/?page_id=1263"},"modified":"2023-11-09T17:03:42","modified_gmt":"2023-11-09T16:03:42","slug":"robotica","status":"publish","type":"page","link":"https:\/\/agora.xtec.cat\/ceip-la-rosella-rossello\/el-dia-a-dia-a-lescola\/robotica\/","title":{"rendered":"Rob\u00f2tica"},"content":{"rendered":"<p style=\"text-align: right;\"><em>&#8220;Estem en una nova era, una era canviant i plena de reptes, que requereix noves necessitats i noves solucions. Necessitem formar alumnes creatius, preparats per resoldre problemes amb l&#8217;\u00fas de la xarxa i les tecnologies al seu abast, capa\u00e7 de treballar en equip, de construir i programar noves eines, capa\u00e7os de millorar el m\u00f3n\u201d.<\/em><\/p>\n<p style=\"text-align: right;\"><em>Alfons Cornella<\/em><\/p>\n<p style=\"text-align: justify;\">La rob\u00f2tica educativa \u00e9s una eina<strong> motivadora<\/strong>\u00a0amb el qual els nens i nenes poden desenvolupar diferents aspectes del curr\u00edculum des del vessant m\u00e9s l\u00fadica, potenciant\u00a0<strong>habilitats d\u2019investigaci\u00f3<\/strong>, de\u00a0<strong>resoluci\u00f3 de problemes\u00a0<\/strong>(raonament, an\u00e0lisi i pensament cr\u00edtic) i la seva\u00a0<strong>creativitat <\/strong>respectant els diferents ritmes de treball. La programaci\u00f3 permet desenvolupar el\u00a0<strong>pensament computacional<\/strong>, una t\u00e8cnica de resoluci\u00f3 de problemes que mitjan\u00e7ant la descomposici\u00f3, la representaci\u00f3 de dades, l\u2019abstracci\u00f3 i l\u2019elaboraci\u00f3 d\u2019algoritmes es poden resoldre problemes de diferents \u00e0mbits.<\/p>\n<p><span style=\"text-decoration: underline;\"><strong>L\u2019experi\u00e8ncia. Qu\u00e8 fem?<\/strong><\/span><\/p>\n<p style=\"text-align: justify;\"><a href=\"https:\/\/agora.xtec.cat\/ceip-la-rosella-rossello\/wp-content\/uploads\/usu1770\/2019\/01\/baixa.jpg\"><img loading=\"lazy\" decoding=\"async\" class=\"wp-image-1264 alignright\" src=\"https:\/\/agora.xtec.cat\/ceip-la-rosella-rossello\/wp-content\/uploads\/usu1770\/2019\/01\/baixa.jpg\" alt=\"\" width=\"78\" height=\"78\" srcset=\"https:\/\/agora.xtec.cat\/ceip-la-rosella-rossello\/wp-content\/uploads\/usu1770\/2019\/01\/baixa.jpg 225w, https:\/\/agora.xtec.cat\/ceip-la-rosella-rossello\/wp-content\/uploads\/usu1770\/2019\/01\/baixa-150x150.jpg 150w\" sizes=\"auto, (max-width: 78px) 100vw, 78px\" \/><\/a>A l&#8217;escola comptem amb <strong>Bee-bots<\/strong>, \u00e9s un petit robot en forma d&#8217;abella que ha de seguir les nostres instruccions mitjan\u00e7ant ordres (avan\u00e7ar, retrocedir, girar) que hem de seq\u00fcenciar correctament a trav\u00e9s de la pulsaci\u00f3 de botons per arribar a un dest\u00ed que marquem com a objectiu.<\/p>\n<p style=\"text-align: justify;\">\n<p style=\"text-align: justify;\">L&#8217;alumnat practiquen la programaci\u00f3 a trav\u00e9s de l\u2019assaig-error a l\u2019hora d\u2019aconseguir que les &#8220;abelletes\u201d facin el cam\u00ed <a href=\"https:\/\/agora.xtec.cat\/ceip-la-rosella-rossello\/wp-content\/uploads\/usu1770\/2019\/01\/bee-bot-blue-bot.jpg\"><img loading=\"lazy\" decoding=\"async\" class=\"wp-image-1265 alignleft\" src=\"https:\/\/agora.xtec.cat\/ceip-la-rosella-rossello\/wp-content\/uploads\/usu1770\/2019\/01\/bee-bot-blue-bot-300x184.jpg\" alt=\"\" width=\"106\" height=\"65\" srcset=\"https:\/\/agora.xtec.cat\/ceip-la-rosella-rossello\/wp-content\/uploads\/usu1770\/2019\/01\/bee-bot-blue-bot-300x184.jpg 300w, https:\/\/agora.xtec.cat\/ceip-la-rosella-rossello\/wp-content\/uploads\/usu1770\/2019\/01\/bee-bot-blue-bot.jpg 334w\" sizes=\"auto, (max-width: 106px) 100vw, 106px\" \/><\/a>desitjat amb els <strong>Bee-bots i les Blue-bot<\/strong> un robot similar per\u00f2 amb la seva carcassa transparent i la possibilitat de ser manejat des d&#8217;un dispositiu m\u00f2bil a trav\u00e9s de connexi\u00f3 bluethoot i l&#8217;app.<\/p>\n<p><a href=\"https:\/\/agora.xtec.cat\/ceip-la-rosella-rossello\/wp-content\/uploads\/usu1770\/2023\/11\/Diseno-sin-titulo.png\"><img loading=\"lazy\" decoding=\"async\" class=\"wp-image-6947 alignleft\" src=\"https:\/\/agora.xtec.cat\/ceip-la-rosella-rossello\/wp-content\/uploads\/usu1770\/2023\/11\/Diseno-sin-titulo.png\" alt=\"\" width=\"213\" height=\"179\" srcset=\"https:\/\/agora.xtec.cat\/ceip-la-rosella-rossello\/wp-content\/uploads\/usu1770\/2023\/11\/Diseno-sin-titulo.png 940w, https:\/\/agora.xtec.cat\/ceip-la-rosella-rossello\/wp-content\/uploads\/usu1770\/2023\/11\/Diseno-sin-titulo-300x250.png 300w, https:\/\/agora.xtec.cat\/ceip-la-rosella-rossello\/wp-content\/uploads\/usu1770\/2023\/11\/Diseno-sin-titulo-768x644.png 768w\" sizes=\"auto, (max-width: 213px) 100vw, 213px\" \/><\/a><\/p>\n<p>&nbsp;<\/p>\n<p>A l&#8217;escola comptem amb robots <strong>mTiny<\/strong> Mitjan\u00e7ant un innovador llapis t\u00e0ctil, un mapa interactiu, targetes de programaci\u00f3\u00a0i un llibre d&#8217;activitats permet als nens aprendre les bases de les programaci\u00f3 de forma divertida mitjan\u00e7ant el joc, exercitar el pensament l\u00f2gic i fomentar les habilitats de resoluci\u00f3 de problemes.<\/p>\n<p>&nbsp;<\/p>\n<p>Amb\u00a0<strong>Codey Rocky <\/strong>es el robot perfecte per iniciar-se en la programaci\u00f3 mitjan\u00e7ant un senzill software de\u00a0blocs basat en Scratch o b\u00e9 en codi Python per a usuaris m\u00e9s avan\u00e7ats.<a href=\"https:\/\/agora.xtec.cat\/ceip-la-rosella-rossello\/wp-content\/uploads\/usu1770\/2023\/11\/Diseno-sin-titulo-1.png\"><img loading=\"lazy\" decoding=\"async\" class=\"wp-image-6948 alignright\" src=\"https:\/\/agora.xtec.cat\/ceip-la-rosella-rossello\/wp-content\/uploads\/usu1770\/2023\/11\/Diseno-sin-titulo-1.png\" alt=\"\" width=\"135\" height=\"113\" srcset=\"https:\/\/agora.xtec.cat\/ceip-la-rosella-rossello\/wp-content\/uploads\/usu1770\/2023\/11\/Diseno-sin-titulo-1.png 940w, https:\/\/agora.xtec.cat\/ceip-la-rosella-rossello\/wp-content\/uploads\/usu1770\/2023\/11\/Diseno-sin-titulo-1-300x250.png 300w, https:\/\/agora.xtec.cat\/ceip-la-rosella-rossello\/wp-content\/uploads\/usu1770\/2023\/11\/Diseno-sin-titulo-1-768x644.png 768w\" sizes=\"auto, (max-width: 135px) 100vw, 135px\" \/><\/a><\/p>\n<p>Tot en un entorn de reptes i jocs que permet als alumnes aprendre sobre conceptes com la Intel\u00b7lig\u00e8ncia Artificial o Internet de les Coses a el mateix temps que es diverteixen.<\/p>\n<p><strong>m<a href=\"https:\/\/agora.xtec.cat\/ceip-la-rosella-rossello\/wp-content\/uploads\/usu1770\/2019\/01\/61hpE88bbLL._SY355_.jpg\"><img loading=\"lazy\" decoding=\"async\" class=\"wp-image-1267 alignleft\" src=\"https:\/\/agora.xtec.cat\/ceip-la-rosella-rossello\/wp-content\/uploads\/usu1770\/2019\/01\/61hpE88bbLL._SY355_-300x300.jpg\" alt=\"\" width=\"72\" height=\"72\" srcset=\"https:\/\/agora.xtec.cat\/ceip-la-rosella-rossello\/wp-content\/uploads\/usu1770\/2019\/01\/61hpE88bbLL._SY355_-300x300.jpg 300w, https:\/\/agora.xtec.cat\/ceip-la-rosella-rossello\/wp-content\/uploads\/usu1770\/2019\/01\/61hpE88bbLL._SY355_-150x150.jpg 150w, https:\/\/agora.xtec.cat\/ceip-la-rosella-rossello\/wp-content\/uploads\/usu1770\/2019\/01\/61hpE88bbLL._SY355_.jpg 355w\" sizes=\"auto, (max-width: 72px) 100vw, 72px\" \/><\/a>B<\/strong><strong>ot,\u00a0<\/strong>\u00e9s un robot educatiu ideal per iniciar-se en la programaci\u00f3 i rob\u00f2tica des d&#8217;educaci\u00f3 prim\u00e0ria.<\/p>\n<h1 id=\"productname\"><\/h1>\n<p>&nbsp;<\/p>\n<p><a style=\"color: #2795b6;\" href=\"https:\/\/agora.xtec.cat\/ceip-la-rosella-rossello\/wp-content\/uploads\/usu1770\/2023\/11\/Diseno-sin-titulo-2.png\"><img loading=\"lazy\" decoding=\"async\" class=\"wp-image-6949 alignleft\" src=\"https:\/\/agora.xtec.cat\/ceip-la-rosella-rossello\/wp-content\/uploads\/usu1770\/2023\/11\/Diseno-sin-titulo-2.png\" alt=\"\" width=\"129\" height=\"108\" srcset=\"https:\/\/agora.xtec.cat\/ceip-la-rosella-rossello\/wp-content\/uploads\/usu1770\/2023\/11\/Diseno-sin-titulo-2.png 940w, https:\/\/agora.xtec.cat\/ceip-la-rosella-rossello\/wp-content\/uploads\/usu1770\/2023\/11\/Diseno-sin-titulo-2-300x250.png 300w, https:\/\/agora.xtec.cat\/ceip-la-rosella-rossello\/wp-content\/uploads\/usu1770\/2023\/11\/Diseno-sin-titulo-2-768x644.png 768w\" sizes=\"auto, (max-width: 129px) 100vw, 129px\" \/><\/a><\/p>\n<p><strong>LEGO Education WeDo 2.0<\/strong> \u00e9s el kit de rob\u00f2tica que permet construir i programar robots mitjan\u00e7ant l&#8217;\u00fas de motors, sensors i peces de LEGO.<\/p>\n<p>\u00c9s un producte usat que t\u00e9 la nostra\u00a0garantia de bon funcionament\u00a0i est\u00e0 revisat exhaustivament per garantir que\u00a0contingui\u00a0totes les seves peces i components.<\/p>\n<p>Poc a poc s\u2019introdueix l\u2019aventura de la <strong>programaci\u00f3 amb l\u2019Scratch<\/strong>,\u00a0un entorn de programaci\u00f3 visual per blocs adre\u00e7at a infants i joves que permet crear hist\u00f2ries <a href=\"http:\/\/Https:\/\/scratch.mit.edu\/about\" target=\"_blank\" rel=\"noopener noreferrer\">m\u00e9s informaci\u00f3 aqu\u00ed<\/a>.<\/p>\n<p><strong><a href=\"https:\/\/agora.xtec.cat\/ceip-la-rosella-rossello\/wp-content\/uploads\/usu1770\/2019\/01\/images.jpg\"><img loading=\"lazy\" decoding=\"async\" class=\"wp-image-1266 alignleft\" src=\"https:\/\/agora.xtec.cat\/ceip-la-rosella-rossello\/wp-content\/uploads\/usu1770\/2019\/01\/images.jpg\" alt=\"\" width=\"176\" height=\"132\" srcset=\"https:\/\/agora.xtec.cat\/ceip-la-rosella-rossello\/wp-content\/uploads\/usu1770\/2019\/01\/images.jpg 259w, https:\/\/agora.xtec.cat\/ceip-la-rosella-rossello\/wp-content\/uploads\/usu1770\/2019\/01\/images-200x150.jpg 200w\" sizes=\"auto, (max-width: 176px) 100vw, 176px\" \/><\/a><br \/>\n<\/strong><\/p>\n<p>&nbsp;<\/p>\n<p>&nbsp;<\/p>\n<p>&nbsp;<\/p>\n<p>Tenim jocs de taula de pensament computacional.<\/p>\n<p>&nbsp;<\/p>\n<p>A m\u00e9s l\u2019escola comptem amb <strong>ulleres de realitat virtual<\/strong><\/p>\n<p>&nbsp;<\/p>\n<p>&nbsp;<\/p>\n<p>L&#8217;alumnat de C.S compta amb la dotaci\u00f3 del Departament d&#8217;Educaci\u00f3.<\/p>\n","protected":false},"excerpt":{"rendered":"<p>&#8220;Estem en una nova era, una era canviant i plena de reptes, que requereix noves necessitats i noves solucions. Necessitem formar alumnes creatius, preparats per resoldre problemes amb l&#8217;\u00fas de la xarxa i les tecnologies al seu abast, capa\u00e7 de treballar en equip, de construir i programar noves eines, capa\u00e7os de millorar el m\u00f3n\u201d. Alfons [&hellip;]<\/p>\n","protected":false},"author":16,"featured_media":0,"parent":1255,"menu_order":0,"comment_status":"closed","ping_status":"closed","template":"page-templates\/side-menu.php","meta":{"_bbp_topic_count":0,"_bbp_reply_count":0,"_bbp_total_topic_count":0,"_bbp_total_reply_count":0,"_bbp_voice_count":0,"_bbp_anonymous_reply_count":0,"_bbp_topic_count_hidden":0,"_bbp_reply_count_hidden":0,"_bbp_forum_subforum_count":0,"site-sidebar-layout":"default","site-content-layout":"","ast-site-content-layout":"","site-content-style":"default","site-sidebar-style":"default","ast-global-header-display":"","ast-banner-title-visibility":"","ast-main-header-display":"","ast-hfb-above-header-display":"","ast-hfb-below-header-display":"","ast-hfb-mobile-header-display":"","site-post-title":"","ast-breadcrumbs-content":"","ast-featured-img":"","footer-sml-layout":"","theme-transparent-header-meta":"","adv-header-id-meta":"","stick-header-meta":"","header-above-stick-meta":"","header-main-stick-meta":"","header-below-stick-meta":"","astra-migrate-meta-layouts":"default","ast-page-background-enabled":"default","ast-page-background-meta":{"desktop":{"background-color":"var(--ast-global-color-5)","background-image":"","background-repeat":"repeat","background-position":"center center","background-size":"auto","background-attachment":"scroll","background-type":"","background-media":"","overlay-type":"","overlay-color":"","overlay-opacity":"","overlay-gradient":""},"tablet":{"background-color":"","background-image":"","background-repeat":"repeat","background-position":"center center","background-size":"auto","background-attachment":"scroll","background-type":"","background-media":"","overlay-type":"","overlay-color":"","overlay-opacity":"","overlay-gradient":""},"mobile":{"background-color":"","background-image":"","background-repeat":"repeat","background-position":"center center","background-size":"auto","background-attachment":"scroll","background-type":"","background-media":"","overlay-type":"","overlay-color":"","overlay-opacity":"","overlay-gradient":""}},"ast-content-background-meta":{"desktop":{"background-color":"var(--ast-global-color-4)","background-image":"","background-repeat":"repeat","background-position":"center center","background-size":"auto","background-attachment":"scroll","background-type":"","background-media":"","overlay-type":"","overlay-color":"","overlay-opacity":"","overlay-gradient":""},"tablet":{"background-color":"var(--ast-global-color-4)","background-image":"","background-repeat":"repeat","background-position":"center center","background-size":"auto","background-attachment":"scroll","background-type":"","background-media":"","overlay-type":"","overlay-color":"","overlay-opacity":"","overlay-gradient":""},"mobile":{"background-color":"var(--ast-global-color-4)","background-image":"","background-repeat":"repeat","background-position":"center center","background-size":"auto","background-attachment":"scroll","background-type":"","background-media":"","overlay-type":"","overlay-color":"","overlay-opacity":"","overlay-gradient":""}},"footnotes":""},"class_list":["post-1263","page","type-page","status-publish","hentry"],"post_mailing_queue_ids":[],"_links":{"self":[{"href":"https:\/\/agora.xtec.cat\/ceip-la-rosella-rossello\/wp-json\/wp\/v2\/pages\/1263","targetHints":{"allow":["GET"]}}],"collection":[{"href":"https:\/\/agora.xtec.cat\/ceip-la-rosella-rossello\/wp-json\/wp\/v2\/pages"}],"about":[{"href":"https:\/\/agora.xtec.cat\/ceip-la-rosella-rossello\/wp-json\/wp\/v2\/types\/page"}],"author":[{"embeddable":true,"href":"https:\/\/agora.xtec.cat\/ceip-la-rosella-rossello\/wp-json\/wp\/v2\/users\/16"}],"replies":[{"embeddable":true,"href":"https:\/\/agora.xtec.cat\/ceip-la-rosella-rossello\/wp-json\/wp\/v2\/comments?post=1263"}],"version-history":[{"count":4,"href":"https:\/\/agora.xtec.cat\/ceip-la-rosella-rossello\/wp-json\/wp\/v2\/pages\/1263\/revisions"}],"predecessor-version":[{"id":6950,"href":"https:\/\/agora.xtec.cat\/ceip-la-rosella-rossello\/wp-json\/wp\/v2\/pages\/1263\/revisions\/6950"}],"up":[{"embeddable":true,"href":"https:\/\/agora.xtec.cat\/ceip-la-rosella-rossello\/wp-json\/wp\/v2\/pages\/1255"}],"wp:attachment":[{"href":"https:\/\/agora.xtec.cat\/ceip-la-rosella-rossello\/wp-json\/wp\/v2\/media?parent=1263"}],"curies":[{"name":"wp","href":"https:\/\/api.w.org\/{rel}","templated":true}]}}