{"id":1257,"date":"2019-01-14T20:44:31","date_gmt":"2019-01-14T19:44:31","guid":{"rendered":"http:\/\/agora.xtec.cat\/ceip-la-rosella-rossello\/?page_id=1257"},"modified":"2025-07-25T12:14:35","modified_gmt":"2025-07-25T10:14:35","slug":"projectes","status":"publish","type":"page","link":"https:\/\/agora.xtec.cat\/ceip-la-rosella-rossello\/el-dia-a-dia-a-lescola\/projectes\/","title":{"rendered":"Projectes"},"content":{"rendered":"\n<figure class=\"wp-block-image\"><a href=\"https:\/\/agora.xtec.cat\/ceip-la-rosella-rossello\/wp-content\/uploads\/usu1770\/2023\/11\/Colorful-Doodles-Google-Classroom-Header.jpg\"><img loading=\"lazy\" decoding=\"async\" width=\"1920\" height=\"480\" src=\"https:\/\/agora.xtec.cat\/ceip-la-rosella-rossello\/wp-content\/uploads\/usu1770\/2023\/11\/Colorful-Doodles-Google-Classroom-Header.jpg\" alt=\"\" class=\"wp-image-6927\" srcset=\"https:\/\/agora.xtec.cat\/ceip-la-rosella-rossello\/wp-content\/uploads\/usu1770\/2023\/11\/Colorful-Doodles-Google-Classroom-Header.jpg 1920w, https:\/\/agora.xtec.cat\/ceip-la-rosella-rossello\/wp-content\/uploads\/usu1770\/2023\/11\/Colorful-Doodles-Google-Classroom-Header-300x75.jpg 300w, https:\/\/agora.xtec.cat\/ceip-la-rosella-rossello\/wp-content\/uploads\/usu1770\/2023\/11\/Colorful-Doodles-Google-Classroom-Header-1024x256.jpg 1024w, https:\/\/agora.xtec.cat\/ceip-la-rosella-rossello\/wp-content\/uploads\/usu1770\/2023\/11\/Colorful-Doodles-Google-Classroom-Header-768x192.jpg 768w, https:\/\/agora.xtec.cat\/ceip-la-rosella-rossello\/wp-content\/uploads\/usu1770\/2023\/11\/Colorful-Doodles-Google-Classroom-Header-1536x384.jpg 1536w\" sizes=\"auto, (max-width: 1920px) 100vw, 1920px\" \/><\/a><\/figure>\n\n\n\n<p><\/p>\n\n\n\n<p class=\"has-text-align-right\"><em>Tot el que passa a la vida real, tot el que \u00e9s aut\u00e8ntic, no est\u00e0 fragmentat, sin\u00f3 que \u00e9s \u00fanic i global.<\/em><\/p>\n\n\n\n<p>\u00c9s per aquest motiu que des de l\u2019escola apostem pel treball a partir dels projectes, \u00e9s una metodologia que es basa a oferir canals que puguin ajudar l&#8217;alumnat a pensar per ells mateixos, a investigar, a aprendre dels seus errors i dels seus encerts, i d\u2019aquesta manera tamb\u00e9 a aprendre a ser cr\u00edtics. Aquests projectes tenen aplicaci\u00f3 en el m\u00f3n real m\u00e9s enll\u00e0 de l\u2019aula i busquen crear una educaci\u00f3 interdisciplin\u00e0ria amb un significat.<\/p>\n\n\n\n<p>Aquesta metodologia de treball ajuda&nbsp;els alumnes a&nbsp;<strong>aprendre a aprendre<\/strong>, els motiva a descobrir i, el m\u00e9s important, aconsegueixen un<strong>&nbsp;aprenentatge significatiu<\/strong>.<\/p>\n\n\n\n<p>El&nbsp;<strong>mestre guia els alumnes&nbsp;<\/strong>en la seva descoberta. Estimula els infants i propicia situacions d\u2019aprenentatge que permetin a l&#8217;alumnat a avan\u00e7ar i enriquir-se. Proporciona els recursos necessaris perqu\u00e8 siguin ells els que construeixin de manera aut\u00f2noma els seus propis coneixements.<\/p>\n\n\n\n<p><strong>Avantatges de treballar per projectes:<\/strong><\/p>\n\n\n\n<ol class=\"wp-block-list\">\n<li><strong>Fomenta l\u2019autonomia<\/strong>. Aprenen a ser competents i resoldre els reptes que se\u2019ls plantegen.<\/li>\n\n\n\n<li>Els infants s\u00f3n&nbsp;<strong>actius en el seu proc\u00e9s d\u2019aprenentatge<\/strong>. S\u2019impliquen en el que estan treballant i s\u00f3n ells els que guien el seu propi aprenentatge.<\/li>\n\n\n\n<li>Afavoreix l\u2019<strong>aprenentatge significatiu<\/strong>. Els infants&nbsp;van encaixant els continguts&nbsp;<strong>formant una xarxa&nbsp;<\/strong>de coneixements.<\/li>\n\n\n\n<li>Propicia&nbsp;el&nbsp;<strong>treball&nbsp;interdisciplinari,&nbsp;<\/strong>ja que permet adquirir coneixements de les diferents \u00e0rees educatives.<\/li>\n\n\n\n<li>Permet <strong>atendre la&nbsp;diversitat&nbsp;<\/strong>que ens trobem a les aules: flexibilitat en el ritme de treball, en les metodologies, els continguts\u2026<\/li>\n\n\n\n<li>Utilitza les&nbsp;<strong>noves tecnologies<\/strong>. Fent recerca milloren molt la seva compet\u00e8ncia digital.<\/li>\n\n\n\n<li>Propicia un ambient d\u2019aula en el qual<strong>&nbsp;treballen valors<\/strong>&nbsp;molt importants com el respecte,&nbsp;la toler\u00e0ncia, la solidaritat i&nbsp;el treball en equip.<\/li>\n\n\n\n<li>Mestres i infants&nbsp;<strong>treballen conjuntament&nbsp;<\/strong>formant un equip per resoldre els reptes&nbsp;que se\u2019ls van plantejant. Milloren capacitats com la resoluci\u00f3 de problemes i l\u2019organitzaci\u00f3 de les tasques.<\/li>\n\n\n\n<li>Afavoreix l\u2019<strong>aprenentatge cooperatiu.&nbsp;<\/strong>Es dona&nbsp;molta import\u00e0ncia al treball en grup i a la col\u00b7laboraci\u00f3, ja que \u00e9s en aquestes situacions d\u2019aprenentatge on els infants poden aprendre els uns dels altres.<\/li>\n\n\n\n<li>Els infants estan&nbsp;<strong>motivats, <\/strong>ja que&nbsp;aquesta metodologia dona l\u2019oportunitat que&nbsp;ells mateixos escullin qu\u00e8 volen treballar i qu\u00e8 els interessa. Aix\u00f2 fa que tot el que aprenen tingui un significat per a ells.<\/li>\n\n\n\n<li>Permet que els infants&nbsp;<strong>connectin amb la realitat<\/strong>,&nbsp;m\u00e9s enll\u00e0 dels llibres de text o de les classes magistrals. Els preparen per a la vida real.<\/li>\n\n\n\n<li>L\u2019infant&nbsp;<strong>apr\u00e8n a pensar<\/strong>, cercar informaci\u00f3 i investigar. No a memoritzar i adquirir de forma mec\u00e0nica uns continguts determinats.<\/li>\n\n\n\n<li>Potencia&nbsp;<strong>habilitats socials&nbsp;<\/strong>com saber estar, saber esperar, saber escoltar, saber debatre, saber relacionar-se amb els altres<strong>\u2026<\/strong><\/li>\n\n\n\n<li>Afavoreix la&nbsp;<strong>confian\u00e7a i l\u2019autoestima<\/strong> dels infants. L&#8217;alumnat se senten orgullosos en veure que han superat un repte.<\/li>\n\n\n\n<li>Exerciten el&nbsp;<strong>m\u00e8tode cient\u00edfic,&nbsp;<\/strong>ja que fan hip\u00f2tesis, les contrasten i finalment n\u2019extreuen les conclusions.<\/li>\n<\/ol>\n\n\n\n\n","protected":false},"excerpt":{"rendered":"<p>Tot el que passa a la vida real, tot el que \u00e9s aut\u00e8ntic, no est\u00e0 fragmentat, sin\u00f3 que \u00e9s \u00fanic i global. \u00c9s per aquest motiu que des de l\u2019escola apostem pel treball a partir dels projectes, \u00e9s una metodologia que es basa a oferir canals que puguin ajudar l&#8217;alumnat a pensar per ells mateixos, [&hellip;]<\/p>\n","protected":false},"author":16,"featured_media":0,"parent":1255,"menu_order":0,"comment_status":"closed","ping_status":"closed","template":"","meta":{"_bbp_topic_count":0,"_bbp_reply_count":0,"_bbp_total_topic_count":0,"_bbp_total_reply_count":0,"_bbp_voice_count":0,"_bbp_anonymous_reply_count":0,"_bbp_topic_count_hidden":0,"_bbp_reply_count_hidden":0,"_bbp_forum_subforum_count":0,"site-sidebar-layout":"default","site-content-layout":"","ast-site-content-layout":"default","site-content-style":"default","site-sidebar-style":"default","ast-global-header-display":"","ast-banner-title-visibility":"","ast-main-header-display":"","ast-hfb-above-header-display":"","ast-hfb-below-header-display":"","ast-hfb-mobile-header-display":"","site-post-title":"","ast-breadcrumbs-content":"","ast-featured-img":"","footer-sml-layout":"","theme-transparent-header-meta":"","adv-header-id-meta":"","stick-header-meta":"","header-above-stick-meta":"","header-main-stick-meta":"","header-below-stick-meta":"","astra-migrate-meta-layouts":"set","ast-page-background-enabled":"default","ast-page-background-meta":{"desktop":{"background-color":"var(--ast-global-color-5)","background-image":"","background-repeat":"repeat","background-position":"center center","background-size":"auto","background-attachment":"scroll","background-type":"","background-media":"","overlay-type":"","overlay-color":"","overlay-opacity":"","overlay-gradient":""},"tablet":{"background-color":"","background-image":"","background-repeat":"repeat","background-position":"center center","background-size":"auto","background-attachment":"scroll","background-type":"","background-media":"","overlay-type":"","overlay-color":"","overlay-opacity":"","overlay-gradient":""},"mobile":{"background-color":"","background-image":"","background-repeat":"repeat","background-position":"center center","background-size":"auto","background-attachment":"scroll","background-type":"","background-media":"","overlay-type":"","overlay-color":"","overlay-opacity":"","overlay-gradient":""}},"ast-content-background-meta":{"desktop":{"background-color":"var(--ast-global-color-4)","background-image":"","background-repeat":"repeat","background-position":"center center","background-size":"auto","background-attachment":"scroll","background-type":"","background-media":"","overlay-type":"","overlay-color":"","overlay-opacity":"","overlay-gradient":""},"tablet":{"background-color":"var(--ast-global-color-4)","background-image":"","background-repeat":"repeat","background-position":"center center","background-size":"auto","background-attachment":"scroll","background-type":"","background-media":"","overlay-type":"","overlay-color":"","overlay-opacity":"","overlay-gradient":""},"mobile":{"background-color":"var(--ast-global-color-4)","background-image":"","background-repeat":"repeat","background-position":"center center","background-size":"auto","background-attachment":"scroll","background-type":"","background-media":"","overlay-type":"","overlay-color":"","overlay-opacity":"","overlay-gradient":""}},"footnotes":""},"class_list":["post-1257","page","type-page","status-publish","hentry"],"post_mailing_queue_ids":[],"_links":{"self":[{"href":"https:\/\/agora.xtec.cat\/ceip-la-rosella-rossello\/wp-json\/wp\/v2\/pages\/1257","targetHints":{"allow":["GET"]}}],"collection":[{"href":"https:\/\/agora.xtec.cat\/ceip-la-rosella-rossello\/wp-json\/wp\/v2\/pages"}],"about":[{"href":"https:\/\/agora.xtec.cat\/ceip-la-rosella-rossello\/wp-json\/wp\/v2\/types\/page"}],"author":[{"embeddable":true,"href":"https:\/\/agora.xtec.cat\/ceip-la-rosella-rossello\/wp-json\/wp\/v2\/users\/16"}],"replies":[{"embeddable":true,"href":"https:\/\/agora.xtec.cat\/ceip-la-rosella-rossello\/wp-json\/wp\/v2\/comments?post=1257"}],"version-history":[{"count":5,"href":"https:\/\/agora.xtec.cat\/ceip-la-rosella-rossello\/wp-json\/wp\/v2\/pages\/1257\/revisions"}],"predecessor-version":[{"id":8577,"href":"https:\/\/agora.xtec.cat\/ceip-la-rosella-rossello\/wp-json\/wp\/v2\/pages\/1257\/revisions\/8577"}],"up":[{"embeddable":true,"href":"https:\/\/agora.xtec.cat\/ceip-la-rosella-rossello\/wp-json\/wp\/v2\/pages\/1255"}],"wp:attachment":[{"href":"https:\/\/agora.xtec.cat\/ceip-la-rosella-rossello\/wp-json\/wp\/v2\/media?parent=1257"}],"curies":[{"name":"wp","href":"https:\/\/api.w.org\/{rel}","templated":true}]}}