{"id":1235,"date":"2019-01-10T19:07:33","date_gmt":"2019-01-10T18:07:33","guid":{"rendered":"http:\/\/agora.xtec.cat\/ceip-la-rosella-rossello\/?page_id=1235"},"modified":"2025-02-25T10:41:45","modified_gmt":"2025-02-25T09:41:45","slug":"documents-de-centre","status":"publish","type":"page","link":"https:\/\/agora.xtec.cat\/ceip-la-rosella-rossello\/lescola\/documents-de-centre\/","title":{"rendered":"Documents de centre"},"content":{"rendered":"<p>Els documents de centre estan disponibles a direcci\u00f3:<\/p>\n<ul>\n<li style=\"list-style-type: none;\">\n<ul>\n<li><a href=\"https:\/\/www.calameo.com\/read\/0078367690c30cb767a4b\" target=\"_blank\" rel=\"noopener\">Projecte educatiu de centre (PEC).<\/a><\/li>\n<li><a href=\"https:\/\/en.calameo.com\/read\/0058380579dfc3d82204e\" target=\"_blank\" rel=\"noopener\">Projecte ling\u00fc\u00edstic.<\/a><\/li>\n<li><a href=\"https:\/\/agora.xtec.cat\/ceip-la-rosella-rossello\/wp-content\/uploads\/usu1770\/2024\/06\/Carta-de-compromis.pdf\">Carta de comprom\u00eds.<\/a><\/li>\n<li><a href=\"https:\/\/agora.xtec.cat\/ceip-la-rosella-rossello\/wp-content\/uploads\/usu1770\/2024\/12\/ORGANIGRAMA.png\" target=\"_blank\" rel=\"noopener\">Estructura organitzativa de l&#8217;escola.<\/a><\/li>\n<li><a href=\"https:\/\/agora.xtec.cat\/ceip-la-rosella-rossello\/wp-content\/uploads\/usu1770\/2024\/12\/Estat-dexecucio-del-pressupost.pdf\" target=\"_blank\" rel=\"noopener\">Pressupost Escola La Rosella.<\/a><\/li>\n<li>Aportacions de les fam\u00edlies per material i relaci\u00f3 de llibres de text (podeu trobar a <a href=\"https:\/\/agora.xtec.cat\/ceip-la-rosella-rossello\/lescola\/autoritzacions-i-altres-documents\/\" target=\"_blank\" rel=\"noopener\">autoritzacions i altres documents<\/a>).<\/li>\n<li><a href=\"https:\/\/www.calameo.com\/read\/0078367692a3fb808047b\" target=\"_blank\" rel=\"noopener\">Normes d\u2019Organitzaci\u00f3 i Funcionament del Centre (NOFC)<\/a><\/li>\n<\/ul>\n<\/li>\n<\/ul>\n<p>&nbsp;<\/p>\n<p><strong>Horari de direcci\u00f3:<\/strong><\/p>\n<ul>\n<li>Dimarts a divendres de 9:00 a 9:30 h.<\/li>\n<li>Divendres de 15:00 a 16:00 h.<\/li>\n<\/ul>\n<p>* Seria convenient informar per tal de reservar cita.<\/p>\n<p>&nbsp;<\/p>\n","protected":false},"excerpt":{"rendered":"<p>Els documents de centre estan disponibles a direcci\u00f3: Projecte educatiu de centre (PEC). Projecte ling\u00fc\u00edstic. Carta de comprom\u00eds. Estructura organitzativa de l&#8217;escola. Pressupost Escola La Rosella. Aportacions de les fam\u00edlies per material i relaci\u00f3 de llibres de text (podeu trobar a autoritzacions i altres documents). Normes d\u2019Organitzaci\u00f3 i Funcionament del Centre (NOFC) &nbsp; Horari de [&hellip;]<\/p>\n","protected":false},"author":16,"featured_media":0,"parent":22,"menu_order":0,"comment_status":"closed","ping_status":"closed","template":"page-templates\/side-menu.php","meta":{"_bbp_topic_count":0,"_bbp_reply_count":0,"_bbp_total_topic_count":0,"_bbp_total_reply_count":0,"_bbp_voice_count":0,"_bbp_anonymous_reply_count":0,"_bbp_topic_count_hidden":0,"_bbp_reply_count_hidden":0,"_bbp_forum_subforum_count":0,"site-sidebar-layout":"default","site-content-layout":"","ast-site-content-layout":"","site-content-style":"default","site-sidebar-style":"default","ast-global-header-display":"","ast-banner-title-visibility":"","ast-main-header-display":"","ast-hfb-above-header-display":"","ast-hfb-below-header-display":"","ast-hfb-mobile-header-display":"","site-post-title":"","ast-breadcrumbs-content":"","ast-featured-img":"","footer-sml-layout":"","theme-transparent-header-meta":"","adv-header-id-meta":"","stick-header-meta":"","header-above-stick-meta":"","header-main-stick-meta":"","header-below-stick-meta":"","astra-migrate-meta-layouts":"default","ast-page-background-enabled":"default","ast-page-background-meta":{"desktop":{"background-color":"var(--ast-global-color-5)","background-image":"","background-repeat":"repeat","background-position":"center center","background-size":"auto","background-attachment":"scroll","background-type":"","background-media":"","overlay-type":"","overlay-color":"","overlay-opacity":"","overlay-gradient":""},"tablet":{"background-color":"","background-image":"","background-repeat":"repeat","background-position":"center center","background-size":"auto","background-attachment":"scroll","background-type":"","background-media":"","overlay-type":"","overlay-color":"","overlay-opacity":"","overlay-gradient":""},"mobile":{"background-color":"","background-image":"","background-repeat":"repeat","background-position":"center center","background-size":"auto","background-attachment":"scroll","background-type":"","background-media":"","overlay-type":"","overlay-color":"","overlay-opacity":"","overlay-gradient":""}},"ast-content-background-meta":{"desktop":{"background-color":"var(--ast-global-color-4)","background-image":"","background-repeat":"repeat","background-position":"center center","background-size":"auto","background-attachment":"scroll","background-type":"","background-media":"","overlay-type":"","overlay-color":"","overlay-opacity":"","overlay-gradient":""},"tablet":{"background-color":"var(--ast-global-color-4)","background-image":"","background-repeat":"repeat","background-position":"center center","background-size":"auto","background-attachment":"scroll","background-type":"","background-media":"","overlay-type":"","overlay-color":"","overlay-opacity":"","overlay-gradient":""},"mobile":{"background-color":"var(--ast-global-color-4)","background-image":"","background-repeat":"repeat","background-position":"center center","background-size":"auto","background-attachment":"scroll","background-type":"","background-media":"","overlay-type":"","overlay-color":"","overlay-opacity":"","overlay-gradient":""}},"footnotes":""},"class_list":["post-1235","page","type-page","status-publish","hentry"],"post_mailing_queue_ids":[],"_links":{"self":[{"href":"https:\/\/agora.xtec.cat\/ceip-la-rosella-rossello\/wp-json\/wp\/v2\/pages\/1235","targetHints":{"allow":["GET"]}}],"collection":[{"href":"https:\/\/agora.xtec.cat\/ceip-la-rosella-rossello\/wp-json\/wp\/v2\/pages"}],"about":[{"href":"https:\/\/agora.xtec.cat\/ceip-la-rosella-rossello\/wp-json\/wp\/v2\/types\/page"}],"author":[{"embeddable":true,"href":"https:\/\/agora.xtec.cat\/ceip-la-rosella-rossello\/wp-json\/wp\/v2\/users\/16"}],"replies":[{"embeddable":true,"href":"https:\/\/agora.xtec.cat\/ceip-la-rosella-rossello\/wp-json\/wp\/v2\/comments?post=1235"}],"version-history":[{"count":7,"href":"https:\/\/agora.xtec.cat\/ceip-la-rosella-rossello\/wp-json\/wp\/v2\/pages\/1235\/revisions"}],"predecessor-version":[{"id":8098,"href":"https:\/\/agora.xtec.cat\/ceip-la-rosella-rossello\/wp-json\/wp\/v2\/pages\/1235\/revisions\/8098"}],"up":[{"embeddable":true,"href":"https:\/\/agora.xtec.cat\/ceip-la-rosella-rossello\/wp-json\/wp\/v2\/pages\/22"}],"wp:attachment":[{"href":"https:\/\/agora.xtec.cat\/ceip-la-rosella-rossello\/wp-json\/wp\/v2\/media?parent=1235"}],"curies":[{"name":"wp","href":"https:\/\/api.w.org\/{rel}","templated":true}]}}