{"id":1117,"date":"2018-12-02T11:52:46","date_gmt":"2018-12-02T10:52:46","guid":{"rendered":"http:\/\/agora.xtec.cat\/ceip-la-rosella-rossello\/?page_id=1117"},"modified":"2025-09-29T16:16:28","modified_gmt":"2025-09-29T14:16:28","slug":"autoritzacions-i-altres-documents","status":"publish","type":"page","link":"https:\/\/agora.xtec.cat\/ceip-la-rosella-rossello\/lescola\/autoritzacions-i-altres-documents\/","title":{"rendered":"Autoritzacions i altres documents"},"content":{"rendered":"\n<p><strong><a href=\"https:\/\/agora.xtec.cat\/ceip-la-rosella-rossello\/wp-content\/uploads\/usu1770\/2024\/06\/1.png\"><img loading=\"lazy\" decoding=\"async\" width=\"9216\" height=\"2304\" class=\"alignnone size-full wp-image-7785\" src=\"https:\/\/agora.xtec.cat\/ceip-la-rosella-rossello\/wp-content\/uploads\/usu1770\/2024\/06\/1.png\" alt=\"\" srcset=\"https:\/\/agora.xtec.cat\/ceip-la-rosella-rossello\/wp-content\/uploads\/usu1770\/2024\/06\/1.png 9216w, https:\/\/agora.xtec.cat\/ceip-la-rosella-rossello\/wp-content\/uploads\/usu1770\/2024\/06\/1-300x75.png 300w, https:\/\/agora.xtec.cat\/ceip-la-rosella-rossello\/wp-content\/uploads\/usu1770\/2024\/06\/1-1024x256.png 1024w, https:\/\/agora.xtec.cat\/ceip-la-rosella-rossello\/wp-content\/uploads\/usu1770\/2024\/06\/1-768x192.png 768w, https:\/\/agora.xtec.cat\/ceip-la-rosella-rossello\/wp-content\/uploads\/usu1770\/2024\/06\/1-1536x384.png 1536w, https:\/\/agora.xtec.cat\/ceip-la-rosella-rossello\/wp-content\/uploads\/usu1770\/2024\/06\/1-2048x512.png 2048w\" sizes=\"auto, (max-width: 9216px) 100vw, 9216px\" \/><\/a><br>MATERIAL CURS 25-26<\/strong><\/p>\n\n\n\n<figure class=\"wp-block-table\"><table class=\"has-fixed-layout\"><tbody><tr><td><span style=\"color: #328399;\"><strong>&nbsp;EDUCACI\u00d3 INFANTIL<\/strong><\/span><\/td><td><span style=\"color: #328399;\"><strong>&nbsp;CICLE INICIAL<\/strong><\/span><\/td><td><span style=\"color: #328399;\"><strong>&nbsp;CICLE MITJ\u00c0<\/strong><\/span><\/td><td><strong>&nbsp; &nbsp; &nbsp; &nbsp; &nbsp; <span style=\"color: #328399;\">CICLE<\/span><\/strong><span style=\"color: #328399;\"><strong>&nbsp;SUPERIOR<\/strong><\/span><\/td><\/tr><tr><td rowspan=\"2\"><a href=\"https:\/\/agora.xtec.cat\/ceip-la-rosella-rossello\/wp-content\/uploads\/usu1770\/2025\/06\/i3-Material-escolar-25-26.pdf\">i3 Material escolar 25-26<\/a><br><a href=\"https:\/\/agora.xtec.cat\/ceip-la-rosella-rossello\/wp-content\/uploads\/usu1770\/2025\/06\/i4_Material-escolar-25-26.pdf\">i4 Material escolar 25-26<\/a> <p><a href=\"https:\/\/agora.xtec.cat\/ceip-la-rosella-rossello\/wp-content\/uploads\/usu1770\/2025\/06\/i5_Material-escolar-25-26.pdf\">i5 Material escolar 25-26<\/a><\/p><\/td><td><a href=\"https:\/\/agora.xtec.cat\/ceip-la-rosella-rossello\/wp-content\/uploads\/usu1770\/2025\/06\/1r_-Material-escolar-25-26.pdf\">1r_ Material escolar 25-26<\/a><br><a href=\"https:\/\/agora.xtec.cat\/ceip-la-rosella-rossello\/wp-content\/uploads\/usu1770\/2025\/06\/2n_Material-escolar-25-26.pdf\">2n_Material escolar 25-26<\/a><\/td><td><a href=\"https:\/\/agora.xtec.cat\/ceip-la-rosella-rossello\/wp-content\/uploads\/usu1770\/2025\/06\/3r_Material-escolar-25-26.pdf\">3r_Material escolar 25-26<\/a><br><a href=\"https:\/\/agora.xtec.cat\/ceip-la-rosella-rossello\/wp-content\/uploads\/usu1770\/2025\/06\/4t_Material-escolar-25-26.pdf\">4t_Material escolar 25-26<\/a><\/td><td><a href=\"https:\/\/agora.xtec.cat\/ceip-la-rosella-rossello\/wp-content\/uploads\/usu1770\/2025\/06\/5e_Material-escolar-25-26.pdf\">5\u00e8_Material escolar 25-26<\/a><br><a href=\"https:\/\/agora.xtec.cat\/ceip-la-rosella-rossello\/wp-content\/uploads\/usu1770\/2025\/06\/6e_Material-escolar-25-26.pdf\">6\u00e8_Material escolar 25-26<\/a><\/td><\/tr><tr><td colspan=\"3\"><strong><span style=\"color: #993300;\">Atenci\u00f3:<\/span> <\/strong>hi ha alumnat que t\u00e9 material individual, en cas de dubte contacteu amb el centre.<\/td><\/tr><\/tbody><\/table><\/figure>\n\n\n\n<figure class=\"wp-block-image\"><a href=\"https:\/\/agora.xtec.cat\/ceip-la-rosella-rossello\/wp-content\/uploads\/usu1770\/2024\/06\/Welcome-to-our-Classroom-Banner-in-Green-Orange-and-Yellow-Retro-Style-scaled.jpg\"><img loading=\"lazy\" decoding=\"async\" width=\"2560\" height=\"640\" src=\"https:\/\/agora.xtec.cat\/ceip-la-rosella-rossello\/wp-content\/uploads\/usu1770\/2024\/06\/Welcome-to-our-Classroom-Banner-in-Green-Orange-and-Yellow-Retro-Style-scaled.jpg\" alt=\"\" class=\"wp-image-7787\" srcset=\"https:\/\/agora.xtec.cat\/ceip-la-rosella-rossello\/wp-content\/uploads\/usu1770\/2024\/06\/Welcome-to-our-Classroom-Banner-in-Green-Orange-and-Yellow-Retro-Style-scaled.jpg 2560w, https:\/\/agora.xtec.cat\/ceip-la-rosella-rossello\/wp-content\/uploads\/usu1770\/2024\/06\/Welcome-to-our-Classroom-Banner-in-Green-Orange-and-Yellow-Retro-Style-300x75.jpg 300w, https:\/\/agora.xtec.cat\/ceip-la-rosella-rossello\/wp-content\/uploads\/usu1770\/2024\/06\/Welcome-to-our-Classroom-Banner-in-Green-Orange-and-Yellow-Retro-Style-1024x256.jpg 1024w, https:\/\/agora.xtec.cat\/ceip-la-rosella-rossello\/wp-content\/uploads\/usu1770\/2024\/06\/Welcome-to-our-Classroom-Banner-in-Green-Orange-and-Yellow-Retro-Style-768x192.jpg 768w, https:\/\/agora.xtec.cat\/ceip-la-rosella-rossello\/wp-content\/uploads\/usu1770\/2024\/06\/Welcome-to-our-Classroom-Banner-in-Green-Orange-and-Yellow-Retro-Style-1536x384.jpg 1536w, https:\/\/agora.xtec.cat\/ceip-la-rosella-rossello\/wp-content\/uploads\/usu1770\/2024\/06\/Welcome-to-our-Classroom-Banner-in-Green-Orange-and-Yellow-Retro-Style-2048x512.jpg 2048w\" sizes=\"auto, (max-width: 2560px) 100vw, 2560px\" \/><\/a><\/figure>\n\n\n\n<p><\/p>\n\n\n\n<p><strong>AUTORITZACIONS I DOCUMENTS CURS 25-26<\/strong><\/p>\n\n\n\n<figure class=\"wp-block-table\"><table class=\"has-fixed-layout\"><tbody><tr><td><span style=\"color: #008080;\"><strong>AUTORITZACIONS RECOLLIDA<\/strong><\/span><\/td><td><span style=\"color: #008080;\"><strong>CARTA COMPROM\u00cdS<\/strong><\/span><\/td><\/tr><tr><td><a href=\"https:\/\/agora.xtec.cat\/ceip-la-rosella-rossello\/wp-content\/uploads\/usu1770\/2025\/06\/Autoritzacio-recollir-alumnes-Educacio-Infantil.pdf\" target=\"_blank\" rel=\"noopener\">Autoritzaci\u00f3 recollir alumnes Educaci\u00f3 Infantil<\/a><br><br><a href=\"https:\/\/agora.xtec.cat\/ceip-la-rosella-rossello\/wp-content\/uploads\/usu1770\/2025\/06\/Autoritzacio-recollir-alumnes-CI.pdf\" target=\"_blank\" rel=\"noopener\">Autoritzaci\u00f3 recollir alumnes CI<\/a> <p><a href=\"https:\/\/agora.xtec.cat\/ceip-la-rosella-rossello\/wp-content\/uploads\/usu1770\/2025\/06\/Autoritzacio-recollir-alumnes-CM-i-CS-1.pdf\" target=\"_blank\" rel=\"noopener\">Autoritzaci\u00f3 recollir alumnes CM i CS<\/a><\/p><\/td><td><a href=\"https:\/\/agora.xtec.cat\/ceip-la-rosella-rossello\/wp-content\/uploads\/usu1770\/2025\/02\/Carta-de-compromis.pdf\" target=\"_blank\" rel=\"noopener\">Carta de comprom\u00eds<\/a><\/td><\/tr><\/tbody><\/table><\/figure>\n\n\n\n<ul class=\"wp-block-list\">\n<li><a href=\"https:\/\/drive.google.com\/file\/d\/1iIp3oFEqDb74Wxl8s_Dn9J9iDCvs7y_T\/view?usp=sharing\" target=\"_blank\" rel=\"noopener noreferrer\">Alertes m\u00e8diques<\/a><\/li>\n\n\n\n<li><a href=\"https:\/\/agora.xtec.cat\/ceip-la-rosella-rossello\/wp-content\/uploads\/usu1770\/2021\/10\/Full-de-recollida-dinformacio-per-a-alumnes-amb-allergia-alimentaria-i-o-al-latex.pdf\" target=\"_blank\" rel=\"noopener\">Full de recollida d\u2019informaci\u00f3 per a alumnes amb al\u00b7l\u00e8rgia aliment\u00e0ria i o al l\u00e0tex<\/a><\/li>\n<\/ul>\n\n\n\n<p class=\"has-text-align-center\"><a href=\"https:\/\/agora.xtec.cat\/ceip-la-rosella-rossello\/wp-content\/uploads\/usu1770\/2022\/08\/MANUAL-CLASSROOM.pdf\" target=\"_blank\" rel=\"noopener\">MANUAL CLASSROOM<\/a><\/p>\n\n\n\n<figure class=\"wp-block-image\"><a href=\"https:\/\/agora.xtec.cat\/ceip-la-rosella-rossello\/wp-content\/uploads\/usu1770\/2024\/06\/2.png\"><img loading=\"lazy\" decoding=\"async\" width=\"9216\" height=\"2304\" src=\"https:\/\/agora.xtec.cat\/ceip-la-rosella-rossello\/wp-content\/uploads\/usu1770\/2024\/06\/2.png\" alt=\"\" class=\"wp-image-7786\" srcset=\"https:\/\/agora.xtec.cat\/ceip-la-rosella-rossello\/wp-content\/uploads\/usu1770\/2024\/06\/2.png 9216w, https:\/\/agora.xtec.cat\/ceip-la-rosella-rossello\/wp-content\/uploads\/usu1770\/2024\/06\/2-300x75.png 300w, https:\/\/agora.xtec.cat\/ceip-la-rosella-rossello\/wp-content\/uploads\/usu1770\/2024\/06\/2-1024x256.png 1024w, https:\/\/agora.xtec.cat\/ceip-la-rosella-rossello\/wp-content\/uploads\/usu1770\/2024\/06\/2-768x192.png 768w, https:\/\/agora.xtec.cat\/ceip-la-rosella-rossello\/wp-content\/uploads\/usu1770\/2024\/06\/2-1536x384.png 1536w, https:\/\/agora.xtec.cat\/ceip-la-rosella-rossello\/wp-content\/uploads\/usu1770\/2024\/06\/2-2048x512.png 2048w\" sizes=\"auto, (max-width: 9216px) 100vw, 9216px\" \/><\/a><\/figure>\n\n\n\n<p class=\"has-text-align-center\"><strong>TOTES LES APORTACIONS\/PAGAMENTS ES FAN PER GESCOLA. <\/strong><\/p>\n\n\n\n<p><\/p>\n\n\n\n<p><\/p>\n\n\n\n\n","protected":false},"excerpt":{"rendered":"<p>MATERIAL CURS 25-26 &nbsp;EDUCACI\u00d3 INFANTIL &nbsp;CICLE INICIAL &nbsp;CICLE MITJ\u00c0 &nbsp; &nbsp; &nbsp; &nbsp; &nbsp; CICLE&nbsp;SUPERIOR i3 Material escolar 25-26i4 Material escolar 25-26 i5 Material escolar 25-26 1r_ Material escolar 25-262n_Material escolar 25-26 3r_Material escolar 25-264t_Material escolar 25-26 5\u00e8_Material escolar 25-266\u00e8_Material escolar 25-26 Atenci\u00f3: hi ha alumnat que t\u00e9 material individual, en cas de dubte contacteu [&hellip;]<\/p>\n","protected":false},"author":16,"featured_media":0,"parent":22,"menu_order":0,"comment_status":"closed","ping_status":"closed","template":"","meta":{"_bbp_topic_count":0,"_bbp_reply_count":0,"_bbp_total_topic_count":0,"_bbp_total_reply_count":0,"_bbp_voice_count":0,"_bbp_anonymous_reply_count":0,"_bbp_topic_count_hidden":0,"_bbp_reply_count_hidden":0,"_bbp_forum_subforum_count":0,"site-sidebar-layout":"default","site-content-layout":"","ast-site-content-layout":"default","site-content-style":"default","site-sidebar-style":"default","ast-global-header-display":"","ast-banner-title-visibility":"","ast-main-header-display":"","ast-hfb-above-header-display":"","ast-hfb-below-header-display":"","ast-hfb-mobile-header-display":"","site-post-title":"disabled","ast-breadcrumbs-content":"","ast-featured-img":"","footer-sml-layout":"","theme-transparent-header-meta":"","adv-header-id-meta":"","stick-header-meta":"","header-above-stick-meta":"","header-main-stick-meta":"","header-below-stick-meta":"","astra-migrate-meta-layouts":"set","ast-page-background-enabled":"default","ast-page-background-meta":{"desktop":{"background-color":"var(--ast-global-color-5)","background-image":"","background-repeat":"repeat","background-position":"center center","background-size":"auto","background-attachment":"scroll","background-type":"","background-media":"","overlay-type":"","overlay-color":"","overlay-opacity":"","overlay-gradient":""},"tablet":{"background-color":"","background-image":"","background-repeat":"repeat","background-position":"center center","background-size":"auto","background-attachment":"scroll","background-type":"","background-media":"","overlay-type":"","overlay-color":"","overlay-opacity":"","overlay-gradient":""},"mobile":{"background-color":"","background-image":"","background-repeat":"repeat","background-position":"center center","background-size":"auto","background-attachment":"scroll","background-type":"","background-media":"","overlay-type":"","overlay-color":"","overlay-opacity":"","overlay-gradient":""}},"ast-content-background-meta":{"desktop":{"background-color":"var(--ast-global-color-4)","background-image":"","background-repeat":"repeat","background-position":"center center","background-size":"auto","background-attachment":"scroll","background-type":"","background-media":"","overlay-type":"","overlay-color":"","overlay-opacity":"","overlay-gradient":""},"tablet":{"background-color":"var(--ast-global-color-4)","background-image":"","background-repeat":"repeat","background-position":"center center","background-size":"auto","background-attachment":"scroll","background-type":"","background-media":"","overlay-type":"","overlay-color":"","overlay-opacity":"","overlay-gradient":""},"mobile":{"background-color":"var(--ast-global-color-4)","background-image":"","background-repeat":"repeat","background-position":"center center","background-size":"auto","background-attachment":"scroll","background-type":"","background-media":"","overlay-type":"","overlay-color":"","overlay-opacity":"","overlay-gradient":""}},"footnotes":""},"class_list":["post-1117","page","type-page","status-publish","hentry"],"post_mailing_queue_ids":[],"_links":{"self":[{"href":"https:\/\/agora.xtec.cat\/ceip-la-rosella-rossello\/wp-json\/wp\/v2\/pages\/1117","targetHints":{"allow":["GET"]}}],"collection":[{"href":"https:\/\/agora.xtec.cat\/ceip-la-rosella-rossello\/wp-json\/wp\/v2\/pages"}],"about":[{"href":"https:\/\/agora.xtec.cat\/ceip-la-rosella-rossello\/wp-json\/wp\/v2\/types\/page"}],"author":[{"embeddable":true,"href":"https:\/\/agora.xtec.cat\/ceip-la-rosella-rossello\/wp-json\/wp\/v2\/users\/16"}],"replies":[{"embeddable":true,"href":"https:\/\/agora.xtec.cat\/ceip-la-rosella-rossello\/wp-json\/wp\/v2\/comments?post=1117"}],"version-history":[{"count":6,"href":"https:\/\/agora.xtec.cat\/ceip-la-rosella-rossello\/wp-json\/wp\/v2\/pages\/1117\/revisions"}],"predecessor-version":[{"id":8610,"href":"https:\/\/agora.xtec.cat\/ceip-la-rosella-rossello\/wp-json\/wp\/v2\/pages\/1117\/revisions\/8610"}],"up":[{"embeddable":true,"href":"https:\/\/agora.xtec.cat\/ceip-la-rosella-rossello\/wp-json\/wp\/v2\/pages\/22"}],"wp:attachment":[{"href":"https:\/\/agora.xtec.cat\/ceip-la-rosella-rossello\/wp-json\/wp\/v2\/media?parent=1117"}],"curies":[{"name":"wp","href":"https:\/\/api.w.org\/{rel}","templated":true}]}}