{"id":876,"date":"2015-11-05T10:08:24","date_gmt":"2015-11-05T09:08:24","guid":{"rendered":"http:\/\/agora.xtec.cat\/ceip-la-parellada\/?page_id=876"},"modified":"2015-12-03T10:00:10","modified_gmt":"2015-12-03T09:00:10","slug":"activitat-2","status":"publish","type":"page","link":"https:\/\/agora.xtec.cat\/ceip-la-parellada\/ampa\/activitat-2\/","title":{"rendered":"Activitats"},"content":{"rendered":"<h6>P3-P4-P5:<\/h6>\n<ul>\n<li><strong>Sensibilitac musical\u00f3:<\/strong> Escola de m\u00fasica contrapunt.<br \/>\n<blockquote><p><em>Informacio: Arnau -&gt; 608987287<\/em><\/p><\/blockquote>\n<\/li>\n<li><strong>Patinatge:<\/strong> Amb monitor del Club de Patinatge Art\u00edstic del Vendrell.<br \/>\n<blockquote><p><em>Material: patins i proteccions si en teniu!<\/em><\/p><\/blockquote>\n<\/li>\n<li><strong>Angl\u00e8s:<\/strong> Aprendre angl\u00e8s a trav\u00e9s de la conversa, la m\u00fasica i el joc.<br \/>\n<blockquote><p><em>Material: Llibre metodologia biling\u00fce + cd m\u00fasica + enganxines + fitxes + joc pop-outs (18\u20ac).<\/em><\/p><\/blockquote>\n<\/li>\n<li><strong>Multiesports:<\/strong>els mes petits de la parellada faran diferents esports durant la tarda dels dimecres.<\/li>\n<li><strong>Manualitats:<\/strong>totos el divendres els m\u00e9s menuts podran experimentar, construir i reciclar.<\/li>\n<li><strong>Ball:<\/strong>continuarem fomentant uns\/es grans ballarins.<\/li>\n<\/ul>\n<h6>1r-2n-3r-4t-5\u00e8-6\u00e8:<\/h6>\n<ul>\n<li><strong>Clarinet\/Saxo\/Guitara<\/strong> Escola de m\u00fasica contrapunt. Els alumnes tenen la oportunitat d&#8217;aprendre a tocar un dels instruments que oferim aquest curs.<br \/>\n<blockquote><p><em>Informacio: Arnau -&gt; 608987287<\/em><\/p><\/blockquote>\n<\/li>\n<li><strong>Inform\u00e0tica:<\/strong> Als alumnes de cicle inicial els ensenyarem a navegar per internet i als alumnes de cicle mitj\u00e0 i superior els ensenyarem a millorarla composisi\u00f3 d&#8217;un POWER POINT.<\/li>\n<li><strong>Angl\u00e8s:<\/strong> impartida per una mestra de l&#8217;Escola Oficial d&#8217;Idiomes.  Aprendre angl\u00e8s a trav\u00e9s de la conversa, la m\u00fasica i el joc.<\/li>\n<li><strong>Patinatge:<\/strong> Amb monitor del Club de Patinatge Art\u00edstic del Vendrell.<br \/>\n<blockquote><p><em>Material: patins i proteccions si en teniu!<\/em><\/p><\/blockquote>\n<\/li>\n<li><strong>Ball:<\/strong>continuarem fomentant uns\/es grans ballarins.<\/li>\n<\/ul>\n","protected":false},"excerpt":{"rendered":"<p>P3-P4-P5:<\/p>\n<ul>\n<li>Sensibilitac musical\u00f3: Escola de m\u00fasica contrapunt.<br \/>\nInformacio: Arnau -&gt; 608987287\n<\/li>\n<li>Patinatge: Amb monitor del Club de Patinatge Art\u00edstic del Vendrell.<br \/>\nMaterial: patins i proteccions si en teniu!\n<\/li>\n<li>Angl\u00e8s: Aprendre angl\u00e8s a trav\u00e9s de la conversa, la m\u00fasica i el joc.<br \/>\nMaterial: Llibre metodologia biling\u00fce + cd m\u00fasica + enganxines +&hellip;  <a href=\"https:\/\/agora.xtec.cat\/ceip-la-parellada\/ampa\/activitat-2\/\" title=\"Read Activitats\">Llegeix m\u00e9s\u00bb<\/a><\/p>\n","protected":false},"author":1,"featured_media":0,"parent":1026,"menu_order":0,"comment_status":"closed","ping_status":"closed","template":"page-templates\/side-menu.php","meta":{"_bbp_topic_count":0,"_bbp_reply_count":0,"_bbp_total_topic_count":0,"_bbp_total_reply_count":0,"_bbp_voice_count":0,"_bbp_anonymous_reply_count":0,"_bbp_topic_count_hidden":0,"_bbp_reply_count_hidden":0,"_bbp_forum_subforum_count":0,"footnotes":""},"class_list":["post-876","page","type-page","status-publish","hentry"],"post_mailing_queue_ids":[],"_links":{"self":[{"href":"https:\/\/agora.xtec.cat\/ceip-la-parellada\/wp-json\/wp\/v2\/pages\/876","targetHints":{"allow":["GET"]}}],"collection":[{"href":"https:\/\/agora.xtec.cat\/ceip-la-parellada\/wp-json\/wp\/v2\/pages"}],"about":[{"href":"https:\/\/agora.xtec.cat\/ceip-la-parellada\/wp-json\/wp\/v2\/types\/page"}],"author":[{"embeddable":true,"href":"https:\/\/agora.xtec.cat\/ceip-la-parellada\/wp-json\/wp\/v2\/users\/1"}],"replies":[{"embeddable":true,"href":"https:\/\/agora.xtec.cat\/ceip-la-parellada\/wp-json\/wp\/v2\/comments?post=876"}],"version-history":[{"count":3,"href":"https:\/\/agora.xtec.cat\/ceip-la-parellada\/wp-json\/wp\/v2\/pages\/876\/revisions"}],"predecessor-version":[{"id":938,"href":"https:\/\/agora.xtec.cat\/ceip-la-parellada\/wp-json\/wp\/v2\/pages\/876\/revisions\/938"}],"up":[{"embeddable":true,"href":"https:\/\/agora.xtec.cat\/ceip-la-parellada\/wp-json\/wp\/v2\/pages\/1026"}],"wp:attachment":[{"href":"https:\/\/agora.xtec.cat\/ceip-la-parellada\/wp-json\/wp\/v2\/media?parent=876"}],"curies":[{"name":"wp","href":"https:\/\/api.w.org\/{rel}","templated":true}]}}