{"id":801,"date":"2015-11-03T10:24:30","date_gmt":"2015-11-03T09:24:30","guid":{"rendered":"http:\/\/agora.xtec.cat\/ceip-la-parellada\/?page_id=801"},"modified":"2015-11-03T10:26:33","modified_gmt":"2015-11-03T09:26:33","slug":"sant-jordi","status":"publish","type":"page","link":"https:\/\/agora.xtec.cat\/ceip-la-parellada\/projecte-educatiu\/festes-tradicionals\/sant-jordi\/","title":{"rendered":"Sant Jordi"},"content":{"rendered":"<p>A Catalunya \u00e9s una festa que se celebra el 23 d&#8217;abril amb el Dia del Llibre i la Fira de les Roses, s\u00edmbols de la cultura i l&#8217;amor, i \u00e9s tamb\u00e9 una jornada que reivindica la cultura catalana.<\/p>\n<p><a href=\"http:\/\/agora.xtec.cat\/ceip-la-parellada\/wp-content\/uploads\/usu285\/2015\/11\/Sant-jordi-parada-i-teatre-010.jpg\"><img loading=\"lazy\" decoding=\"async\" src=\"http:\/\/agora.xtec.cat\/ceip-la-parellada\/wp-content\/uploads\/usu285\/2015\/11\/Sant-jordi-parada-i-teatre-010-1024x684.jpg\" alt=\"Sant jordi, parada i teatre 010\" width=\"350\" height=\"300\" class=\"alignnone size-large wp-image-802\" \/><\/a> <a href=\"http:\/\/agora.xtec.cat\/ceip-la-parellada\/wp-content\/uploads\/usu285\/2015\/11\/Sant-jordi-parada-i-teatre-075.jpg\"><img loading=\"lazy\" decoding=\"async\" src=\"http:\/\/agora.xtec.cat\/ceip-la-parellada\/wp-content\/uploads\/usu285\/2015\/11\/Sant-jordi-parada-i-teatre-075-1024x684.jpg\" alt=\"Sant jordi, parada i teatre 075\" width=\"350\" height=\"300\" class=\"alignnone size-large wp-image-804\" \/><\/a><\/p>\n","protected":false},"excerpt":{"rendered":"<p>A Catalunya \u00e9s una festa que se celebra el 23 d&#8217;abril amb el Dia del Llibre i la Fira de les Roses, s\u00edmbols de la cultura i l&#8217;amor, i \u00e9s tamb\u00e9 una jornada que reivindica la cultura catalana.<br \/>\n<a href=\"http:\/\/agora.xtec.cat\/ceip-la-parellada\/wp-content\/uploads\/usu285\/2015\/11\/Sant-jordi-parada-i-teatre-010.jpg\"><\/a> <a href=\"http:\/\/agora.xtec.cat\/ceip-la-parellada\/wp-content\/uploads\/usu285\/2015\/11\/Sant-jordi-parada-i-teatre-075.jpg\"><\/a><\/p>\n","protected":false},"author":1,"featured_media":0,"parent":780,"menu_order":0,"comment_status":"closed","ping_status":"closed","template":"page-templates\/side-menu.php","meta":{"_bbp_topic_count":0,"_bbp_reply_count":0,"_bbp_total_topic_count":0,"_bbp_total_reply_count":0,"_bbp_voice_count":0,"_bbp_anonymous_reply_count":0,"_bbp_topic_count_hidden":0,"_bbp_reply_count_hidden":0,"_bbp_forum_subforum_count":0,"footnotes":""},"class_list":["post-801","page","type-page","status-publish","hentry"],"post_mailing_queue_ids":[],"_links":{"self":[{"href":"https:\/\/agora.xtec.cat\/ceip-la-parellada\/wp-json\/wp\/v2\/pages\/801","targetHints":{"allow":["GET"]}}],"collection":[{"href":"https:\/\/agora.xtec.cat\/ceip-la-parellada\/wp-json\/wp\/v2\/pages"}],"about":[{"href":"https:\/\/agora.xtec.cat\/ceip-la-parellada\/wp-json\/wp\/v2\/types\/page"}],"author":[{"embeddable":true,"href":"https:\/\/agora.xtec.cat\/ceip-la-parellada\/wp-json\/wp\/v2\/users\/1"}],"replies":[{"embeddable":true,"href":"https:\/\/agora.xtec.cat\/ceip-la-parellada\/wp-json\/wp\/v2\/comments?post=801"}],"version-history":[{"count":3,"href":"https:\/\/agora.xtec.cat\/ceip-la-parellada\/wp-json\/wp\/v2\/pages\/801\/revisions"}],"predecessor-version":[{"id":808,"href":"https:\/\/agora.xtec.cat\/ceip-la-parellada\/wp-json\/wp\/v2\/pages\/801\/revisions\/808"}],"up":[{"embeddable":true,"href":"https:\/\/agora.xtec.cat\/ceip-la-parellada\/wp-json\/wp\/v2\/pages\/780"}],"wp:attachment":[{"href":"https:\/\/agora.xtec.cat\/ceip-la-parellada\/wp-json\/wp\/v2\/media?parent=801"}],"curies":[{"name":"wp","href":"https:\/\/api.w.org\/{rel}","templated":true}]}}