{"id":793,"date":"2015-11-03T10:10:25","date_gmt":"2015-11-03T09:10:25","guid":{"rendered":"http:\/\/agora.xtec.cat\/ceip-la-parellada\/?page_id=793"},"modified":"2015-11-03T10:10:25","modified_gmt":"2015-11-03T09:10:25","slug":"carnaval","status":"publish","type":"page","link":"https:\/\/agora.xtec.cat\/ceip-la-parellada\/projecte-educatiu\/festes-tradicionals\/carnaval\/","title":{"rendered":"Carnaval"},"content":{"rendered":"<p>Una celebraci\u00f3 que pertany al calendari lunar. \u00c9s una festa m\u00f2bil que se celebra set setmanes despr\u00e9s de la primera lluna plena passat el solstici d\u2019hivern.<\/p>\n<p><a href=\"http:\/\/agora.xtec.cat\/ceip-la-parellada\/wp-content\/uploads\/usu285\/2015\/11\/carnaval-2015-41.jpg\"><img loading=\"lazy\" decoding=\"async\" src=\"http:\/\/agora.xtec.cat\/ceip-la-parellada\/wp-content\/uploads\/usu285\/2015\/11\/carnaval-2015-41-1024x684.jpg\" alt=\"carnaval 2015 (41)\" width=\"350\" height=\"300\" class=\"alignnone size-large wp-image-795\" \/><\/a> <a href=\"http:\/\/agora.xtec.cat\/ceip-la-parellada\/wp-content\/uploads\/usu285\/2015\/11\/carnaval-2015-19.jpg\"><img loading=\"lazy\" decoding=\"async\" src=\"http:\/\/agora.xtec.cat\/ceip-la-parellada\/wp-content\/uploads\/usu285\/2015\/11\/carnaval-2015-19-1024x684.jpg\" alt=\"carnaval 2015 (19)\" width=\"350\" height=\"300\" class=\"alignnone size-large wp-image-797\" \/><\/a><\/p>\n","protected":false},"excerpt":{"rendered":"<p>Una celebraci\u00f3 que pertany al calendari lunar. \u00c9s una festa m\u00f2bil que se celebra set setmanes despr\u00e9s de la primera lluna plena passat el solstici d\u2019hivern.<br \/>\n<a href=\"http:\/\/agora.xtec.cat\/ceip-la-parellada\/wp-content\/uploads\/usu285\/2015\/11\/carnaval-2015-41.jpg\"><\/a> <a href=\"http:\/\/agora.xtec.cat\/ceip-la-parellada\/wp-content\/uploads\/usu285\/2015\/11\/carnaval-2015-19.jpg\"><\/a><\/p>\n","protected":false},"author":1,"featured_media":0,"parent":780,"menu_order":0,"comment_status":"closed","ping_status":"closed","template":"page-templates\/side-menu.php","meta":{"_bbp_topic_count":0,"_bbp_reply_count":0,"_bbp_total_topic_count":0,"_bbp_total_reply_count":0,"_bbp_voice_count":0,"_bbp_anonymous_reply_count":0,"_bbp_topic_count_hidden":0,"_bbp_reply_count_hidden":0,"_bbp_forum_subforum_count":0,"footnotes":""},"class_list":["post-793","page","type-page","status-publish","hentry"],"post_mailing_queue_ids":[],"_links":{"self":[{"href":"https:\/\/agora.xtec.cat\/ceip-la-parellada\/wp-json\/wp\/v2\/pages\/793","targetHints":{"allow":["GET"]}}],"collection":[{"href":"https:\/\/agora.xtec.cat\/ceip-la-parellada\/wp-json\/wp\/v2\/pages"}],"about":[{"href":"https:\/\/agora.xtec.cat\/ceip-la-parellada\/wp-json\/wp\/v2\/types\/page"}],"author":[{"embeddable":true,"href":"https:\/\/agora.xtec.cat\/ceip-la-parellada\/wp-json\/wp\/v2\/users\/1"}],"replies":[{"embeddable":true,"href":"https:\/\/agora.xtec.cat\/ceip-la-parellada\/wp-json\/wp\/v2\/comments?post=793"}],"version-history":[{"count":3,"href":"https:\/\/agora.xtec.cat\/ceip-la-parellada\/wp-json\/wp\/v2\/pages\/793\/revisions"}],"predecessor-version":[{"id":800,"href":"https:\/\/agora.xtec.cat\/ceip-la-parellada\/wp-json\/wp\/v2\/pages\/793\/revisions\/800"}],"up":[{"embeddable":true,"href":"https:\/\/agora.xtec.cat\/ceip-la-parellada\/wp-json\/wp\/v2\/pages\/780"}],"wp:attachment":[{"href":"https:\/\/agora.xtec.cat\/ceip-la-parellada\/wp-json\/wp\/v2\/media?parent=793"}],"curies":[{"name":"wp","href":"https:\/\/api.w.org\/{rel}","templated":true}]}}