{"id":36,"date":"2014-09-18T12:33:11","date_gmt":"2014-09-18T12:33:11","guid":{"rendered":"http:\/\/agora.xtec.cat\/ceip-la-parellada\/\/?page_id=36"},"modified":"2015-11-13T09:37:15","modified_gmt":"2015-11-13T08:37:15","slug":"material-escolar","status":"publish","type":"page","link":"https:\/\/agora.xtec.cat\/ceip-la-parellada\/lescola\/material-escolar\/","title":{"rendered":"Material escolar"},"content":{"rendered":"<p>Les fam\u00edlies poden adherir-se volunt\u00e0riament a fer una aportaci\u00f3 econ\u00f2mica per a l\u2019adquisici\u00f3 de material escolar a l\u2019inici de cada curs escolar. Aquesta aportaci\u00f3 es pot fraccionar. Les quantitats oscil\u00b7len entre 58 \u20ac i 65 \u20ac anuals, segons el curs i nivell Aquesta quota permet l\u2019adquisici\u00f3 de : agenda personalitzada, % de la quota de la plataforma  web escolar, folis, materia i despeses  d\u2019enquadernaci\u00f3  i reprograf\u00eda, llibretes, material de pl\u00e0stica.  A m\u00e9s tot el material col\u00b7lectiu d\u2019aula d\u2019EI-3 fins a 2n.<\/p>\n","protected":false},"excerpt":{"rendered":"<p>Les fam\u00edlies poden adherir-se volunt\u00e0riament a fer una aportaci\u00f3 econ\u00f2mica per a l\u2019adquisici\u00f3 de material escolar a l\u2019inici de cada curs escolar. Aquesta aportaci\u00f3 es pot fraccionar. Les quantitats oscil\u00b7len entre 58 \u20ac i 65 \u20ac anuals, segons el curs i nivell Aquesta quota permet&hellip;  <a href=\"https:\/\/agora.xtec.cat\/ceip-la-parellada\/lescola\/material-escolar\/\" title=\"Read Material escolar\">Llegeix m\u00e9s\u00bb<\/a><\/p>\n","protected":false},"author":2,"featured_media":0,"parent":22,"menu_order":70,"comment_status":"closed","ping_status":"closed","template":"page-templates\/side-menu.php","meta":{"_bbp_topic_count":0,"_bbp_reply_count":0,"_bbp_total_topic_count":0,"_bbp_total_reply_count":0,"_bbp_voice_count":0,"_bbp_anonymous_reply_count":0,"_bbp_topic_count_hidden":0,"_bbp_reply_count_hidden":0,"_bbp_forum_subforum_count":0,"footnotes":""},"class_list":["post-36","page","type-page","status-publish","hentry"],"post_mailing_queue_ids":[],"_links":{"self":[{"href":"https:\/\/agora.xtec.cat\/ceip-la-parellada\/wp-json\/wp\/v2\/pages\/36","targetHints":{"allow":["GET"]}}],"collection":[{"href":"https:\/\/agora.xtec.cat\/ceip-la-parellada\/wp-json\/wp\/v2\/pages"}],"about":[{"href":"https:\/\/agora.xtec.cat\/ceip-la-parellada\/wp-json\/wp\/v2\/types\/page"}],"author":[{"embeddable":true,"href":"https:\/\/agora.xtec.cat\/ceip-la-parellada\/wp-json\/wp\/v2\/users\/2"}],"replies":[{"embeddable":true,"href":"https:\/\/agora.xtec.cat\/ceip-la-parellada\/wp-json\/wp\/v2\/comments?post=36"}],"version-history":[{"count":3,"href":"https:\/\/agora.xtec.cat\/ceip-la-parellada\/wp-json\/wp\/v2\/pages\/36\/revisions"}],"predecessor-version":[{"id":991,"href":"https:\/\/agora.xtec.cat\/ceip-la-parellada\/wp-json\/wp\/v2\/pages\/36\/revisions\/991"}],"up":[{"embeddable":true,"href":"https:\/\/agora.xtec.cat\/ceip-la-parellada\/wp-json\/wp\/v2\/pages\/22"}],"wp:attachment":[{"href":"https:\/\/agora.xtec.cat\/ceip-la-parellada\/wp-json\/wp\/v2\/media?parent=36"}],"curies":[{"name":"wp","href":"https:\/\/api.w.org\/{rel}","templated":true}]}}