{"id":34,"date":"2014-09-18T12:32:18","date_gmt":"2014-09-18T12:32:18","guid":{"rendered":"http:\/\/agora.xtec.cat\/ceip-la-parellada\/\/?page_id=34"},"modified":"2015-11-13T09:44:28","modified_gmt":"2015-11-13T08:44:28","slug":"oferta-educativa","status":"publish","type":"page","link":"https:\/\/agora.xtec.cat\/ceip-la-parellada\/lescola\/oferta-educativa\/","title":{"rendered":"Oferta educativa"},"content":{"rendered":"<h6>L\u2019oferta educativa del curs 2015\/2016 \u00e9s:<\/h6>\n<p class=\"western\" lang=\"ca-ES\"><span lang=\"es-ES\">50 places a tots els nivells educatius a excepci\u00f3 de 4t de prim\u00e0ria que s\u2019fereixen 25 places.<\/span><\/p>\n<p class=\"western\" lang=\"ca-ES\"><strong><span lang=\"es-ES\">Serveis:<\/span><\/strong><\/p>\n<p class=\"western\" lang=\"ca-ES\"><span lang=\"es-ES\">Menjador escolar: 80 places<\/span><\/p>\n<p class=\"western\" lang=\"ca-ES\"><span lang=\"es-ES\">Transport escolar: 110 places<\/span><\/p>\n<p class=\"western\" lang=\"ca-ES\"><strong><span lang=\"es-ES\">Biblioteca escolar i municipal:<\/span><\/strong><\/p>\n<p class=\"western\" lang=\"ca-ES\"><span lang=\"es-ES\">Tots els grups classe disposen d\u2019una session setmanal de Biblioteca dins l\u2019horari lectiu.<\/span><\/p>\n<p class=\"western\" lang=\"ca-ES\"><span lang=\"en-US\">Bibliopati: Tots els dilluns I dimecres de 11 h a 11:30 h<\/span><\/p>\n<p class=\"western\" lang=\"ca-ES\"><span lang=\"es-ES\">Club de lectura: Dimecres de 12:30 h a 13:30 h. Alumnes dels cicles mitj\u00e0 i superior.<\/span><\/p>\n<p class=\"western\" lang=\"ca-ES\"><span lang=\"es-ES\">Padrins de lectura: Un dijous per la tarda cada tres setmanes.<\/span><\/p>\n<p class=\"western\" lang=\"ca-ES\"><span lang=\"es-ES\">Carnet lector: tots els alumnes.<\/span><\/p>\n<p class=\"western\" lang=\"ca-ES\"><strong><span lang=\"es-ES\">Taller de rob\u00f2tica:<\/span><\/strong><\/p>\n<p class=\"western\" lang=\"ca-ES\"><span lang=\"es-ES\">Dimarts i divendres de 12:30 h a 13:30 h, alumnes del cicle superior.<\/span><\/p>\n<p class=\"western\" lang=\"ca-ES\"><span lang=\"es-ES\">Integraci\u00f3 de la Rob\u00f2tica a l\u2019aula , a l\u2019hora d\u2019Inform\u00e0tica per a tots els alumnes dels cicles mitj\u00e0 i superior.<\/span><\/p>\n<p class=\"western\" lang=\"ca-ES\"><span lang=\"es-ES\">Taller de Video i imatge:<\/span><\/p>\n<p class=\"western\" lang=\"ca-ES\"><span lang=\"es-ES\">Dimarts i divendres de 12:30 h a 13:30 h , alumnes del cicle superior.<\/span><\/p>\n<p class=\"western\" lang=\"ca-ES\"><strong><span lang=\"es-ES\">XTEC r\u00e0dio:<\/span><\/strong><\/p>\n<p class=\"western\" lang=\"ca-ES\"><span lang=\"es-ES\">Divendres de 12:30 h a 13:30 h , alumnes del cicle superior.<\/span><\/p>\n<p class=\"western\" lang=\"ca-ES\"><span lang=\"en-US\">Coral Infantil, \u201cEls follets del Castell\u201d<\/span><\/p>\n<p class=\"western\" lang=\"ca-ES\"><span lang=\"en-US\">Dimarts de 12:30 h a 13:30 h: Grup petits, EI-3 fins a 1r<\/span><\/p>\n<p class=\"western\" lang=\"ca-ES\"><span lang=\"es-ES\">Grup grans de 2n a 5\u00e8.<\/span><\/p>\n<p class=\"western\" lang=\"ca-ES\"><span lang=\"es-ES\">Els alumnes de sis\u00e8 participen al Cant\u00e0nia.<\/span><\/p>\n<p class=\"western\" lang=\"ca-ES\"><strong><span lang=\"es-ES\">SEP<\/span><\/strong><\/p>\n<p class=\"western\" lang=\"ca-ES\"><span lang=\"es-ES\">Dimarts i divendres de 12:30 h a 13:30 h, alumnes de prim\u00e0ria i germans d\u2019EI afectats.<\/span><\/p>\n<p class=\"western\" lang=\"ca-ES\"><span lang=\"es-ES\">PATIS DIVERTITS<\/span><\/p>\n<p class=\"western\" lang=\"ca-ES\"><span lang=\"es-ES\">Pista poliesportiva<\/span><\/p>\n<p class=\"western\" lang=\"ca-ES\"><span lang=\"es-ES\">Pati d\u2019infantil amb jocs diversos<\/span><\/p>\n<p class=\"western\" lang=\"ca-ES\"><span lang=\"es-ES\">Pati de prim\u00e0ria amb Parc i jocs pintats al terra.<\/span><\/p>\n<p class=\"western\" lang=\"ca-ES\"><span lang=\"es-ES\">Dos dies setmanals la Biblioteca i l\u2019aula d\u2019inform\u00e0tica est\u00e1n a disposici\u00f3 dels alumnes<\/span><\/p>\n<p class=\"western\" lang=\"ca-ES\"><span lang=\"es-ES\">Un dia a la semana obrim l\u2019espai Kapla<\/span><\/p>\n<p class=\"western\" lang=\"ca-ES\"><span lang=\"es-ES\">Un dia a la semana el dediquem a realizar tasques dirigides a l\u2019hort escolar.<\/span><\/p>\n","protected":false},"excerpt":{"rendered":"<p>L\u2019oferta educativa del curs 2015\/2016 \u00e9s:<br \/>\n50 places a tots els nivells educatius a excepci\u00f3 de 4t de prim\u00e0ria que s\u2019fereixen 25 places.<br \/>\nServeis:<br \/>\nMenjador escolar: 80 places<br \/>\nTransport escolar: 110 places<br \/>\nBiblioteca escolar i municipal:<br \/>\nTots els grups classe disposen d\u2019una session setmanal de Biblioteca dins l\u2019horari lectiu.<br \/>\nBibliopati: Tots els&hellip;  <a href=\"https:\/\/agora.xtec.cat\/ceip-la-parellada\/lescola\/oferta-educativa\/\" title=\"Read Oferta educativa\">Llegeix m\u00e9s\u00bb<\/a><\/p>\n","protected":false},"author":2,"featured_media":0,"parent":22,"menu_order":60,"comment_status":"closed","ping_status":"closed","template":"page-templates\/side-menu.php","meta":{"_bbp_topic_count":0,"_bbp_reply_count":0,"_bbp_total_topic_count":0,"_bbp_total_reply_count":0,"_bbp_voice_count":0,"_bbp_anonymous_reply_count":0,"_bbp_topic_count_hidden":0,"_bbp_reply_count_hidden":0,"_bbp_forum_subforum_count":0,"footnotes":""},"class_list":["post-34","page","type-page","status-publish","hentry"],"post_mailing_queue_ids":[],"_links":{"self":[{"href":"https:\/\/agora.xtec.cat\/ceip-la-parellada\/wp-json\/wp\/v2\/pages\/34","targetHints":{"allow":["GET"]}}],"collection":[{"href":"https:\/\/agora.xtec.cat\/ceip-la-parellada\/wp-json\/wp\/v2\/pages"}],"about":[{"href":"https:\/\/agora.xtec.cat\/ceip-la-parellada\/wp-json\/wp\/v2\/types\/page"}],"author":[{"embeddable":true,"href":"https:\/\/agora.xtec.cat\/ceip-la-parellada\/wp-json\/wp\/v2\/users\/2"}],"replies":[{"embeddable":true,"href":"https:\/\/agora.xtec.cat\/ceip-la-parellada\/wp-json\/wp\/v2\/comments?post=34"}],"version-history":[{"count":3,"href":"https:\/\/agora.xtec.cat\/ceip-la-parellada\/wp-json\/wp\/v2\/pages\/34\/revisions"}],"predecessor-version":[{"id":993,"href":"https:\/\/agora.xtec.cat\/ceip-la-parellada\/wp-json\/wp\/v2\/pages\/34\/revisions\/993"}],"up":[{"embeddable":true,"href":"https:\/\/agora.xtec.cat\/ceip-la-parellada\/wp-json\/wp\/v2\/pages\/22"}],"wp:attachment":[{"href":"https:\/\/agora.xtec.cat\/ceip-la-parellada\/wp-json\/wp\/v2\/media?parent=34"}],"curies":[{"name":"wp","href":"https:\/\/api.w.org\/{rel}","templated":true}]}}