{"id":32,"date":"2014-09-18T12:31:33","date_gmt":"2014-09-18T12:31:33","guid":{"rendered":"http:\/\/agora.xtec.cat\/ceip-la-parellada\/\/?page_id=32"},"modified":"2018-11-09T18:27:54","modified_gmt":"2018-11-09T17:27:54","slug":"calendari-del-curs","status":"publish","type":"page","link":"https:\/\/agora.xtec.cat\/ceip-la-parellada\/lescola\/calendari-del-curs\/","title":{"rendered":"Calendari del curs"},"content":{"rendered":"<h4><strong>Inici de curs:<\/strong><\/h4>\n<p>12 de setembre de 2018<\/p>\n<h4><strong>Fi de curs:<\/strong><\/h4>\n<p>Fi de les classes: 22 de juny<\/p>\n<h4><strong>Vacances:<\/strong><\/h4>\n<p>Nadal 22 de desembre al 7 de gener<br \/>\nPasqua 13 de mar\u00e7 al 22 d&#8217;abril<\/p>\n<h4><strong>Festes:<\/strong><\/h4>\n<p>2 de novembre<\/p>\n<p>7 de desembre<\/p>\n<p>25 de gener<\/p>\n<p><span style=\"font-family: inherit; font-size: 1em;\">14 de febrer<\/span><\/p>\n<p>4 de mar\u00e7<\/p>\n<h4><strong>Festes de l&#8217;escola:<\/strong><\/h4>\n<p>La Castanyada 31 d&#8217;octubre<br \/>\nNadal teatre 20 de desembre<br \/>\nNadal Nadales 21 de desembre<br \/>\nDijous Gras 28 de febrer<br \/>\nCarnaval 1 de mar\u00e7<br \/>\nTeatre segon trimestre i parada llibres Sant Jordi 23 d&#8217;abril<br \/>\nTeatre Fi de curs(mat\u00ed) i Festa Fi de curs(tarda) 1 de juny, 20 de juny<br \/>\nCantada i orles 21 juny<\/p>\n<p>L\u2019<b>horari lectiu<\/b>\u00a0del centre \u00e9s de 9 a 12,30 h i de 15,00 a 16,30 h per a tots els alumnes del centre.<\/p>\n<p>Per als alumnes que inicien l\u2019escolaritzaci\u00f3 a P3 s\u2019organitza un breu per\u00edode d\u2019adaptaci\u00f3 que suposa una certa modificaci\u00f3 dels horaris dels dos primers dies de classe, i que es fa saber a les fam\u00edlies en les reunions pr\u00e8vies corresponents.<\/p>\n","protected":false},"excerpt":{"rendered":"<p>Inici de curs:<br \/>\n12 de setembre de 2018<br \/>\nFi de curs:<br \/>\nFi de les classes: 22 de juny<br \/>\nVacances:<br \/>\nNadal 22 de desembre al 7 de gener<br \/>\nPasqua 13 de mar\u00e7 al 22 d&#8217;abril<br \/>\nFestes:<br \/>\n2 de novembre<br \/>\n7 de desembre<br \/>\n25 de gener<br \/>\n14 de febrer<br \/>\n4 de mar\u00e7<br \/>\nFestes de l&#8217;escola:<br \/>\nLa Castanyada 31 d&#8217;octubre<br \/>\nNadal teatre 20&hellip;  <a href=\"https:\/\/agora.xtec.cat\/ceip-la-parellada\/lescola\/calendari-del-curs\/\" title=\"Read Calendari del curs\">Llegeix m\u00e9s\u00bb<\/a><\/p>\n","protected":false},"author":2,"featured_media":0,"parent":22,"menu_order":50,"comment_status":"closed","ping_status":"closed","template":"page-templates\/side-menu.php","meta":{"_bbp_topic_count":0,"_bbp_reply_count":0,"_bbp_total_topic_count":0,"_bbp_total_reply_count":0,"_bbp_voice_count":0,"_bbp_anonymous_reply_count":0,"_bbp_topic_count_hidden":0,"_bbp_reply_count_hidden":0,"_bbp_forum_subforum_count":0,"footnotes":""},"class_list":["post-32","page","type-page","status-publish","hentry"],"post_mailing_queue_ids":[],"_links":{"self":[{"href":"https:\/\/agora.xtec.cat\/ceip-la-parellada\/wp-json\/wp\/v2\/pages\/32","targetHints":{"allow":["GET"]}}],"collection":[{"href":"https:\/\/agora.xtec.cat\/ceip-la-parellada\/wp-json\/wp\/v2\/pages"}],"about":[{"href":"https:\/\/agora.xtec.cat\/ceip-la-parellada\/wp-json\/wp\/v2\/types\/page"}],"author":[{"embeddable":true,"href":"https:\/\/agora.xtec.cat\/ceip-la-parellada\/wp-json\/wp\/v2\/users\/2"}],"replies":[{"embeddable":true,"href":"https:\/\/agora.xtec.cat\/ceip-la-parellada\/wp-json\/wp\/v2\/comments?post=32"}],"version-history":[{"count":3,"href":"https:\/\/agora.xtec.cat\/ceip-la-parellada\/wp-json\/wp\/v2\/pages\/32\/revisions"}],"predecessor-version":[{"id":1089,"href":"https:\/\/agora.xtec.cat\/ceip-la-parellada\/wp-json\/wp\/v2\/pages\/32\/revisions\/1089"}],"up":[{"embeddable":true,"href":"https:\/\/agora.xtec.cat\/ceip-la-parellada\/wp-json\/wp\/v2\/pages\/22"}],"wp:attachment":[{"href":"https:\/\/agora.xtec.cat\/ceip-la-parellada\/wp-json\/wp\/v2\/media?parent=32"}],"curies":[{"name":"wp","href":"https:\/\/api.w.org\/{rel}","templated":true}]}}