{"id":26,"date":"2014-09-18T12:24:32","date_gmt":"2014-09-18T12:24:32","guid":{"rendered":"http:\/\/agora.xtec.cat\/ceip-la-parellada\/\/?page_id=26"},"modified":"2015-11-12T10:34:50","modified_gmt":"2015-11-12T09:34:50","slug":"historia","status":"publish","type":"page","link":"https:\/\/agora.xtec.cat\/ceip-la-parellada\/lescola\/historia\/","title":{"rendered":"Hist\u00f2ria"},"content":{"rendered":"<h6>MOLT BREU HIST\u00d2RIA DE L\u2019ESCOLA LA PARELLADA<\/h6>\n<p class=\"western\" lang=\"ca-ES\"><span lang=\"es-ES\">L\u2019escola de Santa Oliva es remunta m\u00e9s enll\u00e0 de l\u2019any 1866.<\/span><\/p>\n<p class=\"western\" lang=\"ca-ES\"><span lang=\"es-ES\">El primer document del qual tenim const\u00e0ncia de l\u2019exist\u00e8ncia d\u2019una escola al nostre municipi \u00e9s una Acta d\u2019Inspecci\u00f3 de la Comissi\u00f3 Local, datada el 18 d\u2019agost de 1866 , signada per Pedro Mata, Antonio Garriga, Pau i el Moss\u00e8n Mauricio Bruquetas.<\/span><\/p>\n<p class=\"western\" lang=\"ca-ES\"><span lang=\"es-ES\">Per tant l\u2019any 2016 ser\u00e0 el 150\u00e8 aniversari de l\u2019escola, que actualment a partir de l\u2019any 1991 rep el nom de La Parellada, moment tamb\u00e9 que estrena l\u2019actual ubicaci\u00f3 i edifici escolar.<\/span><\/p>\n<p class=\"western\" lang=\"ca-ES\"><span lang=\"es-ES\">Anteriorment l\u2019escola havia passat per diferents edificis dispersos pel municipi, en els quals es separaven els nens de les nenes, amb una certa provisionalitat fins que foren construides les dues aules, que avui , ja desafectades, s\u00f3n Llar d\u2019avis.<\/span><\/p>\n<p class=\"western\" lang=\"ca-ES\"><span lang=\"es-ES\">L\u2019any 1991 s\u2019inaugura la meitat de l\u2019actual edifici escolar que s\u2019ampliar\u00e0 posteriorment el curs 95\/96. El 2005 s\u2019instal.la el primer m\u00f2dul prefabricat per tal de donar resposta a l\u2019escolaritzaci\u00f3 del boom demogr\u00e0fic podu\u00eft al municipi i a la comarca i fins avui.<\/span><\/p>\n<p class=\"western\" lang=\"ca-ES\"><span lang=\"es-ES\">L\u2019escola actualment compta amb una plantilla de vint-i-sis mestres i 300 alumnes aproximadament.<\/span><\/p>\n","protected":false},"excerpt":{"rendered":"<p>MOLT BREU HIST\u00d2RIA DE L\u2019ESCOLA LA PARELLADA<br \/>\nL\u2019escola de Santa Oliva es remunta m\u00e9s enll\u00e0 de l\u2019any 1866.<br \/>\nEl primer document del qual tenim const\u00e0ncia de l\u2019exist\u00e8ncia d\u2019una escola al nostre municipi \u00e9s una Acta d\u2019Inspecci\u00f3 de la Comissi\u00f3 Local, datada el 18 d\u2019agost de 1866 ,&hellip;  <a href=\"https:\/\/agora.xtec.cat\/ceip-la-parellada\/lescola\/historia\/\" title=\"Read Hist\u00f2ria\">Llegeix m\u00e9s\u00bb<\/a><\/p>\n","protected":false},"author":2,"featured_media":0,"parent":22,"menu_order":20,"comment_status":"closed","ping_status":"closed","template":"page-templates\/side-menu.php","meta":{"_bbp_topic_count":0,"_bbp_reply_count":0,"_bbp_total_topic_count":0,"_bbp_total_reply_count":0,"_bbp_voice_count":0,"_bbp_anonymous_reply_count":0,"_bbp_topic_count_hidden":0,"_bbp_reply_count_hidden":0,"_bbp_forum_subforum_count":0,"footnotes":""},"class_list":["post-26","page","type-page","status-publish","hentry"],"post_mailing_queue_ids":[],"_links":{"self":[{"href":"https:\/\/agora.xtec.cat\/ceip-la-parellada\/wp-json\/wp\/v2\/pages\/26","targetHints":{"allow":["GET"]}}],"collection":[{"href":"https:\/\/agora.xtec.cat\/ceip-la-parellada\/wp-json\/wp\/v2\/pages"}],"about":[{"href":"https:\/\/agora.xtec.cat\/ceip-la-parellada\/wp-json\/wp\/v2\/types\/page"}],"author":[{"embeddable":true,"href":"https:\/\/agora.xtec.cat\/ceip-la-parellada\/wp-json\/wp\/v2\/users\/2"}],"replies":[{"embeddable":true,"href":"https:\/\/agora.xtec.cat\/ceip-la-parellada\/wp-json\/wp\/v2\/comments?post=26"}],"version-history":[{"count":2,"href":"https:\/\/agora.xtec.cat\/ceip-la-parellada\/wp-json\/wp\/v2\/pages\/26\/revisions"}],"predecessor-version":[{"id":983,"href":"https:\/\/agora.xtec.cat\/ceip-la-parellada\/wp-json\/wp\/v2\/pages\/26\/revisions\/983"}],"up":[{"embeddable":true,"href":"https:\/\/agora.xtec.cat\/ceip-la-parellada\/wp-json\/wp\/v2\/pages\/22"}],"wp:attachment":[{"href":"https:\/\/agora.xtec.cat\/ceip-la-parellada\/wp-json\/wp\/v2\/media?parent=26"}],"curies":[{"name":"wp","href":"https:\/\/api.w.org\/{rel}","templated":true}]}}