{"id":73,"date":"2014-09-18T14:01:51","date_gmt":"2014-09-18T13:01:51","guid":{"rendered":"http:\/\/agora.xtec.cat\/ceip-jverdaguer-palleja\/?page_id=73"},"modified":"2026-04-28T16:11:24","modified_gmt":"2026-04-28T14:11:24","slug":"menjador-escolar","status":"publish","type":"page","link":"https:\/\/agora.xtec.cat\/ceip-jverdaguer-palleja\/serveis\/menjador-escolar\/","title":{"rendered":"Menjador escolar"},"content":{"rendered":"<h4><a href=\"https:\/\/agora.xtec.cat\/ceip-jverdaguer-palleja\/wp-content\/uploads\/usu710\/2019\/09\/7itria.png\"><img loading=\"lazy\" decoding=\"async\" class=\"alignright wp-image-1623\" src=\"https:\/\/agora.xtec.cat\/ceip-jverdaguer-palleja\/wp-content\/uploads\/usu710\/2019\/09\/7itria.png\" alt=\"\" width=\"50\" height=\"46\" \/><\/a><\/h4>\n<table style=\"border-collapse: collapse; width: 65.3284%; height: 89px;\" border=\"1\">\n<tbody>\n<tr>\n<td style=\"width: 100%; background-color: #32f03f;\"><strong>Tel\u00e8fon exclusiu per el servei de menjador i acollida matinal<\/strong><\/p>\n<p>Coordinadora de menjador (Cristina Jarandilla) <b>TELF 685189836<\/b>. Es pot comunicar via Whatsapp.<br \/>\nL\u00b4horari d&#8217;atenci\u00f3 a les fam\u00edlies ser\u00e0 el mateix que fins ara, de 9.00 a 10.00h<br \/>\nMoltes gr\u00e0cies per la col\u00b7laboraci\u00f3<br \/>\n7 ITRIA SA<\/td>\n<\/tr>\n<\/tbody>\n<\/table>\n<h4>SERVEI DE MENJADOR EN CAS DE CONFINAMENT<\/h4>\n<p>Us informem que davant la possible situaci\u00f3 de confinament dels vostres fills\/es en cas d\u2019un positiu per COVID-19 i seguint les mesures establertes, des de 7 i TRIA, juntament amb la direcci\u00f3 de la vostra escola, hem acordat el subministrament de l\u2019\u00e0pat (dinar) per a tots els usuaris DE MENJADOR, que temporalment no puguin utilitzar el servei, amb motiu de les mesures preventives que es prenguin per la COVID-19 (quarantena, a\u00efllament o confinament del centre o grup).<\/p>\n<p>Els usuaris que ho sol\u00b7licitin hauran de seguir les mateixes condicions d\u2019inscripci\u00f3 a aquest servei.<\/p>\n<p><a href=\"https:\/\/drive.google.com\/file\/d\/197KzvS_jtHf9ySCZUC-4Ltk-27TySFDL\/view?usp=sharing\" target=\"_blank\" rel=\"noopener noreferrer\">CARTA INFORMATIVA<\/a><\/p>\n<p><a href=\"https:\/\/drive.google.com\/file\/d\/19JK6BnNy7p8kyoZvr988GszNn0poPBQu\/view?usp=sharing\" target=\"_blank\" rel=\"noopener noreferrer\">PROCEDIMENT DE COMUNICACI\u00d3<\/a><\/p>\n<h4>EL PROJECTE SERVIM-NOS<\/h4>\n<p><iframe loading=\"lazy\" src=\"https:\/\/drive.google.com\/file\/d\/1-Pjbxou6aXT8mM492LYsd2RZlIeMWOYV\/preview\" width=\"840\" height=\"680\"><span data-mce-type=\"bookmark\" style=\"display: inline-block; width: 0px; overflow: hidden; line-height: 0;\" class=\"mce_SELRES_start\">\ufeff<\/span><\/iframe><br \/>\n<a href=\"http:\/\/www.7itria.cat\/index.php\/destacats\/199-servimnos.html\" target=\"_blank\" rel=\"noopener noreferrer\"><img loading=\"lazy\" decoding=\"async\" class=\"alignnone wp-image-848\" src=\"http:\/\/agora.xtec.cat\/ceip-jverdaguer-palleja\/wp-content\/uploads\/usu710\/2017\/04\/horitzontalCOLOR_ambfons-1024x297.png\" alt=\"horitzontalCOLOR_ambfons\" width=\"842\" height=\"244\" srcset=\"https:\/\/agora.xtec.cat\/ceip-jverdaguer-palleja\/wp-content\/uploads\/usu710\/2017\/04\/horitzontalCOLOR_ambfons-1024x297.png 1024w, https:\/\/agora.xtec.cat\/ceip-jverdaguer-palleja\/wp-content\/uploads\/usu710\/2017\/04\/horitzontalCOLOR_ambfons-300x87.png 300w, https:\/\/agora.xtec.cat\/ceip-jverdaguer-palleja\/wp-content\/uploads\/usu710\/2017\/04\/horitzontalCOLOR_ambfons-768x222.png 768w\" sizes=\"auto, (max-width: 842px) 100vw, 842px\" \/><\/a><\/p>\n<p>AMB EL SEG\u00dcENT V\u00cdDEO US VOLEM PRESENTAR EL NOU PROJECTE EDUCATIU DEL MENJADOR.<\/p>\n<p><iframe loading=\"lazy\" src=\"https:\/\/www.youtube.com\/embed\/UgGZfU_rcuk\" width=\"560\" height=\"315\" frameborder=\"0\"><\/iframe><\/p>\n<h5>Amb l&#8217;aplicaci\u00f3 d&#8217;aquest projecte hem hagut de fer un canvi d&#8217;organitzaci\u00f3 que ha motivat fer activitats en l&#8217;espai de lleure lligades al Projecte Educatiu de centre:<\/h5>\n<ul>\n<li>Els alumnes fan 15 minuts de lectura di\u00e0ria just abans de comen\u00e7ar les classes de la tarda.<\/li>\n<li>Una part d&#8217;aquest espai de lleure, els nens\/es juguen amb jocs de taula educatius.<\/li>\n<li>Dos dies en setmana (cicle mitj\u00e0 i cicle superior) poden assistir volunt\u00e0riament a les sessions de dansa.<\/li>\n<li>Espai de lleure lliure acompanyats sempre pels monitors.<\/li>\n<\/ul>\n<div id=\"sites-canvas-main\" class=\"sites-canvas-main\">\n<div id=\"sites-canvas-main-content\">\n<div id=\"sites-canvas-main\" class=\"sites-canvas-main\">\n<div id=\"sites-canvas-main-content\">\n<table style=\"border-collapse: collapse; width: 94.22222222222223%; height: 18px;\" border=\"1\">\n<tbody>\n<tr>\n<td style=\"width: 100%;\"><\/td>\n<\/tr>\n<\/tbody>\n<\/table>\n<\/div>\n<\/div>\n<p>&nbsp;<\/p>\n<\/div>\n<\/div>\n","protected":false},"excerpt":{"rendered":"<p>Tel\u00e8fon exclusiu per el servei de menjador i acollida matinal Coordinadora de menjador (Cristina Jarandilla) TELF 685189836. Es pot comunicar via Whatsapp. L\u00b4horari d&#8217;atenci\u00f3 a les fam\u00edlies ser\u00e0 el mateix que fins ara, de 9.00 a 10.00h Moltes gr\u00e0cies per la col\u00b7laboraci\u00f3 7 ITRIA SA SERVEI DE MENJADOR EN CAS DE CONFINAMENT Us informem que [&hellip;]<\/p>\n","protected":false},"author":1,"featured_media":0,"parent":66,"menu_order":30,"comment_status":"closed","ping_status":"closed","template":"","meta":{"_bbp_topic_count":0,"_bbp_reply_count":0,"_bbp_total_topic_count":0,"_bbp_total_reply_count":0,"_bbp_voice_count":0,"_bbp_anonymous_reply_count":0,"_bbp_topic_count_hidden":0,"_bbp_reply_count_hidden":0,"_bbp_forum_subforum_count":0,"site-sidebar-layout":"default","site-content-layout":"","ast-site-content-layout":"default","site-content-style":"default","site-sidebar-style":"default","ast-global-header-display":"","ast-banner-title-visibility":"","ast-main-header-display":"","ast-hfb-above-header-display":"","ast-hfb-below-header-display":"","ast-hfb-mobile-header-display":"","site-post-title":"","ast-breadcrumbs-content":"","ast-featured-img":"","footer-sml-layout":"","theme-transparent-header-meta":"default","adv-header-id-meta":"","stick-header-meta":"","header-above-stick-meta":"","header-main-stick-meta":"","header-below-stick-meta":"","astra-migrate-meta-layouts":"set","ast-page-background-enabled":"default","ast-page-background-meta":{"desktop":{"background-color":"var(--ast-global-color-4)","background-image":"","background-repeat":"repeat","background-position":"center center","background-size":"auto","background-attachment":"scroll","background-type":"","background-media":"","overlay-type":"","overlay-color":"","overlay-opacity":"","overlay-gradient":""},"tablet":{"background-color":"","background-image":"","background-repeat":"repeat","background-position":"center center","background-size":"auto","background-attachment":"scroll","background-type":"","background-media":"","overlay-type":"","overlay-color":"","overlay-opacity":"","overlay-gradient":""},"mobile":{"background-color":"","background-image":"","background-repeat":"repeat","background-position":"center center","background-size":"auto","background-attachment":"scroll","background-type":"","background-media":"","overlay-type":"","overlay-color":"","overlay-opacity":"","overlay-gradient":""}},"ast-content-background-meta":{"desktop":{"background-color":"var(--ast-global-color-5)","background-image":"","background-repeat":"repeat","background-position":"center center","background-size":"auto","background-attachment":"scroll","background-type":"","background-media":"","overlay-type":"","overlay-color":"","overlay-opacity":"","overlay-gradient":""},"tablet":{"background-color":"var(--ast-global-color-5)","background-image":"","background-repeat":"repeat","background-position":"center center","background-size":"auto","background-attachment":"scroll","background-type":"","background-media":"","overlay-type":"","overlay-color":"","overlay-opacity":"","overlay-gradient":""},"mobile":{"background-color":"var(--ast-global-color-5)","background-image":"","background-repeat":"repeat","background-position":"center center","background-size":"auto","background-attachment":"scroll","background-type":"","background-media":"","overlay-type":"","overlay-color":"","overlay-opacity":"","overlay-gradient":""}},"footnotes":""},"class_list":["post-73","page","type-page","status-publish","hentry"],"post_mailing_queue_ids":[],"_links":{"self":[{"href":"https:\/\/agora.xtec.cat\/ceip-jverdaguer-palleja\/wp-json\/wp\/v2\/pages\/73","targetHints":{"allow":["GET"]}}],"collection":[{"href":"https:\/\/agora.xtec.cat\/ceip-jverdaguer-palleja\/wp-json\/wp\/v2\/pages"}],"about":[{"href":"https:\/\/agora.xtec.cat\/ceip-jverdaguer-palleja\/wp-json\/wp\/v2\/types\/page"}],"author":[{"embeddable":true,"href":"https:\/\/agora.xtec.cat\/ceip-jverdaguer-palleja\/wp-json\/wp\/v2\/users\/1"}],"replies":[{"embeddable":true,"href":"https:\/\/agora.xtec.cat\/ceip-jverdaguer-palleja\/wp-json\/wp\/v2\/comments?post=73"}],"version-history":[{"count":5,"href":"https:\/\/agora.xtec.cat\/ceip-jverdaguer-palleja\/wp-json\/wp\/v2\/pages\/73\/revisions"}],"predecessor-version":[{"id":3266,"href":"https:\/\/agora.xtec.cat\/ceip-jverdaguer-palleja\/wp-json\/wp\/v2\/pages\/73\/revisions\/3266"}],"up":[{"embeddable":true,"href":"https:\/\/agora.xtec.cat\/ceip-jverdaguer-palleja\/wp-json\/wp\/v2\/pages\/66"}],"wp:attachment":[{"href":"https:\/\/agora.xtec.cat\/ceip-jverdaguer-palleja\/wp-json\/wp\/v2\/media?parent=73"}],"curies":[{"name":"wp","href":"https:\/\/api.w.org\/{rel}","templated":true}]}}