{"id":362,"date":"2016-02-04T10:14:17","date_gmt":"2016-02-04T09:14:17","guid":{"rendered":"http:\/\/agora.xtec.cat\/ceip-jverdaguer-palleja\/?page_id=362"},"modified":"2019-01-14T22:50:41","modified_gmt":"2019-01-14T21:50:41","slug":"nadal","status":"publish","type":"page","link":"https:\/\/agora.xtec.cat\/ceip-jverdaguer-palleja\/activitats\/festes\/nadal\/","title":{"rendered":"Nadal"},"content":{"rendered":"<div class=\"sites-layout-name-three-column-hf sites-layout-vbox\">\n<div class=\"sites-layout-tile sites-tile-name-header\">\n<div dir=\"ltr\">\n<h3>Concert Nadal 2018<\/h3>\n<p style=\"text-align: justify;\">Com tots els anys, l&#8217;escola Jacint Verdaguer, ofereix un fabul\u00f3s concert a l&#8217;esglesia Parroquial de Santa Eul\u00e0lia de Pallej\u00e0, on tots els alumnes es feliciten el Nadal i gaudeixen de les interpretacions dels seus companys i companyes. No \u00fas ho podeu perdre !<\/p>\n<p><strong>Can\u00e7\u00f3 i poema Curs P3<\/strong><\/p>\n<p><iframe loading=\"lazy\" src=\"https:\/\/drive.google.com\/file\/d\/1I99VecyLDzRwAWMuEc1a1B7kOfImZkgV\/preview\" width=\"640\" height=\"480\"><\/iframe><\/p>\n<p><strong>Can\u00e7\u00f3 i poema Curs P4<\/strong><\/p>\n<p><iframe loading=\"lazy\" src=\"https:\/\/drive.google.com\/file\/d\/1wVYJimY5oqkzN4SCPs3grQUhul7zLatP\/preview\" width=\"640\" height=\"480\"><\/iframe><\/p>\n<\/div>\n<p><strong>Can\u00e7\u00f3 i poema Curs P5<\/strong><\/p>\n<p><iframe loading=\"lazy\" src=\"https:\/\/drive.google.com\/file\/d\/11JCHhE1i-fYT6F8Vh2NqevIBuGoWRADc\/preview\" width=\"640\" height=\"480\"><\/iframe><\/p>\n<p><strong>Curs 1r<\/strong><\/p>\n<p><iframe loading=\"lazy\" src=\"https:\/\/drive.google.com\/file\/d\/1_64g2sBKenb9rlx4ehlkGr3XbAs6wdLB\/preview\" width=\"640\" height=\"480\"><\/iframe><\/p>\n<p><strong>Curs 2n i can\u00e7o amb 1r<\/strong><\/p>\n<p><iframe loading=\"lazy\" src=\"https:\/\/drive.google.com\/file\/d\/1pQjlddXsiQ0LKQv8MW68nw4GfYsXuOOh\/preview\" width=\"640\" height=\"480\"><\/iframe><\/p>\n<div dir=\"ltr\">\n<p><strong>Curs 3r<\/strong><\/p>\n<p><iframe loading=\"lazy\" src=\"https:\/\/drive.google.com\/file\/d\/1OTpeDgWhRcZG3ECi9U1dPCbz0kTwoHNX\/preview\" width=\"640\" height=\"480\"><\/iframe><\/p>\n<p><strong>Curs 4t i can\u00e7\u00f3 amb 3r<\/strong><\/p>\n<p><iframe loading=\"lazy\" src=\"https:\/\/drive.google.com\/file\/d\/14haQ0dhgwXAg8dsgWrywolTT9cukl6Ka\/preview\" width=\"640\" height=\"480\"><\/iframe><\/p>\n<p><strong>Curs 5\u00e8<\/strong><\/p>\n<p><iframe loading=\"lazy\" src=\"https:\/\/drive.google.com\/file\/d\/1UW5-9EbRNS7ND76nH4mLI2QC2tHW7EE0\/preview\" width=\"640\" height=\"480\"><\/iframe><\/p>\n<p><strong>Curs 6\u00e8 i can\u00e7\u00f3 amb 5\u00e8<\/strong><\/p>\n<p><iframe loading=\"lazy\" src=\"https:\/\/drive.google.com\/file\/d\/1NrAdh5Awi2QauuAp263TQxyo6Vvy3IbP\/preview\" width=\"640\" height=\"480\"><\/iframe><\/p>\n<p><strong>Mares<\/strong><\/p>\n<p><iframe loading=\"lazy\" src=\"https:\/\/drive.google.com\/file\/d\/1BlPPo95xhkba9uIq1GJJGOKsGyTmZC2R\/preview\" width=\"640\" height=\"480\"><\/iframe><\/p>\n<\/div>\n<\/div>\n<\/div>\n<div id=\"sites-canvas-bottom-panel\">\n<div id=\"COMP_page-subpages\"><\/div>\n<div id=\"sites-attachments-container\">\n<p>&nbsp;<\/p>\n<\/div>\n<\/div>\n","protected":false},"excerpt":{"rendered":"<p>Concert Nadal 2018 Com tots els anys, l&#8217;escola Jacint Verdaguer, ofereix un fabul\u00f3s concert a l&#8217;esglesia Parroquial de Santa Eul\u00e0lia de Pallej\u00e0, on tots els alumnes es feliciten el Nadal i gaudeixen de les interpretacions dels seus companys i companyes. No \u00fas ho podeu perdre ! Can\u00e7\u00f3 i poema Curs P3 Can\u00e7\u00f3 i poema Curs [&hellip;]<\/p>\n","protected":false},"author":1,"featured_media":0,"parent":256,"menu_order":2,"comment_status":"closed","ping_status":"closed","template":"page-templates\/side-menu.php","meta":{"_bbp_topic_count":0,"_bbp_reply_count":0,"_bbp_total_topic_count":0,"_bbp_total_reply_count":0,"_bbp_voice_count":0,"_bbp_anonymous_reply_count":0,"_bbp_topic_count_hidden":0,"_bbp_reply_count_hidden":0,"_bbp_forum_subforum_count":0,"site-sidebar-layout":"default","site-content-layout":"","ast-site-content-layout":"","site-content-style":"default","site-sidebar-style":"default","ast-global-header-display":"","ast-banner-title-visibility":"","ast-main-header-display":"","ast-hfb-above-header-display":"","ast-hfb-below-header-display":"","ast-hfb-mobile-header-display":"","site-post-title":"","ast-breadcrumbs-content":"","ast-featured-img":"","footer-sml-layout":"","theme-transparent-header-meta":"","adv-header-id-meta":"","stick-header-meta":"","header-above-stick-meta":"","header-main-stick-meta":"","header-below-stick-meta":"","astra-migrate-meta-layouts":"default","ast-page-background-enabled":"default","ast-page-background-meta":{"desktop":{"background-color":"var(--ast-global-color-4)","background-image":"","background-repeat":"repeat","background-position":"center center","background-size":"auto","background-attachment":"scroll","background-type":"","background-media":"","overlay-type":"","overlay-color":"","overlay-opacity":"","overlay-gradient":""},"tablet":{"background-color":"","background-image":"","background-repeat":"repeat","background-position":"center center","background-size":"auto","background-attachment":"scroll","background-type":"","background-media":"","overlay-type":"","overlay-color":"","overlay-opacity":"","overlay-gradient":""},"mobile":{"background-color":"","background-image":"","background-repeat":"repeat","background-position":"center center","background-size":"auto","background-attachment":"scroll","background-type":"","background-media":"","overlay-type":"","overlay-color":"","overlay-opacity":"","overlay-gradient":""}},"ast-content-background-meta":{"desktop":{"background-color":"var(--ast-global-color-5)","background-image":"","background-repeat":"repeat","background-position":"center center","background-size":"auto","background-attachment":"scroll","background-type":"","background-media":"","overlay-type":"","overlay-color":"","overlay-opacity":"","overlay-gradient":""},"tablet":{"background-color":"var(--ast-global-color-5)","background-image":"","background-repeat":"repeat","background-position":"center center","background-size":"auto","background-attachment":"scroll","background-type":"","background-media":"","overlay-type":"","overlay-color":"","overlay-opacity":"","overlay-gradient":""},"mobile":{"background-color":"var(--ast-global-color-5)","background-image":"","background-repeat":"repeat","background-position":"center center","background-size":"auto","background-attachment":"scroll","background-type":"","background-media":"","overlay-type":"","overlay-color":"","overlay-opacity":"","overlay-gradient":""}},"footnotes":""},"class_list":["post-362","page","type-page","status-publish","hentry"],"post_mailing_queue_ids":[],"_links":{"self":[{"href":"https:\/\/agora.xtec.cat\/ceip-jverdaguer-palleja\/wp-json\/wp\/v2\/pages\/362","targetHints":{"allow":["GET"]}}],"collection":[{"href":"https:\/\/agora.xtec.cat\/ceip-jverdaguer-palleja\/wp-json\/wp\/v2\/pages"}],"about":[{"href":"https:\/\/agora.xtec.cat\/ceip-jverdaguer-palleja\/wp-json\/wp\/v2\/types\/page"}],"author":[{"embeddable":true,"href":"https:\/\/agora.xtec.cat\/ceip-jverdaguer-palleja\/wp-json\/wp\/v2\/users\/1"}],"replies":[{"embeddable":true,"href":"https:\/\/agora.xtec.cat\/ceip-jverdaguer-palleja\/wp-json\/wp\/v2\/comments?post=362"}],"version-history":[{"count":5,"href":"https:\/\/agora.xtec.cat\/ceip-jverdaguer-palleja\/wp-json\/wp\/v2\/pages\/362\/revisions"}],"predecessor-version":[{"id":1228,"href":"https:\/\/agora.xtec.cat\/ceip-jverdaguer-palleja\/wp-json\/wp\/v2\/pages\/362\/revisions\/1228"}],"up":[{"embeddable":true,"href":"https:\/\/agora.xtec.cat\/ceip-jverdaguer-palleja\/wp-json\/wp\/v2\/pages\/256"}],"wp:attachment":[{"href":"https:\/\/agora.xtec.cat\/ceip-jverdaguer-palleja\/wp-json\/wp\/v2\/media?parent=362"}],"curies":[{"name":"wp","href":"https:\/\/api.w.org\/{rel}","templated":true}]}}