{"id":360,"date":"2016-02-04T10:13:25","date_gmt":"2016-02-04T09:13:25","guid":{"rendered":"http:\/\/agora.xtec.cat\/ceip-jverdaguer-palleja\/?page_id=360"},"modified":"2019-01-15T10:25:49","modified_gmt":"2019-01-15T09:25:49","slug":"nicolaus","status":"publish","type":"page","link":"https:\/\/agora.xtec.cat\/ceip-jverdaguer-palleja\/activitats\/festes\/nicolaus\/","title":{"rendered":"Nicolaus"},"content":{"rendered":"<div class=\"sites-layout-name-two-column-hf sites-layout-vbox\">\n<div class=\"sites-layout-tile sites-tile-name-header\">\n<div dir=\"ltr\">\n<h3><strong>NICOLAUS 2018<\/strong><\/h3>\n<p>Cantem !<\/p>\n<p><iframe loading=\"lazy\" src=\"https:\/\/drive.google.com\/file\/d\/1d69T0Gyrn5vV_v6U-8aKEXjVUBRL3k37\/preview\" width=\"640\" height=\"480\"><\/iframe><\/p>\n<p>Ballem amb bastons !<\/p>\n<p><iframe loading=\"lazy\" src=\"https:\/\/drive.google.com\/file\/d\/1k0_wmZlI1f4as1XiMtCarUwkEFvnVNFF\/preview\" width=\"640\" height=\"480\"><\/iframe><\/p>\n<p>Fotos<\/p>\n<p><iframe loading=\"lazy\" src=\"https:\/\/drive.google.com\/file\/d\/1eMw5BJljZOt1IqwBnpi7oJTS9rBiNtit\/preview\" width=\"640\" height=\"480\"><\/iframe><\/p>\n<p><iframe loading=\"lazy\" src=\"https:\/\/drive.google.com\/file\/d\/1oPbhNoMy77Jdt-1K_z5JEC-KLgM_uVka\/preview\" width=\"640\" height=\"480\"><\/iframe><\/p>\n<p><iframe loading=\"lazy\" src=\"https:\/\/drive.google.com\/file\/d\/1h-tLC-Z5LpLvOZFW1hD9O0bu2DIUSv4r\/preview\" width=\"640\" height=\"480\"><\/iframe><\/p>\n<p><iframe loading=\"lazy\" src=\"https:\/\/drive.google.com\/file\/d\/1H3O_9vl1Gfiozj-Qd-BucxjKu1C_dZ1b\/preview\" width=\"640\" height=\"480\"><\/iframe><\/p>\n<p><iframe loading=\"lazy\" src=\"https:\/\/drive.google.com\/file\/d\/1iOQeC8hWebsv9_D3htyR96SXPYOX6CY3\/preview\" width=\"640\" height=\"480\"><\/iframe><\/p>\n<p><iframe loading=\"lazy\" src=\"https:\/\/drive.google.com\/file\/d\/1WBusIVbCXsOP_14G8lQg11Y8pUKXDLL5\/preview\" width=\"640\" height=\"480\"><\/iframe><\/p>\n<p><iframe loading=\"lazy\" src=\"https:\/\/drive.google.com\/file\/d\/1qSCoJoEaVi6Jqk70K2keU__k6KDk_CwH\/preview\" width=\"640\" height=\"480\"><\/iframe><\/p>\n<p>&nbsp;<\/p>\n<p><a href=\"https:\/\/agora.xtec.cat\/ceip-jverdaguer-palleja\/wp-content\/uploads\/usu710\/2019\/01\/separador-2.png\"><img loading=\"lazy\" decoding=\"async\" class=\"wp-image-1236 aligncenter\" src=\"https:\/\/agora.xtec.cat\/ceip-jverdaguer-palleja\/wp-content\/uploads\/usu710\/2019\/01\/separador-2.png\" alt=\"\" width=\"251\" height=\"52\" srcset=\"https:\/\/agora.xtec.cat\/ceip-jverdaguer-palleja\/wp-content\/uploads\/usu710\/2019\/01\/separador-2.png 400w, https:\/\/agora.xtec.cat\/ceip-jverdaguer-palleja\/wp-content\/uploads\/usu710\/2019\/01\/separador-2-300x62.png 300w\" sizes=\"auto, (max-width: 251px) 100vw, 251px\" \/><\/a><\/p>\n<p>&nbsp;<\/p>\n<\/div>\n<div dir=\"ltr\">\n<p><b>5 de Desembre<\/b><\/p>\n<p><b>Objectiu<\/b>: Recuperar les tradicions del poble de Pallej\u00e0 amb una finalitat solid\u00e0ria.<\/p>\n<table style=\"width: 630px; height: 140px;\" border=\"0\" cellspacing=\"1\" cellpadding=\"1\">\n<tbody>\n<tr>\n<td style=\"width: 152px;\">\n<p align=\"center\"><img loading=\"lazy\" decoding=\"async\" style=\"width: 152px; height: 114px;\" src=\"http:\/\/www.xtec.es\/centres\/a8022677\/link\/imatges%20web\/nicolaus\/images\/nicolaus1_JPG.jpg\" width=\"246\" height=\"203\" \/><\/p>\n<\/td>\n<td style=\"width: 142px;\">\n<p align=\"center\"><img loading=\"lazy\" decoding=\"async\" style=\"width: 142px; height: 114px;\" src=\"http:\/\/www.xtec.es\/centres\/a8022677\/link\/imatges%20web\/nicolaus\/images\/p1010037_JPG.jpg\" width=\"299\" height=\"248\" \/><\/p>\n<\/td>\n<td style=\"width: 137px;\">\n<p align=\"center\"><img loading=\"lazy\" decoding=\"async\" style=\"width: 137px; height: 112px;\" src=\"http:\/\/www.xtec.es\/centres\/a8022677\/link\/imatges%20web\/nicolaus\/images\/p1010046_JPG.jpg\" width=\"226\" height=\"205\" \/><\/p>\n<\/td>\n<td style=\"width: 162px;\">\n<p align=\"center\"><img loading=\"lazy\" decoding=\"async\" style=\"width: 162px; height: 114px;\" src=\"http:\/\/www.xtec.es\/centres\/a8022677\/link\/imatges%20web\/nicolaus\/images\/p1010048_JPG.jpg\" width=\"253\" height=\"153\" \/><\/p>\n<\/td>\n<\/tr>\n<\/tbody>\n<\/table>\n<\/div>\n<\/div>\n<table class=\"sites-layout-hbox\" cellspacing=\"0\">\n<tbody>\n<tr>\n<td class=\"sites-layout-tile sites-tile-name-content-1\">\n<div dir=\"ltr\">\n<div>\n<div>\n<div>\n<p><b>LA TRADICI\u00d3 DELS \u201cNICOLAUS\u201d<\/b><\/p>\n<p align=\"justify\">La tradici\u00f3 de les cantades infantils el dia de Sant<br \/>\nNicolau, 6 de desembre, \u00e9s antiga a Catalunya, com tamb\u00e9 en altres llocs<br \/>\nd\u2019Espanya i d\u2019Europa. En un vell carrer de la ciutat de Castell\u00f3 de la<br \/>\nPlana hi ha la capella de Sant Nicolau, molt popular.<\/p>\n<p align=\"justify\">A Pallej\u00e0 les cantades ja es feien cent anys<br \/>\nendarrera o m\u00e9s. Diu que la cantada tamb\u00e9 s\u2019havia fet en castell\u00e0, si be<br \/>\nja era popular arreu l\u2019estrofa: \u201c&#8230; Virolet st. Pere, virolet St. Pau,<br \/>\nque en venim de Roma que en portem corona de St. Nicolau\u201d<\/p>\n<p align=\"justify\">La nostra can\u00e7\u00f3, la de Pallej\u00e0, es comen\u00e7a a cantar<br \/>\nfa molts anys, doncs els avis de 90 i 100 anys tamb\u00e9 la sabien i encara<br \/>\nun d\u2019ells la sap. Si be de moment \u00e9s una inc\u00f2gnita el seu origen. Sense<br \/>\npensar que \u00e9s pr\u00f2pia d\u2019aqu\u00ed, no es troba en publicacions de m\u00fasica<br \/>\npopular, ni tampoc l\u2019he sentida a cantar en altres llocs de la nostra<br \/>\ncomarca, com Abrera i Molins de Rei. Algun vell cantaire de Pallej\u00e0 deia<br \/>\nque havia vingut del monestir de Montserrat, podria ser. Manca fer<br \/>\naquesta consulta.<\/p>\n<p align=\"justify\">Tamb\u00e9 cap la possibilitat que la compos\u00e9s, o<br \/>\narrang\u00e9s, un mestre d\u2019escola de Pallej\u00e0 que era m\u00fasic, el sr. Josep<br \/>\nVallespir el qual va estar exercint aqu\u00ed pels volts de 1919.<\/p>\n<p align=\"justify\">Nosaltres, els grans o grandots, hem volgut recuperar<br \/>\nla tradici\u00f3 per una q\u00fcesti\u00f3 sentimental, es evident, per\u00f2 tamb\u00e9 perqu\u00e8<br \/>\nfos coneguda pels nois i noies escolars actuals. Pallej\u00e0 en conserva ben<br \/>\npoques de les seves tradicions aquesta pot ser una d\u2019elles. El nostre<br \/>\npa\u00eds, tal vegada per estendre\u2019s m\u00e9s enll\u00e0 dels Pirineus, t\u00e9 una<br \/>\nsimilitud amb altres pa\u00efsos d\u2019Europa en quant a les tradicions, d\u2019arrel<br \/>\ncristiana o no. Per exemple, els dilluns seg\u00fcents a les dues festes de<br \/>\nPasqua. I aix\u00ed en podr\u00edem seguir d\u2019altres.<\/p>\n<p align=\"justify\">Per altra banda la nova colla infantil dels \u201cNicolaus<br \/>\ndel col\u00b7legi J. Verdaguer, s\u2019emmarca, podr\u00edem dir, en la tradici\u00f3 del<br \/>\ncant coral a Pallej\u00e0. Tenim not\u00edcia dels entusiastes que formares colles<br \/>\nde cantaires adictes als Chors de Clav\u00e9 de finals del segle XIX. N\u2019\u00e9s<br \/>\ntestimoni la bandera del Chor Germanor fundat a Pallej\u00e0 el 1901, la qual<br \/>\nes conserva a l\u2019Ajuntament. En fi endavant i penseu que la festa es<br \/>\npodria ampliar.<\/p>\n<p align=\"justify\">\n<\/div>\n<h4>NICOLAUS 2013<\/h4>\n<div class=\"sites-embed-content sites-embed-type-picasa\"><embed width=\"600\" height=\"400\" flashvars=\"host=picasaweb.google.com&amp;RGB=0x000000&amp;feed=https%3A%2F%2Fpicasaweb.google.com%2Fdata%2Ffeed%2Fapi%2Fuser%2F105196808824942731923%2Falbum%2FNICOLAUS2013%3Fkind%3Dphoto%26alt%3Drss%26\" src=\"\/\/picasaweb.google.com\/s\/c\/bin\/slideshow.swf\" type=\"application\/x-shockwave-flash\" pluginspage=\"\/\/www.macromedia.com\/go\/getflashplayer\"><\/embed><\/div>\n<\/div>\n<\/div>\n<\/div>\n<p>&nbsp;<\/td>\n<\/tr>\n<\/tbody>\n<\/table>\n<\/div>\n<div>\n<div><\/div>\n<div>\n<div class=\"sites-embed-align-left-wrapping-off\">\n<div class=\"sites-embed-border-on sites-embed\" style=\"width: 600px;\">\n<h4 class=\"sites-embed-title\">Penjada de cartells NICOLAUS 2013<\/h4>\n<div class=\"sites-embed-content sites-embed-type-picasa\"><embed width=\"600\" height=\"400\" flashvars=\"host=picasaweb.google.com&amp;RGB=0x000000&amp;feed=https%3A%2F%2Fpicasaweb.google.com%2Fdata%2Ffeed%2Fapi%2Fuser%2F105196808824942731923%2Falbum%2FPenjadaDeCartellsNICOLAUS2013%3Fkind%3Dphoto%26alt%3Drss%26\" src=\"\/\/picasaweb.google.com\/s\/c\/bin\/slideshow.swf\" type=\"application\/x-shockwave-flash\" pluginspage=\"\/\/www.macromedia.com\/go\/getflashplayer\"><\/embed><\/div>\n<\/div>\n<\/div>\n<\/div>\n<p>&nbsp;<\/p>\n<\/div>\n<div>\n<div>\n<div class=\"sites-embed-align-center-wrapping-off\">\n<div class=\"sites-embed-border-on sites-embed\" style=\"width: 600px;\">\n<h4 class=\"sites-embed-title\">PC050169.AVI<\/h4>\n<div class=\"sites-embed-content sites-embed-type-docs-video\"><iframe loading=\"lazy\" src=\"https:\/\/docs.google.com\/file\/d\/0B3AGVAixQLf5VWlzM2FmY3B4dG8\/preview\" width=\"600\" height=\"465\" frameborder=\"0\" allowfullscreen=\"allowfullscreen\"><\/iframe><\/div>\n<\/div>\n<\/div>\n<\/div>\n<p>&nbsp;<\/p>\n<\/div>\n<div class=\"sites-layout-tile sites-tile-name-footer sites-layout-empty-tile\">\n<div dir=\"ltr\"><\/div>\n<\/div>\n<p>&nbsp;<\/p>\n","protected":false},"excerpt":{"rendered":"<p>NICOLAUS 2018 Cantem ! Ballem amb bastons ! Fotos &nbsp; &nbsp; 5 de Desembre Objectiu: Recuperar les tradicions del poble de Pallej\u00e0 amb una finalitat solid\u00e0ria. LA TRADICI\u00d3 DELS \u201cNICOLAUS\u201d La tradici\u00f3 de les cantades infantils el dia de Sant Nicolau, 6 de desembre, \u00e9s antiga a Catalunya, com tamb\u00e9 en altres llocs d\u2019Espanya i [&hellip;]<\/p>\n","protected":false},"author":1,"featured_media":0,"parent":256,"menu_order":1,"comment_status":"closed","ping_status":"closed","template":"page-templates\/side-menu.php","meta":{"_bbp_topic_count":0,"_bbp_reply_count":0,"_bbp_total_topic_count":0,"_bbp_total_reply_count":0,"_bbp_voice_count":0,"_bbp_anonymous_reply_count":0,"_bbp_topic_count_hidden":0,"_bbp_reply_count_hidden":0,"_bbp_forum_subforum_count":0,"site-sidebar-layout":"default","site-content-layout":"","ast-site-content-layout":"","site-content-style":"default","site-sidebar-style":"default","ast-global-header-display":"","ast-banner-title-visibility":"","ast-main-header-display":"","ast-hfb-above-header-display":"","ast-hfb-below-header-display":"","ast-hfb-mobile-header-display":"","site-post-title":"","ast-breadcrumbs-content":"","ast-featured-img":"","footer-sml-layout":"","theme-transparent-header-meta":"","adv-header-id-meta":"","stick-header-meta":"","header-above-stick-meta":"","header-main-stick-meta":"","header-below-stick-meta":"","astra-migrate-meta-layouts":"default","ast-page-background-enabled":"default","ast-page-background-meta":{"desktop":{"background-color":"var(--ast-global-color-4)","background-image":"","background-repeat":"repeat","background-position":"center center","background-size":"auto","background-attachment":"scroll","background-type":"","background-media":"","overlay-type":"","overlay-color":"","overlay-opacity":"","overlay-gradient":""},"tablet":{"background-color":"","background-image":"","background-repeat":"repeat","background-position":"center center","background-size":"auto","background-attachment":"scroll","background-type":"","background-media":"","overlay-type":"","overlay-color":"","overlay-opacity":"","overlay-gradient":""},"mobile":{"background-color":"","background-image":"","background-repeat":"repeat","background-position":"center center","background-size":"auto","background-attachment":"scroll","background-type":"","background-media":"","overlay-type":"","overlay-color":"","overlay-opacity":"","overlay-gradient":""}},"ast-content-background-meta":{"desktop":{"background-color":"var(--ast-global-color-5)","background-image":"","background-repeat":"repeat","background-position":"center center","background-size":"auto","background-attachment":"scroll","background-type":"","background-media":"","overlay-type":"","overlay-color":"","overlay-opacity":"","overlay-gradient":""},"tablet":{"background-color":"var(--ast-global-color-5)","background-image":"","background-repeat":"repeat","background-position":"center center","background-size":"auto","background-attachment":"scroll","background-type":"","background-media":"","overlay-type":"","overlay-color":"","overlay-opacity":"","overlay-gradient":""},"mobile":{"background-color":"var(--ast-global-color-5)","background-image":"","background-repeat":"repeat","background-position":"center center","background-size":"auto","background-attachment":"scroll","background-type":"","background-media":"","overlay-type":"","overlay-color":"","overlay-opacity":"","overlay-gradient":""}},"footnotes":""},"class_list":["post-360","page","type-page","status-publish","hentry"],"post_mailing_queue_ids":[],"_links":{"self":[{"href":"https:\/\/agora.xtec.cat\/ceip-jverdaguer-palleja\/wp-json\/wp\/v2\/pages\/360","targetHints":{"allow":["GET"]}}],"collection":[{"href":"https:\/\/agora.xtec.cat\/ceip-jverdaguer-palleja\/wp-json\/wp\/v2\/pages"}],"about":[{"href":"https:\/\/agora.xtec.cat\/ceip-jverdaguer-palleja\/wp-json\/wp\/v2\/types\/page"}],"author":[{"embeddable":true,"href":"https:\/\/agora.xtec.cat\/ceip-jverdaguer-palleja\/wp-json\/wp\/v2\/users\/1"}],"replies":[{"embeddable":true,"href":"https:\/\/agora.xtec.cat\/ceip-jverdaguer-palleja\/wp-json\/wp\/v2\/comments?post=360"}],"version-history":[{"count":4,"href":"https:\/\/agora.xtec.cat\/ceip-jverdaguer-palleja\/wp-json\/wp\/v2\/pages\/360\/revisions"}],"predecessor-version":[{"id":1250,"href":"https:\/\/agora.xtec.cat\/ceip-jverdaguer-palleja\/wp-json\/wp\/v2\/pages\/360\/revisions\/1250"}],"up":[{"embeddable":true,"href":"https:\/\/agora.xtec.cat\/ceip-jverdaguer-palleja\/wp-json\/wp\/v2\/pages\/256"}],"wp:attachment":[{"href":"https:\/\/agora.xtec.cat\/ceip-jverdaguer-palleja\/wp-json\/wp\/v2\/media?parent=360"}],"curies":[{"name":"wp","href":"https:\/\/api.w.org\/{rel}","templated":true}]}}