{"id":2936,"date":"2024-03-08T12:44:40","date_gmt":"2024-03-08T11:44:40","guid":{"rendered":"https:\/\/agora.xtec.cat\/ceip-jverdaguer-palleja\/?page_id=2936"},"modified":"2026-03-25T09:34:30","modified_gmt":"2026-03-25T08:34:30","slug":"informacio-economica","status":"publish","type":"page","link":"https:\/\/agora.xtec.cat\/ceip-jverdaguer-palleja\/informacio-economica\/","title":{"rendered":"INFORMACI\u00d3 ECON\u00d2MICA"},"content":{"rendered":"<p><a href=\"https:\/\/drive.google.com\/file\/d\/1zVxhSrq2gdlrsNwScH0097qCVPes96W3\/view?usp=sharing\">LIQUIDACI\u00d3 EXERCICI 2025<\/a><\/p>\n<p><a href=\"https:\/\/drive.google.com\/file\/d\/1OPfnYN7rSuyg7uwJrU4Na6JBmjEGIk2g\/view?usp=sharing\">PRESSUPOST EXERCICI 2025<\/a><\/p>\n<p><a href=\"https:\/\/drive.google.com\/file\/d\/1B8AJt6Qj4bWL4iSl4iOwg1Hz-Eongr2q\/view?usp=sharing\">LIQUIDACI\u00d3 EXERCICI 2024<\/a><\/p>\n<p><a href=\"https:\/\/drive.google.com\/file\/d\/1d6DX0jMf7bktftxgnNZZc2HrBVLCiQwV\/view?usp=sharing\" target=\"_blank\" rel=\"noopener\">PRESSUPOST EXERCICI 2024<\/a><\/p>\n<p><a href=\"https:\/\/drive.google.com\/file\/d\/1YktnpG9lPxrxQMKheuz1ffNyOBUljWvg\/view?usp=sharing\">LIQUIDACI\u00d3 EXERCICI 2023<\/a><\/p>\n","protected":false},"excerpt":{"rendered":"<p>LIQUIDACI\u00d3 EXERCICI 2025 PRESSUPOST EXERCICI 2025 LIQUIDACI\u00d3 EXERCICI 2024 PRESSUPOST EXERCICI 2024 LIQUIDACI\u00d3 EXERCICI 2023<\/p>\n","protected":false},"author":1,"featured_media":0,"parent":0,"menu_order":0,"comment_status":"closed","ping_status":"closed","template":"","meta":{"_bbp_topic_count":0,"_bbp_reply_count":0,"_bbp_total_topic_count":0,"_bbp_total_reply_count":0,"_bbp_voice_count":0,"_bbp_anonymous_reply_count":0,"_bbp_topic_count_hidden":0,"_bbp_reply_count_hidden":0,"_bbp_forum_subforum_count":0,"site-sidebar-layout":"default","site-content-layout":"","ast-site-content-layout":"default","site-content-style":"default","site-sidebar-style":"default","ast-global-header-display":"","ast-banner-title-visibility":"","ast-main-header-display":"","ast-hfb-above-header-display":"","ast-hfb-below-header-display":"","ast-hfb-mobile-header-display":"","site-post-title":"","ast-breadcrumbs-content":"","ast-featured-img":"","footer-sml-layout":"","theme-transparent-header-meta":"default","adv-header-id-meta":"","stick-header-meta":"","header-above-stick-meta":"","header-main-stick-meta":"","header-below-stick-meta":"","astra-migrate-meta-layouts":"set","ast-page-background-enabled":"default","ast-page-background-meta":{"desktop":{"background-color":"var(--ast-global-color-4)","background-image":"","background-repeat":"repeat","background-position":"center center","background-size":"auto","background-attachment":"scroll","background-type":"","background-media":"","overlay-type":"","overlay-color":"","overlay-opacity":"","overlay-gradient":""},"tablet":{"background-color":"","background-image":"","background-repeat":"repeat","background-position":"center center","background-size":"auto","background-attachment":"scroll","background-type":"","background-media":"","overlay-type":"","overlay-color":"","overlay-opacity":"","overlay-gradient":""},"mobile":{"background-color":"","background-image":"","background-repeat":"repeat","background-position":"center center","background-size":"auto","background-attachment":"scroll","background-type":"","background-media":"","overlay-type":"","overlay-color":"","overlay-opacity":"","overlay-gradient":""}},"ast-content-background-meta":{"desktop":{"background-color":"var(--ast-global-color-5)","background-image":"","background-repeat":"repeat","background-position":"center center","background-size":"auto","background-attachment":"scroll","background-type":"","background-media":"","overlay-type":"","overlay-color":"","overlay-opacity":"","overlay-gradient":""},"tablet":{"background-color":"var(--ast-global-color-5)","background-image":"","background-repeat":"repeat","background-position":"center center","background-size":"auto","background-attachment":"scroll","background-type":"","background-media":"","overlay-type":"","overlay-color":"","overlay-opacity":"","overlay-gradient":""},"mobile":{"background-color":"var(--ast-global-color-5)","background-image":"","background-repeat":"repeat","background-position":"center center","background-size":"auto","background-attachment":"scroll","background-type":"","background-media":"","overlay-type":"","overlay-color":"","overlay-opacity":"","overlay-gradient":""}},"footnotes":""},"class_list":["post-2936","page","type-page","status-publish","hentry"],"post_mailing_queue_ids":[],"_links":{"self":[{"href":"https:\/\/agora.xtec.cat\/ceip-jverdaguer-palleja\/wp-json\/wp\/v2\/pages\/2936","targetHints":{"allow":["GET"]}}],"collection":[{"href":"https:\/\/agora.xtec.cat\/ceip-jverdaguer-palleja\/wp-json\/wp\/v2\/pages"}],"about":[{"href":"https:\/\/agora.xtec.cat\/ceip-jverdaguer-palleja\/wp-json\/wp\/v2\/types\/page"}],"author":[{"embeddable":true,"href":"https:\/\/agora.xtec.cat\/ceip-jverdaguer-palleja\/wp-json\/wp\/v2\/users\/1"}],"replies":[{"embeddable":true,"href":"https:\/\/agora.xtec.cat\/ceip-jverdaguer-palleja\/wp-json\/wp\/v2\/comments?post=2936"}],"version-history":[{"count":6,"href":"https:\/\/agora.xtec.cat\/ceip-jverdaguer-palleja\/wp-json\/wp\/v2\/pages\/2936\/revisions"}],"predecessor-version":[{"id":3257,"href":"https:\/\/agora.xtec.cat\/ceip-jverdaguer-palleja\/wp-json\/wp\/v2\/pages\/2936\/revisions\/3257"}],"wp:attachment":[{"href":"https:\/\/agora.xtec.cat\/ceip-jverdaguer-palleja\/wp-json\/wp\/v2\/media?parent=2936"}],"curies":[{"name":"wp","href":"https:\/\/api.w.org\/{rel}","templated":true}]}}