{"id":2620,"date":"2021-09-27T12:21:14","date_gmt":"2021-09-27T10:21:14","guid":{"rendered":"https:\/\/agora.xtec.cat\/ceip-jverdaguer-palleja\/?page_id=2620"},"modified":"2022-07-06T11:47:05","modified_gmt":"2022-07-06T09:47:05","slug":"autoritzacions","status":"publish","type":"page","link":"https:\/\/agora.xtec.cat\/ceip-jverdaguer-palleja\/secretaria\/autoritzacions\/","title":{"rendered":"Autoritzacions"},"content":{"rendered":"<p><a href=\"https:\/\/drive.google.com\/file\/d\/1r-BAMmpQzB_IosKy7k3fMP0Z0UBtCKsK\/view?usp=sharing\">Autoritzaci\u00f3 lleure educatiu<\/a><\/p>\n<p><a href=\"https:\/\/drive.google.com\/file\/d\/15RSWOuyAjyIjMN5gLoOWiyo2ypOui5EE\/view?usp=sharing\" target=\"_blank\" rel=\"noopener\">Autoritzaci\u00f3 drets d&#8217;imatge<\/a><\/p>\n<p><a href=\"https:\/\/drive.google.com\/file\/d\/1gfoBdPxKsiFkJVPzhlFEz5OOZKOv7L4h\/view?usp=sharing\" target=\"_blank\" rel=\"noopener\">Autoritzaci\u00f3 recollida d&#8217;alumnes<\/a><\/p>\n<p><a href=\"https:\/\/drive.google.com\/file\/d\/1GlQVCpuuns2ktaA4RQYwLHTt944F_MSj\/view?usp=sharing\" target=\"_blank\" rel=\"noopener\">Autoritzaci\u00f3 sortides<\/a><\/p>\n<p><a href=\"https:\/\/drive.google.com\/file\/d\/1sHk15FmBIPDpxtbH89ZsVyYJUV8jPkDw\/view?usp=sharing\" target=\"_blank\" rel=\"noopener\">Consentiment coordinaci\u00f3 EAP-seerveis externs<\/a><\/p>\n<p><a href=\"https:\/\/drive.google.com\/file\/d\/14-9o3sLghMiv0NcFhNog9Xz0Hj1ruIeQ\/view?usp=sharing\" target=\"_blank\" rel=\"noopener\">Declaraci\u00f3 responsable per a les fam\u00edlies-PRIM\u00c0RIA<\/a><\/p>\n<p><a href=\"https:\/\/drive.google.com\/file\/d\/1q19mXrBSTs8z3QA2gag3gs8St0w8lcFs\/view?usp=sharing\" target=\"_blank\" rel=\"noopener\">Declaraci\u00f3 responsable per a les fam\u00edlies-INFANTIL<\/a><\/p>\n<p><a href=\"https:\/\/drive.google.com\/file\/d\/1eO2q_A1_63eDwDsYYGnGCF45PfJam0T7\/view?usp=sharing\" target=\"_blank\" rel=\"noopener\">Autoritzacions PCR 2021-2022<\/a><\/p>\n<p><a href=\"https:\/\/drive.google.com\/file\/d\/1Zd_RCtiQXZr5ciHml9AwQkdlo6s_7Kdt\/view?usp=sharing\" target=\"_blank\" rel=\"noopener\">Autoritzaci\u00f3 per l&#8217;administraci\u00f3 de medicaments<\/a><\/p>\n<p><a href=\"https:\/\/drive.google.com\/file\/d\/1dxVHxnIJ8dG6t39S6fbTN00EqYlvuOuz\/view?usp=sharing\" target=\"_blank\" rel=\"noopener\">Autoritzaci\u00f3 per l&#8217;administraci\u00f3 de paracetamol<\/a><\/p>\n","protected":false},"excerpt":{"rendered":"<p>Autoritzaci\u00f3 lleure educatiu Autoritzaci\u00f3 drets d&#8217;imatge Autoritzaci\u00f3 recollida d&#8217;alumnes Autoritzaci\u00f3 sortides Consentiment coordinaci\u00f3 EAP-seerveis externs Declaraci\u00f3 responsable per a les fam\u00edlies-PRIM\u00c0RIA Declaraci\u00f3 responsable per a les fam\u00edlies-INFANTIL Autoritzacions PCR 2021-2022 Autoritzaci\u00f3 per l&#8217;administraci\u00f3 de medicaments Autoritzaci\u00f3 per l&#8217;administraci\u00f3 de paracetamol<\/p>\n","protected":false},"author":1,"featured_media":0,"parent":208,"menu_order":0,"comment_status":"closed","ping_status":"closed","template":"page-templates\/side-menu.php","meta":{"_bbp_topic_count":0,"_bbp_reply_count":0,"_bbp_total_topic_count":0,"_bbp_total_reply_count":0,"_bbp_voice_count":0,"_bbp_anonymous_reply_count":0,"_bbp_topic_count_hidden":0,"_bbp_reply_count_hidden":0,"_bbp_forum_subforum_count":0,"site-sidebar-layout":"default","site-content-layout":"","ast-site-content-layout":"","site-content-style":"default","site-sidebar-style":"default","ast-global-header-display":"","ast-banner-title-visibility":"","ast-main-header-display":"","ast-hfb-above-header-display":"","ast-hfb-below-header-display":"","ast-hfb-mobile-header-display":"","site-post-title":"","ast-breadcrumbs-content":"","ast-featured-img":"","footer-sml-layout":"","theme-transparent-header-meta":"","adv-header-id-meta":"","stick-header-meta":"","header-above-stick-meta":"","header-main-stick-meta":"","header-below-stick-meta":"","astra-migrate-meta-layouts":"default","ast-page-background-enabled":"default","ast-page-background-meta":{"desktop":{"background-color":"var(--ast-global-color-4)","background-image":"","background-repeat":"repeat","background-position":"center center","background-size":"auto","background-attachment":"scroll","background-type":"","background-media":"","overlay-type":"","overlay-color":"","overlay-opacity":"","overlay-gradient":""},"tablet":{"background-color":"","background-image":"","background-repeat":"repeat","background-position":"center center","background-size":"auto","background-attachment":"scroll","background-type":"","background-media":"","overlay-type":"","overlay-color":"","overlay-opacity":"","overlay-gradient":""},"mobile":{"background-color":"","background-image":"","background-repeat":"repeat","background-position":"center center","background-size":"auto","background-attachment":"scroll","background-type":"","background-media":"","overlay-type":"","overlay-color":"","overlay-opacity":"","overlay-gradient":""}},"ast-content-background-meta":{"desktop":{"background-color":"var(--ast-global-color-5)","background-image":"","background-repeat":"repeat","background-position":"center center","background-size":"auto","background-attachment":"scroll","background-type":"","background-media":"","overlay-type":"","overlay-color":"","overlay-opacity":"","overlay-gradient":""},"tablet":{"background-color":"var(--ast-global-color-5)","background-image":"","background-repeat":"repeat","background-position":"center center","background-size":"auto","background-attachment":"scroll","background-type":"","background-media":"","overlay-type":"","overlay-color":"","overlay-opacity":"","overlay-gradient":""},"mobile":{"background-color":"var(--ast-global-color-5)","background-image":"","background-repeat":"repeat","background-position":"center center","background-size":"auto","background-attachment":"scroll","background-type":"","background-media":"","overlay-type":"","overlay-color":"","overlay-opacity":"","overlay-gradient":""}},"footnotes":""},"class_list":["post-2620","page","type-page","status-publish","hentry"],"post_mailing_queue_ids":[],"_links":{"self":[{"href":"https:\/\/agora.xtec.cat\/ceip-jverdaguer-palleja\/wp-json\/wp\/v2\/pages\/2620","targetHints":{"allow":["GET"]}}],"collection":[{"href":"https:\/\/agora.xtec.cat\/ceip-jverdaguer-palleja\/wp-json\/wp\/v2\/pages"}],"about":[{"href":"https:\/\/agora.xtec.cat\/ceip-jverdaguer-palleja\/wp-json\/wp\/v2\/types\/page"}],"author":[{"embeddable":true,"href":"https:\/\/agora.xtec.cat\/ceip-jverdaguer-palleja\/wp-json\/wp\/v2\/users\/1"}],"replies":[{"embeddable":true,"href":"https:\/\/agora.xtec.cat\/ceip-jverdaguer-palleja\/wp-json\/wp\/v2\/comments?post=2620"}],"version-history":[{"count":3,"href":"https:\/\/agora.xtec.cat\/ceip-jverdaguer-palleja\/wp-json\/wp\/v2\/pages\/2620\/revisions"}],"predecessor-version":[{"id":2781,"href":"https:\/\/agora.xtec.cat\/ceip-jverdaguer-palleja\/wp-json\/wp\/v2\/pages\/2620\/revisions\/2781"}],"up":[{"embeddable":true,"href":"https:\/\/agora.xtec.cat\/ceip-jverdaguer-palleja\/wp-json\/wp\/v2\/pages\/208"}],"wp:attachment":[{"href":"https:\/\/agora.xtec.cat\/ceip-jverdaguer-palleja\/wp-json\/wp\/v2\/media?parent=2620"}],"curies":[{"name":"wp","href":"https:\/\/api.w.org\/{rel}","templated":true}]}}