{"id":260,"date":"2016-02-03T10:49:11","date_gmt":"2016-02-03T09:49:11","guid":{"rendered":"http:\/\/agora.xtec.cat\/ceip-jverdaguer-palleja\/?page_id=260"},"modified":"2016-02-03T11:20:12","modified_gmt":"2016-02-03T10:20:12","slug":"teatre-a-lescola","status":"publish","type":"page","link":"https:\/\/agora.xtec.cat\/ceip-jverdaguer-palleja\/activitats\/teatre-a-lescola\/","title":{"rendered":"Teatre a l&#8217;escola"},"content":{"rendered":"<p>&nbsp;<\/p>\n<table id=\"sites-chrome-main\" class=\"sites-layout-hbox\" border=\"0\" cellspacing=\"0\" cellpadding=\"{scmCellpadding}\">\n<tbody>\n<tr>\n<td id=\"sites-canvas-wrapper\">\n<div id=\"sites-canvas\">\n<div id=\"sites-canvas-main\" class=\"sites-canvas-main\">\n<div id=\"sites-canvas-main-content\">\n<table class=\"sites-layout-name-one-column sites-layout-hbox\" cellspacing=\"0\">\n<tbody>\n<tr>\n<td class=\"sites-layout-tile sites-tile-name-content-1\">\n<div dir=\"ltr\">\n<div><\/div>\n<p>Els alumnes dels cursos de final de cicle, cada any, preparen la representaci\u00f3 d&#8217;una obra de teatre a la qual assisteixen com a p\u00fablic tots els alumnes de l&#8217;escola i en el cas de Cicle Superior, tamb\u00e9 ho fan els pares.<\/p>\n<p><b><span style=\"font-size: large;\">ELS ALUMNES DE 6\u00c8<\/span><\/b> ens presenten la seva <b><span style=\"font-size: large;\">o<\/span><span style=\"font-size: medium;\">bra de teatre<\/span> <\/b>amb un <span style=\"font-size: x-large;\"><b>trailer<\/b><\/span> fet per ells, La m\u00fasica del trailer ha estat feta per ells amb l&#8217;aplicaci\u00f3 sountrap.<\/p>\n<div><\/div>\n<div>\n<div>\n<div class=\"sites-embed-align-center-wrapping-off\">\n<div class=\"sites-embed-border-on sites-embed\" style=\"width: 625px;\">\n<h4 class=\"sites-embed-title\">Trailer Acabat.wmv<\/h4>\n<div class=\"sites-embed-content sites-embed-type-docs-video\"><iframe loading=\"lazy\" src=\"https:\/\/docs.google.com\/file\/d\/0B3AGVAixQLf5TkREMHBzNXowWG01RU5iSlZUaTV3cmxYajlv\/preview?authuser=0\" width=\"625\" height=\"465\" frameborder=\"0\" allowfullscreen=\"allowfullscreen\"><\/iframe><\/div>\n<\/div>\n<\/div>\n<\/div>\n<div><\/div>\n<div>\n<div>\n<div class=\"sites-embed-align-center-wrapping-off\">\n<div class=\"sites-embed-border-on sites-embed\" style=\"width: 625px;\">\n<h4 class=\"sites-embed-title\">RODATGE AL PARC.mp4<\/h4>\n<div class=\"sites-embed-content sites-embed-type-docs-video\"><iframe loading=\"lazy\" src=\"https:\/\/docs.google.com\/file\/d\/0B3AGVAixQLf5Y2J0MC1NWGxnSGc\/preview?authuser=0\" width=\"625\" height=\"465\" frameborder=\"0\" allowfullscreen=\"allowfullscreen\"><\/iframe><\/div>\n<\/div>\n<\/div>\n<\/div>\n<div><\/div>\n<div>\n<div>\n<div class=\"sites-embed-align-center-wrapping-off\">\n<div class=\"sites-embed-border-on sites-embed\" style=\"width: 625px;\">\n<h4 class=\"sites-embed-title\">6\u00e8 PRESENTA&#8230; RODATGE AL PARC!.mp4<\/h4>\n<div class=\"sites-embed-content sites-embed-type-docs-video\"><iframe loading=\"lazy\" src=\"https:\/\/docs.google.com\/file\/d\/0B3AGVAixQLf5NnUzTHZZMW5sdF9FLXAtX1VFYWJRamgxTEE4\/preview?authuser=0\" width=\"625\" height=\"465\" frameborder=\"0\" allowfullscreen=\"allowfullscreen\"><\/iframe><\/div>\n<\/div>\n<\/div>\n<\/div>\n<div>\n<div>\n<div class=\"sites-embed-align-center-wrapping-off\">\n<div class=\"sites-embed-border-on sites-embed\" style=\"width: 800px;\">\n<h4 class=\"sites-embed-title\">Teatre a l&#8217;escola 2012<\/h4>\n<div class=\"sites-embed-content sites-embed-type-picasa\"><embed width=\"800\" height=\"533\" type=\"application\/x-shockwave-flash\" src=\"\/\/picasaweb.google.com\/s\/c\/bin\/slideshow.swf\" wmode=\"transparent\" pluginspage=\"\/\/www.macromedia.com\/go\/getflashplayer\" flashvars=\"host=picasaweb.google.com&amp;RGB=0x000000&amp;feed=https%3A%2F%2Fpicasaweb.google.com%2Fdata%2Ffeed%2Fapi%2Fuser%2F105196808824942731923%2Falbum%2FTeatreALEscola2012%3Fkind%3Dphoto%26alt%3Drss%26\"><\/embed><\/div>\n<\/div>\n<\/div>\n<\/div>\n<\/div>\n<\/div>\n<\/div>\n<\/div>\n<\/div>\n<\/td>\n<\/tr>\n<\/tbody>\n<\/table>\n<\/div>\n<\/div>\n<div id=\"sites-canvas-bottom-panel\">\n<div id=\"COMP_page-subpages\"><script type=\"text\/javascript\">\/\/ <![CDATA[\nJOT_postEvent('renderPlus', null, 'sites-chrome-main');\n\n\/\/ ]]><\/script><\/div>\n<\/div>\n<\/div>\n<\/td>\n<\/tr>\n<\/tbody>\n<\/table>\n<div id=\"server-timer-div\" style=\"display: none;\"><\/div>\n<p><script type=\"text\/javascript\">\/\/ <![CDATA[\nwindow.jstiming.load.tick('render');\n          JOT_postEvent('usercontentrendered', this);\n\n\/\/ ]]><\/script><\/p>\n","protected":false},"excerpt":{"rendered":"<p>&nbsp; Els alumnes dels cursos de final de cicle, cada any, preparen la representaci\u00f3 d&#8217;una obra de teatre a la qual assisteixen com a p\u00fablic tots els alumnes de l&#8217;escola i en el cas de Cicle Superior, tamb\u00e9 ho fan els pares. ELS ALUMNES DE 6\u00c8 ens presenten la seva obra de teatre amb un [&hellip;]<\/p>\n","protected":false},"author":1,"featured_media":0,"parent":201,"menu_order":4,"comment_status":"closed","ping_status":"closed","template":"page-templates\/side-menu.php","meta":{"_bbp_topic_count":0,"_bbp_reply_count":0,"_bbp_total_topic_count":0,"_bbp_total_reply_count":0,"_bbp_voice_count":0,"_bbp_anonymous_reply_count":0,"_bbp_topic_count_hidden":0,"_bbp_reply_count_hidden":0,"_bbp_forum_subforum_count":0,"site-sidebar-layout":"default","site-content-layout":"","ast-site-content-layout":"","site-content-style":"default","site-sidebar-style":"default","ast-global-header-display":"","ast-banner-title-visibility":"","ast-main-header-display":"","ast-hfb-above-header-display":"","ast-hfb-below-header-display":"","ast-hfb-mobile-header-display":"","site-post-title":"","ast-breadcrumbs-content":"","ast-featured-img":"","footer-sml-layout":"","theme-transparent-header-meta":"","adv-header-id-meta":"","stick-header-meta":"","header-above-stick-meta":"","header-main-stick-meta":"","header-below-stick-meta":"","astra-migrate-meta-layouts":"default","ast-page-background-enabled":"default","ast-page-background-meta":{"desktop":{"background-color":"var(--ast-global-color-4)","background-image":"","background-repeat":"repeat","background-position":"center center","background-size":"auto","background-attachment":"scroll","background-type":"","background-media":"","overlay-type":"","overlay-color":"","overlay-opacity":"","overlay-gradient":""},"tablet":{"background-color":"","background-image":"","background-repeat":"repeat","background-position":"center center","background-size":"auto","background-attachment":"scroll","background-type":"","background-media":"","overlay-type":"","overlay-color":"","overlay-opacity":"","overlay-gradient":""},"mobile":{"background-color":"","background-image":"","background-repeat":"repeat","background-position":"center center","background-size":"auto","background-attachment":"scroll","background-type":"","background-media":"","overlay-type":"","overlay-color":"","overlay-opacity":"","overlay-gradient":""}},"ast-content-background-meta":{"desktop":{"background-color":"var(--ast-global-color-5)","background-image":"","background-repeat":"repeat","background-position":"center center","background-size":"auto","background-attachment":"scroll","background-type":"","background-media":"","overlay-type":"","overlay-color":"","overlay-opacity":"","overlay-gradient":""},"tablet":{"background-color":"var(--ast-global-color-5)","background-image":"","background-repeat":"repeat","background-position":"center center","background-size":"auto","background-attachment":"scroll","background-type":"","background-media":"","overlay-type":"","overlay-color":"","overlay-opacity":"","overlay-gradient":""},"mobile":{"background-color":"var(--ast-global-color-5)","background-image":"","background-repeat":"repeat","background-position":"center center","background-size":"auto","background-attachment":"scroll","background-type":"","background-media":"","overlay-type":"","overlay-color":"","overlay-opacity":"","overlay-gradient":""}},"footnotes":""},"class_list":["post-260","page","type-page","status-publish","hentry"],"post_mailing_queue_ids":[],"_links":{"self":[{"href":"https:\/\/agora.xtec.cat\/ceip-jverdaguer-palleja\/wp-json\/wp\/v2\/pages\/260","targetHints":{"allow":["GET"]}}],"collection":[{"href":"https:\/\/agora.xtec.cat\/ceip-jverdaguer-palleja\/wp-json\/wp\/v2\/pages"}],"about":[{"href":"https:\/\/agora.xtec.cat\/ceip-jverdaguer-palleja\/wp-json\/wp\/v2\/types\/page"}],"author":[{"embeddable":true,"href":"https:\/\/agora.xtec.cat\/ceip-jverdaguer-palleja\/wp-json\/wp\/v2\/users\/1"}],"replies":[{"embeddable":true,"href":"https:\/\/agora.xtec.cat\/ceip-jverdaguer-palleja\/wp-json\/wp\/v2\/comments?post=260"}],"version-history":[{"count":3,"href":"https:\/\/agora.xtec.cat\/ceip-jverdaguer-palleja\/wp-json\/wp\/v2\/pages\/260\/revisions"}],"predecessor-version":[{"id":265,"href":"https:\/\/agora.xtec.cat\/ceip-jverdaguer-palleja\/wp-json\/wp\/v2\/pages\/260\/revisions\/265"}],"up":[{"embeddable":true,"href":"https:\/\/agora.xtec.cat\/ceip-jverdaguer-palleja\/wp-json\/wp\/v2\/pages\/201"}],"wp:attachment":[{"href":"https:\/\/agora.xtec.cat\/ceip-jverdaguer-palleja\/wp-json\/wp\/v2\/media?parent=260"}],"curies":[{"name":"wp","href":"https:\/\/api.w.org\/{rel}","templated":true}]}}