{"id":258,"date":"2016-02-03T10:46:35","date_gmt":"2016-02-03T09:46:35","guid":{"rendered":"http:\/\/agora.xtec.cat\/ceip-jverdaguer-palleja\/?page_id=258"},"modified":"2018-12-26T18:13:31","modified_gmt":"2018-12-26T17:13:31","slug":"sortides","status":"publish","type":"page","link":"https:\/\/agora.xtec.cat\/ceip-jverdaguer-palleja\/activitats\/sortides\/","title":{"rendered":"Sortides"},"content":{"rendered":"<h3><strong>Camp d&#8217;aprenentatge Pau Casals. El vendrell.<\/strong><\/h3>\n<p>En aquest v\u00eddeo trobareu el reportatge de l&#8217;estada de tres dies al camp d&#8217;aprenentatge de Pau Casals, al Vendrell. Ac\u00ed, els alumnes de 4t van gaudir de tot un ventall d&#8217;activitats musicals, entre aquestes, l\u2019enregistrament en un estudi de gravaci\u00f3, de la can\u00e7\u00f3 &#8220;Stand by me&#8221;, preparada pr\u00e8viament a les sessions de conjunt instrumental. Esperem que us agradi. (No oblideu ficar el v\u00eddeo a qualitat 1080 P HD)<\/p>\n<h1><iframe loading=\"lazy\" src=\"https:\/\/drive.google.com\/file\/d\/15B1rXehLdw5yN4g-X-9MAze5FOBzfHn2\/preview\" width=\"640\" height=\"480\"><\/iframe><\/h1>\n","protected":false},"excerpt":{"rendered":"<p>Camp d&#8217;aprenentatge Pau Casals. El vendrell. En aquest v\u00eddeo trobareu el reportatge de l&#8217;estada de tres dies al camp d&#8217;aprenentatge de Pau Casals, al Vendrell. Ac\u00ed, els alumnes de 4t van gaudir de tot un ventall d&#8217;activitats musicals, entre aquestes, l\u2019enregistrament en un estudi de gravaci\u00f3, de la can\u00e7\u00f3 &#8220;Stand by me&#8221;, preparada pr\u00e8viament a [&hellip;]<\/p>\n","protected":false},"author":1,"featured_media":0,"parent":201,"menu_order":3,"comment_status":"closed","ping_status":"closed","template":"page-templates\/side-menu.php","meta":{"_bbp_topic_count":0,"_bbp_reply_count":0,"_bbp_total_topic_count":0,"_bbp_total_reply_count":0,"_bbp_voice_count":0,"_bbp_anonymous_reply_count":0,"_bbp_topic_count_hidden":0,"_bbp_reply_count_hidden":0,"_bbp_forum_subforum_count":0,"site-sidebar-layout":"default","site-content-layout":"","ast-site-content-layout":"","site-content-style":"default","site-sidebar-style":"default","ast-global-header-display":"","ast-banner-title-visibility":"","ast-main-header-display":"","ast-hfb-above-header-display":"","ast-hfb-below-header-display":"","ast-hfb-mobile-header-display":"","site-post-title":"","ast-breadcrumbs-content":"","ast-featured-img":"","footer-sml-layout":"","theme-transparent-header-meta":"","adv-header-id-meta":"","stick-header-meta":"","header-above-stick-meta":"","header-main-stick-meta":"","header-below-stick-meta":"","astra-migrate-meta-layouts":"default","ast-page-background-enabled":"default","ast-page-background-meta":{"desktop":{"background-color":"var(--ast-global-color-4)","background-image":"","background-repeat":"repeat","background-position":"center center","background-size":"auto","background-attachment":"scroll","background-type":"","background-media":"","overlay-type":"","overlay-color":"","overlay-opacity":"","overlay-gradient":""},"tablet":{"background-color":"","background-image":"","background-repeat":"repeat","background-position":"center center","background-size":"auto","background-attachment":"scroll","background-type":"","background-media":"","overlay-type":"","overlay-color":"","overlay-opacity":"","overlay-gradient":""},"mobile":{"background-color":"","background-image":"","background-repeat":"repeat","background-position":"center center","background-size":"auto","background-attachment":"scroll","background-type":"","background-media":"","overlay-type":"","overlay-color":"","overlay-opacity":"","overlay-gradient":""}},"ast-content-background-meta":{"desktop":{"background-color":"var(--ast-global-color-5)","background-image":"","background-repeat":"repeat","background-position":"center center","background-size":"auto","background-attachment":"scroll","background-type":"","background-media":"","overlay-type":"","overlay-color":"","overlay-opacity":"","overlay-gradient":""},"tablet":{"background-color":"var(--ast-global-color-5)","background-image":"","background-repeat":"repeat","background-position":"center center","background-size":"auto","background-attachment":"scroll","background-type":"","background-media":"","overlay-type":"","overlay-color":"","overlay-opacity":"","overlay-gradient":""},"mobile":{"background-color":"var(--ast-global-color-5)","background-image":"","background-repeat":"repeat","background-position":"center center","background-size":"auto","background-attachment":"scroll","background-type":"","background-media":"","overlay-type":"","overlay-color":"","overlay-opacity":"","overlay-gradient":""}},"footnotes":""},"class_list":["post-258","page","type-page","status-publish","hentry"],"post_mailing_queue_ids":[],"_links":{"self":[{"href":"https:\/\/agora.xtec.cat\/ceip-jverdaguer-palleja\/wp-json\/wp\/v2\/pages\/258","targetHints":{"allow":["GET"]}}],"collection":[{"href":"https:\/\/agora.xtec.cat\/ceip-jverdaguer-palleja\/wp-json\/wp\/v2\/pages"}],"about":[{"href":"https:\/\/agora.xtec.cat\/ceip-jverdaguer-palleja\/wp-json\/wp\/v2\/types\/page"}],"author":[{"embeddable":true,"href":"https:\/\/agora.xtec.cat\/ceip-jverdaguer-palleja\/wp-json\/wp\/v2\/users\/1"}],"replies":[{"embeddable":true,"href":"https:\/\/agora.xtec.cat\/ceip-jverdaguer-palleja\/wp-json\/wp\/v2\/comments?post=258"}],"version-history":[{"count":4,"href":"https:\/\/agora.xtec.cat\/ceip-jverdaguer-palleja\/wp-json\/wp\/v2\/pages\/258\/revisions"}],"predecessor-version":[{"id":1095,"href":"https:\/\/agora.xtec.cat\/ceip-jverdaguer-palleja\/wp-json\/wp\/v2\/pages\/258\/revisions\/1095"}],"up":[{"embeddable":true,"href":"https:\/\/agora.xtec.cat\/ceip-jverdaguer-palleja\/wp-json\/wp\/v2\/pages\/201"}],"wp:attachment":[{"href":"https:\/\/agora.xtec.cat\/ceip-jverdaguer-palleja\/wp-json\/wp\/v2\/media?parent=258"}],"curies":[{"name":"wp","href":"https:\/\/api.w.org\/{rel}","templated":true}]}}