{"id":253,"date":"2016-02-03T10:44:30","date_gmt":"2016-02-03T09:44:30","guid":{"rendered":"http:\/\/agora.xtec.cat\/ceip-jverdaguer-palleja\/?page_id=253"},"modified":"2017-02-26T10:58:25","modified_gmt":"2017-02-26T09:58:25","slug":"activitats-musicals","status":"publish","type":"page","link":"https:\/\/agora.xtec.cat\/ceip-jverdaguer-palleja\/activitats\/activitats-musicals\/","title":{"rendered":"Activitats musicals"},"content":{"rendered":"<table id=\"sites-chrome-main\" class=\"sites-layout-hbox\" border=\"0\" cellspacing=\"0\" cellpadding=\"{scmCellpadding}\">\n<tbody>\n<tr>\n<td id=\"sites-canvas-wrapper\">\n<div id=\"sites-canvas\">\n<div id=\"sites-canvas-main\" class=\"sites-canvas-main\">\n<div id=\"sites-canvas-main-content\">\n<table class=\"sites-layout-name-one-column sites-layout-hbox\" cellspacing=\"0\">\n<tbody>\n<tr>\n<td class=\"sites-layout-tile sites-tile-name-content-1\">\n<div dir=\"ltr\">\n<div style=\"display: inline; margin: 5px 0px 0px 10px; text-align: center;\"><\/div>\n<p>L&#8217;escola du a terme un projecte de m\u00fasica a partir del qual es vol donar suport al desenvolupament integral de l&#8217;alumne.<br \/>\nEst\u00e0 relacionat curricularment, amb les matem\u00e0tiques, la llengua i la integraci\u00f3 dels alumnes en la cultura del seu poble.<br \/>\n\u00c9s per aix\u00f2 que els alumnes col\u00b7laboren amb diferents entitats del poble oferint les seves interpretacions musicals i a la vegada recuperant tradicions com la cantada de Nicolaus.<br \/>\nL\u2019 ESC Jacint Verdaguer de Pallej\u00e0 ja forma part del Projecte ARA ART, promogut pel Departament d\u2019Ensenyament de la Generalitat de Catalunya: Projectes educatius basats en l\u2019educaci\u00f3 art\u00edstica.<\/p>\n<p>Formar part d\u2019aquest projecte ha estat gr\u00e0cies a la signatura d\u2019un conveni per part de l\u2019 Ajuntament de Pallej\u00e0 i el Departament d\u2019Ensenyament de la Generalitat de Catalunya.<\/p>\n<p>Per altra banda, aclarir que aquest projecte, \u00e9s un projecte amb el qual volem potenciar l\u2019educaci\u00f3 musical com a nucli de la formaci\u00f3 integral dels alumnes, fer de l\u2019art un dels eixos per al desenvolupament de les compet\u00e8ncies b\u00e0siques de l\u2019Educaci\u00f3 Prim\u00e0ria i estimulaci\u00f3 primerenca dels alumnes d\u2019 Educaci\u00f3 Infantil i contribuir a l\u2019enriquiment i desenvolupament dels alumnes en la seva globalitat.<\/p>\n<p><iframe loading=\"lazy\" src=\"https:\/\/drive.google.com\/file\/d\/0B-JE-9qalwgzeGFLRjE5WXFrZ3M\/preview\" width=\"840\" height=\"680\"><\/iframe><\/p>\n<div>\n<div style=\"display: block; margin-right: auto; margin-left: auto; text-align: center;\"><\/div>\n<div><\/div>\n<\/div>\n<div>\n<div>\n<div class=\"sites-embed-align-center-wrapping-off\">\n<div class=\"sites-embed-border-on sites-embed\" style=\"width: 640px;\">\n<h4 class=\"sites-embed-title\">D\u00f3na la nota<\/h4>\n<div class=\"sites-embed-content sites-embed-type-youtube\"><iframe loading=\"lazy\" class=\"youtube-player\" title=\"YouTube video player\" src=\"\/\/www.youtube.com\/embed\/DOva9Wqi8_k?rel=0&amp;wmode=opaque\" width=\"640\" height=\"360\" frameborder=\"0\" allowfullscreen=\"allowfullscreen\"><\/iframe><\/div>\n<\/div>\n<\/div>\n<\/div>\n<\/div>\n<div>\n<div>\n<div class=\"sites-embed-align-center-wrapping-off\">\n<div class=\"sites-embed-border-on sites-embed\" style=\"width: 600px;\">\n<h4 class=\"sites-embed-title\">D\u00f3na la nota<\/h4>\n<div class=\"sites-embed-content sites-embed-type-picasa\"><embed width=\"600\" height=\"400\" flashvars=\"host=picasaweb.google.com&amp;RGB=0x000000&amp;feed=https%3A%2F%2Fpicasaweb.google.com%2Fdata%2Ffeed%2Fapi%2Fuser%2F110896815630255735809%2Falbum%2FDonaLaNota%3Fkind%3Dphoto%26alt%3Drss%26\" src=\"\/\/picasaweb.google.com\/s\/c\/bin\/slideshow.swf\" type=\"application\/x-shockwave-flash\" pluginspage=\"\/\/www.macromedia.com\/go\/getflashplayer\"><\/embed><\/div>\n<\/div>\n<\/div>\n<\/div>\n<\/div>\n<\/div>\n<\/td>\n<\/tr>\n<\/tbody>\n<\/table>\n<\/div>\n<\/div>\n<\/div>\n<\/td>\n<\/tr>\n<\/tbody>\n<\/table>\n<div id=\"more-actions-menu\" class=\"sites-menu goog-toolbar-menu-buttons\" style=\"z-index: 1000; display: none;\">\n<div class=\"goog-menuheader\">Accions de la p\u00e0gina<\/div>\n<div id=\"openRevisionHistory\" class=\"goog-menuitem\">Historial de revisions<\/div>\n<div id=\"togglePageSubscription\" class=\"goog-menuitem\">\n<div class=\"sites-moreactions-icon sites-moreactions-icon-subscribe goog-inline-block\"><\/div>\n<p>&nbsp;<\/p>\n<p>Subscriviu-vos als canvis de la p\u00e0gina<\/p>\n<p>&nbsp;<\/p>\n<\/div>\n<div id=\"showPageSettings\" class=\"goog-menuitem\">Configuraci\u00f3 de la p\u00e0gina<\/div>\n<div id=\"printPage\" class=\"goog-menuitem\">\n<div class=\"sites-moreactions-icon sites-moreactions-icon-print goog-inline-block\"><\/div>\n<p>Imprimeix la p\u00e0gina<\/p>\n<\/div>\n<div id=\"openCopyPage\" class=\"goog-menuitem\">\n<div class=\"sites-moreactions-icon sites-moreactions-icon-copy goog-inline-block\"><\/div>\n<p>Copia la p\u00e0gina<\/p>\n<\/div>\n<div id=\"showMovePage\" class=\"goog-menuitem\">Despla\u00e7a la p\u00e0gina<\/div>\n<div id=\"showDeletePage\" class=\"goog-menuitem\">\n<div class=\"sites-moreactions-icon sites-moreactions-icon-delete goog-inline-block\"><\/div>\n<p>Suprimeix la p\u00e0gina<\/p>\n<\/div>\n<div id=\"previewAsViewer\" class=\"goog-menuitem\">Obt\u00e9n una previsualitzaci\u00f3 de la p\u00e0gina com a lector<\/div>\n<div class=\"goog-menuseparator\"><\/div>\n<div class=\"goog-menuheader\">Plantilles de la p\u00e0gina<\/div>\n<div id=\"showSaveAsPageTemplate\" class=\"goog-menuitem\">Desa com a plantilla de p\u00e0gina<\/div>\n<div id=\"openChangePageTemplate\" class=\"goog-menuitem\">Canvia la plantilla de p\u00e0gina<\/div>\n<div class=\"goog-menuseparator\"><\/div>\n<div class=\"goog-menuheader\">Accions del lloc<\/div>\n<div id=\"toggleSiteSubscription\" class=\"goog-menuitem\">\n<div class=\"sites-moreactions-icon sites-moreactions-icon-subscribe goog-inline-block\"><\/div>\n<p>&nbsp;<\/p>\n<p>Subscriviu-vos als canvis de la p\u00e0gina<\/p>\n<p>&nbsp;<\/p>\n<\/div>\n<div id=\"editSiteLayout\" class=\"goog-menuitem\">Edita el disseny del lloc<\/div>\n<div id=\"openManageSite\" class=\"goog-menuitem\">Gestiona el lloc<\/div>\n<div id=\"showShareClient\" class=\"goog-menuitem\">\n<div class=\"sites-moreactions-icon sites-moreactions-icon-share goog-inline-block\"><\/div>\n<p>Opcions per compartir i permisos<\/p>\n<\/div>\n<div class=\"goog-menuseparator\"><\/div>\n<div id=\"sites-view-page-help\" class=\"goog-menuitem\">Ajuda de Google Sites<\/div>\n<div class=\"goog-menuitem\">Informa d&#8217;un problema<\/div>\n<\/div>\n<p><script type=\"text\/javascript\">\/\/ <![CDATA[\nwindow.jstiming.load.tick('sjl');\n\/\/ ]]><\/script><\/p>\n<p><script src=\"https:\/\/ssl.gstatic.com\/sites\/p\/1b78e3\/system\/js\/jot_min__ca.js\"><\/script><script type=\"text\/javascript\">\/\/ <![CDATA[\nwindow.jstiming.load.tick('jl');\n\/\/ ]]><\/script><\/p>\n<p><script>\/\/ <![CDATA[\nsites.core.Analytics.createTracker(); sites.core.Analytics.trackPageview();\n\/\/ ]]><\/script><\/p>\n<p><script type=\"text\/javascript\">\/\/ <![CDATA[\nnew sites.util.OneGoogle(false, false);\n\/\/ ]]><\/script><\/p>\n<p><script type=\"text\/javascript\">\/\/ <![CDATA[\nvar pageActionsJs = new gsites.pages.PageActions({\"showMovePage\":true,\"editPage\":true,\"openManageSite\":true,\"showShareClient\":true,\"openCopyPage\":true,\"togglePageSubscription\":true,\"openChangePageTemplate\":true,\"showSaveAsPageTemplate\":true,\"editSiteLayout\":true,\"openCreatePage\":true,\"previewAsViewer\":true,\"focusSearchBox\":true,\"showDeletePage\":true,\"toggleSiteSubscription\":true,\"openRevisionHistory\":true,\"showPageSettings\":true,\"printPage\":true});\n\/\/ ]]><\/script><\/p>\n<p><script type=\"text\/javascript\">\/\/ <![CDATA[\nsites.Searchbox.initialize( 'sites-searchbox-search-button', {\"object\":[]}['object'], 'search-site', {\"label\":\"Configura les opcions de cerca...\",\"url\":\"\/a\/escolajverdaguer.cat\/escola\/system\/app\/pages\/admin\/settings\"});\n\/\/ ]]><\/script><\/p>\n<p><script type=\"text\/javascript\">\/\/ <![CDATA[\ngsites.HoverPopupMenu.createSiteDropdownMenus('sites-header-nav-dropdown', false);\n\/\/ ]]><\/script><\/p>\n<p><script defer=\"defer\" type=\"text\/javascript\">\/\/ <![CDATA[\nJOT_addListener('titleChange', 'JOT_RECENTCHANGES_titleChange', 'COMP_1830038509797305');\n\/\/ ]]><\/script><\/p>\n<p><script type=\"text\/javascript\">\/\/ <![CDATA[\nnew sites.CommentPane('\/\/docs.google.com\/comments\/u\/0\/d\/AAHRpnXt3aw8FRRE23PvQ4TaBg7geLE3_A4G1dFLe7UhjWVmDS5Y-iWlyVPGtySkydhhA2JIWzwTsdnhlfqd2KYqI8tjxaiDQwh09WoRe57VGoY2EWatbTAsJNt9hPqsFfZc0ZSN0OFVj\/api\/js?token=AGNctVYgl0HgDhtOK-iA340H_baUvjPbow:1454492546898', false, false);\n\/\/ ]]><\/script><\/p>\n<p><script>\/\/ <![CDATA[\nwindow.onload = function() { if (false) { JOT_setMobilePreview(); } var loadTimer = window.jstiming.load; loadTimer.tick(\"ol\"); loadTimer[\"name\"] = \"load,\" + webspace.page.type + \",user_page\"; window.jstiming.report(loadTimer, {}, 'https:\/\/gg.google.com\/csi'); }\n\/\/ ]]><\/script><\/p>\n<p><script type=\"text\/javascript\">\/\/ <![CDATA[\nJOT_manageEditMode();\n\/\/ ]]><\/script><\/p>\n<p><script type=\"text\/javascript\">\/\/ <![CDATA[\nJOT_insertAnalyticsCode(true, false);\n\/\/ ]]><\/script><\/p>\n<p><script type=\"text\/javascript\">\/\/ <![CDATA[\nvar maestroRunner = new gsites.pages.view.SitesMaestroRunner( webspace, \"ca\"); maestroRunner.initListeners(); maestroRunner.installEditRender();\n\/\/ ]]><\/script><\/p>\n<p><script defer=\"defer\" type=\"text\/javascript\">\/\/ <![CDATA[\n\/\/ Decorate any fastUI buttons on the page with a class of 'goog-button'.\n    if (webspace.user.hasWriteAccess) {\n      JOT_decorateButtons();\n    }\n\n    \/\/ Fires delayed events.\n    (function() {\n      JOT_fullyLoaded = true;\n      var delayedEvents = JOT_delayedEvents;\n      for (var x = 0; x < delayedEvents.length; x++) { var event = delayedEvents[x]; JOT_postEvent(event.eventName, event.eventSrc, event.payload); } JOT_delayedEvents = null; JOT_postEvent('pageLoaded'); })();\n\/\/ ]]><\/script><\/p>\n<p><script type=\"text\/javascript\">\/\/ <![CDATA[\nJOT_postEvent('decorateGvizCharts');\n\/\/ ]]><\/script><\/p>\n<p><script type=\"text\/javascript\">\/\/ <![CDATA[\nJOT_setupPostRenderingManager();\n\/\/ ]]><\/script><\/p>\n<p><script type=\"text\/javascript\">\/\/ <![CDATA[\nJOT_postEvent('renderPlus', null, 'sites-chrome-main');\n\/\/ ]]><\/script><\/p>\n<div id=\"server-timer-div\" style=\"display: none;\"><\/div>\n<p><script type=\"text\/javascript\">\/\/ <![CDATA[\nwindow.jstiming.load.tick('render'); JOT_postEvent('usercontentrendered', this);\n\/\/ ]]><\/script><\/p>\n","protected":false},"excerpt":{"rendered":"<p>L&#8217;escola du a terme un projecte de m\u00fasica a partir del qual es vol donar suport al desenvolupament integral de l&#8217;alumne. Est\u00e0 relacionat curricularment, amb les matem\u00e0tiques, la llengua i la integraci\u00f3 dels alumnes en la cultura del seu poble. \u00c9s per aix\u00f2 que els alumnes col\u00b7laboren amb diferents entitats del poble oferint les seves [&hellip;]<\/p>\n","protected":false},"author":1,"featured_media":0,"parent":201,"menu_order":1,"comment_status":"closed","ping_status":"closed","template":"page-templates\/side-menu.php","meta":{"_bbp_topic_count":0,"_bbp_reply_count":0,"_bbp_total_topic_count":0,"_bbp_total_reply_count":0,"_bbp_voice_count":0,"_bbp_anonymous_reply_count":0,"_bbp_topic_count_hidden":0,"_bbp_reply_count_hidden":0,"_bbp_forum_subforum_count":0,"site-sidebar-layout":"default","site-content-layout":"","ast-site-content-layout":"","site-content-style":"default","site-sidebar-style":"default","ast-global-header-display":"","ast-banner-title-visibility":"","ast-main-header-display":"","ast-hfb-above-header-display":"","ast-hfb-below-header-display":"","ast-hfb-mobile-header-display":"","site-post-title":"","ast-breadcrumbs-content":"","ast-featured-img":"","footer-sml-layout":"","theme-transparent-header-meta":"","adv-header-id-meta":"","stick-header-meta":"","header-above-stick-meta":"","header-main-stick-meta":"","header-below-stick-meta":"","astra-migrate-meta-layouts":"default","ast-page-background-enabled":"default","ast-page-background-meta":{"desktop":{"background-color":"var(--ast-global-color-4)","background-image":"","background-repeat":"repeat","background-position":"center center","background-size":"auto","background-attachment":"scroll","background-type":"","background-media":"","overlay-type":"","overlay-color":"","overlay-opacity":"","overlay-gradient":""},"tablet":{"background-color":"","background-image":"","background-repeat":"repeat","background-position":"center center","background-size":"auto","background-attachment":"scroll","background-type":"","background-media":"","overlay-type":"","overlay-color":"","overlay-opacity":"","overlay-gradient":""},"mobile":{"background-color":"","background-image":"","background-repeat":"repeat","background-position":"center center","background-size":"auto","background-attachment":"scroll","background-type":"","background-media":"","overlay-type":"","overlay-color":"","overlay-opacity":"","overlay-gradient":""}},"ast-content-background-meta":{"desktop":{"background-color":"var(--ast-global-color-5)","background-image":"","background-repeat":"repeat","background-position":"center center","background-size":"auto","background-attachment":"scroll","background-type":"","background-media":"","overlay-type":"","overlay-color":"","overlay-opacity":"","overlay-gradient":""},"tablet":{"background-color":"var(--ast-global-color-5)","background-image":"","background-repeat":"repeat","background-position":"center center","background-size":"auto","background-attachment":"scroll","background-type":"","background-media":"","overlay-type":"","overlay-color":"","overlay-opacity":"","overlay-gradient":""},"mobile":{"background-color":"var(--ast-global-color-5)","background-image":"","background-repeat":"repeat","background-position":"center center","background-size":"auto","background-attachment":"scroll","background-type":"","background-media":"","overlay-type":"","overlay-color":"","overlay-opacity":"","overlay-gradient":""}},"footnotes":""},"class_list":["post-253","page","type-page","status-publish","hentry"],"post_mailing_queue_ids":[],"_links":{"self":[{"href":"https:\/\/agora.xtec.cat\/ceip-jverdaguer-palleja\/wp-json\/wp\/v2\/pages\/253","targetHints":{"allow":["GET"]}}],"collection":[{"href":"https:\/\/agora.xtec.cat\/ceip-jverdaguer-palleja\/wp-json\/wp\/v2\/pages"}],"about":[{"href":"https:\/\/agora.xtec.cat\/ceip-jverdaguer-palleja\/wp-json\/wp\/v2\/types\/page"}],"author":[{"embeddable":true,"href":"https:\/\/agora.xtec.cat\/ceip-jverdaguer-palleja\/wp-json\/wp\/v2\/users\/1"}],"replies":[{"embeddable":true,"href":"https:\/\/agora.xtec.cat\/ceip-jverdaguer-palleja\/wp-json\/wp\/v2\/comments?post=253"}],"version-history":[{"count":3,"href":"https:\/\/agora.xtec.cat\/ceip-jverdaguer-palleja\/wp-json\/wp\/v2\/pages\/253\/revisions"}],"predecessor-version":[{"id":827,"href":"https:\/\/agora.xtec.cat\/ceip-jverdaguer-palleja\/wp-json\/wp\/v2\/pages\/253\/revisions\/827"}],"up":[{"embeddable":true,"href":"https:\/\/agora.xtec.cat\/ceip-jverdaguer-palleja\/wp-json\/wp\/v2\/pages\/201"}],"wp:attachment":[{"href":"https:\/\/agora.xtec.cat\/ceip-jverdaguer-palleja\/wp-json\/wp\/v2\/media?parent=253"}],"curies":[{"name":"wp","href":"https:\/\/api.w.org\/{rel}","templated":true}]}}